{"id":105,"date":"2020-10-14T00:34:37","date_gmt":"2020-10-14T00:34:37","guid":{"rendered":"https:\/\/solar2.standardof.net\/?page_id=105"},"modified":"2020-10-15T14:35:29","modified_gmt":"2020-10-15T14:35:29","slug":"nomad-love-missions-the-asteroid-nursery-achievement","status":"publish","type":"page","link":"https:\/\/solar2.standardof.net\/es\/solar-2-guide\/etapa-planetaria\/nomada-amor-misiones-el-asteroide-vivero-logro\/","title":{"rendered":"Misiones de amor n\u00f3mada y el logro &#039;Guarder\u00eda de asteroides&#039;"},"content":{"rendered":"<h2 class=\"wp-block-heading\" id=\"47221994_title\">Misiones de amor n\u00f3mada 1-3<\/h2>\n\n\n\n<p>La cadena de misiones Nomad Love en <em>Solar 2<\/em> \u00bfTe enfrentas a grupos gradualmente m\u00e1s desafiantes de naves n\u00f3madas que est\u00e1n amenazando tu existencia? No hay estrategias separadas para cada misi\u00f3n, ya que las t\u00e1cticas para cada una son las mismas, simplemente un poco m\u00e1s desafiantes con m\u00e1s barcos detr\u00e1s de ti.<\/p>\n\n\n\n<p>Asteroid Nursery es un logro de forma libre en Solar 2, lo que significa que no est\u00e1 relacionado con ninguna de las misiones en Planet Stage, pero solo se puede completar en este punto del juego. Para desbloquear este logro, debes acumular 15 asteroides en \u00f3rbita alrededor de tu planeta.<\/p>\n\n\n\n<div class=\"wp-block-image\"><figure class=\"aligncenter size-large\"><img decoding=\"async\" width=\"1024\" height=\"576\" src=\"https:\/\/solar2.standardof.net\/wp-content\/uploads\/sites\/2\/2020\/10\/Solar-2-Planet-Stage-Nomad-Love-Mission-1024x576.jpg\" alt=\"Misi\u00f3n Nomad Love - Solar 2\" class=\"wp-image-107\" srcset=\"https:\/\/solar2.standardof.net\/wp-content\/uploads\/sites\/2\/2020\/10\/Solar-2-Planet-Stage-Nomad-Love-Mission-1024x576.jpg 1024w, https:\/\/solar2.standardof.net\/wp-content\/uploads\/sites\/2\/2020\/10\/Solar-2-Planet-Stage-Nomad-Love-Mission-300x169.jpg 300w, https:\/\/solar2.standardof.net\/wp-content\/uploads\/sites\/2\/2020\/10\/Solar-2-Planet-Stage-Nomad-Love-Mission-16x9.jpg 16w, https:\/\/solar2.standardof.net\/wp-content\/uploads\/sites\/2\/2020\/10\/Solar-2-Planet-Stage-Nomad-Love-Mission.jpg 1280w\" sizes=\"(max-width: 1024px) 100vw, 1024px\" \/><figcaption>Luchando contra el enemigo en Nomad Love.<\/figcaption><\/figure><\/div>\n\n\n\n<h3 class=\"wp-block-heading\">Consejos para Nomad Love<\/h3>\n\n\n\n<p>En primer lugar, lo mejor es tener un Life Planet completamente evolucionado con una cantidad significativa de masa y un bonito escudo de asteroides que puede permitirle absorber toneladas de da\u00f1o. En t\u00e9rminos generales, la mejor t\u00e1ctica en estos niveles es barrer las naves Nomad despu\u00e9s de que se distraigan con las naves espaciales de tu forma de vida u otros objetos para evitar atravesar una ola de l\u00e1seres y misiles. Tener este planeta guardado como uno de sus sistemas solares engendrados le permite repetir este m\u00e9todo en cada misi\u00f3n con facilidad.<\/p>\n\n\n\n<p>Una segunda opci\u00f3n para ayudar a manejar las naves Nomad que debes eliminar es guiarlas hacia un planeta o sistema solar hostil. Esto los preocupar\u00e1 por aquellos defensores que simult\u00e1neamente reducir\u00e1n el n\u00famero de oleadas n\u00f3madas.<\/p>\n\n\n\n<hr class=\"wp-block-separator\"\/>\n\n\n\n<h3 class=\"has-text-align-center wp-block-heading\">Gu\u00eda de videos de Nomad Love<\/h3>\n\n\n\n<figure class=\"wp-block-embed-youtube wp-block-embed is-type-video is-provider-youtube wp-embed-aspect-16-9 wp-has-aspect-ratio\"><div class=\"wp-block-embed__wrapper\">\n<div class=\"ast-oembed-container\" style=\"height: 100%;\"><iframe title=\"Misiones del planeta Solar 2 - Niveles de amor n\u00f3mada - Gu\u00eda de recorrido\" width=\"500\" height=\"281\" src=\"https:\/\/www.youtube.com\/embed\/leYHlwMvauM?feature=oembed\" frameborder=\"0\" allow=\"accelerometer; autoplay; clipboard-write; encrypted-media; gyroscope; picture-in-picture; web-share\" referrerpolicy=\"strict-origin-when-cross-origin\" allowfullscreen><\/iframe><\/div>\n<\/div><\/figure>\n\n\n\n<hr class=\"wp-block-separator\"\/>\n\n\n\n<h2 class=\"wp-block-heading\">El logro de la &#039;guarder\u00eda de asteroides&#039;<\/h2>\n\n\n\n<p>La mejor forma de realizar esta tarea es utilizando las teclas de ruta (P) y \u00f3rbita (O) y proporciona un excelente entrenamiento para recolectar r\u00e1pidamente muchos asteroides en r\u00e1pida sucesi\u00f3n. Recuerde que los nuevos asteroides deben quedar atrapados dentro de los primeros 5 anillos orbitales alrededor de su planeta. A medida que crece la cantidad de objetos en \u00f3rbita alrededor de su planeta, su campo de visi\u00f3n se desplazar\u00e1 hacia afuera, lo que le permitir\u00e1 ver m\u00e1s, pero tambi\u00e9n dificultar\u00e1 la captura de nuevos asteroides.<\/p>\n\n\n\n<p>La mejor manera de manejar muchos asteroides a la vez es capturarlos lo m\u00e1s suavemente posible para que orbitan su planeta a un ritmo lento. Recuerde que cuando un asteroide tiene su \u00f3rbita empujada hacia afuera, todav\u00eda hace un c\u00edrculo completo alrededor de su planeta en la misma cantidad de tiempo que en su \u00f3rbita anterior m\u00e1s peque\u00f1a. Esto significa que a medida que las \u00f3rbitas se empujan hacia afuera, las rocas viajan a velocidades m\u00e1s r\u00e1pidas, lo que enfatiza la importancia de capturarlas a velocidades lentas para evitar desviar nuevos asteroides que necesitar\u00e1 capturar.<\/p>\n\n\n\n<p>Recuerda salvar el planeta que terminas creando despu\u00e9s de desbloquear el logro Asteroid Nursery, ya que un planeta con una horda de asteroides puede resultar muy \u00fatil para otras misiones o prop\u00f3sitos.<\/p>\n\n\n\n<div class=\"wp-block-image\"><figure class=\"aligncenter size-large\"><img decoding=\"async\" width=\"1024\" height=\"576\" src=\"https:\/\/solar2.standardof.net\/wp-content\/uploads\/sites\/2\/2020\/10\/Solar-2-Planet-Stage-Asteroid-Nursery-Achievement-1024x576.jpg\" alt=\"Logro de la guarder\u00eda de asteroides - Solar 2\" class=\"wp-image-108\" srcset=\"https:\/\/solar2.standardof.net\/wp-content\/uploads\/sites\/2\/2020\/10\/Solar-2-Planet-Stage-Asteroid-Nursery-Achievement-1024x576.jpg 1024w, https:\/\/solar2.standardof.net\/wp-content\/uploads\/sites\/2\/2020\/10\/Solar-2-Planet-Stage-Asteroid-Nursery-Achievement-300x169.jpg 300w, https:\/\/solar2.standardof.net\/wp-content\/uploads\/sites\/2\/2020\/10\/Solar-2-Planet-Stage-Asteroid-Nursery-Achievement-16x9.jpg 16w, https:\/\/solar2.standardof.net\/wp-content\/uploads\/sites\/2\/2020\/10\/Solar-2-Planet-Stage-Asteroid-Nursery-Achievement.jpg 1280w\" sizes=\"(max-width: 1024px) 100vw, 1024px\" \/><figcaption>Life Planet con 23 asteroides en \u00f3rbita, satisfaciendo el logro de Asteroid Nursery.<\/figcaption><\/figure><\/div>\n\n\n\n<hr class=\"wp-block-separator\"\/>\n\n\n\n<h3 class=\"has-text-align-center wp-block-heading\">Video gu\u00eda de logros de &#039;Asteroid Nursery&#039;<\/h3>\n\n\n\n<figure class=\"wp-block-embed-youtube wp-block-embed is-type-video is-provider-youtube wp-embed-aspect-16-9 wp-has-aspect-ratio\"><div class=\"wp-block-embed__wrapper\">\n<div class=\"ast-oembed-container\" style=\"height: 100%;\"><iframe title=\"Solar 2: recorrido por los logros de la guarder\u00eda de asteroides\" width=\"500\" height=\"281\" src=\"https:\/\/www.youtube.com\/embed\/nwi46Hx3d-E?feature=oembed\" frameborder=\"0\" allow=\"accelerometer; autoplay; clipboard-write; encrypted-media; gyroscope; picture-in-picture; web-share\" referrerpolicy=\"strict-origin-when-cross-origin\" allowfullscreen><\/iframe><\/div>\n<\/div><\/figure>","protected":false},"excerpt":{"rendered":"<p>Nomad Love Missions 1-3 The Nomad Love chain of missions in Solar 2 have you facing off against gradually more challenging groups of Nomad ships which are out to threaten your existence. There are no separate strategies for each mission as the tactics for each are the same, simply slightly more challenging with more ships [&hellip;]<\/p>","protected":false},"author":1,"featured_media":12,"parent":78,"menu_order":0,"comment_status":"open","ping_status":"closed","template":"","meta":{"_uag_custom_page_level_css":"","site-sidebar-layout":"default","site-content-layout":"default","ast-site-content-layout":"","site-content-style":"default","site-sidebar-style":"default","ast-global-header-display":"","ast-banner-title-visibility":"","ast-main-header-display":"","ast-hfb-above-header-display":"","ast-hfb-below-header-display":"","ast-hfb-mobile-header-display":"","site-post-title":"","ast-breadcrumbs-content":"","ast-featured-img":"","footer-sml-layout":"","theme-transparent-header-meta":"default","adv-header-id-meta":"","stick-header-meta":"","header-above-stick-meta":"","header-main-stick-meta":"","header-below-stick-meta":"","astra-migrate-meta-layouts":"default","ast-page-background-enabled":"default","ast-page-background-meta":{"desktop":{"background-color":"","background-image":"","background-repeat":"repeat","background-position":"center center","background-size":"auto","background-attachment":"scroll","background-type":"","background-media":"","overlay-type":"","overlay-color":"","overlay-gradient":""},"tablet":{"background-color":"","background-image":"","background-repeat":"repeat","background-position":"center center","background-size":"auto","background-attachment":"scroll","background-type":"","background-media":"","overlay-type":"","overlay-color":"","overlay-gradient":""},"mobile":{"background-color":"","background-image":"","background-repeat":"repeat","background-position":"center center","background-size":"auto","background-attachment":"scroll","background-type":"","background-media":"","overlay-type":"","overlay-color":"","overlay-gradient":""}},"ast-content-background-meta":{"desktop":{"background-color":"var(--ast-global-color-5)","background-image":"","background-repeat":"repeat","background-position":"center center","background-size":"auto","background-attachment":"scroll","background-type":"","background-media":"","overlay-type":"","overlay-color":"","overlay-gradient":""},"tablet":{"background-color":"var(--ast-global-color-5)","background-image":"","background-repeat":"repeat","background-position":"center center","background-size":"auto","background-attachment":"scroll","background-type":"","background-media":"","overlay-type":"","overlay-color":"","overlay-gradient":""},"mobile":{"background-color":"var(--ast-global-color-5)","background-image":"","background-repeat":"repeat","background-position":"center center","background-size":"auto","background-attachment":"scroll","background-type":"","background-media":"","overlay-type":"","overlay-color":"","overlay-gradient":""}},"footnotes":""},"uagb_featured_image_src":{"full":["https:\/\/solar2.standardof.net\/wp-content\/uploads\/sites\/2\/2020\/10\/Solar-2-Header-Background-1.jpeg",1680,1050,false],"thumbnail":["https:\/\/solar2.standardof.net\/wp-content\/uploads\/sites\/2\/2020\/10\/Solar-2-Header-Background-1-150x150.jpeg",150,150,true],"medium":["https:\/\/solar2.standardof.net\/wp-content\/uploads\/sites\/2\/2020\/10\/Solar-2-Header-Background-1-300x188.jpeg",300,188,true],"medium_large":["https:\/\/solar2.standardof.net\/wp-content\/uploads\/sites\/2\/2020\/10\/Solar-2-Header-Background-1.jpeg",768,480,false],"large":["https:\/\/solar2.standardof.net\/wp-content\/uploads\/sites\/2\/2020\/10\/Solar-2-Header-Background-1-1024x640.jpeg",1024,640,true],"1536x1536":["https:\/\/solar2.standardof.net\/wp-content\/uploads\/sites\/2\/2020\/10\/Solar-2-Header-Background-1.jpeg",1536,960,false],"2048x2048":["https:\/\/solar2.standardof.net\/wp-content\/uploads\/sites\/2\/2020\/10\/Solar-2-Header-Background-1.jpeg",1680,1050,false],"trp-custom-language-flag":["https:\/\/solar2.standardof.net\/wp-content\/uploads\/sites\/2\/2020\/10\/Solar-2-Header-Background-1-16x10.jpeg",16,10,true]},"uagb_author_info":{"display_name":"SOE","author_link":"https:\/\/solar2.standardof.net\/es\/author\/k-tastic\/"},"uagb_comment_info":0,"uagb_excerpt":"Nomad Love Missions 1-3 The Nomad Love chain of missions in Solar 2 have you facing off against gradually more challenging groups of Nomad ships which are out to threaten your existence. There are no separate strategies for each mission as the tactics for each are the same, simply slightly more challenging with more ships&hellip;","_links":{"self":[{"href":"https:\/\/solar2.standardof.net\/es\/wp-json\/wp\/v2\/pages\/105"}],"collection":[{"href":"https:\/\/solar2.standardof.net\/es\/wp-json\/wp\/v2\/pages"}],"about":[{"href":"https:\/\/solar2.standardof.net\/es\/wp-json\/wp\/v2\/types\/page"}],"author":[{"embeddable":true,"href":"https:\/\/solar2.standardof.net\/es\/wp-json\/wp\/v2\/users\/1"}],"replies":[{"embeddable":true,"href":"https:\/\/solar2.standardof.net\/es\/wp-json\/wp\/v2\/comments?post=105"}],"version-history":[{"count":0,"href":"https:\/\/solar2.standardof.net\/es\/wp-json\/wp\/v2\/pages\/105\/revisions"}],"up":[{"embeddable":true,"href":"https:\/\/solar2.standardof.net\/es\/wp-json\/wp\/v2\/pages\/78"}],"wp:featuredmedia":[{"embeddable":true,"href":"https:\/\/solar2.standardof.net\/es\/wp-json\/wp\/v2\/media\/12"}],"wp:attachment":[{"href":"https:\/\/solar2.standardof.net\/es\/wp-json\/wp\/v2\/media?parent=105"}],"curies":[{"name":"wp","href":"https:\/\/api.w.org\/{rel}","templated":true}]}}