{"id":110,"date":"2020-10-14T00:53:46","date_gmt":"2020-10-14T00:53:46","guid":{"rendered":"https:\/\/solar2.standardof.net\/?page_id=110"},"modified":"2020-10-14T12:53:47","modified_gmt":"2020-10-14T12:53:47","slug":"challenge-mission-1-atom","status":"publish","type":"page","link":"https:\/\/solar2.standardof.net\/es\/solar-2-guide\/etapa-planetaria\/desafio-mision-1-atomo\/","title":{"rendered":"Misi\u00f3n 1 del desaf\u00edo Planet Stage: &#039;Atom&#039;"},"content":{"rendered":"<h2 class=\"wp-block-heading\">Misi\u00f3n de desaf\u00edo 1: &quot;\u00c1tomo&quot;<\/h2>\n\n\n\n<p>La misi\u00f3n del desaf\u00edo del planeta Atom tiene a tu planeta luna p\u00farpura en la tarea de hacer un poco de billar r\u00e1pido basado en acertijos resuelto usando la f\u00edsica en Solar 2. Lo que tendr\u00e1s que hacer aqu\u00ed es sacar 7 planetas rojos de un gran c\u00edrculo dibujado en el espacio mientras te mantienes un solo planeta azul dentro de este c\u00edrculo. El da\u00f1o por colisi\u00f3n est\u00e1 desactivado en este nivel.<\/p>\n\n\n\n<p>Puntuaci\u00f3n f\u00e1cil: completada en menos de 40 segundos.<br>Puntuaci\u00f3n media: completada en menos de 25 segundos.<br>Puntaje dif\u00edcil: completado en menos de 15 segundos.<\/p>\n\n\n\n<p>La forma m\u00e1s r\u00e1pida de completar esta misi\u00f3n es jugar de forma muy similar a como lo har\u00eda, un juego de billar, desde el principio. Golpea tu planeta contra el grupo de planetas en el medio del c\u00edrculo, los planetas rojos deber\u00edan estar rodeando al azul, lo que har\u00e1 que el grupo se disperse. Hecho correctamente, esta pared arroja al menos 4 de los planetas rojos fuera del c\u00edrculo, mientras te da la oportunidad de moverte r\u00e1pidamente y golpear el planeta azul para mantenerlo dentro. A partir de ah\u00ed, simplemente embiste r\u00e1pidamente los planetas rojos restantes para derribarlos. Unos cuantos intentos de pr\u00e1ctica deber\u00edan permitirle familiarizarse con esto sin mucho problema.<\/p>\n\n\n\n<figure class=\"wp-block-gallery columns-2 is-cropped wp-block-gallery-1 is-layout-flex wp-block-gallery-is-layout-flex\"><ul class=\"blocks-gallery-grid\"><li class=\"blocks-gallery-item\"><figure><img decoding=\"async\" width=\"1024\" height=\"576\" src=\"https:\/\/solar2.standardof.net\/wp-content\/uploads\/sites\/2\/2020\/10\/Solar-2-Planet-Stage-Challenge-Mission-1-Atom-1-1024x576.jpg\" alt=\"Misi\u00f3n 1 del desaf\u00edo Planet Stage: &#039;Atom&#039; - Solar 2\" data-id=\"113\" data-full-url=\"https:\/\/solar2.standardof.net\/wp-content\/uploads\/sites\/2\/2020\/10\/Solar-2-Planet-Stage-Challenge-Mission-1-Atom-1.jpg\" data-link=\"https:\/\/solar2.standardof.net\/?attachment_id=113\" class=\"wp-image-113\" srcset=\"https:\/\/solar2.standardof.net\/wp-content\/uploads\/sites\/2\/2020\/10\/Solar-2-Planet-Stage-Challenge-Mission-1-Atom-1-1024x576.jpg 1024w, https:\/\/solar2.standardof.net\/wp-content\/uploads\/sites\/2\/2020\/10\/Solar-2-Planet-Stage-Challenge-Mission-1-Atom-1-300x169.jpg 300w, https:\/\/solar2.standardof.net\/wp-content\/uploads\/sites\/2\/2020\/10\/Solar-2-Planet-Stage-Challenge-Mission-1-Atom-1-16x9.jpg 16w, https:\/\/solar2.standardof.net\/wp-content\/uploads\/sites\/2\/2020\/10\/Solar-2-Planet-Stage-Challenge-Mission-1-Atom-1.jpg 1920w\" sizes=\"(max-width: 1024px) 100vw, 1024px\" \/><figcaption class=\"blocks-gallery-item__caption\">Golpeando al grupo inicial para deshacerse de la mayor\u00eda de los planetas rojos.<\/figcaption><\/figure><\/li><li class=\"blocks-gallery-item\"><figure><img decoding=\"async\" width=\"1024\" height=\"576\" src=\"https:\/\/solar2.standardof.net\/wp-content\/uploads\/sites\/2\/2020\/10\/Solar-2-Planet-Stage-Challenge-Mission-1-Atom-2-1024x576.jpg\" alt=\"Misi\u00f3n 1 del desaf\u00edo Planet Stage: &#039;Atom&#039; - Solar 2\" data-id=\"114\" data-full-url=\"https:\/\/solar2.standardof.net\/wp-content\/uploads\/sites\/2\/2020\/10\/Solar-2-Planet-Stage-Challenge-Mission-1-Atom-2.jpg\" data-link=\"https:\/\/solar2.standardof.net\/?attachment_id=114\" class=\"wp-image-114\" srcset=\"https:\/\/solar2.standardof.net\/wp-content\/uploads\/sites\/2\/2020\/10\/Solar-2-Planet-Stage-Challenge-Mission-1-Atom-2-1024x576.jpg 1024w, https:\/\/solar2.standardof.net\/wp-content\/uploads\/sites\/2\/2020\/10\/Solar-2-Planet-Stage-Challenge-Mission-1-Atom-2-300x169.jpg 300w, https:\/\/solar2.standardof.net\/wp-content\/uploads\/sites\/2\/2020\/10\/Solar-2-Planet-Stage-Challenge-Mission-1-Atom-2-16x9.jpg 16w, https:\/\/solar2.standardof.net\/wp-content\/uploads\/sites\/2\/2020\/10\/Solar-2-Planet-Stage-Challenge-Mission-1-Atom-2.jpg 1920w\" sizes=\"(max-width: 1024px) 100vw, 1024px\" \/><figcaption class=\"blocks-gallery-item__caption\">Terminando las cosas derribando los planetas rojos restantes.<\/figcaption><\/figure><\/li><\/ul><\/figure>\n\n\n\n<hr class=\"wp-block-separator\"\/>\n\n\n\n<h3 class=\"has-text-align-center wp-block-heading\">Misi\u00f3n 1 del desaf\u00edo Planet Stage: Gu\u00eda de video &quot;Atom&quot;<\/h3>\n\n\n\n<figure class=\"wp-block-embed-youtube wp-block-embed is-type-video is-provider-youtube wp-embed-aspect-16-9 wp-has-aspect-ratio\"><div class=\"wp-block-embed__wrapper\">\n<div class=\"ast-oembed-container\" style=\"height: 100%;\"><iframe title=\"Solar 2 - Atom - Misi\u00f3n Planet Challenge - Puntuaci\u00f3n dif\u00edcil\" width=\"500\" height=\"281\" src=\"https:\/\/www.youtube.com\/embed\/_wVZCGfDr3w?feature=oembed\" frameborder=\"0\" allow=\"accelerometer; autoplay; clipboard-write; encrypted-media; gyroscope; picture-in-picture; web-share\" referrerpolicy=\"strict-origin-when-cross-origin\" allowfullscreen><\/iframe><\/div>\n<\/div><\/figure>","protected":false},"excerpt":{"rendered":"<p>Challenge Mission 1: \u201cAtom\u201d The Atom planet challenge mission has your purple moon planet tasked with doing a little bit of quick puzzle based billiards solved using physics in Solar 2. What you will have to do here is knock 7 red planets out of a large circle drawn in space while keeping a single [&hellip;]<\/p>","protected":false},"author":1,"featured_media":12,"parent":78,"menu_order":0,"comment_status":"open","ping_status":"closed","template":"","meta":{"_uag_custom_page_level_css":"","site-sidebar-layout":"default","site-content-layout":"default","ast-site-content-layout":"","site-content-style":"default","site-sidebar-style":"default","ast-global-header-display":"","ast-banner-title-visibility":"","ast-main-header-display":"","ast-hfb-above-header-display":"","ast-hfb-below-header-display":"","ast-hfb-mobile-header-display":"","site-post-title":"","ast-breadcrumbs-content":"","ast-featured-img":"","footer-sml-layout":"","theme-transparent-header-meta":"default","adv-header-id-meta":"","stick-header-meta":"","header-above-stick-meta":"","header-main-stick-meta":"","header-below-stick-meta":"","astra-migrate-meta-layouts":"default","ast-page-background-enabled":"default","ast-page-background-meta":{"desktop":{"background-color":"","background-image":"","background-repeat":"repeat","background-position":"center center","background-size":"auto","background-attachment":"scroll","background-type":"","background-media":"","overlay-type":"","overlay-color":"","overlay-gradient":""},"tablet":{"background-color":"","background-image":"","background-repeat":"repeat","background-position":"center center","background-size":"auto","background-attachment":"scroll","background-type":"","background-media":"","overlay-type":"","overlay-color":"","overlay-gradient":""},"mobile":{"background-color":"","background-image":"","background-repeat":"repeat","background-position":"center center","background-size":"auto","background-attachment":"scroll","background-type":"","background-media":"","overlay-type":"","overlay-color":"","overlay-gradient":""}},"ast-content-background-meta":{"desktop":{"background-color":"var(--ast-global-color-5)","background-image":"","background-repeat":"repeat","background-position":"center center","background-size":"auto","background-attachment":"scroll","background-type":"","background-media":"","overlay-type":"","overlay-color":"","overlay-gradient":""},"tablet":{"background-color":"var(--ast-global-color-5)","background-image":"","background-repeat":"repeat","background-position":"center center","background-size":"auto","background-attachment":"scroll","background-type":"","background-media":"","overlay-type":"","overlay-color":"","overlay-gradient":""},"mobile":{"background-color":"var(--ast-global-color-5)","background-image":"","background-repeat":"repeat","background-position":"center center","background-size":"auto","background-attachment":"scroll","background-type":"","background-media":"","overlay-type":"","overlay-color":"","overlay-gradient":""}},"footnotes":""},"uagb_featured_image_src":{"full":["https:\/\/solar2.standardof.net\/wp-content\/uploads\/sites\/2\/2020\/10\/Solar-2-Header-Background-1.jpeg",1680,1050,false],"thumbnail":["https:\/\/solar2.standardof.net\/wp-content\/uploads\/sites\/2\/2020\/10\/Solar-2-Header-Background-1-150x150.jpeg",150,150,true],"medium":["https:\/\/solar2.standardof.net\/wp-content\/uploads\/sites\/2\/2020\/10\/Solar-2-Header-Background-1-300x188.jpeg",300,188,true],"medium_large":["https:\/\/solar2.standardof.net\/wp-content\/uploads\/sites\/2\/2020\/10\/Solar-2-Header-Background-1.jpeg",768,480,false],"large":["https:\/\/solar2.standardof.net\/wp-content\/uploads\/sites\/2\/2020\/10\/Solar-2-Header-Background-1-1024x640.jpeg",1024,640,true],"1536x1536":["https:\/\/solar2.standardof.net\/wp-content\/uploads\/sites\/2\/2020\/10\/Solar-2-Header-Background-1.jpeg",1536,960,false],"2048x2048":["https:\/\/solar2.standardof.net\/wp-content\/uploads\/sites\/2\/2020\/10\/Solar-2-Header-Background-1.jpeg",1680,1050,false],"trp-custom-language-flag":["https:\/\/solar2.standardof.net\/wp-content\/uploads\/sites\/2\/2020\/10\/Solar-2-Header-Background-1-16x10.jpeg",16,10,true]},"uagb_author_info":{"display_name":"SOE","author_link":"https:\/\/solar2.standardof.net\/es\/author\/k-tastic\/"},"uagb_comment_info":0,"uagb_excerpt":"Challenge Mission 1: \u201cAtom\u201d The Atom planet challenge mission has your purple moon planet tasked with doing a little bit of quick puzzle based billiards solved using physics in Solar 2. What you will have to do here is knock 7 red planets out of a large circle drawn in space while keeping a single&hellip;","_links":{"self":[{"href":"https:\/\/solar2.standardof.net\/es\/wp-json\/wp\/v2\/pages\/110"}],"collection":[{"href":"https:\/\/solar2.standardof.net\/es\/wp-json\/wp\/v2\/pages"}],"about":[{"href":"https:\/\/solar2.standardof.net\/es\/wp-json\/wp\/v2\/types\/page"}],"author":[{"embeddable":true,"href":"https:\/\/solar2.standardof.net\/es\/wp-json\/wp\/v2\/users\/1"}],"replies":[{"embeddable":true,"href":"https:\/\/solar2.standardof.net\/es\/wp-json\/wp\/v2\/comments?post=110"}],"version-history":[{"count":0,"href":"https:\/\/solar2.standardof.net\/es\/wp-json\/wp\/v2\/pages\/110\/revisions"}],"up":[{"embeddable":true,"href":"https:\/\/solar2.standardof.net\/es\/wp-json\/wp\/v2\/pages\/78"}],"wp:featuredmedia":[{"embeddable":true,"href":"https:\/\/solar2.standardof.net\/es\/wp-json\/wp\/v2\/media\/12"}],"wp:attachment":[{"href":"https:\/\/solar2.standardof.net\/es\/wp-json\/wp\/v2\/media?parent=110"}],"curies":[{"name":"wp","href":"https:\/\/api.w.org\/{rel}","templated":true}]}}