{"id":111,"date":"2020-10-14T00:56:45","date_gmt":"2020-10-14T00:56:45","guid":{"rendered":"https:\/\/solar2.standardof.net\/?page_id=111"},"modified":"2020-10-15T14:35:38","modified_gmt":"2020-10-15T14:35:38","slug":"challenge-mission-2-concert-encore","status":"publish","type":"page","link":"https:\/\/solar2.standardof.net\/es\/solar-2-guide\/etapa-planetaria\/desafio-mision-2-concierto-encore\/","title":{"rendered":"Misi\u00f3n 2 de Planet Stage Challenge: &#039;Concierto Encore&#039;"},"content":{"rendered":"<h2 class=\"wp-block-heading\">Misi\u00f3n de desaf\u00edo 2: &#039;Concierto encore&#039;<\/h2>\n\n\n\n<p>La misi\u00f3n del desaf\u00edo planetario Concert Encore tiene un segundo paso en la misi\u00f3n Concert de la historia planetaria, pero cambia las cosas para presentarte una nueva carrera de obst\u00e1culos para sobrevivir mientras suena una nueva versi\u00f3n mejorada de la enfermiza canci\u00f3n de fondo. El concierto completo dura 2 minutos en total, y se le juzgar\u00e1 en funci\u00f3n de la cantidad de obst\u00e1culos voladores que pueda evitar.<\/p>\n\n\n\n<p>Puntuaci\u00f3n f\u00e1cil: 100 o menos golpes recibidos.<br>Puntuaci\u00f3n media: 50 o menos golpes recibidos.<br>Puntaje dif\u00edcil: 20 o menos golpes recibidos.<\/p>\n\n\n\n<p>Concert Encore sigue una progresi\u00f3n similar a la de Concert, pero mezclando la forma en que los objetos vuelan por la pantalla. A diferencia de venir de frente en el 100% de la \u00e9poca, los objetos que vuelan hacia usted vendr\u00e1n de todas las direcciones pero a\u00fan hacia el lugar en el espacio que habita actualmente. Esto hace que tengas que moverte constantemente para sobrevivir. Adem\u00e1s, dado que se lo juzga en funci\u00f3n de los golpes en lugar de simplemente sobrevivir, recuperar masa es menos \u00fatil. Los obst\u00e1culos comienzan como asteroides voladores, luego planetas y finalmente estrellas antes de que comiences a enfrentarte a una combinaci\u00f3n de los tres. Una vez que los 3 tipos de objetos te est\u00e1n lanzando a la vez, est\u00e1s casi en la l\u00ednea de meta.<\/p>\n\n\n\n<p>Nota: Las estrellas te eliminar\u00e1n de un solo golpe, por lo que aunque tengas menos de 20 golpes, la eliminaci\u00f3n posterior har\u00e1 que falles el Concert Encore.<\/p>\n\n\n\n<figure class=\"wp-block-gallery columns-2 is-cropped wp-block-gallery-1 is-layout-flex wp-block-gallery-is-layout-flex\"><ul class=\"blocks-gallery-grid\"><li class=\"blocks-gallery-item\"><figure><img decoding=\"async\" width=\"1024\" height=\"576\" src=\"https:\/\/solar2.standardof.net\/wp-content\/uploads\/sites\/2\/2020\/10\/Solar-2-Planet-Stage-Challenge-Mission-2-Concert-Encore-1-1024x576.jpg\" alt=\"Planet Stage Challenge Mission 2: &#039;Concert Encore&#039; - Solar 2\" data-id=\"116\" data-full-url=\"https:\/\/solar2.standardof.net\/wp-content\/uploads\/sites\/2\/2020\/10\/Solar-2-Planet-Stage-Challenge-Mission-2-Concert-Encore-1.jpg\" data-link=\"https:\/\/solar2.standardof.net\/?attachment_id=116\" class=\"wp-image-116\" srcset=\"https:\/\/solar2.standardof.net\/wp-content\/uploads\/sites\/2\/2020\/10\/Solar-2-Planet-Stage-Challenge-Mission-2-Concert-Encore-1-1024x576.jpg 1024w, https:\/\/solar2.standardof.net\/wp-content\/uploads\/sites\/2\/2020\/10\/Solar-2-Planet-Stage-Challenge-Mission-2-Concert-Encore-1-300x169.jpg 300w, https:\/\/solar2.standardof.net\/wp-content\/uploads\/sites\/2\/2020\/10\/Solar-2-Planet-Stage-Challenge-Mission-2-Concert-Encore-1-16x9.jpg 16w, https:\/\/solar2.standardof.net\/wp-content\/uploads\/sites\/2\/2020\/10\/Solar-2-Planet-Stage-Challenge-Mission-2-Concert-Encore-1.jpg 1920w\" sizes=\"(max-width: 1024px) 100vw, 1024px\" \/><figcaption class=\"blocks-gallery-item__caption\">Partiendo en Concert Encore frente a algunos asteroides.<\/figcaption><\/figure><\/li><li class=\"blocks-gallery-item\"><figure><img decoding=\"async\" width=\"1024\" height=\"576\" src=\"https:\/\/solar2.standardof.net\/wp-content\/uploads\/sites\/2\/2020\/10\/Solar-2-Planet-Stage-Challenge-Mission-2-Concert-Encore-2-1024x576.jpg\" alt=\"Planet Stage Challenge Mission 2: &#039;Concert Encore&#039; - Solar 2\" data-id=\"117\" data-full-url=\"https:\/\/solar2.standardof.net\/wp-content\/uploads\/sites\/2\/2020\/10\/Solar-2-Planet-Stage-Challenge-Mission-2-Concert-Encore-2.jpg\" data-link=\"https:\/\/solar2.standardof.net\/?attachment_id=117\" class=\"wp-image-117\" srcset=\"https:\/\/solar2.standardof.net\/wp-content\/uploads\/sites\/2\/2020\/10\/Solar-2-Planet-Stage-Challenge-Mission-2-Concert-Encore-2-1024x576.jpg 1024w, https:\/\/solar2.standardof.net\/wp-content\/uploads\/sites\/2\/2020\/10\/Solar-2-Planet-Stage-Challenge-Mission-2-Concert-Encore-2-300x169.jpg 300w, https:\/\/solar2.standardof.net\/wp-content\/uploads\/sites\/2\/2020\/10\/Solar-2-Planet-Stage-Challenge-Mission-2-Concert-Encore-2-16x9.jpg 16w, https:\/\/solar2.standardof.net\/wp-content\/uploads\/sites\/2\/2020\/10\/Solar-2-Planet-Stage-Challenge-Mission-2-Concert-Encore-2.jpg 1920w\" sizes=\"(max-width: 1024px) 100vw, 1024px\" \/><figcaption class=\"blocks-gallery-item__caption\">Los momentos finales del bis, enfrentando asteroides, planetas y estrellas a la vez\u2026 \u00a1oh Dios!<\/figcaption><\/figure><\/li><\/ul><\/figure>\n\n\n\n<hr class=\"wp-block-separator\"\/>\n\n\n\n<h3 class=\"has-text-align-center wp-block-heading\">Challenge Mission 2: Gu\u00eda de video &#039;Concert Encore&#039;<\/h3>\n\n\n\n<figure class=\"wp-block-embed-youtube wp-block-embed is-type-video is-provider-youtube wp-embed-aspect-16-9 wp-has-aspect-ratio\"><div class=\"wp-block-embed__wrapper\">\n<div class=\"ast-oembed-container\" style=\"height: 100%;\"><iframe title=\"Solar 2 - Concierto Encore - Planet Challenge Mission - Hard Score\" width=\"500\" height=\"281\" src=\"https:\/\/www.youtube.com\/embed\/vuZFaog_cGU?feature=oembed\" frameborder=\"0\" allow=\"accelerometer; autoplay; clipboard-write; encrypted-media; gyroscope; picture-in-picture; web-share\" referrerpolicy=\"strict-origin-when-cross-origin\" allowfullscreen><\/iframe><\/div>\n<\/div><\/figure>","protected":false},"excerpt":{"rendered":"<p>Challenge Mission 2: &#8216;Concert Encore&#8217; The Concert Encore planet challenge mission takes a second pass at the planet story mission Concert, butt switches things up to present you with a new obstacle course to survive while a new upgraded version of the sick background song plays. The entire concert lasts 2 minutes all together, and [&hellip;]<\/p>","protected":false},"author":1,"featured_media":12,"parent":78,"menu_order":0,"comment_status":"open","ping_status":"closed","template":"","meta":{"_uag_custom_page_level_css":"","site-sidebar-layout":"default","site-content-layout":"default","ast-site-content-layout":"","site-content-style":"default","site-sidebar-style":"default","ast-global-header-display":"","ast-banner-title-visibility":"","ast-main-header-display":"","ast-hfb-above-header-display":"","ast-hfb-below-header-display":"","ast-hfb-mobile-header-display":"","site-post-title":"","ast-breadcrumbs-content":"","ast-featured-img":"","footer-sml-layout":"","theme-transparent-header-meta":"default","adv-header-id-meta":"","stick-header-meta":"","header-above-stick-meta":"","header-main-stick-meta":"","header-below-stick-meta":"","astra-migrate-meta-layouts":"default","ast-page-background-enabled":"default","ast-page-background-meta":{"desktop":{"background-color":"","background-image":"","background-repeat":"repeat","background-position":"center center","background-size":"auto","background-attachment":"scroll","background-type":"","background-media":"","overlay-type":"","overlay-color":"","overlay-gradient":""},"tablet":{"background-color":"","background-image":"","background-repeat":"repeat","background-position":"center center","background-size":"auto","background-attachment":"scroll","background-type":"","background-media":"","overlay-type":"","overlay-color":"","overlay-gradient":""},"mobile":{"background-color":"","background-image":"","background-repeat":"repeat","background-position":"center center","background-size":"auto","background-attachment":"scroll","background-type":"","background-media":"","overlay-type":"","overlay-color":"","overlay-gradient":""}},"ast-content-background-meta":{"desktop":{"background-color":"var(--ast-global-color-5)","background-image":"","background-repeat":"repeat","background-position":"center center","background-size":"auto","background-attachment":"scroll","background-type":"","background-media":"","overlay-type":"","overlay-color":"","overlay-gradient":""},"tablet":{"background-color":"var(--ast-global-color-5)","background-image":"","background-repeat":"repeat","background-position":"center center","background-size":"auto","background-attachment":"scroll","background-type":"","background-media":"","overlay-type":"","overlay-color":"","overlay-gradient":""},"mobile":{"background-color":"var(--ast-global-color-5)","background-image":"","background-repeat":"repeat","background-position":"center center","background-size":"auto","background-attachment":"scroll","background-type":"","background-media":"","overlay-type":"","overlay-color":"","overlay-gradient":""}},"footnotes":""},"uagb_featured_image_src":{"full":["https:\/\/solar2.standardof.net\/wp-content\/uploads\/sites\/2\/2020\/10\/Solar-2-Header-Background-1.jpeg",1680,1050,false],"thumbnail":["https:\/\/solar2.standardof.net\/wp-content\/uploads\/sites\/2\/2020\/10\/Solar-2-Header-Background-1-150x150.jpeg",150,150,true],"medium":["https:\/\/solar2.standardof.net\/wp-content\/uploads\/sites\/2\/2020\/10\/Solar-2-Header-Background-1-300x188.jpeg",300,188,true],"medium_large":["https:\/\/solar2.standardof.net\/wp-content\/uploads\/sites\/2\/2020\/10\/Solar-2-Header-Background-1.jpeg",768,480,false],"large":["https:\/\/solar2.standardof.net\/wp-content\/uploads\/sites\/2\/2020\/10\/Solar-2-Header-Background-1-1024x640.jpeg",1024,640,true],"1536x1536":["https:\/\/solar2.standardof.net\/wp-content\/uploads\/sites\/2\/2020\/10\/Solar-2-Header-Background-1.jpeg",1536,960,false],"2048x2048":["https:\/\/solar2.standardof.net\/wp-content\/uploads\/sites\/2\/2020\/10\/Solar-2-Header-Background-1.jpeg",1680,1050,false],"trp-custom-language-flag":["https:\/\/solar2.standardof.net\/wp-content\/uploads\/sites\/2\/2020\/10\/Solar-2-Header-Background-1-16x10.jpeg",16,10,true]},"uagb_author_info":{"display_name":"SOE","author_link":"https:\/\/solar2.standardof.net\/es\/author\/k-tastic\/"},"uagb_comment_info":0,"uagb_excerpt":"Challenge Mission 2: &#8216;Concert Encore&#8217; The Concert Encore planet challenge mission takes a second pass at the planet story mission Concert, butt switches things up to present you with a new obstacle course to survive while a new upgraded version of the sick background song plays. The entire concert lasts 2 minutes all together, and&hellip;","_links":{"self":[{"href":"https:\/\/solar2.standardof.net\/es\/wp-json\/wp\/v2\/pages\/111"}],"collection":[{"href":"https:\/\/solar2.standardof.net\/es\/wp-json\/wp\/v2\/pages"}],"about":[{"href":"https:\/\/solar2.standardof.net\/es\/wp-json\/wp\/v2\/types\/page"}],"author":[{"embeddable":true,"href":"https:\/\/solar2.standardof.net\/es\/wp-json\/wp\/v2\/users\/1"}],"replies":[{"embeddable":true,"href":"https:\/\/solar2.standardof.net\/es\/wp-json\/wp\/v2\/comments?post=111"}],"version-history":[{"count":0,"href":"https:\/\/solar2.standardof.net\/es\/wp-json\/wp\/v2\/pages\/111\/revisions"}],"up":[{"embeddable":true,"href":"https:\/\/solar2.standardof.net\/es\/wp-json\/wp\/v2\/pages\/78"}],"wp:featuredmedia":[{"embeddable":true,"href":"https:\/\/solar2.standardof.net\/es\/wp-json\/wp\/v2\/media\/12"}],"wp:attachment":[{"href":"https:\/\/solar2.standardof.net\/es\/wp-json\/wp\/v2\/media?parent=111"}],"curies":[{"name":"wp","href":"https:\/\/api.w.org\/{rel}","templated":true}]}}