{"id":112,"date":"2020-10-14T00:59:16","date_gmt":"2020-10-14T00:59:16","guid":{"rendered":"https:\/\/solar2.standardof.net\/?page_id=112"},"modified":"2020-10-15T14:35:46","modified_gmt":"2020-10-15T14:35:46","slug":"challenge-mission-3-planet-survival","status":"publish","type":"page","link":"https:\/\/solar2.standardof.net\/es\/solar-2-guide\/etapa-planetaria\/desafio-mision-3-planeta-supervivencia\/","title":{"rendered":"Misi\u00f3n 3 de Planet Stage Challenge: &#039;Planet Survival&#039;"},"content":{"rendered":"<h2 class=\"wp-block-heading\">Misi\u00f3n de desaf\u00edo 3: &#039;Planet Survival&#039;<\/h2>\n\n\n\n<p>La misi\u00f3n del desaf\u00edo Planet Survival en Solar 2 te ha encomendado la tarea de combatir y destruir tantas naves n\u00f3madas como puedas dentro de un l\u00edmite de tiempo de 60 segundos, mientras tambi\u00e9n tienes que sobrevivir al ataque en s\u00ed. En esta misi\u00f3n, se le dar\u00e1 un Planeta de Vida evolucionado con 90 opciones de masa y f\u00edsica configuradas para permitir un gran n\u00famero de torretas planetarias y naves de combate de apoyo.<\/p>\n\n\n\n<p>Puntuaci\u00f3n f\u00e1cil: 20 muertes<br>Puntuaci\u00f3n media: 40 muertes<br>Puntuaci\u00f3n dif\u00edcil: 60 muertes<\/p>\n\n\n\n<p>El truco para conseguir la puntuaci\u00f3n m\u00e1s dura en Planet Survival es involucrar directamente a tu planeta y sus torretas en el combate nave contra nave, en lugar de permitir que tus naves espaciales combatan a los n\u00f3madas por s\u00ed mismas. Tus naves deben cumplir su prop\u00f3sito principal de distraer el fuego de tu planeta mientras rodeas los bordes de la lucha tendiendo a los n\u00f3madas con tus l\u00e1seres. Adem\u00e1s, es mejor encontrar grupos de naves enemigas que puedas destruir arando f\u00edsicamente con tu planeta, que es otro m\u00e9todo altamente efectivo para acumular tu recuento de muertes. El \u00fanico peligro con el que debes tener cuidado son los grupos de lanchas de misiles, que chocan o se acercan solo cuando est\u00e1n obviamente preocupados, ya que sus cohetes masivos pueden destruir r\u00e1pidamente tus escudos y tu vida.<\/p>\n\n\n\n<figure class=\"wp-block-gallery columns-2 is-cropped wp-block-gallery-1 is-layout-flex wp-block-gallery-is-layout-flex\"><ul class=\"blocks-gallery-grid\"><li class=\"blocks-gallery-item\"><figure><img decoding=\"async\" width=\"1024\" height=\"576\" src=\"https:\/\/solar2.standardof.net\/wp-content\/uploads\/sites\/2\/2020\/10\/Solar-2-Planet-Stage-Challenge-Mission-3-Planet-Survival-1-1024x576.jpg\" alt=\"Planet Stage Challenge Mission 3: &#039;Planet Survival&#039; - Solar 2\" data-id=\"119\" data-full-url=\"https:\/\/solar2.standardof.net\/wp-content\/uploads\/sites\/2\/2020\/10\/Solar-2-Planet-Stage-Challenge-Mission-3-Planet-Survival-1.jpg\" data-link=\"https:\/\/solar2.standardof.net\/?attachment_id=119\" class=\"wp-image-119\" srcset=\"https:\/\/solar2.standardof.net\/wp-content\/uploads\/sites\/2\/2020\/10\/Solar-2-Planet-Stage-Challenge-Mission-3-Planet-Survival-1.jpg 1024w, https:\/\/solar2.standardof.net\/wp-content\/uploads\/sites\/2\/2020\/10\/Solar-2-Planet-Stage-Challenge-Mission-3-Planet-Survival-1-300x169.jpg 300w, https:\/\/solar2.standardof.net\/wp-content\/uploads\/sites\/2\/2020\/10\/Solar-2-Planet-Stage-Challenge-Mission-3-Planet-Survival-1-16x9.jpg 16w\" sizes=\"(max-width: 1024px) 100vw, 1024px\" \/><figcaption class=\"blocks-gallery-item__caption\">Comenzando en Planet Survival con un Life Planet supercargado.<\/figcaption><\/figure><\/li><li class=\"blocks-gallery-item\"><figure><img decoding=\"async\" width=\"1024\" height=\"576\" src=\"https:\/\/solar2.standardof.net\/wp-content\/uploads\/sites\/2\/2020\/10\/Solar-2-Planet-Stage-Challenge-Mission-3-Planet-Survival-2-1024x576.jpg\" alt=\"Planet Stage Challenge Mission 3: &#039;Planet Survival&#039; - Solar 2\" data-id=\"120\" data-full-url=\"https:\/\/solar2.standardof.net\/wp-content\/uploads\/sites\/2\/2020\/10\/Solar-2-Planet-Stage-Challenge-Mission-3-Planet-Survival-2.jpg\" data-link=\"https:\/\/solar2.standardof.net\/?attachment_id=120\" class=\"wp-image-120\" srcset=\"https:\/\/solar2.standardof.net\/wp-content\/uploads\/sites\/2\/2020\/10\/Solar-2-Planet-Stage-Challenge-Mission-3-Planet-Survival-2-1024x576.jpg 1024w, https:\/\/solar2.standardof.net\/wp-content\/uploads\/sites\/2\/2020\/10\/Solar-2-Planet-Stage-Challenge-Mission-3-Planet-Survival-2-300x169.jpg 300w, https:\/\/solar2.standardof.net\/wp-content\/uploads\/sites\/2\/2020\/10\/Solar-2-Planet-Stage-Challenge-Mission-3-Planet-Survival-2-16x9.jpg 16w, https:\/\/solar2.standardof.net\/wp-content\/uploads\/sites\/2\/2020\/10\/Solar-2-Planet-Stage-Challenge-Mission-3-Planet-Survival-2.jpg 1920w\" sizes=\"(max-width: 1024px) 100vw, 1024px\" \/><figcaption class=\"blocks-gallery-item__caption\">Involucrar al planeta directamente en el combate.<\/figcaption><\/figure><\/li><\/ul><\/figure>\n\n\n\n<hr class=\"wp-block-separator\"\/>\n\n\n\n<h3 class=\"has-text-align-center wp-block-heading\">Misi\u00f3n de desaf\u00edo 3: Gu\u00eda de video &#039;Planet Survival&#039;<\/h3>\n\n\n\n<figure class=\"wp-block-embed-youtube wp-block-embed is-type-video is-provider-youtube wp-embed-aspect-16-9 wp-has-aspect-ratio\"><div class=\"wp-block-embed__wrapper\">\n<div class=\"ast-oembed-container\" style=\"height: 100%;\"><iframe title=\"Solar 2 - Planet Survival - Planet Challenge Mission - Puntuaci\u00f3n dif\u00edcil\" width=\"500\" height=\"281\" src=\"https:\/\/www.youtube.com\/embed\/UftpoIvwLec?feature=oembed\" frameborder=\"0\" allow=\"accelerometer; autoplay; clipboard-write; encrypted-media; gyroscope; picture-in-picture; web-share\" referrerpolicy=\"strict-origin-when-cross-origin\" allowfullscreen><\/iframe><\/div>\n<\/div><\/figure>","protected":false},"excerpt":{"rendered":"<p>Challenge Mission 3: &#8216;Planet Survival&#8217; The Planet Survival challenge mission in Solar 2 has you tasked with combating and destroying as many nomad ships as you possibly can within a 60 second time limit, while also having to survive the onslaught itself. In this mission you will be given an evolved Life Planet with 90 [&hellip;]<\/p>","protected":false},"author":1,"featured_media":12,"parent":78,"menu_order":0,"comment_status":"open","ping_status":"closed","template":"","meta":{"_uag_custom_page_level_css":"","site-sidebar-layout":"default","site-content-layout":"default","ast-site-content-layout":"","site-content-style":"default","site-sidebar-style":"default","ast-global-header-display":"","ast-banner-title-visibility":"","ast-main-header-display":"","ast-hfb-above-header-display":"","ast-hfb-below-header-display":"","ast-hfb-mobile-header-display":"","site-post-title":"","ast-breadcrumbs-content":"","ast-featured-img":"","footer-sml-layout":"","theme-transparent-header-meta":"default","adv-header-id-meta":"","stick-header-meta":"","header-above-stick-meta":"","header-main-stick-meta":"","header-below-stick-meta":"","astra-migrate-meta-layouts":"default","ast-page-background-enabled":"default","ast-page-background-meta":{"desktop":{"background-color":"","background-image":"","background-repeat":"repeat","background-position":"center center","background-size":"auto","background-attachment":"scroll","background-type":"","background-media":"","overlay-type":"","overlay-color":"","overlay-gradient":""},"tablet":{"background-color":"","background-image":"","background-repeat":"repeat","background-position":"center center","background-size":"auto","background-attachment":"scroll","background-type":"","background-media":"","overlay-type":"","overlay-color":"","overlay-gradient":""},"mobile":{"background-color":"","background-image":"","background-repeat":"repeat","background-position":"center center","background-size":"auto","background-attachment":"scroll","background-type":"","background-media":"","overlay-type":"","overlay-color":"","overlay-gradient":""}},"ast-content-background-meta":{"desktop":{"background-color":"var(--ast-global-color-5)","background-image":"","background-repeat":"repeat","background-position":"center center","background-size":"auto","background-attachment":"scroll","background-type":"","background-media":"","overlay-type":"","overlay-color":"","overlay-gradient":""},"tablet":{"background-color":"var(--ast-global-color-5)","background-image":"","background-repeat":"repeat","background-position":"center center","background-size":"auto","background-attachment":"scroll","background-type":"","background-media":"","overlay-type":"","overlay-color":"","overlay-gradient":""},"mobile":{"background-color":"var(--ast-global-color-5)","background-image":"","background-repeat":"repeat","background-position":"center center","background-size":"auto","background-attachment":"scroll","background-type":"","background-media":"","overlay-type":"","overlay-color":"","overlay-gradient":""}},"footnotes":""},"uagb_featured_image_src":{"full":["https:\/\/solar2.standardof.net\/wp-content\/uploads\/sites\/2\/2020\/10\/Solar-2-Header-Background-1.jpeg",1680,1050,false],"thumbnail":["https:\/\/solar2.standardof.net\/wp-content\/uploads\/sites\/2\/2020\/10\/Solar-2-Header-Background-1-150x150.jpeg",150,150,true],"medium":["https:\/\/solar2.standardof.net\/wp-content\/uploads\/sites\/2\/2020\/10\/Solar-2-Header-Background-1-300x188.jpeg",300,188,true],"medium_large":["https:\/\/solar2.standardof.net\/wp-content\/uploads\/sites\/2\/2020\/10\/Solar-2-Header-Background-1.jpeg",768,480,false],"large":["https:\/\/solar2.standardof.net\/wp-content\/uploads\/sites\/2\/2020\/10\/Solar-2-Header-Background-1-1024x640.jpeg",1024,640,true],"1536x1536":["https:\/\/solar2.standardof.net\/wp-content\/uploads\/sites\/2\/2020\/10\/Solar-2-Header-Background-1.jpeg",1536,960,false],"2048x2048":["https:\/\/solar2.standardof.net\/wp-content\/uploads\/sites\/2\/2020\/10\/Solar-2-Header-Background-1.jpeg",1680,1050,false],"trp-custom-language-flag":["https:\/\/solar2.standardof.net\/wp-content\/uploads\/sites\/2\/2020\/10\/Solar-2-Header-Background-1-16x10.jpeg",16,10,true]},"uagb_author_info":{"display_name":"SOE","author_link":"https:\/\/solar2.standardof.net\/es\/author\/k-tastic\/"},"uagb_comment_info":0,"uagb_excerpt":"Challenge Mission 3: &#8216;Planet Survival&#8217; The Planet Survival challenge mission in Solar 2 has you tasked with combating and destroying as many nomad ships as you possibly can within a 60 second time limit, while also having to survive the onslaught itself. In this mission you will be given an evolved Life Planet with 90&hellip;","_links":{"self":[{"href":"https:\/\/solar2.standardof.net\/es\/wp-json\/wp\/v2\/pages\/112"}],"collection":[{"href":"https:\/\/solar2.standardof.net\/es\/wp-json\/wp\/v2\/pages"}],"about":[{"href":"https:\/\/solar2.standardof.net\/es\/wp-json\/wp\/v2\/types\/page"}],"author":[{"embeddable":true,"href":"https:\/\/solar2.standardof.net\/es\/wp-json\/wp\/v2\/users\/1"}],"replies":[{"embeddable":true,"href":"https:\/\/solar2.standardof.net\/es\/wp-json\/wp\/v2\/comments?post=112"}],"version-history":[{"count":0,"href":"https:\/\/solar2.standardof.net\/es\/wp-json\/wp\/v2\/pages\/112\/revisions"}],"up":[{"embeddable":true,"href":"https:\/\/solar2.standardof.net\/es\/wp-json\/wp\/v2\/pages\/78"}],"wp:featuredmedia":[{"embeddable":true,"href":"https:\/\/solar2.standardof.net\/es\/wp-json\/wp\/v2\/media\/12"}],"wp:attachment":[{"href":"https:\/\/solar2.standardof.net\/es\/wp-json\/wp\/v2\/media?parent=112"}],"curies":[{"name":"wp","href":"https:\/\/api.w.org\/{rel}","templated":true}]}}