{"id":140,"date":"2020-10-14T01:30:00","date_gmt":"2020-10-14T01:30:00","guid":{"rendered":"https:\/\/solar2.standardof.net\/?page_id=140"},"modified":"2020-10-15T14:36:11","modified_gmt":"2020-10-15T14:36:11","slug":"duel-missions-hobo-star-achievement","status":"publish","type":"page","link":"https:\/\/solar2.standardof.net\/es\/solar-2-guide\/etapa-del-sistema-solar-estrella-2\/duelo-misiones-vagabundo-estrella-logro\/","title":{"rendered":"Misiones de duelo y el logro &#039;Hobo Star&#039;"},"content":{"rendered":"<h2 class=\"wp-block-heading\" id=\"47221690_title\">Misiones de Duelo 1-3<\/h2>\n\n\n\n<p>Las misiones de Duelo son parte de la etapa del Sistema Solar y Estrella en <em>Solar 2<\/em>, lo que significa que deber\u00e1s engendrarte como una estrella o un sistema solar para poder recoger y completar las misiones sucesivamente. Si en alg\u00fan momento te mueves a otra etapa, ya sea reapareciendo como un planeta o avanzando a un Agujero Negro, perder\u00e1s la misi\u00f3n y tendr\u00e1s que reiniciar.<\/p>\n\n\n\n<p>Las misiones de Duelo en <em>Solar 2<\/em> te enfrentar\u00e1 a sistemas solares enemigos cada vez m\u00e1s grandes y peligrosos, que deber\u00e1s demoler por completo en cada nivel para seguir adelante. Las estrategias son pr\u00e1cticamente las mismas para cada misi\u00f3n, pero las diferencias en lo que est\u00e1s luchando se enumerar\u00e1n a continuaci\u00f3n. Adem\u00e1s, para aquellos de ustedes que ya han logrado <strong>Logro Grind Star<\/strong>, hay un m\u00e9todo especial que puede utilizar aqu\u00ed.<\/p>\n\n\n\n<ol><li>El nivel uno te hace luchar contra una sola estrella mediana con 6 planetas en \u00f3rbita, todos comenzando con 3 torretas.<\/li><li>El nivel dos te tiene luchando contra una gran estrella con 8 planetas, todos comenzando en el nivel de experiencia de 3 torretas.<\/li><li>La \u00faltima misi\u00f3n te enfrenta a un sistema Tri-Large Star con 10 planetas, todos en plena experiencia. Todo un desaf\u00edo en verdad.<\/li><\/ol>\n\n\n\n<div class=\"wp-block-image\"><figure class=\"aligncenter size-large\"><img decoding=\"async\" width=\"1024\" height=\"576\" src=\"https:\/\/solar2.standardof.net\/wp-content\/uploads\/sites\/2\/2020\/10\/Solar-2-Star-System-Stage-Duel-Mission-3-1024x576.jpg\" alt=\"Duelo 3 - Solar 2\" class=\"wp-image-141\" srcset=\"https:\/\/solar2.standardof.net\/wp-content\/uploads\/sites\/2\/2020\/10\/Solar-2-Star-System-Stage-Duel-Mission-3-1024x576.jpg 1024w, https:\/\/solar2.standardof.net\/wp-content\/uploads\/sites\/2\/2020\/10\/Solar-2-Star-System-Stage-Duel-Mission-3-300x169.jpg 300w, https:\/\/solar2.standardof.net\/wp-content\/uploads\/sites\/2\/2020\/10\/Solar-2-Star-System-Stage-Duel-Mission-3-16x9.jpg 16w, https:\/\/solar2.standardof.net\/wp-content\/uploads\/sites\/2\/2020\/10\/Solar-2-Star-System-Stage-Duel-Mission-3.jpg 1280w\" sizes=\"(max-width: 1024px) 100vw, 1024px\" \/><figcaption>Luchando contra el campe\u00f3n definitivo en Duel 3<\/figcaption><\/figure><\/div>\n\n\n\n<hr class=\"wp-block-separator\"\/>\n\n\n\n<h3 class=\"wp-block-heading\"><strong>T\u00e1cticas para estas misiones:<\/strong><\/h3>\n\n\n\n<p>Generalmente, su mejor apuesta aqu\u00ed es generar su sistema de vida m\u00e1xima y luchar contra \u00e9l arando sus estrellas en los planetas que orbitan el sistema solar enemigo hasta que tenga una ventaja. Una vez que tenga al menos 2 planetas m\u00e1s que el sistema enemigo, su vida deber\u00eda comenzar lentamente a invadir al enemigo, acelerada a\u00fan m\u00e1s por continuos ataques f\u00edsicos a los planetas y las estrellas una vez que sus escudos est\u00e9n ca\u00eddos.<\/p>\n\n\n\n<h3 class=\"wp-block-heading\"><strong>Si ha completado y guardado su sistema Grind Star:<\/strong><\/h3>\n\n\n\n<p>Si tienes uno de estos sistemas s\u00faper estelares para desbloquear este logro, literalmente puedes barrer al enemigo para completar estas misiones pr\u00e1cticamente al instante. Si vas a hacer ambas cosas, haz este logro primero para reducir el tiempo que te lleva atravesar la cadena de Duelos.<\/p>\n\n\n\n<hr class=\"wp-block-separator\"\/>\n\n\n\n<h2 class=\"wp-block-heading\">Desbloqueo del logro &#039;Hobo Star&#039;<\/h2>\n\n\n\n<p><em>Comienza la tercera parte de la misi\u00f3n &quot;Duelo&quot; como una sola estrella sin planetas y golp\u00e9ala en menos de 3 minutos.<\/em><\/p>\n\n\n\n<p>Para desbloquear el logro Hobo Star, tendr\u00e1s que completar esta misi\u00f3n comenzando como una sola estrella sin planetas. Para realizar la tarea de Hobo Star de manera efectiva, debes ser una gran estrella con la mayor masa posible antes de golpear la estrella de neutrones, luego usa tu estrella para golpear los planetas que orbitan este sistema hacia las estrellas. Una vez que dejas caer el sistema en 4-5 planetas, puedes robar algunos de ellos para darte un escudo y continuar arando los objetivos.<\/p>\n\n\n\n<p>Recuerde, solo necesita una franja de escudo hacia arriba para detener todo el da\u00f1o de una colisi\u00f3n, as\u00ed que una vez que tenga los escudos levantados, golpee con fuerza contra otros objetivos sin blindaje. Finalmente, tendr\u00e1s que hacer esto en menos de tres minutos para desbloquear el logro Hobo Star. Alternativamente, puede intentar usar su pozo de gravedad para impulsar el sistema solar enemigo hacia otros objetos, pero esto puede acertar o fallar dependiendo de lo que se genere en el \u00e1rea.<\/p>\n\n\n\n<hr class=\"wp-block-separator\"\/>\n\n\n\n<h3 class=\"has-text-align-center wp-block-heading\">Gu\u00eda de video de misiones de duelo<\/h3>\n\n\n\n<figure class=\"wp-block-embed-youtube wp-block-embed is-type-video is-provider-youtube wp-embed-aspect-16-9 wp-has-aspect-ratio\"><div class=\"wp-block-embed__wrapper\">\n<div class=\"ast-oembed-container\" style=\"height: 100%;\"><iframe title=\"Misiones del Sistema Solar Solar 2 Star - Niveles de Duelo - Gu\u00eda de Tutorial\" width=\"500\" height=\"281\" src=\"https:\/\/www.youtube.com\/embed\/lebt8cg0mZc?feature=oembed\" frameborder=\"0\" allow=\"accelerometer; autoplay; clipboard-write; encrypted-media; gyroscope; picture-in-picture; web-share\" referrerpolicy=\"strict-origin-when-cross-origin\" allowfullscreen><\/iframe><\/div>\n<\/div><\/figure>","protected":false},"excerpt":{"rendered":"<p>Duel Missions 1-3 The Duel missions are part of the Star and Solar System Stage in Solar 2, meaning you will need to spawn yourself as either a Star or Solar System in order to pick up and complete the missions successively. If at any point you move to another stage, be it respawning as [&hellip;]<\/p>","protected":false},"author":1,"featured_media":12,"parent":124,"menu_order":0,"comment_status":"open","ping_status":"closed","template":"","meta":{"_uag_custom_page_level_css":"","site-sidebar-layout":"default","site-content-layout":"default","ast-site-content-layout":"","site-content-style":"default","site-sidebar-style":"default","ast-global-header-display":"","ast-banner-title-visibility":"","ast-main-header-display":"","ast-hfb-above-header-display":"","ast-hfb-below-header-display":"","ast-hfb-mobile-header-display":"","site-post-title":"","ast-breadcrumbs-content":"","ast-featured-img":"","footer-sml-layout":"","theme-transparent-header-meta":"default","adv-header-id-meta":"","stick-header-meta":"","header-above-stick-meta":"","header-main-stick-meta":"","header-below-stick-meta":"","astra-migrate-meta-layouts":"default","ast-page-background-enabled":"default","ast-page-background-meta":{"desktop":{"background-color":"","background-image":"","background-repeat":"repeat","background-position":"center center","background-size":"auto","background-attachment":"scroll","background-type":"","background-media":"","overlay-type":"","overlay-color":"","overlay-gradient":""},"tablet":{"background-color":"","background-image":"","background-repeat":"repeat","background-position":"center center","background-size":"auto","background-attachment":"scroll","background-type":"","background-media":"","overlay-type":"","overlay-color":"","overlay-gradient":""},"mobile":{"background-color":"","background-image":"","background-repeat":"repeat","background-position":"center center","background-size":"auto","background-attachment":"scroll","background-type":"","background-media":"","overlay-type":"","overlay-color":"","overlay-gradient":""}},"ast-content-background-meta":{"desktop":{"background-color":"var(--ast-global-color-5)","background-image":"","background-repeat":"repeat","background-position":"center center","background-size":"auto","background-attachment":"scroll","background-type":"","background-media":"","overlay-type":"","overlay-color":"","overlay-gradient":""},"tablet":{"background-color":"var(--ast-global-color-5)","background-image":"","background-repeat":"repeat","background-position":"center center","background-size":"auto","background-attachment":"scroll","background-type":"","background-media":"","overlay-type":"","overlay-color":"","overlay-gradient":""},"mobile":{"background-color":"var(--ast-global-color-5)","background-image":"","background-repeat":"repeat","background-position":"center center","background-size":"auto","background-attachment":"scroll","background-type":"","background-media":"","overlay-type":"","overlay-color":"","overlay-gradient":""}},"footnotes":""},"uagb_featured_image_src":{"full":["https:\/\/solar2.standardof.net\/wp-content\/uploads\/sites\/2\/2020\/10\/Solar-2-Header-Background-1.jpeg",1680,1050,false],"thumbnail":["https:\/\/solar2.standardof.net\/wp-content\/uploads\/sites\/2\/2020\/10\/Solar-2-Header-Background-1-150x150.jpeg",150,150,true],"medium":["https:\/\/solar2.standardof.net\/wp-content\/uploads\/sites\/2\/2020\/10\/Solar-2-Header-Background-1-300x188.jpeg",300,188,true],"medium_large":["https:\/\/solar2.standardof.net\/wp-content\/uploads\/sites\/2\/2020\/10\/Solar-2-Header-Background-1.jpeg",768,480,false],"large":["https:\/\/solar2.standardof.net\/wp-content\/uploads\/sites\/2\/2020\/10\/Solar-2-Header-Background-1-1024x640.jpeg",1024,640,true],"1536x1536":["https:\/\/solar2.standardof.net\/wp-content\/uploads\/sites\/2\/2020\/10\/Solar-2-Header-Background-1.jpeg",1536,960,false],"2048x2048":["https:\/\/solar2.standardof.net\/wp-content\/uploads\/sites\/2\/2020\/10\/Solar-2-Header-Background-1.jpeg",1680,1050,false],"trp-custom-language-flag":["https:\/\/solar2.standardof.net\/wp-content\/uploads\/sites\/2\/2020\/10\/Solar-2-Header-Background-1-16x10.jpeg",16,10,true]},"uagb_author_info":{"display_name":"SOE","author_link":"https:\/\/solar2.standardof.net\/es\/author\/k-tastic\/"},"uagb_comment_info":0,"uagb_excerpt":"Duel Missions 1-3 The Duel missions are part of the Star and Solar System Stage in Solar 2, meaning you will need to spawn yourself as either a Star or Solar System in order to pick up and complete the missions successively. If at any point you move to another stage, be it respawning as&hellip;","_links":{"self":[{"href":"https:\/\/solar2.standardof.net\/es\/wp-json\/wp\/v2\/pages\/140"}],"collection":[{"href":"https:\/\/solar2.standardof.net\/es\/wp-json\/wp\/v2\/pages"}],"about":[{"href":"https:\/\/solar2.standardof.net\/es\/wp-json\/wp\/v2\/types\/page"}],"author":[{"embeddable":true,"href":"https:\/\/solar2.standardof.net\/es\/wp-json\/wp\/v2\/users\/1"}],"replies":[{"embeddable":true,"href":"https:\/\/solar2.standardof.net\/es\/wp-json\/wp\/v2\/comments?post=140"}],"version-history":[{"count":0,"href":"https:\/\/solar2.standardof.net\/es\/wp-json\/wp\/v2\/pages\/140\/revisions"}],"up":[{"embeddable":true,"href":"https:\/\/solar2.standardof.net\/es\/wp-json\/wp\/v2\/pages\/124"}],"wp:featuredmedia":[{"embeddable":true,"href":"https:\/\/solar2.standardof.net\/es\/wp-json\/wp\/v2\/media\/12"}],"wp:attachment":[{"href":"https:\/\/solar2.standardof.net\/es\/wp-json\/wp\/v2\/media?parent=140"}],"curies":[{"name":"wp","href":"https:\/\/api.w.org\/{rel}","templated":true}]}}