{"id":144,"date":"2020-10-14T01:36:51","date_gmt":"2020-10-14T01:36:51","guid":{"rendered":"https:\/\/solar2.standardof.net\/?page_id=144"},"modified":"2020-10-15T14:36:28","modified_gmt":"2020-10-15T14:36:28","slug":"heist-missions-and-the-get-lost-i-got-this-achievements","status":"publish","type":"page","link":"https:\/\/solar2.standardof.net\/es\/solar-2-guide\/etapa-del-sistema-solar-estrella-2\/misiones-de-atraco-y-me-pierdo-tengo-esto-logros\/","title":{"rendered":"Misiones de atraco y los logros &#039;Perderse&#039; y &#039;Consegu\u00ed esto&#039;"},"content":{"rendered":"<h2 class=\"wp-block-heading\" id=\"47221738_title\">Misiones de atraco<\/h2>\n\n\n\n<p>Las misiones de atraco en <em>Solar 2<\/em> le asignar\u00e1 la tarea de un robo interestelar en nombre de la Entidad, que finalmente culminar\u00e1 en una loca carrera de la polic\u00eda. Estos niveles plantean tareas \u00fanicas en cada misi\u00f3n con diferentes estrategias y dos logros separados para desbloquear en estos niveles, I Got this y Get Lost.<\/p>\n\n\n\n<hr class=\"wp-block-separator\"\/>\n\n\n\n<h2 class=\"wp-block-heading\">Misi\u00f3n de atraco 1<\/h2>\n\n\n\n<p>El primer nivel del atraco te hace robar un planeta objetivo de un sistema estelar \u00fanico que no tiene otros planetas en \u00f3rbita. Con un sistema de vida casi m\u00e1ximo, querr\u00e1s sacar ese planeta de la \u00f3rbita usando uno de los tuyos y evadir r\u00e1pidamente las olas masivas de naves Nomad que surgen desde todos los rincones de la pantalla. Para completar este nivel normalmente, simplemente huye de los n\u00f3madas y llega a la baliza de la misi\u00f3n objetivo con el planeta de la tarjeta magn\u00e9tica intacto. Vea a continuaci\u00f3n c\u00f3mo obtener el logro I Got This.<\/p>\n\n\n\n<hr class=\"wp-block-separator\"\/>\n\n\n\n<h2 class=\"wp-block-heading\">Misi\u00f3n de atraco 2<\/h2>\n\n\n\n<p>En el segundo nivel, debes capturar tres planetas enemigos de otros sistemas solares y mantener los tres en tu \u00f3rbita al mismo tiempo. Originalmente eran cuatro planetas a la vez, como ver\u00e1 en el video. Sin embargo, esto se cambi\u00f3 con un parche a tres.<\/p>\n\n\n\n<hr class=\"wp-block-separator\"\/>\n\n\n\n<h2 class=\"wp-block-heading\">Heist 3 + Desbloqueo del logro &#039;Perderse&#039;<\/h2>\n\n\n\n<p>Esta misi\u00f3n es una de las m\u00e1s dif\u00edciles de completar sin obtener el logro Perderse. Para completar esta misi\u00f3n con normalidad, debes navegar por lo que es una corriente de dos l\u00edneas de estrellas que crean una trayectoria curva que debes navegar a medida que se vuelve cada vez m\u00e1s peque\u00f1a y desafiante, sin tocar los lados. Personalmente no he podido terminar la misi\u00f3n de esta manera.<\/p>\n\n\n\n<p>Sin embargo, para desbloquear el logro Get Lost y completar este nivel de una manera alternativa y mucho m\u00e1s f\u00e1cil, comience la misi\u00f3n usando al menos un sistema Tri-Star con vida preferiblemente m\u00e1xima. Inmediatamente cuando comienza la misi\u00f3n, dir\u00edgete hacia arriba o hacia abajo de inmediato para romper la pared de estrellas que se forma, que deber\u00eda diezmar tu sistema, pero si se hace lo suficientemente r\u00e1pido, te dejar\u00e1 al menos algo intacto en el otro lado, desbloqueando Get Lost. . Vea el video a continuaci\u00f3n para conocer este logro.<\/p>\n\n\n\n<div class=\"wp-block-image\"><figure class=\"aligncenter size-large\"><img decoding=\"async\" width=\"1024\" height=\"576\" src=\"https:\/\/solar2.standardof.net\/wp-content\/uploads\/sites\/2\/2020\/10\/Solar-2-Star-System-Stage-Get-Lost-Achievement-1024x576.jpg\" alt=\"Logro perdido - Solar 2\" class=\"wp-image-145\" srcset=\"https:\/\/solar2.standardof.net\/wp-content\/uploads\/sites\/2\/2020\/10\/Solar-2-Star-System-Stage-Get-Lost-Achievement-1024x576.jpg 1024w, https:\/\/solar2.standardof.net\/wp-content\/uploads\/sites\/2\/2020\/10\/Solar-2-Star-System-Stage-Get-Lost-Achievement-300x169.jpg 300w, https:\/\/solar2.standardof.net\/wp-content\/uploads\/sites\/2\/2020\/10\/Solar-2-Star-System-Stage-Get-Lost-Achievement-16x9.jpg 16w, https:\/\/solar2.standardof.net\/wp-content\/uploads\/sites\/2\/2020\/10\/Solar-2-Star-System-Stage-Get-Lost-Achievement.jpg 1280w\" sizes=\"(max-width: 1024px) 100vw, 1024px\" \/><figcaption>Rompiendo la pared de estrellas para el logro Get Lost.<\/figcaption><\/figure><\/div>\n\n\n\n<hr class=\"wp-block-separator\"\/>\n\n\n\n<h3 class=\"has-text-align-center wp-block-heading\">Gu\u00eda de video de misiones de atraco<\/h3>\n\n\n\n<figure class=\"wp-block-embed-youtube wp-block-embed is-type-video is-provider-youtube wp-embed-aspect-16-9 wp-has-aspect-ratio\"><div class=\"wp-block-embed__wrapper\">\n<div class=\"ast-oembed-container\" style=\"height: 100%;\"><iframe title=\"Misiones del sistema solar Solar 2 Star - Niveles de atraco w Get Lost Achievement - Gu\u00eda de recorrido\" width=\"500\" height=\"281\" src=\"https:\/\/www.youtube.com\/embed\/lyc0EMJE1j8?feature=oembed\" frameborder=\"0\" allow=\"accelerometer; autoplay; clipboard-write; encrypted-media; gyroscope; picture-in-picture; web-share\" referrerpolicy=\"strict-origin-when-cross-origin\" allowfullscreen><\/iframe><\/div>\n<\/div><\/figure>\n\n\n\n<hr class=\"wp-block-separator\"\/>\n\n\n\n<h2 class=\"wp-block-heading\" id=\"47221762_title\">Desbloqueo del logro &#039;Tengo esto&#039;<\/h2>\n\n\n\n<p>Para desbloquear I Got This, deber\u00e1s completar el nivel uno destruyendo a todos los n\u00f3madas atacantes antes de llegar a la baliza de la misi\u00f3n. La primera forma m\u00e1s f\u00e1cil de hacer esto es atravesando a los N\u00f3madas con su sistema, teniendo cuidado de que el planeta de la tarjeta magn\u00e9tica est\u00e9 orbitando en el lado opuesto de la direcci\u00f3n en la que se dirige para mantenerlo a salvo del fuego de armas. La segunda opci\u00f3n para eliminar a los n\u00f3madas de I Got This es llevarlos a un sistema hostil cercano con toneladas de vida que eventualmente reducir\u00e1 y destruir\u00e1 a tus agresores. Vea el segundo video a continuaci\u00f3n para este logro.<\/p>\n\n\n\n<div class=\"wp-block-image\"><figure class=\"aligncenter size-large\"><img decoding=\"async\" width=\"1024\" height=\"576\" src=\"https:\/\/solar2.standardof.net\/wp-content\/uploads\/sites\/2\/2020\/10\/Solar-2-Star-System-Stage-I-Got-This-Achievement-1024x576.jpg\" alt=\"Consegu\u00ed este logro - Solar 2\" class=\"wp-image-146\" srcset=\"https:\/\/solar2.standardof.net\/wp-content\/uploads\/sites\/2\/2020\/10\/Solar-2-Star-System-Stage-I-Got-This-Achievement-1024x576.jpg 1024w, https:\/\/solar2.standardof.net\/wp-content\/uploads\/sites\/2\/2020\/10\/Solar-2-Star-System-Stage-I-Got-This-Achievement-300x169.jpg 300w, https:\/\/solar2.standardof.net\/wp-content\/uploads\/sites\/2\/2020\/10\/Solar-2-Star-System-Stage-I-Got-This-Achievement-16x9.jpg 16w, https:\/\/solar2.standardof.net\/wp-content\/uploads\/sites\/2\/2020\/10\/Solar-2-Star-System-Stage-I-Got-This-Achievement.jpg 1280w\" sizes=\"(max-width: 1024px) 100vw, 1024px\" \/><figcaption>Vencer a los n\u00f3madas en el nivel 1 para el logro I Got This.<\/figcaption><\/figure><\/div>\n\n\n\n<hr class=\"wp-block-separator\"\/>\n\n\n\n<h3 class=\"has-text-align-center wp-block-heading\">Gu\u00eda de video de logros &#039;I Got This&#039;<\/h3>\n\n\n\n<figure class=\"wp-block-embed-youtube wp-block-embed is-type-video is-provider-youtube wp-embed-aspect-16-9 wp-has-aspect-ratio\"><div class=\"wp-block-embed__wrapper\">\n<div class=\"ast-oembed-container\" style=\"height: 100%;\"><iframe title=\"Solar 2 - Tengo esto - Tutorial de logros\" width=\"500\" height=\"281\" src=\"https:\/\/www.youtube.com\/embed\/LH4ofLnYcnA?feature=oembed\" frameborder=\"0\" allow=\"accelerometer; autoplay; clipboard-write; encrypted-media; gyroscope; picture-in-picture; web-share\" referrerpolicy=\"strict-origin-when-cross-origin\" allowfullscreen><\/iframe><\/div>\n<\/div><\/figure>","protected":false},"excerpt":{"rendered":"<p>Heist Missions The heist missions in Solar 2 will have you tasked with some interstellar thievery on behalf of the Entity, eventually culminating in a mad dash from the cops. These levels pose unique tasks in each mission with different strategies and two separate achievements to unlock in these levels, I Got this and Get [&hellip;]<\/p>","protected":false},"author":1,"featured_media":12,"parent":124,"menu_order":0,"comment_status":"open","ping_status":"closed","template":"","meta":{"_uag_custom_page_level_css":"","site-sidebar-layout":"default","site-content-layout":"default","ast-site-content-layout":"","site-content-style":"default","site-sidebar-style":"default","ast-global-header-display":"","ast-banner-title-visibility":"","ast-main-header-display":"","ast-hfb-above-header-display":"","ast-hfb-below-header-display":"","ast-hfb-mobile-header-display":"","site-post-title":"","ast-breadcrumbs-content":"","ast-featured-img":"","footer-sml-layout":"","theme-transparent-header-meta":"default","adv-header-id-meta":"","stick-header-meta":"","header-above-stick-meta":"","header-main-stick-meta":"","header-below-stick-meta":"","astra-migrate-meta-layouts":"default","ast-page-background-enabled":"default","ast-page-background-meta":{"desktop":{"background-color":"","background-image":"","background-repeat":"repeat","background-position":"center center","background-size":"auto","background-attachment":"scroll","background-type":"","background-media":"","overlay-type":"","overlay-color":"","overlay-gradient":""},"tablet":{"background-color":"","background-image":"","background-repeat":"repeat","background-position":"center center","background-size":"auto","background-attachment":"scroll","background-type":"","background-media":"","overlay-type":"","overlay-color":"","overlay-gradient":""},"mobile":{"background-color":"","background-image":"","background-repeat":"repeat","background-position":"center center","background-size":"auto","background-attachment":"scroll","background-type":"","background-media":"","overlay-type":"","overlay-color":"","overlay-gradient":""}},"ast-content-background-meta":{"desktop":{"background-color":"var(--ast-global-color-5)","background-image":"","background-repeat":"repeat","background-position":"center center","background-size":"auto","background-attachment":"scroll","background-type":"","background-media":"","overlay-type":"","overlay-color":"","overlay-gradient":""},"tablet":{"background-color":"var(--ast-global-color-5)","background-image":"","background-repeat":"repeat","background-position":"center center","background-size":"auto","background-attachment":"scroll","background-type":"","background-media":"","overlay-type":"","overlay-color":"","overlay-gradient":""},"mobile":{"background-color":"var(--ast-global-color-5)","background-image":"","background-repeat":"repeat","background-position":"center center","background-size":"auto","background-attachment":"scroll","background-type":"","background-media":"","overlay-type":"","overlay-color":"","overlay-gradient":""}},"footnotes":""},"uagb_featured_image_src":{"full":["https:\/\/solar2.standardof.net\/wp-content\/uploads\/sites\/2\/2020\/10\/Solar-2-Header-Background-1.jpeg",1680,1050,false],"thumbnail":["https:\/\/solar2.standardof.net\/wp-content\/uploads\/sites\/2\/2020\/10\/Solar-2-Header-Background-1-150x150.jpeg",150,150,true],"medium":["https:\/\/solar2.standardof.net\/wp-content\/uploads\/sites\/2\/2020\/10\/Solar-2-Header-Background-1-300x188.jpeg",300,188,true],"medium_large":["https:\/\/solar2.standardof.net\/wp-content\/uploads\/sites\/2\/2020\/10\/Solar-2-Header-Background-1.jpeg",768,480,false],"large":["https:\/\/solar2.standardof.net\/wp-content\/uploads\/sites\/2\/2020\/10\/Solar-2-Header-Background-1-1024x640.jpeg",1024,640,true],"1536x1536":["https:\/\/solar2.standardof.net\/wp-content\/uploads\/sites\/2\/2020\/10\/Solar-2-Header-Background-1.jpeg",1536,960,false],"2048x2048":["https:\/\/solar2.standardof.net\/wp-content\/uploads\/sites\/2\/2020\/10\/Solar-2-Header-Background-1.jpeg",1680,1050,false],"trp-custom-language-flag":["https:\/\/solar2.standardof.net\/wp-content\/uploads\/sites\/2\/2020\/10\/Solar-2-Header-Background-1-16x10.jpeg",16,10,true]},"uagb_author_info":{"display_name":"SOE","author_link":"https:\/\/solar2.standardof.net\/es\/author\/k-tastic\/"},"uagb_comment_info":0,"uagb_excerpt":"Heist Missions The heist missions in Solar 2 will have you tasked with some interstellar thievery on behalf of the Entity, eventually culminating in a mad dash from the cops. These levels pose unique tasks in each mission with different strategies and two separate achievements to unlock in these levels, I Got this and Get&hellip;","_links":{"self":[{"href":"https:\/\/solar2.standardof.net\/es\/wp-json\/wp\/v2\/pages\/144"}],"collection":[{"href":"https:\/\/solar2.standardof.net\/es\/wp-json\/wp\/v2\/pages"}],"about":[{"href":"https:\/\/solar2.standardof.net\/es\/wp-json\/wp\/v2\/types\/page"}],"author":[{"embeddable":true,"href":"https:\/\/solar2.standardof.net\/es\/wp-json\/wp\/v2\/users\/1"}],"replies":[{"embeddable":true,"href":"https:\/\/solar2.standardof.net\/es\/wp-json\/wp\/v2\/comments?post=144"}],"version-history":[{"count":0,"href":"https:\/\/solar2.standardof.net\/es\/wp-json\/wp\/v2\/pages\/144\/revisions"}],"up":[{"embeddable":true,"href":"https:\/\/solar2.standardof.net\/es\/wp-json\/wp\/v2\/pages\/124"}],"wp:featuredmedia":[{"embeddable":true,"href":"https:\/\/solar2.standardof.net\/es\/wp-json\/wp\/v2\/media\/12"}],"wp:attachment":[{"href":"https:\/\/solar2.standardof.net\/es\/wp-json\/wp\/v2\/media?parent=144"}],"curies":[{"name":"wp","href":"https:\/\/api.w.org\/{rel}","templated":true}]}}