{"id":149,"date":"2020-10-14T01:40:19","date_gmt":"2020-10-14T01:40:19","guid":{"rendered":"https:\/\/solar2.standardof.net\/?page_id=149"},"modified":"2020-10-15T14:36:36","modified_gmt":"2020-10-15T14:36:36","slug":"invader-missions","status":"publish","type":"page","link":"https:\/\/solar2.standardof.net\/es\/solar-2-guide\/etapa-del-sistema-solar-estrella-2\/misiones-invasoras\/","title":{"rendered":"Misiones invasoras"},"content":{"rendered":"<h2 class=\"wp-block-heading\" id=\"17106251_title\">Consejos para las misiones de invasores en <em>Solar 2<\/em><\/h2>\n\n\n\n<p>Los niveles de invasor en <em>Solar 2<\/em> son algo similares a las misiones Nomad Love a las que te enfrentaste como planeta, esta vez enfrentando grandes cantidades de fuerzas que vienen en oleadas. Las estrategias para este grupo de misiones son las mismas para cada uno, con la \u00fanica diferencia entre los niveles siendo una cantidad progresivamente mayor de barcos con los que lidiar.<\/p>\n\n\n\n<p>En t\u00e9rminos generales, puede aparecer como un sistema solar de vida m\u00e1xima, que deber\u00eda haber salvado del uso en las otras misiones y recorridos de construcci\u00f3n del sistema solar, y simplemente enfrentarse a los alien\u00edgenas que lo atacan usando sus naves espaciales y torretas con forma de vida.<\/p>\n\n\n\n<p>Una t\u00e1ctica importante es moverse siempre cuando aparece una nueva ola, ya que normalmente se agrupan en uno solo de sus planetas. Desea lanzarse para disolver a los atacantes y hacer que se interesen en sus naves espaciales frente a sus planetas para evitar perder la vida extra que genera. Tambi\u00e9n puede intentar que se interesen en cualquier sistema solar hostil cercano o planetas de vida. Aparte de eso, las t\u00e1cticas aqu\u00ed son bastante simples y directas.<\/p>\n\n\n\n<div class=\"wp-block-image\"><figure class=\"aligncenter size-large\"><img decoding=\"async\" width=\"1024\" height=\"576\" src=\"https:\/\/solar2.standardof.net\/wp-content\/uploads\/sites\/2\/2020\/10\/Solar-2-Star-System-Stage-Invader-Missions-1024x576.jpg\" alt=\"Misiones de invasores - Solar 2\" class=\"wp-image-150\" srcset=\"https:\/\/solar2.standardof.net\/wp-content\/uploads\/sites\/2\/2020\/10\/Solar-2-Star-System-Stage-Invader-Missions-1024x576.jpg 1024w, https:\/\/solar2.standardof.net\/wp-content\/uploads\/sites\/2\/2020\/10\/Solar-2-Star-System-Stage-Invader-Missions-300x169.jpg 300w, https:\/\/solar2.standardof.net\/wp-content\/uploads\/sites\/2\/2020\/10\/Solar-2-Star-System-Stage-Invader-Missions-16x9.jpg 16w, https:\/\/solar2.standardof.net\/wp-content\/uploads\/sites\/2\/2020\/10\/Solar-2-Star-System-Stage-Invader-Missions.jpg 1280w\" sizes=\"(max-width: 1024px) 100vw, 1024px\" \/><figcaption>Luchando contra barcos atacantes en los niveles de Invasor en Solar 2.<\/figcaption><\/figure><\/div>\n\n\n\n<hr class=\"wp-block-separator\"\/>\n\n\n\n<h3 class=\"has-text-align-center wp-block-heading\">Misiones de invasores: gu\u00eda de video<\/h3>\n\n\n\n<figure class=\"wp-block-embed-youtube wp-block-embed is-type-video is-provider-youtube wp-embed-aspect-16-9 wp-has-aspect-ratio\"><div class=\"wp-block-embed__wrapper\">\n<div class=\"ast-oembed-container\" style=\"height: 100%;\"><iframe title=\"Misiones del sistema solar Solar 2 Star - Niveles de invasor - Gu\u00eda de recorrido\" width=\"500\" height=\"281\" src=\"https:\/\/www.youtube.com\/embed\/0jyR0hrUHn8?feature=oembed\" frameborder=\"0\" allow=\"accelerometer; autoplay; clipboard-write; encrypted-media; gyroscope; picture-in-picture; web-share\" referrerpolicy=\"strict-origin-when-cross-origin\" allowfullscreen><\/iframe><\/div>\n<\/div><\/figure>","protected":false},"excerpt":{"rendered":"<p>Tips for the Invader Missions in Solar 2 The invader levels in Solar 2 are somewhat similar to the Nomad Love missions you faced as a planet, this time around facing larger amounts of forces that come in waves. The strategies for these group of missions is the same for each, with the only difference [&hellip;]<\/p>","protected":false},"author":1,"featured_media":12,"parent":124,"menu_order":0,"comment_status":"open","ping_status":"closed","template":"","meta":{"_uag_custom_page_level_css":"","site-sidebar-layout":"default","site-content-layout":"default","ast-site-content-layout":"","site-content-style":"default","site-sidebar-style":"default","ast-global-header-display":"","ast-banner-title-visibility":"","ast-main-header-display":"","ast-hfb-above-header-display":"","ast-hfb-below-header-display":"","ast-hfb-mobile-header-display":"","site-post-title":"","ast-breadcrumbs-content":"","ast-featured-img":"","footer-sml-layout":"","theme-transparent-header-meta":"default","adv-header-id-meta":"","stick-header-meta":"","header-above-stick-meta":"","header-main-stick-meta":"","header-below-stick-meta":"","astra-migrate-meta-layouts":"default","ast-page-background-enabled":"default","ast-page-background-meta":{"desktop":{"background-color":"","background-image":"","background-repeat":"repeat","background-position":"center center","background-size":"auto","background-attachment":"scroll","background-type":"","background-media":"","overlay-type":"","overlay-color":"","overlay-gradient":""},"tablet":{"background-color":"","background-image":"","background-repeat":"repeat","background-position":"center center","background-size":"auto","background-attachment":"scroll","background-type":"","background-media":"","overlay-type":"","overlay-color":"","overlay-gradient":""},"mobile":{"background-color":"","background-image":"","background-repeat":"repeat","background-position":"center center","background-size":"auto","background-attachment":"scroll","background-type":"","background-media":"","overlay-type":"","overlay-color":"","overlay-gradient":""}},"ast-content-background-meta":{"desktop":{"background-color":"var(--ast-global-color-5)","background-image":"","background-repeat":"repeat","background-position":"center center","background-size":"auto","background-attachment":"scroll","background-type":"","background-media":"","overlay-type":"","overlay-color":"","overlay-gradient":""},"tablet":{"background-color":"var(--ast-global-color-5)","background-image":"","background-repeat":"repeat","background-position":"center center","background-size":"auto","background-attachment":"scroll","background-type":"","background-media":"","overlay-type":"","overlay-color":"","overlay-gradient":""},"mobile":{"background-color":"var(--ast-global-color-5)","background-image":"","background-repeat":"repeat","background-position":"center center","background-size":"auto","background-attachment":"scroll","background-type":"","background-media":"","overlay-type":"","overlay-color":"","overlay-gradient":""}},"footnotes":""},"uagb_featured_image_src":{"full":["https:\/\/solar2.standardof.net\/wp-content\/uploads\/sites\/2\/2020\/10\/Solar-2-Header-Background-1.jpeg",1680,1050,false],"thumbnail":["https:\/\/solar2.standardof.net\/wp-content\/uploads\/sites\/2\/2020\/10\/Solar-2-Header-Background-1-150x150.jpeg",150,150,true],"medium":["https:\/\/solar2.standardof.net\/wp-content\/uploads\/sites\/2\/2020\/10\/Solar-2-Header-Background-1-300x188.jpeg",300,188,true],"medium_large":["https:\/\/solar2.standardof.net\/wp-content\/uploads\/sites\/2\/2020\/10\/Solar-2-Header-Background-1.jpeg",768,480,false],"large":["https:\/\/solar2.standardof.net\/wp-content\/uploads\/sites\/2\/2020\/10\/Solar-2-Header-Background-1-1024x640.jpeg",1024,640,true],"1536x1536":["https:\/\/solar2.standardof.net\/wp-content\/uploads\/sites\/2\/2020\/10\/Solar-2-Header-Background-1.jpeg",1536,960,false],"2048x2048":["https:\/\/solar2.standardof.net\/wp-content\/uploads\/sites\/2\/2020\/10\/Solar-2-Header-Background-1.jpeg",1680,1050,false],"trp-custom-language-flag":["https:\/\/solar2.standardof.net\/wp-content\/uploads\/sites\/2\/2020\/10\/Solar-2-Header-Background-1-16x10.jpeg",16,10,true]},"uagb_author_info":{"display_name":"SOE","author_link":"https:\/\/solar2.standardof.net\/es\/author\/k-tastic\/"},"uagb_comment_info":0,"uagb_excerpt":"Tips for the Invader Missions in Solar 2 The invader levels in Solar 2 are somewhat similar to the Nomad Love missions you faced as a planet, this time around facing larger amounts of forces that come in waves. The strategies for these group of missions is the same for each, with the only difference&hellip;","_links":{"self":[{"href":"https:\/\/solar2.standardof.net\/es\/wp-json\/wp\/v2\/pages\/149"}],"collection":[{"href":"https:\/\/solar2.standardof.net\/es\/wp-json\/wp\/v2\/pages"}],"about":[{"href":"https:\/\/solar2.standardof.net\/es\/wp-json\/wp\/v2\/types\/page"}],"author":[{"embeddable":true,"href":"https:\/\/solar2.standardof.net\/es\/wp-json\/wp\/v2\/users\/1"}],"replies":[{"embeddable":true,"href":"https:\/\/solar2.standardof.net\/es\/wp-json\/wp\/v2\/comments?post=149"}],"version-history":[{"count":0,"href":"https:\/\/solar2.standardof.net\/es\/wp-json\/wp\/v2\/pages\/149\/revisions"}],"up":[{"embeddable":true,"href":"https:\/\/solar2.standardof.net\/es\/wp-json\/wp\/v2\/pages\/124"}],"wp:featuredmedia":[{"embeddable":true,"href":"https:\/\/solar2.standardof.net\/es\/wp-json\/wp\/v2\/media\/12"}],"wp:attachment":[{"href":"https:\/\/solar2.standardof.net\/es\/wp-json\/wp\/v2\/media?parent=149"}],"curies":[{"name":"wp","href":"https:\/\/api.w.org\/{rel}","templated":true}]}}