{"id":160,"date":"2020-10-14T04:37:48","date_gmt":"2020-10-14T04:37:48","guid":{"rendered":"https:\/\/solar2.standardof.net\/?page_id=160"},"modified":"2020-10-15T14:36:00","modified_gmt":"2020-10-15T14:36:00","slug":"elite-and-grind-star-achievements","status":"publish","type":"page","link":"https:\/\/solar2.standardof.net\/es\/solar-2-guide\/etapa-del-sistema-solar-estrella-2\/logros-de-elite-and-grind-star\/","title":{"rendered":"Logros &#039;Elite&#039; y &#039;Grind Star&#039;"},"content":{"rendered":"<h2 class=\"wp-block-heading\" id=\"47221789_title\">Logros &#039;Elite&#039; y &#039;Grind Star&#039;<\/h2>\n\n\n\n<p>Tanto los logros Elite como Grind Star son tareas de forma libre que solo se pueden completar durante la etapa Star de Solar 2. Ambos est\u00e1n estrechamente relacionados, Elite requiere que construyas un sistema de 6 estrellas y Grind Star requiere un sistema de 40 estrellas.<\/p>\n\n\n\n<p>Un punto a destacar es que estos logros se pueden desbloquear con las opciones f\u00edsicas o divinas activadas y esto es exactamente lo que vamos a hacer para acelerar el proceso. Dependiendo de la versi\u00f3n del juego que tengas, puede ser necesario completar todas las misiones principales del juego para desbloquear estas opciones primero, lo cual se sugiere ya que hacer esta tarea sin estas opciones est\u00e1 garantizado para tomar una <em>muy <\/em>largo tiempo.<\/p>\n\n\n\n<h3 class=\"wp-block-heading\">Opciones para configurar<\/h3>\n\n\n\n<p>Opciones de f\u00edsica:<br>Factor de gravedad = 0 (Esto se cambiar\u00e1 m\u00e1s adelante, pero ayuda inicialmente) Factor de da\u00f1o por colisi\u00f3n = 0<br>Opciones de Dios:<br>Modo de aparici\u00f3n instant\u00e1nea = tecla abajo<\/p>\n\n\n\n<figure class=\"wp-block-image size-large\"><img decoding=\"async\" width=\"1024\" height=\"576\" src=\"https:\/\/solar2.standardof.net\/wp-content\/uploads\/sites\/2\/2020\/10\/Solar-2-Star-System-Stage-Elite-and-Grind-Star-Achievements-1024x576.jpg\" alt=\"Logros Elite y Grind Star - Solar 2\" class=\"wp-image-161\" srcset=\"https:\/\/solar2.standardof.net\/wp-content\/uploads\/sites\/2\/2020\/10\/Solar-2-Star-System-Stage-Elite-and-Grind-Star-Achievements-1024x576.jpg 1024w, https:\/\/solar2.standardof.net\/wp-content\/uploads\/sites\/2\/2020\/10\/Solar-2-Star-System-Stage-Elite-and-Grind-Star-Achievements-300x169.jpg 300w, https:\/\/solar2.standardof.net\/wp-content\/uploads\/sites\/2\/2020\/10\/Solar-2-Star-System-Stage-Elite-and-Grind-Star-Achievements-16x9.jpg 16w, https:\/\/solar2.standardof.net\/wp-content\/uploads\/sites\/2\/2020\/10\/Solar-2-Star-System-Stage-Elite-and-Grind-Star-Achievements.jpg 1280w\" sizes=\"(max-width: 1024px) 100vw, 1024px\" \/><figcaption>Un sistema solar compuesto por 42 estrellas de neutrones, superando el logro Grind Star y provocando un pozo de gravedad incre\u00edble.<\/figcaption><\/figure>\n\n\n\n<h3 class=\"wp-block-heading\">C\u00f3mo construir su sistema:<\/h3>\n\n\n\n<p>Con el da\u00f1o por colisi\u00f3n desactivado y la capacidad de generar instant\u00e1neamente planetas y asteroides, podremos hacer que nuestro sistema crezca a tama\u00f1os fenomenales a un ritmo r\u00e1pido. Lo que debes hacer es mantener presionada la tecla C para generar planetas hasta que tengas 10, luego mant\u00e9n presionada la tecla Z para generar un suministro interminable de asteroides por los que mover\u00e1s tus planetas mientras presionas repetidamente la tecla L para absorber todas las rocas capturado.<\/p>\n\n\n\n<p>Con este m\u00e9todo, alcanzar\u00e1 r\u00e1pidamente las 6 estrellas necesarias para el logro Elite y, a medida que avance hacia 15 y m\u00e1s, querr\u00e1 aumentar un poco la gravedad mientras se mueve m\u00e1s, ya que los asteroides comenzar\u00e1n a engendrar dentro de su anillo de estrellas, lo que requiere a bailar a punto de lanzarlos hacia sus planetas.<\/p>\n\n\n\n<p>Recuerde siempre generar planetas adicionales una vez que uno se haya convertido en una nueva estrella peque\u00f1a. Tambi\u00e9n recuerde guardar su sistema en el camino y una vez m\u00e1s al alcanzar las 40 estrellas necesarias para desbloquear el logro Grind Star, ya que tener un sistema estelar masivo puede brindarle un m\u00e9todo \u00fanico para completar algunas de las misiones.<\/p>\n\n\n\n<hr class=\"wp-block-separator\"\/>\n\n\n\n<h3 class=\"has-text-align-center wp-block-heading\">Video gu\u00eda de logros &#039;Elite&#039; y &#039;Grind Star&#039;<\/h3>\n\n\n\n<figure class=\"wp-block-embed-youtube wp-block-embed is-type-video is-provider-youtube wp-embed-aspect-16-9 wp-has-aspect-ratio\"><div class=\"wp-block-embed__wrapper\">\n<div class=\"ast-oembed-container\" style=\"height: 100%;\"><iframe title=\"Solar 2 - Elite y Grind Star - Gu\u00eda paso a paso de logros\" width=\"500\" height=\"281\" src=\"https:\/\/www.youtube.com\/embed\/I4UTBvapZ9k?feature=oembed\" frameborder=\"0\" allow=\"accelerometer; autoplay; clipboard-write; encrypted-media; gyroscope; picture-in-picture; web-share\" referrerpolicy=\"strict-origin-when-cross-origin\" allowfullscreen><\/iframe><\/div>\n<\/div><\/figure>","protected":false},"excerpt":{"rendered":"<p>&#8216;Elite&#8217; and &#8216;Grind Star&#8217; Achievements Both the Elite and Grind Star achievements are free-form tasks that can only be completed during the Star stage of Solar 2. Both are closely related, with Elite requiring you to build up a 6 star system and Grind Star requiring a 40 star system. One point of note is [&hellip;]<\/p>","protected":false},"author":1,"featured_media":12,"parent":124,"menu_order":0,"comment_status":"open","ping_status":"closed","template":"","meta":{"_uag_custom_page_level_css":"","site-sidebar-layout":"default","site-content-layout":"default","ast-site-content-layout":"","site-content-style":"default","site-sidebar-style":"default","ast-global-header-display":"","ast-banner-title-visibility":"","ast-main-header-display":"","ast-hfb-above-header-display":"","ast-hfb-below-header-display":"","ast-hfb-mobile-header-display":"","site-post-title":"","ast-breadcrumbs-content":"","ast-featured-img":"","footer-sml-layout":"","theme-transparent-header-meta":"default","adv-header-id-meta":"","stick-header-meta":"","header-above-stick-meta":"","header-main-stick-meta":"","header-below-stick-meta":"","astra-migrate-meta-layouts":"default","ast-page-background-enabled":"default","ast-page-background-meta":{"desktop":{"background-color":"","background-image":"","background-repeat":"repeat","background-position":"center center","background-size":"auto","background-attachment":"scroll","background-type":"","background-media":"","overlay-type":"","overlay-color":"","overlay-gradient":""},"tablet":{"background-color":"","background-image":"","background-repeat":"repeat","background-position":"center center","background-size":"auto","background-attachment":"scroll","background-type":"","background-media":"","overlay-type":"","overlay-color":"","overlay-gradient":""},"mobile":{"background-color":"","background-image":"","background-repeat":"repeat","background-position":"center center","background-size":"auto","background-attachment":"scroll","background-type":"","background-media":"","overlay-type":"","overlay-color":"","overlay-gradient":""}},"ast-content-background-meta":{"desktop":{"background-color":"var(--ast-global-color-5)","background-image":"","background-repeat":"repeat","background-position":"center center","background-size":"auto","background-attachment":"scroll","background-type":"","background-media":"","overlay-type":"","overlay-color":"","overlay-gradient":""},"tablet":{"background-color":"var(--ast-global-color-5)","background-image":"","background-repeat":"repeat","background-position":"center center","background-size":"auto","background-attachment":"scroll","background-type":"","background-media":"","overlay-type":"","overlay-color":"","overlay-gradient":""},"mobile":{"background-color":"var(--ast-global-color-5)","background-image":"","background-repeat":"repeat","background-position":"center center","background-size":"auto","background-attachment":"scroll","background-type":"","background-media":"","overlay-type":"","overlay-color":"","overlay-gradient":""}},"footnotes":""},"uagb_featured_image_src":{"full":["https:\/\/solar2.standardof.net\/wp-content\/uploads\/sites\/2\/2020\/10\/Solar-2-Header-Background-1.jpeg",1680,1050,false],"thumbnail":["https:\/\/solar2.standardof.net\/wp-content\/uploads\/sites\/2\/2020\/10\/Solar-2-Header-Background-1-150x150.jpeg",150,150,true],"medium":["https:\/\/solar2.standardof.net\/wp-content\/uploads\/sites\/2\/2020\/10\/Solar-2-Header-Background-1-300x188.jpeg",300,188,true],"medium_large":["https:\/\/solar2.standardof.net\/wp-content\/uploads\/sites\/2\/2020\/10\/Solar-2-Header-Background-1.jpeg",768,480,false],"large":["https:\/\/solar2.standardof.net\/wp-content\/uploads\/sites\/2\/2020\/10\/Solar-2-Header-Background-1-1024x640.jpeg",1024,640,true],"1536x1536":["https:\/\/solar2.standardof.net\/wp-content\/uploads\/sites\/2\/2020\/10\/Solar-2-Header-Background-1.jpeg",1536,960,false],"2048x2048":["https:\/\/solar2.standardof.net\/wp-content\/uploads\/sites\/2\/2020\/10\/Solar-2-Header-Background-1.jpeg",1680,1050,false],"trp-custom-language-flag":["https:\/\/solar2.standardof.net\/wp-content\/uploads\/sites\/2\/2020\/10\/Solar-2-Header-Background-1-16x10.jpeg",16,10,true]},"uagb_author_info":{"display_name":"SOE","author_link":"https:\/\/solar2.standardof.net\/es\/author\/k-tastic\/"},"uagb_comment_info":0,"uagb_excerpt":"&#8216;Elite&#8217; and &#8216;Grind Star&#8217; Achievements Both the Elite and Grind Star achievements are free-form tasks that can only be completed during the Star stage of Solar 2. Both are closely related, with Elite requiring you to build up a 6 star system and Grind Star requiring a 40 star system. One point of note is&hellip;","_links":{"self":[{"href":"https:\/\/solar2.standardof.net\/es\/wp-json\/wp\/v2\/pages\/160"}],"collection":[{"href":"https:\/\/solar2.standardof.net\/es\/wp-json\/wp\/v2\/pages"}],"about":[{"href":"https:\/\/solar2.standardof.net\/es\/wp-json\/wp\/v2\/types\/page"}],"author":[{"embeddable":true,"href":"https:\/\/solar2.standardof.net\/es\/wp-json\/wp\/v2\/users\/1"}],"replies":[{"embeddable":true,"href":"https:\/\/solar2.standardof.net\/es\/wp-json\/wp\/v2\/comments?post=160"}],"version-history":[{"count":0,"href":"https:\/\/solar2.standardof.net\/es\/wp-json\/wp\/v2\/pages\/160\/revisions"}],"up":[{"embeddable":true,"href":"https:\/\/solar2.standardof.net\/es\/wp-json\/wp\/v2\/pages\/124"}],"wp:featuredmedia":[{"embeddable":true,"href":"https:\/\/solar2.standardof.net\/es\/wp-json\/wp\/v2\/media\/12"}],"wp:attachment":[{"href":"https:\/\/solar2.standardof.net\/es\/wp-json\/wp\/v2\/media?parent=160"}],"curies":[{"name":"wp","href":"https:\/\/api.w.org\/{rel}","templated":true}]}}