{"id":178,"date":"2020-10-14T09:10:10","date_gmt":"2020-10-14T09:10:10","guid":{"rendered":"https:\/\/solar2.standardof.net\/?page_id=178"},"modified":"2020-10-16T16:06:53","modified_gmt":"2020-10-16T16:06:53","slug":"snowball-fight","status":"publish","type":"page","link":"https:\/\/solar2.standardof.net\/es\/solar-2-guide\/etapa-del-sistema-solar-estrella-2\/guerra-de-nieve\/","title":{"rendered":"Misi\u00f3n 3 de Star Challenge: &#039;Lucha de bolas de nieve&#039;"},"content":{"rendered":"<h2 class=\"wp-block-heading\" id=\"47221819_title\">Misi\u00f3n 3 de Star Challenge: &#039;Lucha de bolas de nieve&#039;<\/h2>\n\n\n\n<p>La misi\u00f3n de desaf\u00edo Snowball Fight es un desaf\u00edo especial agregado para las Rebajas de Invierno de Steam 2011 como uno de los juegos para agarrar regalos, con el logro asociado Snowflake Star que se desbloquea para los jugadores que obtienen al menos 4 puntos, o la puntuaci\u00f3n media para esta misi\u00f3n. La idea aqu\u00ed es tomar su estrella con 8 planetas de nieve sin vida y en \u00f3rbita, y luchar contra un duplicado de su sistema golpeando sus planetas de nieve, o bolas de nieve, contra la estrella enemiga sin recibir golpes. Cada golpe que recibes reduce tu puntaje en 1 y los golpes que le das al enemigo aumentan tu puntaje en 1. La misi\u00f3n termina cuando cualquiera de los sistemas est\u00e1 desprovisto de sus bolas de nieve.<\/p>\n\n\n\n<p>Puntuaci\u00f3n f\u00e1cil: finaliza el desaf\u00edo con al menos 2 puntos.<br>Puntuaci\u00f3n media: finaliza el desaf\u00edo con al menos 4 puntos.<br>Puntuaci\u00f3n dif\u00edcil: Termina el desaf\u00edo con al menos 6 puntos.<\/p>\n\n\n\n<h2 class=\"wp-block-heading\">Desbloqueo del logro Estrella de copo de nieve<\/h2>\n\n\n\n<p>En Snowball Fight y el logro Snowflake Star, puedes ganar hasta 8 puntos completando la ronda perfectamente al golpear todas tus bolas de nieve contra la estrella enemiga sin recibir ning\u00fan golpe t\u00fa mismo, o perder una bola de nieve al golpear uno de los planetas del enemigo con uno de tu propio. Las colisiones de bolas de nieve a bolas de nieve cuestan y no le otorgan puntos.<\/p>\n\n\n\n<p>La estrella enemiga est\u00e1 completamente inm\u00f3vil, lo que le permite navegar entre sus planetas en \u00f3rbita con el suyo, aunque comenzar\u00e1 a moverse si la atrae su gravedad y su presencia cercana, as\u00ed que evite flotar demasiado a su alrededor para evitar que vuele a trav\u00e9s del pantalla. T\u00f3mate tu tiempo, ya que aqu\u00ed no hay reloj ni cron\u00f3metro, y espera a que las \u00f3rbitas de los planetas de ambos sistemas faciliten tus golpes, teniendo en cuenta que debes evitar cualquier desviaci\u00f3n. Si a\u00fan no lo ha hecho, es \u00fatil tener una idea de c\u00f3mo funcionan las \u00f3rbitas en <em>Solar 2<\/em>.<\/p>\n\n\n\n<div class=\"wp-block-image\"><figure class=\"aligncenter size-large\"><img decoding=\"async\" width=\"1024\" height=\"640\" src=\"https:\/\/solar2.standardof.net\/wp-content\/uploads\/sites\/2\/2020\/10\/Solar-2-Star-Challenge-Mission-3-Snowball-Fight-1024x640.jpg\" alt=\"Star Challenge: Snowball Fight - Solar 2\" class=\"wp-image-186\" srcset=\"https:\/\/solar2.standardof.net\/wp-content\/uploads\/sites\/2\/2020\/10\/Solar-2-Star-Challenge-Mission-3-Snowball-Fight-1024x640.jpg 1024w, https:\/\/solar2.standardof.net\/wp-content\/uploads\/sites\/2\/2020\/10\/Solar-2-Star-Challenge-Mission-3-Snowball-Fight-300x188.jpg 300w, https:\/\/solar2.standardof.net\/wp-content\/uploads\/sites\/2\/2020\/10\/Solar-2-Star-Challenge-Mission-3-Snowball-Fight-16x10.jpg 16w, https:\/\/solar2.standardof.net\/wp-content\/uploads\/sites\/2\/2020\/10\/Solar-2-Star-Challenge-Mission-3-Snowball-Fight.jpg 1152w\" sizes=\"(max-width: 1024px) 100vw, 1024px\" \/><figcaption>Golpear a la estrella enemiga con un planeta nevado en Snowball Fight.<\/figcaption><\/figure><\/div>\n\n\n\n<hr class=\"wp-block-separator\"\/>\n\n\n\n<h3 class=\"has-text-align-center wp-block-heading\">Gu\u00eda de video &#039;Snowball Fight&#039;<\/h3>\n\n\n\n<figure class=\"wp-block-embed-youtube wp-block-embed is-type-video is-provider-youtube wp-embed-aspect-16-9 wp-has-aspect-ratio wp-embed-aspect-4-3\"><div class=\"wp-block-embed__wrapper\">\n<div class=\"ast-oembed-container\" style=\"height: 100%;\"><iframe title=\"Solar 2 - Lucha de bolas de nieve - Misi\u00f3n de desaf\u00edo estrella - Puntuaci\u00f3n dif\u00edcil\" width=\"500\" height=\"375\" src=\"https:\/\/www.youtube.com\/embed\/OuflcA7gHd0?feature=oembed\" frameborder=\"0\" allow=\"accelerometer; autoplay; clipboard-write; encrypted-media; gyroscope; picture-in-picture; web-share\" referrerpolicy=\"strict-origin-when-cross-origin\" allowfullscreen><\/iframe><\/div>\n<\/div><\/figure>","protected":false},"excerpt":{"rendered":"<p>Star Challenge Mission 3: &#8216;Snowball Fight&#8217; The Snowball Fight challenge mission is a special challenge added for the 2011 Steam Winter Sale as one of the gift grab games, with the associated achievement Snowflake Star which unlocks for players earning at least 4 points, or the medium score for this mission. The idea here is [&hellip;]<\/p>","protected":false},"author":1,"featured_media":12,"parent":124,"menu_order":0,"comment_status":"open","ping_status":"closed","template":"","meta":{"_uag_custom_page_level_css":"","site-sidebar-layout":"default","site-content-layout":"default","ast-site-content-layout":"","site-content-style":"default","site-sidebar-style":"default","ast-global-header-display":"","ast-banner-title-visibility":"","ast-main-header-display":"","ast-hfb-above-header-display":"","ast-hfb-below-header-display":"","ast-hfb-mobile-header-display":"","site-post-title":"","ast-breadcrumbs-content":"","ast-featured-img":"","footer-sml-layout":"","theme-transparent-header-meta":"default","adv-header-id-meta":"","stick-header-meta":"","header-above-stick-meta":"","header-main-stick-meta":"","header-below-stick-meta":"","astra-migrate-meta-layouts":"default","ast-page-background-enabled":"default","ast-page-background-meta":{"desktop":{"background-color":"","background-image":"","background-repeat":"repeat","background-position":"center center","background-size":"auto","background-attachment":"scroll","background-type":"","background-media":"","overlay-type":"","overlay-color":"","overlay-gradient":""},"tablet":{"background-color":"","background-image":"","background-repeat":"repeat","background-position":"center center","background-size":"auto","background-attachment":"scroll","background-type":"","background-media":"","overlay-type":"","overlay-color":"","overlay-gradient":""},"mobile":{"background-color":"","background-image":"","background-repeat":"repeat","background-position":"center center","background-size":"auto","background-attachment":"scroll","background-type":"","background-media":"","overlay-type":"","overlay-color":"","overlay-gradient":""}},"ast-content-background-meta":{"desktop":{"background-color":"var(--ast-global-color-5)","background-image":"","background-repeat":"repeat","background-position":"center center","background-size":"auto","background-attachment":"scroll","background-type":"","background-media":"","overlay-type":"","overlay-color":"","overlay-gradient":""},"tablet":{"background-color":"var(--ast-global-color-5)","background-image":"","background-repeat":"repeat","background-position":"center center","background-size":"auto","background-attachment":"scroll","background-type":"","background-media":"","overlay-type":"","overlay-color":"","overlay-gradient":""},"mobile":{"background-color":"var(--ast-global-color-5)","background-image":"","background-repeat":"repeat","background-position":"center center","background-size":"auto","background-attachment":"scroll","background-type":"","background-media":"","overlay-type":"","overlay-color":"","overlay-gradient":""}},"footnotes":""},"uagb_featured_image_src":{"full":["https:\/\/solar2.standardof.net\/wp-content\/uploads\/sites\/2\/2020\/10\/Solar-2-Header-Background-1.jpeg",1680,1050,false],"thumbnail":["https:\/\/solar2.standardof.net\/wp-content\/uploads\/sites\/2\/2020\/10\/Solar-2-Header-Background-1-150x150.jpeg",150,150,true],"medium":["https:\/\/solar2.standardof.net\/wp-content\/uploads\/sites\/2\/2020\/10\/Solar-2-Header-Background-1-300x188.jpeg",300,188,true],"medium_large":["https:\/\/solar2.standardof.net\/wp-content\/uploads\/sites\/2\/2020\/10\/Solar-2-Header-Background-1.jpeg",768,480,false],"large":["https:\/\/solar2.standardof.net\/wp-content\/uploads\/sites\/2\/2020\/10\/Solar-2-Header-Background-1-1024x640.jpeg",1024,640,true],"1536x1536":["https:\/\/solar2.standardof.net\/wp-content\/uploads\/sites\/2\/2020\/10\/Solar-2-Header-Background-1.jpeg",1536,960,false],"2048x2048":["https:\/\/solar2.standardof.net\/wp-content\/uploads\/sites\/2\/2020\/10\/Solar-2-Header-Background-1.jpeg",1680,1050,false],"trp-custom-language-flag":["https:\/\/solar2.standardof.net\/wp-content\/uploads\/sites\/2\/2020\/10\/Solar-2-Header-Background-1-16x10.jpeg",16,10,true]},"uagb_author_info":{"display_name":"SOE","author_link":"https:\/\/solar2.standardof.net\/es\/author\/k-tastic\/"},"uagb_comment_info":0,"uagb_excerpt":"Star Challenge Mission 3: &#8216;Snowball Fight&#8217; The Snowball Fight challenge mission is a special challenge added for the 2011 Steam Winter Sale as one of the gift grab games, with the associated achievement Snowflake Star which unlocks for players earning at least 4 points, or the medium score for this mission. The idea here is&hellip;","_links":{"self":[{"href":"https:\/\/solar2.standardof.net\/es\/wp-json\/wp\/v2\/pages\/178"}],"collection":[{"href":"https:\/\/solar2.standardof.net\/es\/wp-json\/wp\/v2\/pages"}],"about":[{"href":"https:\/\/solar2.standardof.net\/es\/wp-json\/wp\/v2\/types\/page"}],"author":[{"embeddable":true,"href":"https:\/\/solar2.standardof.net\/es\/wp-json\/wp\/v2\/users\/1"}],"replies":[{"embeddable":true,"href":"https:\/\/solar2.standardof.net\/es\/wp-json\/wp\/v2\/comments?post=178"}],"version-history":[{"count":0,"href":"https:\/\/solar2.standardof.net\/es\/wp-json\/wp\/v2\/pages\/178\/revisions"}],"up":[{"embeddable":true,"href":"https:\/\/solar2.standardof.net\/es\/wp-json\/wp\/v2\/pages\/124"}],"wp:featuredmedia":[{"embeddable":true,"href":"https:\/\/solar2.standardof.net\/es\/wp-json\/wp\/v2\/media\/12"}],"wp:attachment":[{"href":"https:\/\/solar2.standardof.net\/es\/wp-json\/wp\/v2\/media?parent=178"}],"curies":[{"name":"wp","href":"https:\/\/api.w.org\/{rel}","templated":true}]}}