{"id":179,"date":"2020-10-14T09:04:08","date_gmt":"2020-10-14T09:04:08","guid":{"rendered":"https:\/\/solar2.standardof.net\/?page_id=179"},"modified":"2020-10-14T12:54:40","modified_gmt":"2020-10-14T12:54:40","slug":"dark-dodger","status":"publish","type":"page","link":"https:\/\/solar2.standardof.net\/es\/solar-2-guide\/etapa-del-sistema-solar-estrella-2\/esquivador-oscuro\/","title":{"rendered":"Misi\u00f3n de desaf\u00edo estrella 1: &#039;Dark Dodger&#039;"},"content":{"rendered":"<h2 class=\"wp-block-heading\">Misi\u00f3n de desaf\u00edo estrella 1: &#039;Dark Dodger&#039;<\/h2>\n\n\n\n<p>La misi\u00f3n del desaf\u00edo de la estrella Dark Dodger lo tendr\u00e1 como una estrella de neutrones, con la tarea de permanecer dentro de un gran c\u00edrculo dibujado en el espacio mientras las olas de asteroides de materia oscura se generan cerca de usted sin parar. Depende de usted esquivar y sobrevivir a estas rocas tanto como sea posible, al menos 35 segundos necesarios para la puntuaci\u00f3n dura, y darse cuenta de que un solo impacto generar\u00e1 un agujero negro que succionar\u00e1 y destruir\u00e1 su estrella.<\/p>\n\n\n\n<p>Puntuaci\u00f3n f\u00e1cil: sobrevive durante al menos 15 segundos.<br>Puntuaci\u00f3n media: sobrevive durante al menos 25 segundos.<br>Puntuaci\u00f3n dif\u00edcil: sobrevive durante al menos 35 segundos.<\/p>\n\n\n\n<p>Este desaf\u00edo no es tan dif\u00edcil como puede parecer, ya que para los principiantes en Dark Dodger los asteroides se generan lentamente y con poca o ninguna velocidad inicial. El \u00fanico factor que trabaja en su contra es el pozo de gravedad masiva de la estrella de neutrones que los atraer\u00e1 constantemente hacia usted. Como mano amiga, la funci\u00f3n de ruta se ve obligada en esta misi\u00f3n, lo que le permite moverse en direcci\u00f3n opuesta a la direcci\u00f3n de los asteroides que se aproximan mientras evita colisiones con ellos. Tenga en cuenta que los asteroides permanecer\u00e1n dentro del c\u00edrculo y el desaf\u00edo se hace cada vez m\u00e1s dif\u00edcil debido a su creciente n\u00famero, aunque algunos pueden chocar entre s\u00ed y absorberse entre s\u00ed al mismo tiempo. No dejes de moverte y mantente lo m\u00e1s lejos posible de todos ellos para limitar tu atracci\u00f3n gravitacional.<\/p>\n\n\n\n<div class=\"wp-block-image\"><figure class=\"aligncenter size-large\"><img decoding=\"async\" width=\"1024\" height=\"576\" src=\"https:\/\/solar2.standardof.net\/wp-content\/uploads\/sites\/2\/2020\/10\/Solar-2-Star-Challenge-Mission-1-Dark-Dodger-1024x576.jpg\" alt=\"Desaf\u00edo estelar: Dark Dodger - Solar 2\" class=\"wp-image-181\" srcset=\"https:\/\/solar2.standardof.net\/wp-content\/uploads\/sites\/2\/2020\/10\/Solar-2-Star-Challenge-Mission-1-Dark-Dodger-1024x576.jpg 1024w, https:\/\/solar2.standardof.net\/wp-content\/uploads\/sites\/2\/2020\/10\/Solar-2-Star-Challenge-Mission-1-Dark-Dodger-300x169.jpg 300w, https:\/\/solar2.standardof.net\/wp-content\/uploads\/sites\/2\/2020\/10\/Solar-2-Star-Challenge-Mission-1-Dark-Dodger-16x9.jpg 16w, https:\/\/solar2.standardof.net\/wp-content\/uploads\/sites\/2\/2020\/10\/Solar-2-Star-Challenge-Mission-1-Dark-Dodger.jpg 1920w\" sizes=\"(max-width: 1024px) 100vw, 1024px\" \/><figcaption>Evadiendo los asteroides en Dark Dodger.<\/figcaption><\/figure><\/div>\n\n\n\n<hr class=\"wp-block-separator\"\/>\n\n\n\n<h3 class=\"has-text-align-center wp-block-heading\">Gu\u00eda de video de Dark Dodger<\/h3>\n\n\n\n<figure class=\"wp-block-embed-youtube wp-block-embed is-type-video is-provider-youtube wp-embed-aspect-16-9 wp-has-aspect-ratio\"><div class=\"wp-block-embed__wrapper\">\n<div class=\"ast-oembed-container\" style=\"height: 100%;\"><iframe title=\"Solar 2 - Dark Dodger - Misi\u00f3n Star Challenge - Puntuaci\u00f3n dif\u00edcil\" width=\"500\" height=\"281\" src=\"https:\/\/www.youtube.com\/embed\/dfOYHkDS5JQ?feature=oembed\" frameborder=\"0\" allow=\"accelerometer; autoplay; clipboard-write; encrypted-media; gyroscope; picture-in-picture; web-share\" referrerpolicy=\"strict-origin-when-cross-origin\" allowfullscreen><\/iframe><\/div>\n<\/div><\/figure>","protected":false},"excerpt":{"rendered":"<p>Star Challenge Mission 1: &#8216;Dark Dodger&#8217; The Dark Dodger star challenge mission will have you as a Neutron Star, tasked with staying within a large circle drawn in space while waves of dark matter asteroids are spawned near you non-stop. It is up to you to dodge and survive these rocks as much as possible, [&hellip;]<\/p>","protected":false},"author":1,"featured_media":12,"parent":124,"menu_order":0,"comment_status":"open","ping_status":"closed","template":"","meta":{"_uag_custom_page_level_css":"","site-sidebar-layout":"default","site-content-layout":"default","ast-site-content-layout":"","site-content-style":"default","site-sidebar-style":"default","ast-global-header-display":"","ast-banner-title-visibility":"","ast-main-header-display":"","ast-hfb-above-header-display":"","ast-hfb-below-header-display":"","ast-hfb-mobile-header-display":"","site-post-title":"","ast-breadcrumbs-content":"","ast-featured-img":"","footer-sml-layout":"","theme-transparent-header-meta":"default","adv-header-id-meta":"","stick-header-meta":"","header-above-stick-meta":"","header-main-stick-meta":"","header-below-stick-meta":"","astra-migrate-meta-layouts":"default","ast-page-background-enabled":"default","ast-page-background-meta":{"desktop":{"background-color":"","background-image":"","background-repeat":"repeat","background-position":"center center","background-size":"auto","background-attachment":"scroll","background-type":"","background-media":"","overlay-type":"","overlay-color":"","overlay-gradient":""},"tablet":{"background-color":"","background-image":"","background-repeat":"repeat","background-position":"center center","background-size":"auto","background-attachment":"scroll","background-type":"","background-media":"","overlay-type":"","overlay-color":"","overlay-gradient":""},"mobile":{"background-color":"","background-image":"","background-repeat":"repeat","background-position":"center center","background-size":"auto","background-attachment":"scroll","background-type":"","background-media":"","overlay-type":"","overlay-color":"","overlay-gradient":""}},"ast-content-background-meta":{"desktop":{"background-color":"var(--ast-global-color-5)","background-image":"","background-repeat":"repeat","background-position":"center center","background-size":"auto","background-attachment":"scroll","background-type":"","background-media":"","overlay-type":"","overlay-color":"","overlay-gradient":""},"tablet":{"background-color":"var(--ast-global-color-5)","background-image":"","background-repeat":"repeat","background-position":"center center","background-size":"auto","background-attachment":"scroll","background-type":"","background-media":"","overlay-type":"","overlay-color":"","overlay-gradient":""},"mobile":{"background-color":"var(--ast-global-color-5)","background-image":"","background-repeat":"repeat","background-position":"center center","background-size":"auto","background-attachment":"scroll","background-type":"","background-media":"","overlay-type":"","overlay-color":"","overlay-gradient":""}},"footnotes":""},"uagb_featured_image_src":{"full":["https:\/\/solar2.standardof.net\/wp-content\/uploads\/sites\/2\/2020\/10\/Solar-2-Header-Background-1.jpeg",1680,1050,false],"thumbnail":["https:\/\/solar2.standardof.net\/wp-content\/uploads\/sites\/2\/2020\/10\/Solar-2-Header-Background-1-150x150.jpeg",150,150,true],"medium":["https:\/\/solar2.standardof.net\/wp-content\/uploads\/sites\/2\/2020\/10\/Solar-2-Header-Background-1-300x188.jpeg",300,188,true],"medium_large":["https:\/\/solar2.standardof.net\/wp-content\/uploads\/sites\/2\/2020\/10\/Solar-2-Header-Background-1.jpeg",768,480,false],"large":["https:\/\/solar2.standardof.net\/wp-content\/uploads\/sites\/2\/2020\/10\/Solar-2-Header-Background-1-1024x640.jpeg",1024,640,true],"1536x1536":["https:\/\/solar2.standardof.net\/wp-content\/uploads\/sites\/2\/2020\/10\/Solar-2-Header-Background-1.jpeg",1536,960,false],"2048x2048":["https:\/\/solar2.standardof.net\/wp-content\/uploads\/sites\/2\/2020\/10\/Solar-2-Header-Background-1.jpeg",1680,1050,false],"trp-custom-language-flag":["https:\/\/solar2.standardof.net\/wp-content\/uploads\/sites\/2\/2020\/10\/Solar-2-Header-Background-1-16x10.jpeg",16,10,true]},"uagb_author_info":{"display_name":"SOE","author_link":"https:\/\/solar2.standardof.net\/es\/author\/k-tastic\/"},"uagb_comment_info":0,"uagb_excerpt":"Star Challenge Mission 1: &#8216;Dark Dodger&#8217; The Dark Dodger star challenge mission will have you as a Neutron Star, tasked with staying within a large circle drawn in space while waves of dark matter asteroids are spawned near you non-stop. It is up to you to dodge and survive these rocks as much as possible,&hellip;","_links":{"self":[{"href":"https:\/\/solar2.standardof.net\/es\/wp-json\/wp\/v2\/pages\/179"}],"collection":[{"href":"https:\/\/solar2.standardof.net\/es\/wp-json\/wp\/v2\/pages"}],"about":[{"href":"https:\/\/solar2.standardof.net\/es\/wp-json\/wp\/v2\/types\/page"}],"author":[{"embeddable":true,"href":"https:\/\/solar2.standardof.net\/es\/wp-json\/wp\/v2\/users\/1"}],"replies":[{"embeddable":true,"href":"https:\/\/solar2.standardof.net\/es\/wp-json\/wp\/v2\/comments?post=179"}],"version-history":[{"count":0,"href":"https:\/\/solar2.standardof.net\/es\/wp-json\/wp\/v2\/pages\/179\/revisions"}],"up":[{"embeddable":true,"href":"https:\/\/solar2.standardof.net\/es\/wp-json\/wp\/v2\/pages\/124"}],"wp:featuredmedia":[{"embeddable":true,"href":"https:\/\/solar2.standardof.net\/es\/wp-json\/wp\/v2\/media\/12"}],"wp:attachment":[{"href":"https:\/\/solar2.standardof.net\/es\/wp-json\/wp\/v2\/media?parent=179"}],"curies":[{"name":"wp","href":"https:\/\/api.w.org\/{rel}","templated":true}]}}