{"id":21,"date":"2020-10-13T21:51:16","date_gmt":"2020-10-13T21:51:16","guid":{"rendered":"https:\/\/solar2.standardof.net\/?page_id=21"},"modified":"2020-10-15T14:34:50","modified_gmt":"2020-10-15T14:34:50","slug":"black-hole-stage","status":"publish","type":"page","link":"https:\/\/solar2.standardof.net\/es\/solar-2-guide\/etapa-de-agujero-negro\/","title":{"rendered":"Etapa de agujero negro"},"content":{"rendered":"<p>Esta gu\u00eda cubre la etapa final de existencia en el videojuego de PC y Xbox 360 <em>Solar 2<\/em>, el escenario Black Hole. Esta etapa se alcanza ganando la masa m\u00e1xima como una estrella de neutrones en la etapa de estrella. A continuaci\u00f3n, encontrar\u00e1 consejos y estrategias para desbloquear los logros relacionados con Black Hole y la progresi\u00f3n hacia Big Crunch y su logro.<\/p>\n\n\n\n<ol><li><em><a href=\"https:\/\/solar2.standardof.net\/es\/solar-2-guide\/etapa-de-agujero-negro\/#progression\" class=\"rank-math-link\">Progresi\u00f3n de agujero negro a Big Crunch <sup>(Abajo)<\/sup><\/a><\/em><\/li><li><a class=\"rank-math-link\" href=\"https:\/\/solar2.standardof.net\/es\/solar-2-guide\/etapa-de-agujero-negro\/logro-del-ciclo-de-velocidad\/\">Logro del ciclo de velocidad<\/a><\/li><li><a class=\"rank-math-link\" href=\"https:\/\/solar2.standardof.net\/es\/solar-2-guide\/etapa-de-agujero-negro\/logro-de-volar-a-ciegas\/\">Logro de volar a ciegas<\/a><\/li><\/ol>\n\n\n\n<p>Si est\u00e1 buscando gu\u00edas adicionales para este videojuego, puede encontrar enlaces a continuaci\u00f3n a los \u00edndices de otras etapas que contienen m\u00e1s informaci\u00f3n y enlaces a gu\u00edas espec\u00edficas para esas etapas de existencia.<\/p>\n\n\n\n<ul><li><strong><a href=\"https:\/\/solar2.standardof.net\/es\/solar-2-guide\/etapa-de-asteroide\/\" class=\"rank-math-link\">\u00cdndice de etapa de asteroide<\/a><\/strong><\/li><li><strong><a href=\"https:\/\/solar2.standardof.net\/es\/solar-2-guide\/etapa-planetaria\/\" class=\"rank-math-link\">\u00cdndice de etapas de planeta peque\u00f1o y de vida<\/a><\/strong><\/li><li><strong><a href=\"https:\/\/solar2.standardof.net\/es\/solar-2-guide\/etapa-del-sistema-solar-estrella-2\/\" class=\"rank-math-link\">\u00cdndice de gu\u00edas de Star Stage<\/a><\/strong><\/li><li>\u00cdndice de etapa de agujero negro &lt;- usted est\u00e1 aqu\u00ed<\/li><\/ul>\n\n\n\n<p>\u00bfNo tienes este juego pero est\u00e1s interesado en probarlo? Puede encontrar m\u00e1s informaci\u00f3n sobre c\u00f3mo comprar una copia en el<strong> sitio oficial de Solar 2.<\/strong><\/p>\n\n\n\n<h2 class=\"wp-block-heading\" id=\"progression\">Progresi\u00f3n de agujero negro a Big Crunch<\/h2>\n\n\n\n<p>La etapa final del juego es bastante sencilla y probablemente la m\u00e1s significativamente diferente de las etapas anteriores al mismo tiempo. Al colapsar sobre ti mismo como una estrella, tu \u00faltimo objetivo en existencia es absorber cualquier cosa y todo a la vista con tu gravedad astron\u00f3mica (ha) en tu camino hacia el Big Crunch.<\/p>\n\n\n\n<figure class=\"wp-block-image size-large\"><img decoding=\"async\" width=\"1024\" height=\"576\" src=\"https:\/\/solar2.standardof.net\/wp-content\/uploads\/sites\/2\/2020\/10\/Solar-2-Black-Hole-to-Big-Crunch-Progression-1024x576.jpg\" alt=\"Solar 2 - Progresi\u00f3n de agujero negro a Big Crunch\" class=\"wp-image-22\" srcset=\"https:\/\/solar2.standardof.net\/wp-content\/uploads\/sites\/2\/2020\/10\/Solar-2-Black-Hole-to-Big-Crunch-Progression-1024x576.jpg 1024w, https:\/\/solar2.standardof.net\/wp-content\/uploads\/sites\/2\/2020\/10\/Solar-2-Black-Hole-to-Big-Crunch-Progression.jpg 1280w\" sizes=\"(max-width: 1024px) 100vw, 1024px\" \/><\/figure>\n\n\n\n<p>Deber\u00e1 asegurarse de tener la interfaz activada (tecla I para PC) a menos que vaya por el logro Flying Blind que se describe a continuaci\u00f3n, ya que el \u00fanico peligro al que se enfrentar\u00e1 ahora son los agujeros negros que son m\u00e1s grandes que usted. Mientras la interfaz est\u00e1 encendida, su presencia cercana se indica con una flecha roja y un \u00edcono en espiral con un signo de exclamaci\u00f3n. Su amenaza es tan peligrosa como sugerir\u00eda el \u00edcono, ya que acercarse lo suficiente para verlos en realidad generalmente resulta en una muerte ineludible considerando la inmensa atracci\u00f3n tanto de usted como de su pozo de gravedad. La \u00fanica soluci\u00f3n aqu\u00ed es moverse en la direcci\u00f3n opuesta siempre que una de estas flechas aparezca en su pantalla.<\/p>\n\n\n\n<p>Al alcanzar el mill\u00f3n de masas, llegar\u00e1s al Big Crunch, absorbiendo todo el universo antes de convertirte en tu propio Big Bang, generando un nuevo universo y comenzando de nuevo como un asteroide. Esto tambi\u00e9n desbloquear\u00e1 el logro del mismo nombre.<\/p>\n\n\n\n<h3 class=\"wp-block-heading\">Ganando masa r\u00e1pidamente como un agujero negro<\/h3>\n\n\n\n<p>Teniendo en cuenta la cantidad de masa que necesita, los asteroides y las naves espaciales, aunque son numerosos, no vale la pena perseguirlos. Por lo general, querr\u00e1 ir tras las estrellas con la mayor frecuencia posible, pero lo que es m\u00e1s importante, querr\u00e1 agujeros negros m\u00e1s peque\u00f1os.<\/p>\n\n\n\n<p>La mejor manera de generar peque\u00f1os Agujeros Negros adicionales es pasar cerca de campos de asteroides, que deber\u00edan tener asteroides de materia oscura engendrando dentro de ellos ahora, y en lugar de consumirlos, lanzarlos pasando r\u00e1pidamente. Si arroja los asteroides de materia oscura a objetos s\u00f3lidos como planetas o estrellas, entrar\u00e1n en erupci\u00f3n en agujeros negros y aumentar\u00e1n su masa miles de veces instant\u00e1neamente, lo que los har\u00e1 listos para el consumo.<\/p>\n\n\n\n<p>En lugar de eso, los \u00fanicos objetos por los que vale la pena reducir la velocidad o salir de su camino son las estrellas, ya que incluso los planetas son bastante insignificantes, siendo entre 10 y 20 veces m\u00e1s peque\u00f1os que las estrellas.<\/p>\n\n\n\n<figure class=\"wp-block-image size-large\"><img decoding=\"async\" src=\"https:\/\/solar2.standardof.net\/wp-content\/uploads\/sites\/2\/2020\/10\/Solar-2-Gaining-Mass-Quickly-as-a-Black-Hole-1024x576.jpg\" alt=\"\" class=\"wp-image-23\"\/><figcaption>Ganando masa como un Agujero Negro en Solar 2, progresando hacia el Big Crunch.<\/figcaption><\/figure>\n\n\n\n<hr class=\"wp-block-separator\"\/>\n\n\n\n<h2 class=\"has-text-align-center wp-block-heading\">Gu\u00eda de video de Black Hole to Big Crunch<\/h2>\n\n\n\n<figure class=\"wp-block-embed-youtube wp-block-embed is-type-video is-provider-youtube wp-embed-aspect-16-9 wp-has-aspect-ratio\"><div class=\"wp-block-embed__wrapper\">\n<div class=\"ast-oembed-container\" style=\"height: 100%;\"><iframe title=\"Solar 2 - Tutorial de progresi\u00f3n de agujero negro a Big Crunch\" width=\"500\" height=\"281\" src=\"https:\/\/www.youtube.com\/embed\/dMG-nKaDfWw?feature=oembed\" frameborder=\"0\" allow=\"accelerometer; autoplay; clipboard-write; encrypted-media; gyroscope; picture-in-picture; web-share\" referrerpolicy=\"strict-origin-when-cross-origin\" allowfullscreen><\/iframe><\/div>\n<\/div><\/figure>\n\n\n\n<p><\/p>","protected":false},"excerpt":{"rendered":"<p>This guide covers the final stage of existence in the PC and Xbox 360 video game Solar 2, the Black Hole stage. This stage is reached through gaining maximum mass as a Neutron Star in the Star stage. Below you will find tips and strategies for unlocking the Black Hole related achievements and progression towards [&hellip;]<\/p>","protected":false},"author":1,"featured_media":22,"parent":11,"menu_order":0,"comment_status":"open","ping_status":"closed","template":"","meta":{"_uag_custom_page_level_css":"","site-sidebar-layout":"default","site-content-layout":"default","ast-site-content-layout":"","site-content-style":"default","site-sidebar-style":"default","ast-global-header-display":"","ast-banner-title-visibility":"","ast-main-header-display":"","ast-hfb-above-header-display":"","ast-hfb-below-header-display":"","ast-hfb-mobile-header-display":"","site-post-title":"","ast-breadcrumbs-content":"","ast-featured-img":"","footer-sml-layout":"","theme-transparent-header-meta":"default","adv-header-id-meta":"","stick-header-meta":"","header-above-stick-meta":"","header-main-stick-meta":"","header-below-stick-meta":"","astra-migrate-meta-layouts":"default","ast-page-background-enabled":"default","ast-page-background-meta":{"desktop":{"background-color":"","background-image":"","background-repeat":"repeat","background-position":"center center","background-size":"auto","background-attachment":"scroll","background-type":"","background-media":"","overlay-type":"","overlay-color":"","overlay-gradient":""},"tablet":{"background-color":"","background-image":"","background-repeat":"repeat","background-position":"center center","background-size":"auto","background-attachment":"scroll","background-type":"","background-media":"","overlay-type":"","overlay-color":"","overlay-gradient":""},"mobile":{"background-color":"","background-image":"","background-repeat":"repeat","background-position":"center center","background-size":"auto","background-attachment":"scroll","background-type":"","background-media":"","overlay-type":"","overlay-color":"","overlay-gradient":""}},"ast-content-background-meta":{"desktop":{"background-color":"var(--ast-global-color-5)","background-image":"","background-repeat":"repeat","background-position":"center center","background-size":"auto","background-attachment":"scroll","background-type":"","background-media":"","overlay-type":"","overlay-color":"","overlay-gradient":""},"tablet":{"background-color":"var(--ast-global-color-5)","background-image":"","background-repeat":"repeat","background-position":"center center","background-size":"auto","background-attachment":"scroll","background-type":"","background-media":"","overlay-type":"","overlay-color":"","overlay-gradient":""},"mobile":{"background-color":"var(--ast-global-color-5)","background-image":"","background-repeat":"repeat","background-position":"center center","background-size":"auto","background-attachment":"scroll","background-type":"","background-media":"","overlay-type":"","overlay-color":"","overlay-gradient":""}},"footnotes":""},"uagb_featured_image_src":{"full":["https:\/\/solar2.standardof.net\/wp-content\/uploads\/sites\/2\/2020\/10\/Solar-2-Black-Hole-to-Big-Crunch-Progression.jpg",1280,720,false],"thumbnail":["https:\/\/solar2.standardof.net\/wp-content\/uploads\/sites\/2\/2020\/10\/Solar-2-Black-Hole-to-Big-Crunch-Progression.jpg",150,84,false],"medium":["https:\/\/solar2.standardof.net\/wp-content\/uploads\/sites\/2\/2020\/10\/Solar-2-Black-Hole-to-Big-Crunch-Progression.jpg",300,169,false],"medium_large":["https:\/\/solar2.standardof.net\/wp-content\/uploads\/sites\/2\/2020\/10\/Solar-2-Black-Hole-to-Big-Crunch-Progression.jpg",768,432,false],"large":["https:\/\/solar2.standardof.net\/wp-content\/uploads\/sites\/2\/2020\/10\/Solar-2-Black-Hole-to-Big-Crunch-Progression-1024x576.jpg",1024,576,true],"1536x1536":["https:\/\/solar2.standardof.net\/wp-content\/uploads\/sites\/2\/2020\/10\/Solar-2-Black-Hole-to-Big-Crunch-Progression.jpg",1280,720,false],"2048x2048":["https:\/\/solar2.standardof.net\/wp-content\/uploads\/sites\/2\/2020\/10\/Solar-2-Black-Hole-to-Big-Crunch-Progression.jpg",1280,720,false],"trp-custom-language-flag":["https:\/\/solar2.standardof.net\/wp-content\/uploads\/sites\/2\/2020\/10\/Solar-2-Black-Hole-to-Big-Crunch-Progression.jpg",18,10,false]},"uagb_author_info":{"display_name":"SOE","author_link":"https:\/\/solar2.standardof.net\/es\/author\/k-tastic\/"},"uagb_comment_info":0,"uagb_excerpt":"This guide covers the final stage of existence in the PC and Xbox 360 video game Solar 2, the Black Hole stage. This stage is reached through gaining maximum mass as a Neutron Star in the Star stage. Below you will find tips and strategies for unlocking the Black Hole related achievements and progression towards&hellip;","_links":{"self":[{"href":"https:\/\/solar2.standardof.net\/es\/wp-json\/wp\/v2\/pages\/21"}],"collection":[{"href":"https:\/\/solar2.standardof.net\/es\/wp-json\/wp\/v2\/pages"}],"about":[{"href":"https:\/\/solar2.standardof.net\/es\/wp-json\/wp\/v2\/types\/page"}],"author":[{"embeddable":true,"href":"https:\/\/solar2.standardof.net\/es\/wp-json\/wp\/v2\/users\/1"}],"replies":[{"embeddable":true,"href":"https:\/\/solar2.standardof.net\/es\/wp-json\/wp\/v2\/comments?post=21"}],"version-history":[{"count":0,"href":"https:\/\/solar2.standardof.net\/es\/wp-json\/wp\/v2\/pages\/21\/revisions"}],"up":[{"embeddable":true,"href":"https:\/\/solar2.standardof.net\/es\/wp-json\/wp\/v2\/pages\/11"}],"wp:featuredmedia":[{"embeddable":true,"href":"https:\/\/solar2.standardof.net\/es\/wp-json\/wp\/v2\/media\/22"}],"wp:attachment":[{"href":"https:\/\/solar2.standardof.net\/es\/wp-json\/wp\/v2\/media?parent=21"}],"curies":[{"name":"wp","href":"https:\/\/api.w.org\/{rel}","templated":true}]}}