{"id":213,"date":"2020-10-14T11:16:51","date_gmt":"2020-10-14T11:16:51","guid":{"rendered":"https:\/\/solar2.standardof.net\/?page_id=213"},"modified":"2020-10-15T14:34:02","modified_gmt":"2020-10-15T14:34:02","slug":"about-solar-2","status":"publish","type":"page","link":"https:\/\/solar2.standardof.net\/es\/solar-2-guide\/acerca-solar-2\/","title":{"rendered":"Acerca de Solar 2"},"content":{"rendered":"<div class=\"wp-block-image\"><figure class=\"aligncenter size-large is-resized\"><img decoding=\"async\" src=\"https:\/\/solar2.standardof.net\/wp-content\/uploads\/sites\/2\/2020\/10\/Solar-2-Promo-Screen-Shot-1-1024x576.jpg\" alt=\"Solar 2\" class=\"wp-image-227\" width=\"1024\" height=\"576\" srcset=\"https:\/\/solar2.standardof.net\/wp-content\/uploads\/sites\/2\/2020\/10\/Solar-2-Promo-Screen-Shot-1.jpg 1024w, https:\/\/solar2.standardof.net\/wp-content\/uploads\/sites\/2\/2020\/10\/Solar-2-Promo-Screen-Shot-1-300x169.jpg 300w, https:\/\/solar2.standardof.net\/wp-content\/uploads\/sites\/2\/2020\/10\/Solar-2-Promo-Screen-Shot-1-16x9.jpg 16w\" sizes=\"(max-width: 1024px) 100vw, 1024px\" \/><figcaption>Solar 2<\/figcaption><\/figure><\/div>\n\n\n\n<h3 class=\"has-white-color has-text-color wp-block-heading\" id=\"1-description\">Descripci\u00f3n oficial:<\/h3>\n\n\n\n<p><em>En la mayor\u00eda de los juegos ves estrellas de fondo, disparas asteroides o vives en planetas. \u00a1Pero en Solar 2 ustedes SON estos objetos! Entra en un universo en el que debes demostrar tu val\u00eda ante la figura divina residente haciendo sus muchas y extra\u00f1as y variadas tareas. \u00a1O simplemente ign\u00f3relo y vea qu\u00e9 tan grande puede crecer! Solar 2 es un juego sandbox de mundo abierto ambientado en un universo abstracto infinito. Juega de forma constructiva: haz crecer tu sistema, alimenta la vida en tus planetas y ataca la vida del enemigo en enormes batallas espaciales. Juega destructivamente: choca contra otros objetos y causa el caos, usa tus objetos en \u00f3rbita como bolas de demolici\u00f3n, roba planetas de otros sistemas.<\/em><\/p>\n\n\n\n<ul><li>Juego casual de caja de arena, parecido a un dios.<\/li><li>Un solo jugador<\/li><li>Desarrollado por Murudai<\/li><li><a href=\"http:\/\/murudai.com\/solar\/\" target=\"_blank\" rel=\"noopener\">Sitio oficial<\/a><\/li><\/ul>\n\n\n\n<h3 class=\"has-white-color has-text-color wp-block-heading\" id=\"2-our-comments\">Nuestros Comentarios:<\/h3>\n\n\n\n<p>Un juego incre\u00edblemente entretenido, desarrollado y producido por el desarrollador independiente solitario Murudai. En serio, uno de mis juegos favoritos para el que disfrut\u00e9 much\u00edsimo desarrollando una gu\u00eda. Muy recomendable, especialmente para aquellos que se entretengan con juegos que le permitan experimentar con la mec\u00e1nica.<\/p>\n\n\n\n<h2 class=\"wp-block-heading\">D\u00f3nde comprar Solar 2<\/h2>\n\n\n\n<div class=\"gb-grid-wrapper gb-grid-wrapper-6c178a77\"><\/div>\n\n\n\n<div class=\"gb-grid-wrapper gb-grid-wrapper-5f5488c9\"><\/div>\n\n\n\n<div class=\"gb-grid-wrapper gb-grid-wrapper-f5ba3682\">\n<div class=\"gb-grid-column gb-grid-column-dfb34159\"><div class=\"gb-container gb-container-dfb34159\"><div class=\"gb-inside-container\">\n<h3 class=\"has-text-align-center wp-block-heading\">Tienda para desarrolladores<\/h3>\n\n\n\n<div class=\"wp-block-image nomeow\"><figure class=\"aligncenter size-medium is-resized\"><a href=\"http:\/\/murudai.com\/solar\/\" target=\"_blank\" rel=\"noopener\"><img decoding=\"async\" src=\"https:\/\/solar2.standardof.net\/wp-content\/uploads\/sites\/2\/2020\/10\/Solar-2-Square-Icon-300x300.png\" alt=\"\" class=\"wp-image-356\" width=\"128\" height=\"128\" title=\"Icono de Steam Store\" srcset=\"https:\/\/solar2.standardof.net\/wp-content\/uploads\/sites\/2\/2020\/10\/Solar-2-Square-Icon-300x300.png 300w, https:\/\/solar2.standardof.net\/wp-content\/uploads\/sites\/2\/2020\/10\/Solar-2-Square-Icon-150x150.png 150w, https:\/\/solar2.standardof.net\/wp-content\/uploads\/sites\/2\/2020\/10\/Solar-2-Square-Icon.png 512w, https:\/\/solar2.standardof.net\/wp-content\/uploads\/sites\/2\/2020\/10\/Solar-2-Square-Icon-12x12.png 12w\" sizes=\"(max-width: 128px) 100vw, 128px\" \/><\/a><\/figure><\/div>\n\n\n\n<div class=\"wp-block-image nomeow\"><figure class=\"aligncenter size-large is-resized\"><img decoding=\"async\" src=\"https:\/\/solar2.standardof.net\/wp-content\/uploads\/sites\/2\/2020\/10\/Windows-Mac-Linux-Bar-DG-w-384x128.png\" alt=\"\" class=\"wp-image-226\" width=\"192\" height=\"64\" srcset=\"https:\/\/solar2.standardof.net\/wp-content\/uploads\/sites\/2\/2020\/10\/Windows-Mac-Linux-Bar-DG-w.png 384w, https:\/\/solar2.standardof.net\/wp-content\/uploads\/sites\/2\/2020\/10\/Windows-Mac-Linux-Bar-DG-w-300x100.png 300w, https:\/\/solar2.standardof.net\/wp-content\/uploads\/sites\/2\/2020\/10\/Windows-Mac-Linux-Bar-DG-w-16x5.png 16w\" sizes=\"(max-width: 192px) 100vw, 192px\" \/><\/figure><\/div>\n<\/div><\/div><\/div>\n\n\n\n<div class=\"gb-grid-column gb-grid-column-8754f811\"><div class=\"gb-container gb-container-8754f811\"><div class=\"gb-inside-container\">\n<h3 class=\"has-text-align-center wp-block-heading\">Vapor<\/h3>\n\n\n\n<div class=\"wp-block-image nomeow\"><figure class=\"aligncenter size-large is-resized\"><a href=\"https:\/\/store.steampowered.com\/app\/97000\/Solar_2\/\" target=\"_blank\" rel=\"noopener\"><img decoding=\"async\" src=\"https:\/\/solar2.standardof.net\/wp-content\/uploads\/sites\/2\/2020\/10\/Steam-Logo-512x512.png\" alt=\"\" class=\"wp-image-217\" width=\"128\" height=\"128\" title=\"Icono de Steam Store\" srcset=\"https:\/\/solar2.standardof.net\/wp-content\/uploads\/sites\/2\/2020\/10\/Steam-Logo.png 512w, https:\/\/solar2.standardof.net\/wp-content\/uploads\/sites\/2\/2020\/10\/Steam-Logo-300x300.png 300w, https:\/\/solar2.standardof.net\/wp-content\/uploads\/sites\/2\/2020\/10\/Steam-Logo-150x150.png 150w, https:\/\/solar2.standardof.net\/wp-content\/uploads\/sites\/2\/2020\/10\/Steam-Logo-12x12.png 12w\" sizes=\"(max-width: 128px) 100vw, 128px\" \/><\/a><\/figure><\/div>\n\n\n\n<div class=\"wp-block-image nomeow\"><figure class=\"aligncenter size-large is-resized\"><img decoding=\"async\" src=\"https:\/\/solar2.standardof.net\/wp-content\/uploads\/sites\/2\/2020\/10\/Windows-Mac-Linux-Bar-DG-w-384x128.png\" alt=\"\" class=\"wp-image-226\" width=\"192\" height=\"64\" srcset=\"https:\/\/solar2.standardof.net\/wp-content\/uploads\/sites\/2\/2020\/10\/Windows-Mac-Linux-Bar-DG-w.png 384w, https:\/\/solar2.standardof.net\/wp-content\/uploads\/sites\/2\/2020\/10\/Windows-Mac-Linux-Bar-DG-w-300x100.png 300w, https:\/\/solar2.standardof.net\/wp-content\/uploads\/sites\/2\/2020\/10\/Windows-Mac-Linux-Bar-DG-w-16x5.png 16w\" sizes=\"(max-width: 192px) 100vw, 192px\" \/><\/figure><\/div>\n<\/div><\/div><\/div>\n\n\n\n<div class=\"gb-grid-column gb-grid-column-c874a6f8\"><div class=\"gb-container gb-container-c874a6f8\"><div class=\"gb-inside-container\">\n<h3 class=\"has-text-align-center wp-block-heading\">Humilde paquete<\/h3>\n\n\n\n<div class=\"wp-block-image nomeow\"><figure class=\"aligncenter size-large is-resized\"><a href=\"https:\/\/www.humblebundle.com\/store\/solar-2\" target=\"_blank\" rel=\"noopener\"><img decoding=\"async\" src=\"https:\/\/solar2.standardof.net\/wp-content\/uploads\/sites\/2\/2020\/10\/Humble-Bundle-512x512.png\" alt=\"\" class=\"wp-image-215\" width=\"128\" height=\"128\" title=\"Icono de paquete humilde\" srcset=\"https:\/\/solar2.standardof.net\/wp-content\/uploads\/sites\/2\/2020\/10\/Humble-Bundle.png 512w, https:\/\/solar2.standardof.net\/wp-content\/uploads\/sites\/2\/2020\/10\/Humble-Bundle-300x300.png 300w, https:\/\/solar2.standardof.net\/wp-content\/uploads\/sites\/2\/2020\/10\/Humble-Bundle-150x150.png 150w, https:\/\/solar2.standardof.net\/wp-content\/uploads\/sites\/2\/2020\/10\/Humble-Bundle-12x12.png 12w\" sizes=\"(max-width: 128px) 100vw, 128px\" \/><\/a><\/figure><\/div>\n\n\n\n<div class=\"wp-block-image nomeow\"><figure class=\"aligncenter size-large is-resized\"><img decoding=\"async\" src=\"https:\/\/solar2.standardof.net\/wp-content\/uploads\/sites\/2\/2020\/10\/Windows-Mac-Linux-Bar-DG-w-384x128.png\" alt=\"\" class=\"wp-image-226\" width=\"192\" height=\"64\" srcset=\"https:\/\/solar2.standardof.net\/wp-content\/uploads\/sites\/2\/2020\/10\/Windows-Mac-Linux-Bar-DG-w.png 384w, https:\/\/solar2.standardof.net\/wp-content\/uploads\/sites\/2\/2020\/10\/Windows-Mac-Linux-Bar-DG-w-300x100.png 300w, https:\/\/solar2.standardof.net\/wp-content\/uploads\/sites\/2\/2020\/10\/Windows-Mac-Linux-Bar-DG-w-16x5.png 16w\" sizes=\"(max-width: 192px) 100vw, 192px\" \/><\/figure><\/div>\n<\/div><\/div><\/div>\n\n\n\n<div class=\"gb-grid-column gb-grid-column-91b86825\"><div class=\"gb-container gb-container-91b86825\"><div class=\"gb-inside-container\">\n<h3 class=\"has-text-align-center wp-block-heading\">Puerta de jugadores<\/h3>\n\n\n\n<div class=\"wp-block-image nomeow\"><figure class=\"aligncenter size-thumbnail is-resized\"><a href=\"https:\/\/www.kqzyfj.com\/a9103p-85-7NPOOQPVPURNPRVQRPVR?url=https%3A%2F%2Fwww.gamersgate.com%2FDD-SOLAR2%2Fsolar-2%3Faff%3Dcj&amp;cjsku=DD-SOLAR2\" target=\"_blank\" rel=\"noopener\"><img decoding=\"async\" src=\"https:\/\/solar2.standardof.net\/wp-content\/uploads\/sites\/2\/2020\/10\/gamersgate_icon-150x150.png\" alt=\"Puerta de jugadores\" class=\"wp-image-214\" width=\"128\" height=\"128\" title=\"Icono de puerta de jugadores\" srcset=\"https:\/\/solar2.standardof.net\/wp-content\/uploads\/sites\/2\/2020\/10\/gamersgate_icon-150x150.png 150w, https:\/\/solar2.standardof.net\/wp-content\/uploads\/sites\/2\/2020\/10\/gamersgate_icon.png 300w, https:\/\/solar2.standardof.net\/wp-content\/uploads\/sites\/2\/2020\/10\/gamersgate_icon-12x12.png 12w\" sizes=\"(max-width: 128px) 100vw, 128px\" \/><\/a><\/figure><\/div>\n\n\n\n<div class=\"wp-block-image nomeow\"><figure class=\"aligncenter size-large is-resized\"><img decoding=\"async\" src=\"https:\/\/solar2.standardof.net\/wp-content\/uploads\/sites\/2\/2020\/10\/Windows-Mac-Linux-Bar-DG-w-384x128.png\" alt=\"\" class=\"wp-image-226\" width=\"192\" height=\"64\" srcset=\"https:\/\/solar2.standardof.net\/wp-content\/uploads\/sites\/2\/2020\/10\/Windows-Mac-Linux-Bar-DG-w.png 384w, https:\/\/solar2.standardof.net\/wp-content\/uploads\/sites\/2\/2020\/10\/Windows-Mac-Linux-Bar-DG-w-300x100.png 300w, https:\/\/solar2.standardof.net\/wp-content\/uploads\/sites\/2\/2020\/10\/Windows-Mac-Linux-Bar-DG-w-16x5.png 16w\" sizes=\"(max-width: 192px) 100vw, 192px\" \/><\/figure><\/div>\n<\/div><\/div><\/div>\n\n\n\n<div class=\"gb-grid-column gb-grid-column-1173a459\"><div class=\"gb-container gb-container-1173a459\"><div class=\"gb-inside-container\">\n<h3 class=\"has-text-align-center wp-block-heading\">Tienda de aplicaciones iOS<\/h3>\n\n\n\n<div class=\"wp-block-image nomeow\"><figure class=\"aligncenter size-medium is-resized\"><a href=\"https:\/\/apps.apple.com\/us\/app\/solar-2\/id599263900?ls=1\" target=\"_blank\" rel=\"noopener\"><img decoding=\"async\" src=\"https:\/\/solar2.standardof.net\/wp-content\/uploads\/sites\/2\/2020\/10\/Apple-App-Store-Logo-300x300.png\" alt=\"\" class=\"wp-image-361\" width=\"128\" height=\"128\" title=\"Icono de puerta de jugadores\" srcset=\"https:\/\/solar2.standardof.net\/wp-content\/uploads\/sites\/2\/2020\/10\/Apple-App-Store-Logo-300x300.png 300w, https:\/\/solar2.standardof.net\/wp-content\/uploads\/sites\/2\/2020\/10\/Apple-App-Store-Logo-150x150.png 150w, https:\/\/solar2.standardof.net\/wp-content\/uploads\/sites\/2\/2020\/10\/Apple-App-Store-Logo.png 512w, https:\/\/solar2.standardof.net\/wp-content\/uploads\/sites\/2\/2020\/10\/Apple-App-Store-Logo-12x12.png 12w\" sizes=\"(max-width: 128px) 100vw, 128px\" \/><\/a><\/figure><\/div>\n\n\n\n<div class=\"wp-block-image nomeow\"><figure class=\"aligncenter size-full is-resized\"><img decoding=\"async\" src=\"https:\/\/solar2.standardof.net\/wp-content\/uploads\/sites\/2\/2020\/10\/iOS-logo-128px.png\" alt=\"\" class=\"wp-image-363\" width=\"135\" height=\"64\" srcset=\"https:\/\/solar2.standardof.net\/wp-content\/uploads\/sites\/2\/2020\/10\/iOS-logo-128px.png 270w, https:\/\/solar2.standardof.net\/wp-content\/uploads\/sites\/2\/2020\/10\/iOS-logo-128px-16x8.png 16w\" sizes=\"(max-width: 135px) 100vw, 135px\" \/><\/figure><\/div>\n<\/div><\/div><\/div>\n\n\n\n<div class=\"gb-grid-column gb-grid-column-ecf7889d\"><div class=\"gb-container gb-container-ecf7889d\"><div class=\"gb-inside-container\">\n<h3 class=\"has-text-align-center wp-block-heading\">Google Play<\/h3>\n\n\n\n<div class=\"wp-block-image nomeow\"><figure class=\"aligncenter size-medium is-resized\"><a href=\"https:\/\/play.google.com\/store\/apps\/details?id=com.murudai.Solar2\" target=\"_blank\" rel=\"noopener\"><img decoding=\"async\" src=\"https:\/\/solar2.standardof.net\/wp-content\/uploads\/sites\/2\/2020\/10\/Google-Play-Store-icon-300x300.png\" alt=\"\" class=\"wp-image-362\" width=\"128\" height=\"128\" title=\"Icono de puerta de jugadores\" srcset=\"https:\/\/solar2.standardof.net\/wp-content\/uploads\/sites\/2\/2020\/10\/Google-Play-Store-icon-300x300.png 300w, https:\/\/solar2.standardof.net\/wp-content\/uploads\/sites\/2\/2020\/10\/Google-Play-Store-icon-150x150.png 150w, https:\/\/solar2.standardof.net\/wp-content\/uploads\/sites\/2\/2020\/10\/Google-Play-Store-icon.png 512w, https:\/\/solar2.standardof.net\/wp-content\/uploads\/sites\/2\/2020\/10\/Google-Play-Store-icon-12x12.png 12w\" sizes=\"(max-width: 128px) 100vw, 128px\" \/><\/a><\/figure><\/div>\n\n\n\n<div class=\"wp-block-image nomeow\"><figure class=\"aligncenter size-large is-resized\"><img decoding=\"async\" src=\"https:\/\/solar2.standardof.net\/wp-content\/uploads\/sites\/2\/2020\/10\/android-logo-128px-128x128.png\" alt=\"\" class=\"wp-image-360\" width=\"64\" height=\"64\" srcset=\"https:\/\/solar2.standardof.net\/wp-content\/uploads\/sites\/2\/2020\/10\/android-logo-128px.png 128w, https:\/\/solar2.standardof.net\/wp-content\/uploads\/sites\/2\/2020\/10\/android-logo-128px-12x12.png 12w\" sizes=\"(max-width: 64px) 100vw, 64px\" \/><\/figure><\/div>\n<\/div><\/div><\/div>\n<\/div>","protected":false},"excerpt":{"rendered":"<p>Official Description: In most games you see stars in the background, you shoot asteroids or you live on planets. But in Solar 2 you ARE these objects! Enter a universe where you must prove yourself to the resident god-like figure by doing its many bizarre and varied tasks. Or just ignore it and see how [&hellip;]<\/p>","protected":false},"author":1,"featured_media":12,"parent":11,"menu_order":0,"comment_status":"closed","ping_status":"closed","template":"","meta":{"_uag_custom_page_level_css":"","site-sidebar-layout":"default","site-content-layout":"default","ast-site-content-layout":"","site-content-style":"default","site-sidebar-style":"default","ast-global-header-display":"","ast-banner-title-visibility":"","ast-main-header-display":"","ast-hfb-above-header-display":"","ast-hfb-below-header-display":"","ast-hfb-mobile-header-display":"","site-post-title":"","ast-breadcrumbs-content":"","ast-featured-img":"","footer-sml-layout":"","theme-transparent-header-meta":"default","adv-header-id-meta":"","stick-header-meta":"","header-above-stick-meta":"","header-main-stick-meta":"","header-below-stick-meta":"","astra-migrate-meta-layouts":"default","ast-page-background-enabled":"default","ast-page-background-meta":{"desktop":{"background-color":"","background-image":"","background-repeat":"repeat","background-position":"center center","background-size":"auto","background-attachment":"scroll","background-type":"","background-media":"","overlay-type":"","overlay-color":"","overlay-gradient":""},"tablet":{"background-color":"","background-image":"","background-repeat":"repeat","background-position":"center center","background-size":"auto","background-attachment":"scroll","background-type":"","background-media":"","overlay-type":"","overlay-color":"","overlay-gradient":""},"mobile":{"background-color":"","background-image":"","background-repeat":"repeat","background-position":"center center","background-size":"auto","background-attachment":"scroll","background-type":"","background-media":"","overlay-type":"","overlay-color":"","overlay-gradient":""}},"ast-content-background-meta":{"desktop":{"background-color":"var(--ast-global-color-5)","background-image":"","background-repeat":"repeat","background-position":"center center","background-size":"auto","background-attachment":"scroll","background-type":"","background-media":"","overlay-type":"","overlay-color":"","overlay-gradient":""},"tablet":{"background-color":"var(--ast-global-color-5)","background-image":"","background-repeat":"repeat","background-position":"center center","background-size":"auto","background-attachment":"scroll","background-type":"","background-media":"","overlay-type":"","overlay-color":"","overlay-gradient":""},"mobile":{"background-color":"var(--ast-global-color-5)","background-image":"","background-repeat":"repeat","background-position":"center center","background-size":"auto","background-attachment":"scroll","background-type":"","background-media":"","overlay-type":"","overlay-color":"","overlay-gradient":""}},"footnotes":""},"uagb_featured_image_src":{"full":["https:\/\/solar2.standardof.net\/wp-content\/uploads\/sites\/2\/2020\/10\/Solar-2-Header-Background-1.jpeg",1680,1050,false],"thumbnail":["https:\/\/solar2.standardof.net\/wp-content\/uploads\/sites\/2\/2020\/10\/Solar-2-Header-Background-1-150x150.jpeg",150,150,true],"medium":["https:\/\/solar2.standardof.net\/wp-content\/uploads\/sites\/2\/2020\/10\/Solar-2-Header-Background-1-300x188.jpeg",300,188,true],"medium_large":["https:\/\/solar2.standardof.net\/wp-content\/uploads\/sites\/2\/2020\/10\/Solar-2-Header-Background-1.jpeg",768,480,false],"large":["https:\/\/solar2.standardof.net\/wp-content\/uploads\/sites\/2\/2020\/10\/Solar-2-Header-Background-1-1024x640.jpeg",1024,640,true],"1536x1536":["https:\/\/solar2.standardof.net\/wp-content\/uploads\/sites\/2\/2020\/10\/Solar-2-Header-Background-1.jpeg",1536,960,false],"2048x2048":["https:\/\/solar2.standardof.net\/wp-content\/uploads\/sites\/2\/2020\/10\/Solar-2-Header-Background-1.jpeg",1680,1050,false],"trp-custom-language-flag":["https:\/\/solar2.standardof.net\/wp-content\/uploads\/sites\/2\/2020\/10\/Solar-2-Header-Background-1-16x10.jpeg",16,10,true]},"uagb_author_info":{"display_name":"SOE","author_link":"https:\/\/solar2.standardof.net\/es\/author\/k-tastic\/"},"uagb_comment_info":0,"uagb_excerpt":"Official Description: In most games you see stars in the background, you shoot asteroids or you live on planets. But in Solar 2 you ARE these objects! Enter a universe where you must prove yourself to the resident god-like figure by doing its many bizarre and varied tasks. Or just ignore it and see how&hellip;","_links":{"self":[{"href":"https:\/\/solar2.standardof.net\/es\/wp-json\/wp\/v2\/pages\/213"}],"collection":[{"href":"https:\/\/solar2.standardof.net\/es\/wp-json\/wp\/v2\/pages"}],"about":[{"href":"https:\/\/solar2.standardof.net\/es\/wp-json\/wp\/v2\/types\/page"}],"author":[{"embeddable":true,"href":"https:\/\/solar2.standardof.net\/es\/wp-json\/wp\/v2\/users\/1"}],"replies":[{"embeddable":true,"href":"https:\/\/solar2.standardof.net\/es\/wp-json\/wp\/v2\/comments?post=213"}],"version-history":[{"count":0,"href":"https:\/\/solar2.standardof.net\/es\/wp-json\/wp\/v2\/pages\/213\/revisions"}],"up":[{"embeddable":true,"href":"https:\/\/solar2.standardof.net\/es\/wp-json\/wp\/v2\/pages\/11"}],"wp:featuredmedia":[{"embeddable":true,"href":"https:\/\/solar2.standardof.net\/es\/wp-json\/wp\/v2\/media\/12"}],"wp:attachment":[{"href":"https:\/\/solar2.standardof.net\/es\/wp-json\/wp\/v2\/media?parent=213"}],"curies":[{"name":"wp","href":"https:\/\/api.w.org\/{rel}","templated":true}]}}