{"id":45,"date":"2020-10-13T22:55:13","date_gmt":"2020-10-13T22:55:13","guid":{"rendered":"https:\/\/solar2.standardof.net\/?page_id=45"},"modified":"2020-10-15T14:34:57","modified_gmt":"2020-10-15T14:34:57","slug":"flying-blind-achievement","status":"publish","type":"page","link":"https:\/\/solar2.standardof.net\/es\/solar-2-guide\/etapa-de-agujero-negro\/logro-de-volar-a-ciegas\/","title":{"rendered":"Logro &quot;volar a ciegas&quot;"},"content":{"rendered":"<figure class=\"wp-block-gallery columns-2 is-cropped wp-block-gallery-1 is-layout-flex wp-block-gallery-is-layout-flex\"><ul class=\"blocks-gallery-grid\"><li class=\"blocks-gallery-item\"><figure><img decoding=\"async\" width=\"1024\" height=\"576\" src=\"https:\/\/solar2.standardof.net\/wp-content\/uploads\/sites\/2\/2020\/10\/Solar-2-Black-Hole-Flying-Blind-Achievement-1024x576.jpg\" alt=\"Solar 2: Flying Blind\" data-id=\"47\" data-full-url=\"https:\/\/solar2.standardof.net\/wp-content\/uploads\/sites\/2\/2020\/10\/Solar-2-Black-Hole-Flying-Blind-Achievement.jpg\" data-link=\"https:\/\/solar2.standardof.net\/?attachment_id=47\" class=\"wp-image-47\" srcset=\"https:\/\/solar2.standardof.net\/wp-content\/uploads\/sites\/2\/2020\/10\/Solar-2-Black-Hole-Flying-Blind-Achievement-1024x576.jpg 1024w, https:\/\/solar2.standardof.net\/wp-content\/uploads\/sites\/2\/2020\/10\/Solar-2-Black-Hole-Flying-Blind-Achievement.jpg 1280w\" sizes=\"(max-width: 1024px) 100vw, 1024px\" \/><figcaption class=\"blocks-gallery-item__caption\">Buscando el logro Flying Blind.<\/figcaption><\/figure><\/li><li class=\"blocks-gallery-item\"><figure><img decoding=\"async\" src=\"https:\/\/solar2.standardof.net\/wp-content\/uploads\/sites\/2\/2020\/10\/Solar-2-Black-Hole-Flying-Blind-Achievement-2-1024x576.jpg\" alt=\"Solar 2: Flying Blind\" data-id=\"46\" data-full-url=\"https:\/\/solar2.standardof.net\/wp-content\/uploads\/sites\/2\/2020\/10\/Solar-2-Black-Hole-Flying-Blind-Achievement-2.jpg\" data-link=\"https:\/\/solar2.standardof.net\/?attachment_id=46\" class=\"wp-image-46\"\/><\/figure><\/li><\/ul><\/figure>\n\n\n\n<p>El logro Flying Blind en <em>Solar 2<\/em> requiere que vayas desde el Agujero Negro (menos de 150.000 masas, o b\u00e1sicamente un nuevo engendro b\u00e1sico) hasta el Big Crunch sin el uso de la Interfaz. La interfaz se activa con la tecla I en la PC y no solo enciende y apaga la lectura de su masa actual, sino que tambi\u00e9n significa que no hay m\u00e1s indicadores rojos cuando hay Agujeros Negros cercanos que son m\u00e1s grandes que usted.<\/p>\n\n\n\n<p>La falta de tener el indicador de advertencia rojo provoca dos complicaciones principales que tendremos que compensar, la primera es que los Agujeros Negros significativamente m\u00e1s grandes ahora ser\u00e1n una amenaza masiva que nos obligar\u00e1 a buscar otros medios para detectar su presencia cercana y la segunda es que no podemos ganar tanta masa m\u00e1s del consumo desenfrenado de otros Agujeros Negros, teniendo que evitarlos m\u00e1s a menudo por razones de seguridad.<\/p>\n\n\n\n<p>En primer lugar, tendremos que observar cualquier Agujero Negro que nos acerquemos lo suficiente como para verlo, girando y corriendo si son m\u00e1s grandes que una mota, a menos que est\u00e9 absolutamente seguro de que es el m\u00e1s grande de los dos. La mayor\u00eda de las veces, querr\u00e1 evitarlos, ya que incluso as\u00ed pueden ocultar la presencia de otro agujero negro m\u00e1s grande de los m\u00e9todos que usaremos para detectar su presencia.<\/p>\n\n\n\n<p>Para ver los agujeros negros que pueden estar cerca, aseg\u00farese de activar la tecla de ruta (P) que puede usar para el logro Flying Blind. Trate de ver si hay algunas desviaciones anormales en la atracci\u00f3n de objetos cercanos, y si puede ver asteroides, planetas o estrellas que se alejan, es probable que sea una se\u00f1al de un Agujero Negro con un pozo de gravedad m\u00e1s fuerte que el suyo, es decir, M\u00e1s grande, es hora de correr.<\/p>\n\n\n\n<p>Si queda atrapado en el tir\u00f3n de un gran agujero negro, su mejor oportunidad de escapar es el m\u00e9todo de la honda, que requiere que viaje hacia el agujero negro, pero en un \u00e1ngulo que lo env\u00ede lo suficientemente cerca como para que su tir\u00f3n se combine con su la aceleraci\u00f3n te lanzar\u00e1 m\u00e1s all\u00e1 de \u00e9l y fuera de su alcance.<\/p>\n\n\n\n<hr class=\"wp-block-separator\"\/>\n\n\n\n<h3 class=\"wp-block-heading\">Gu\u00eda de video de logros &quot;Flying Blind&quot;<\/h3>\n\n\n\n<figure class=\"wp-block-embed-youtube wp-block-embed is-type-video is-provider-youtube wp-embed-aspect-16-9 wp-has-aspect-ratio\"><div class=\"wp-block-embed__wrapper\">\n<div class=\"ast-oembed-container\" style=\"height: 100%;\"><iframe title=\"Solar 2 - Tutorial del logro Flying Blind\" width=\"500\" height=\"281\" src=\"https:\/\/www.youtube.com\/embed\/AG2uXFLQAfA?feature=oembed\" frameborder=\"0\" allow=\"accelerometer; autoplay; clipboard-write; encrypted-media; gyroscope; picture-in-picture; web-share\" referrerpolicy=\"strict-origin-when-cross-origin\" allowfullscreen><\/iframe><\/div>\n<\/div><\/figure>","protected":false},"excerpt":{"rendered":"<p>The Flying Blind achievement in Solar 2 requires that you go from the Black Hole (under 150,000 mass, or basically a new basic spawn) up to the Big Crunch without the use of the Interface. The interface is triggered by the I key on the PC and not only is what turns the readout of [&hellip;]<\/p>","protected":false},"author":1,"featured_media":47,"parent":21,"menu_order":0,"comment_status":"open","ping_status":"closed","template":"","meta":{"_uag_custom_page_level_css":"","site-sidebar-layout":"default","site-content-layout":"default","ast-site-content-layout":"","site-content-style":"default","site-sidebar-style":"default","ast-global-header-display":"","ast-banner-title-visibility":"","ast-main-header-display":"","ast-hfb-above-header-display":"","ast-hfb-below-header-display":"","ast-hfb-mobile-header-display":"","site-post-title":"","ast-breadcrumbs-content":"","ast-featured-img":"","footer-sml-layout":"","theme-transparent-header-meta":"default","adv-header-id-meta":"","stick-header-meta":"","header-above-stick-meta":"","header-main-stick-meta":"","header-below-stick-meta":"","astra-migrate-meta-layouts":"default","ast-page-background-enabled":"default","ast-page-background-meta":{"desktop":{"background-color":"","background-image":"","background-repeat":"repeat","background-position":"center center","background-size":"auto","background-attachment":"scroll","background-type":"","background-media":"","overlay-type":"","overlay-color":"","overlay-gradient":""},"tablet":{"background-color":"","background-image":"","background-repeat":"repeat","background-position":"center center","background-size":"auto","background-attachment":"scroll","background-type":"","background-media":"","overlay-type":"","overlay-color":"","overlay-gradient":""},"mobile":{"background-color":"","background-image":"","background-repeat":"repeat","background-position":"center center","background-size":"auto","background-attachment":"scroll","background-type":"","background-media":"","overlay-type":"","overlay-color":"","overlay-gradient":""}},"ast-content-background-meta":{"desktop":{"background-color":"var(--ast-global-color-5)","background-image":"","background-repeat":"repeat","background-position":"center center","background-size":"auto","background-attachment":"scroll","background-type":"","background-media":"","overlay-type":"","overlay-color":"","overlay-gradient":""},"tablet":{"background-color":"var(--ast-global-color-5)","background-image":"","background-repeat":"repeat","background-position":"center center","background-size":"auto","background-attachment":"scroll","background-type":"","background-media":"","overlay-type":"","overlay-color":"","overlay-gradient":""},"mobile":{"background-color":"var(--ast-global-color-5)","background-image":"","background-repeat":"repeat","background-position":"center center","background-size":"auto","background-attachment":"scroll","background-type":"","background-media":"","overlay-type":"","overlay-color":"","overlay-gradient":""}},"footnotes":""},"uagb_featured_image_src":{"full":["https:\/\/solar2.standardof.net\/wp-content\/uploads\/sites\/2\/2020\/10\/Solar-2-Black-Hole-Flying-Blind-Achievement.jpg",1280,720,false],"thumbnail":["https:\/\/solar2.standardof.net\/wp-content\/uploads\/sites\/2\/2020\/10\/Solar-2-Black-Hole-Flying-Blind-Achievement.jpg",150,84,false],"medium":["https:\/\/solar2.standardof.net\/wp-content\/uploads\/sites\/2\/2020\/10\/Solar-2-Black-Hole-Flying-Blind-Achievement.jpg",300,169,false],"medium_large":["https:\/\/solar2.standardof.net\/wp-content\/uploads\/sites\/2\/2020\/10\/Solar-2-Black-Hole-Flying-Blind-Achievement.jpg",768,432,false],"large":["https:\/\/solar2.standardof.net\/wp-content\/uploads\/sites\/2\/2020\/10\/Solar-2-Black-Hole-Flying-Blind-Achievement-1024x576.jpg",1024,576,true],"1536x1536":["https:\/\/solar2.standardof.net\/wp-content\/uploads\/sites\/2\/2020\/10\/Solar-2-Black-Hole-Flying-Blind-Achievement.jpg",1280,720,false],"2048x2048":["https:\/\/solar2.standardof.net\/wp-content\/uploads\/sites\/2\/2020\/10\/Solar-2-Black-Hole-Flying-Blind-Achievement.jpg",1280,720,false],"trp-custom-language-flag":["https:\/\/solar2.standardof.net\/wp-content\/uploads\/sites\/2\/2020\/10\/Solar-2-Black-Hole-Flying-Blind-Achievement.jpg",18,10,false]},"uagb_author_info":{"display_name":"SOE","author_link":"https:\/\/solar2.standardof.net\/es\/author\/k-tastic\/"},"uagb_comment_info":0,"uagb_excerpt":"The Flying Blind achievement in Solar 2 requires that you go from the Black Hole (under 150,000 mass, or basically a new basic spawn) up to the Big Crunch without the use of the Interface. The interface is triggered by the I key on the PC and not only is what turns the readout of&hellip;","_links":{"self":[{"href":"https:\/\/solar2.standardof.net\/es\/wp-json\/wp\/v2\/pages\/45"}],"collection":[{"href":"https:\/\/solar2.standardof.net\/es\/wp-json\/wp\/v2\/pages"}],"about":[{"href":"https:\/\/solar2.standardof.net\/es\/wp-json\/wp\/v2\/types\/page"}],"author":[{"embeddable":true,"href":"https:\/\/solar2.standardof.net\/es\/wp-json\/wp\/v2\/users\/1"}],"replies":[{"embeddable":true,"href":"https:\/\/solar2.standardof.net\/es\/wp-json\/wp\/v2\/comments?post=45"}],"version-history":[{"count":0,"href":"https:\/\/solar2.standardof.net\/es\/wp-json\/wp\/v2\/pages\/45\/revisions"}],"up":[{"embeddable":true,"href":"https:\/\/solar2.standardof.net\/es\/wp-json\/wp\/v2\/pages\/21"}],"wp:featuredmedia":[{"embeddable":true,"href":"https:\/\/solar2.standardof.net\/es\/wp-json\/wp\/v2\/media\/47"}],"wp:attachment":[{"href":"https:\/\/solar2.standardof.net\/es\/wp-json\/wp\/v2\/media?parent=45"}],"curies":[{"name":"wp","href":"https:\/\/api.w.org\/{rel}","templated":true}]}}