{"id":51,"date":"2020-10-13T23:04:25","date_gmt":"2020-10-13T23:04:25","guid":{"rendered":"https:\/\/solar2.standardof.net\/?page_id=51"},"modified":"2020-10-16T16:11:16","modified_gmt":"2020-10-16T16:11:16","slug":"asteroid-stage","status":"publish","type":"page","link":"https:\/\/solar2.standardof.net\/es\/solar-2-guide\/etapa-de-asteroide\/","title":{"rendered":"Etapa de asteroide"},"content":{"rendered":"<h2 class=\"wp-block-heading\">La etapa de asteroides en Solar 2<\/h2>\n\n\n\n<p>La etapa Asteroide es la primera etapa en <em>Solar 2<\/em>. Controlar\u00e1s una peque\u00f1a roca que vuela por el espacio. Esta es la m\u00e1s limitada de las etapas, considerando que eres capaz de influir directamente en otros objetos celestes al menos mientras eres un asteroide. Sin embargo, en t\u00e9rminos de misiones y otras tareas, la etapa Asteroide todav\u00eda est\u00e1 m\u00e1s poblada que la etapa Black Hole en este sentido. Encontrar\u00e1 enlaces a las gu\u00edas de la misi\u00f3n a continuaci\u00f3n y consejos y un video sobre c\u00f3mo progresar a la siguiente etapa de Planet a continuaci\u00f3n.<\/p>\n\n\n\n<h3 class=\"wp-block-heading\">Misiones y gu\u00eda de asteroides<\/h3>\n\n\n\n<ol><li><em><a href=\"https:\/\/solar2.standardof.net\/es\/solar-2-guide\/etapa-de-asteroide\/#fun-ideas\" class=\"rank-math-link\">Ideas divertidas mientras eres un asteroide <sup>(Abajo)<\/sup><\/a><\/em><\/li><li><em><a href=\"https:\/\/solar2.standardof.net\/es\/solar-2-guide\/etapa-de-asteroide\/#progression\" class=\"rank-math-link\">Asteroide -&gt; Progresi\u00f3n de planeta peque\u00f1o <sup>(Abajo)<\/sup><\/a><\/em><\/li><li><a class=\"rank-math-link\" href=\"https:\/\/solar2.standardof.net\/es\/solar-2-guide\/etapa-de-asteroide\/asesino-misiones-logro-ninja\/\">Misiones de asesino 1-3<br><sup>+ Logro Ninja<\/sup><\/a><\/li><li><a class=\"rank-math-link\" href=\"https:\/\/solar2.standardof.net\/es\/solar-2-guide\/etapa-de-asteroide\/mision-mejor-amigo\/\">Misi\u00f3n de mejor amigo 1<\/a><\/li><li><a class=\"rank-math-link\" href=\"https:\/\/solar2.standardof.net\/es\/solar-2-guide\/etapa-de-asteroide\/misiones-de-extincion\/\">Misiones de extinci\u00f3n 1-2<\/a><\/li><li><a class=\"rank-math-link\" href=\"https:\/\/solar2.standardof.net\/es\/solar-2-guide\/etapa-de-asteroide\/misiones-divertidas-y-juegos\/\">Misiones de diversi\u00f3n y juegos 1-3<\/a><\/li><li><a class=\"rank-math-link\" href=\"https:\/\/solar2.standardof.net\/es\/solar-2-guide\/etapa-de-asteroide\/desafio-mision-1-mantente-joven\/\">Misi\u00f3n desaf\u00edo: 1 Mantente joven <\/a><\/li><li><a class=\"rank-math-link\" href=\"https:\/\/solar2.standardof.net\/es\/solar-2-guide\/etapa-de-asteroide\/desafio-mision-2-geometria-zombi\/\">Misi\u00f3n desaf\u00edo: 2 geometr\u00eda zombi<\/a><\/li><\/ol>\n\n\n\n<p>Si est\u00e1 buscando gu\u00edas adicionales para este videojuego, puede encontrar v\u00ednculos a continuaci\u00f3n a los \u00edndices de otras etapas que contienen m\u00e1s informaci\u00f3n y v\u00ednculos a gu\u00edas espec\u00edficas para esas etapas de existencia.<\/p>\n\n\n\n<ul><li>\u00cdndice de etapa de asteroide &lt;- usted est\u00e1 aqu\u00ed<\/li><li><strong><a href=\"https:\/\/solar2.standardof.net\/es\/solar-2-guide\/etapa-planetaria\/\" class=\"rank-math-link\">\u00cdndice de etapas de planeta peque\u00f1o y planeta de vida<\/a><\/strong><\/li><li><strong><a href=\"https:\/\/solar2.standardof.net\/es\/solar-2-guide\/etapa-del-sistema-solar-estrella-2\/\" class=\"rank-math-link\">\u00cdndice de gu\u00edas de Star Stage<\/a><\/strong><\/li><li><strong><a href=\"https:\/\/solar2.standardof.net\/es\/solar-2-guide\/etapa-de-agujero-negro\/\" class=\"rank-math-link\">\u00cdndice de etapa de agujero negro<\/a><\/strong><\/li><\/ul>\n\n\n\n<h2 class=\"wp-block-heading\" id=\"fun-ideas\">Ideas divertidas mientras eres un asteroide<\/h2>\n\n\n\n<p>Debido a tu masa incre\u00edblemente peque\u00f1a, eres capaz de propulsarte a velocidades incre\u00edblemente altas, m\u00e1s r\u00e1pido de lo que se puede alcanzar con una simple aceleraci\u00f3n basada en teclas, lanz\u00e1ndote a trav\u00e9s de los pozos de gravedad de objetos m\u00e1s grandes como estrellas o incluso agujeros negros. Su alta velocidad significa un da\u00f1o masivo contra un objeto sin blindaje.<\/p>\n\n\n\n<p>Choca con planetas en evoluci\u00f3n o recientemente desarrollados para crear tu propio evento de extinci\u00f3n masiva.<\/p>\n\n\n\n<p>Golpea a otros asteroides alrededor, hacia otros planetas o estrellas para los prop\u00f3sitos anteriores, o gana algo de masa y usa tu pozo de gravedad reci\u00e9n formado para arrastrar a otros asteroides junto contigo para hacer una tormenta de proyectiles contra alg\u00fan planeta desventurado.<\/p>\n\n\n\n<h2 class=\"wp-block-heading\" id=\"progression\">Asteroide -&gt; Progresi\u00f3n de planeta peque\u00f1o<\/h2>\n\n\n\n<div class=\"wp-block-image\"><figure class=\"aligncenter size-large\"><img decoding=\"async\" src=\"https:\/\/solar2.standardof.net\/wp-content\/uploads\/sites\/2\/2020\/10\/Solar-2-Asteroid-Progression-1024x576.jpg\" alt=\"La etapa de asteroides en Solar 2\" class=\"wp-image-52\"\/><figcaption>Consumiendo masa como un asteroide en Solar 2.<\/figcaption><\/figure><\/div>\n\n\n\n<p>La progresi\u00f3n desde la etapa de Asteroide hacia la etapa de Planeta Peque\u00f1o es la transici\u00f3n de etapa m\u00e1s f\u00e1cil y r\u00e1pida en <em>Solar 2<\/em>. Para dar el salto a la siguiente etapa, necesitar\u00e1s crecer al encontrarte con otros asteroides hasta alcanzar la masa 20.<\/p>\n\n\n\n<h3 class=\"wp-block-heading\"><strong>Consejos para la progresi\u00f3n de asteroides:<\/strong><\/h3>\n\n\n\n<p>Los m\u00e9todos utilizados para ganar suficiente masa para golpear a Small Planet son relativamente sencillos. Como se mencion\u00f3 anteriormente, simplemente tienes que chocar con otros asteroides para absorber su masa. Cuanto m\u00e1s grande te vuelves, menos velocidad necesitas para comer las otras rocas espaciales, ya que hay m\u00e1s fuerza detr\u00e1s de cada colisi\u00f3n.<\/p>\n\n\n\n<p>No puedes perder masa mientras est\u00e1s en un asteroide, sin embargo, puedes ser destruido f\u00e1cilmente al chocar contra planetas o estrellas. Puedes destruir naves espaciales en una colisi\u00f3n sin sufrir ning\u00fan da\u00f1o, sin embargo, las naves n\u00f3madas te apuntar\u00e1n incluso si solo est\u00e1n cerca, aunque las formas de vida hostiles rojas te ignorar\u00e1n a menos que su planeta haya sido golpeado recientemente por otro asteroide.<\/p>\n\n\n\n<figure class=\"wp-block-embed-youtube wp-block-embed is-type-video is-provider-youtube wp-embed-aspect-16-9 wp-has-aspect-ratio\"><div class=\"wp-block-embed__wrapper\">\n<div class=\"ast-oembed-container\" style=\"height: 100%;\"><iframe title=\"Solar 2 - Tutorial de progresi\u00f3n de asteroides\" width=\"500\" height=\"281\" src=\"https:\/\/www.youtube.com\/embed\/Iq-Ma-q9rhM?feature=oembed\" frameborder=\"0\" allow=\"accelerometer; autoplay; clipboard-write; encrypted-media; gyroscope; picture-in-picture; web-share\" referrerpolicy=\"strict-origin-when-cross-origin\" allowfullscreen><\/iframe><\/div>\n<\/div><\/figure>","protected":false},"excerpt":{"rendered":"<p>The Asteroid Stage in Solar 2 The Asteroid stage is the first stage in Solar 2. You will control a small rock flying through space. This is the most limited of the stages, considering you are capable of directly influencing other celestial objects the least while as an Asteroid. In terms of missions and other [&hellip;]<\/p>","protected":false},"author":1,"featured_media":12,"parent":11,"menu_order":0,"comment_status":"open","ping_status":"closed","template":"","meta":{"_uag_custom_page_level_css":"","site-sidebar-layout":"default","site-content-layout":"default","ast-site-content-layout":"","site-content-style":"default","site-sidebar-style":"default","ast-global-header-display":"","ast-banner-title-visibility":"","ast-main-header-display":"","ast-hfb-above-header-display":"","ast-hfb-below-header-display":"","ast-hfb-mobile-header-display":"","site-post-title":"","ast-breadcrumbs-content":"","ast-featured-img":"","footer-sml-layout":"","theme-transparent-header-meta":"default","adv-header-id-meta":"","stick-header-meta":"","header-above-stick-meta":"","header-main-stick-meta":"","header-below-stick-meta":"","astra-migrate-meta-layouts":"default","ast-page-background-enabled":"default","ast-page-background-meta":{"desktop":{"background-color":"","background-image":"","background-repeat":"repeat","background-position":"center center","background-size":"auto","background-attachment":"scroll","background-type":"","background-media":"","overlay-type":"","overlay-color":"","overlay-gradient":""},"tablet":{"background-color":"","background-image":"","background-repeat":"repeat","background-position":"center center","background-size":"auto","background-attachment":"scroll","background-type":"","background-media":"","overlay-type":"","overlay-color":"","overlay-gradient":""},"mobile":{"background-color":"","background-image":"","background-repeat":"repeat","background-position":"center center","background-size":"auto","background-attachment":"scroll","background-type":"","background-media":"","overlay-type":"","overlay-color":"","overlay-gradient":""}},"ast-content-background-meta":{"desktop":{"background-color":"var(--ast-global-color-5)","background-image":"","background-repeat":"repeat","background-position":"center center","background-size":"auto","background-attachment":"scroll","background-type":"","background-media":"","overlay-type":"","overlay-color":"","overlay-gradient":""},"tablet":{"background-color":"var(--ast-global-color-5)","background-image":"","background-repeat":"repeat","background-position":"center center","background-size":"auto","background-attachment":"scroll","background-type":"","background-media":"","overlay-type":"","overlay-color":"","overlay-gradient":""},"mobile":{"background-color":"var(--ast-global-color-5)","background-image":"","background-repeat":"repeat","background-position":"center center","background-size":"auto","background-attachment":"scroll","background-type":"","background-media":"","overlay-type":"","overlay-color":"","overlay-gradient":""}},"footnotes":""},"uagb_featured_image_src":{"full":["https:\/\/solar2.standardof.net\/wp-content\/uploads\/sites\/2\/2020\/10\/Solar-2-Header-Background-1.jpeg",1680,1050,false],"thumbnail":["https:\/\/solar2.standardof.net\/wp-content\/uploads\/sites\/2\/2020\/10\/Solar-2-Header-Background-1-150x150.jpeg",150,150,true],"medium":["https:\/\/solar2.standardof.net\/wp-content\/uploads\/sites\/2\/2020\/10\/Solar-2-Header-Background-1-300x188.jpeg",300,188,true],"medium_large":["https:\/\/solar2.standardof.net\/wp-content\/uploads\/sites\/2\/2020\/10\/Solar-2-Header-Background-1.jpeg",768,480,false],"large":["https:\/\/solar2.standardof.net\/wp-content\/uploads\/sites\/2\/2020\/10\/Solar-2-Header-Background-1-1024x640.jpeg",1024,640,true],"1536x1536":["https:\/\/solar2.standardof.net\/wp-content\/uploads\/sites\/2\/2020\/10\/Solar-2-Header-Background-1.jpeg",1536,960,false],"2048x2048":["https:\/\/solar2.standardof.net\/wp-content\/uploads\/sites\/2\/2020\/10\/Solar-2-Header-Background-1.jpeg",1680,1050,false],"trp-custom-language-flag":["https:\/\/solar2.standardof.net\/wp-content\/uploads\/sites\/2\/2020\/10\/Solar-2-Header-Background-1-16x10.jpeg",16,10,true]},"uagb_author_info":{"display_name":"SOE","author_link":"https:\/\/solar2.standardof.net\/es\/author\/k-tastic\/"},"uagb_comment_info":0,"uagb_excerpt":"The Asteroid Stage in Solar 2 The Asteroid stage is the first stage in Solar 2. You will control a small rock flying through space. This is the most limited of the stages, considering you are capable of directly influencing other celestial objects the least while as an Asteroid. In terms of missions and other&hellip;","_links":{"self":[{"href":"https:\/\/solar2.standardof.net\/es\/wp-json\/wp\/v2\/pages\/51"}],"collection":[{"href":"https:\/\/solar2.standardof.net\/es\/wp-json\/wp\/v2\/pages"}],"about":[{"href":"https:\/\/solar2.standardof.net\/es\/wp-json\/wp\/v2\/types\/page"}],"author":[{"embeddable":true,"href":"https:\/\/solar2.standardof.net\/es\/wp-json\/wp\/v2\/users\/1"}],"replies":[{"embeddable":true,"href":"https:\/\/solar2.standardof.net\/es\/wp-json\/wp\/v2\/comments?post=51"}],"version-history":[{"count":0,"href":"https:\/\/solar2.standardof.net\/es\/wp-json\/wp\/v2\/pages\/51\/revisions"}],"up":[{"embeddable":true,"href":"https:\/\/solar2.standardof.net\/es\/wp-json\/wp\/v2\/pages\/11"}],"wp:featuredmedia":[{"embeddable":true,"href":"https:\/\/solar2.standardof.net\/es\/wp-json\/wp\/v2\/media\/12"}],"wp:attachment":[{"href":"https:\/\/solar2.standardof.net\/es\/wp-json\/wp\/v2\/media?parent=51"}],"curies":[{"name":"wp","href":"https:\/\/api.w.org\/{rel}","templated":true}]}}