{"id":54,"date":"2020-10-13T23:11:43","date_gmt":"2020-10-13T23:11:43","guid":{"rendered":"https:\/\/solar2.standardof.net\/?page_id=54"},"modified":"2020-10-15T14:34:17","modified_gmt":"2020-10-15T14:34:17","slug":"assassin-missions-ninja-achievement","status":"publish","type":"page","link":"https:\/\/solar2.standardof.net\/es\/solar-2-guide\/etapa-de-asteroide\/asesino-misiones-logro-ninja\/","title":{"rendered":"Misiones de asesinos y el logro Ninja"},"content":{"rendered":"<h2 class=\"wp-block-heading\">Misiones de asesinos 1-3<\/h2>\n\n\n\n<p>Las misiones de asesinos en <em>Solar 2<\/em> te encomienda la tarea de eliminar un solo barco Nomad en cada nivel, uno de cada tipo que existe. Hay un logro asociado con esta misi\u00f3n, <strong>Ninja<\/strong>, que requiere que completes los tres niveles sin morir. El siguiente video mostrar\u00e1 c\u00f3mo hacer esto.<\/p>\n\n\n\n<h3 class=\"wp-block-heading\">Consejos para las misiones de asesinos<\/h3>\n\n\n\n<p>Algunos conceptos compartidos entre las tres misiones de asesinos son que necesitas encontrar alguna forma de atraer a la nave n\u00f3mada objetivo para que la persiga. Usando su asteroide, deber\u00e1 llevar a su objetivo al combate con cualquier nave espacial roja que se genere en Life Planets. Todas las naves Nomad pueden destruir tu asteroide con un solo golpe.<\/p>\n\n\n\n<p>Su enemigo objetivo siempre parece aparecer junto a un campo de asteroides cercano, comenzando preocupado por destruir estas rocas. Para cebar estos objetivos, la mejor opci\u00f3n es siempre viajar alrededor de la nave Nomad, justo fuera del alcance de su arma, mientras dicho objetivo destruye cualquier asteroide que est\u00e9 m\u00e1s cerca de \u00e9l. Eventualmente terminar\u00e1s siendo el asteroide m\u00e1s cercano y el Nomad te perseguir\u00e1, permiti\u00e9ndote guiarlo hasta que encuentres algunas formas de vida rojas hostiles para que combatan. El uso de la clave de ruta (P para usuarios de PC) le dar\u00e1 una buena idea del momento exacto en que el Nomad lo est\u00e1 persiguiendo con una l\u00ednea blanca que se conecta a su asteroide.<\/p>\n\n\n\n<p>Aunque es ciertamente posible que puedas llevar a la nave objetivo hacia un obst\u00e1culo de alg\u00fan tipo, es probable que tu agresor esquive lo que sea con relativa facilidad. Vale la pena intentarlo mientras busca un planeta de vida, pero no intente salirse de su camino con este m\u00e9todo, ya que es m\u00e1s problem\u00e1tico que vale la pena.<\/p>\n\n\n\n<p>Por \u00faltimo, estos niveles no te penalizan por la muerte, sin embargo, no podr\u00e1s desbloquear el logro Ninja si mueres en cualquier parte de la cadena.<\/p>\n\n\n\n<hr class=\"wp-block-separator\"\/>\n\n\n\n<h3 class=\"wp-block-heading\">Asesino 1<\/h3>\n\n\n\n<p>La primera misi\u00f3n te tiene eliminando uno de los barcos del tipo Barco de misiles, que se genera cerca de la baliza de la misi\u00f3n. Este nivel es el \u00fanico en el que puedes sobrevivir si te disparan, siempre que puedas evadir los misiles, al igual que en las misiones de Diversi\u00f3n y Juegos.<\/p>\n\n\n\n<div class=\"wp-block-image\"><figure class=\"aligncenter size-large\"><img decoding=\"async\" src=\"https:\/\/solar2.standardof.net\/wp-content\/uploads\/sites\/2\/2020\/10\/Solar-2-Asteroid-Assasin-Missions-1-1024x576.jpg\" alt=\"Misi\u00f3n asesina 1\" class=\"wp-image-55\"\/><figcaption>Llamando la atenci\u00f3n del Barco de Misiles en Assassin 1<\/figcaption><\/figure><\/div>\n\n\n\n<hr class=\"wp-block-separator\"\/>\n\n\n\n<h3 class=\"wp-block-heading\">Asesino 2<\/h3>\n\n\n\n<p>El nivel 2 ahora te ha asignado la tarea de cebar un crucero. Tienes que mantenerte fuera del alcance del l\u00e1ser o enfrentarte a la muerte instant\u00e1nea, pero el radio de agresi\u00f3n es mayor, lo que permite un cebo f\u00e1cil con algo de paciencia. La baja velocidad de esta embarcaci\u00f3n es un cebo seguro, pero significa que tambi\u00e9n debes reducir la velocidad cuando la conduzcas, ya que al salir corriendo perder\u00e1s tu objetivo.<\/p>\n\n\n\n<hr class=\"wp-block-separator\"\/>\n\n\n\n<h3 class=\"wp-block-heading\">Asesino 3<\/h3>\n\n\n\n<p>La \u00faltima y honestamente la nave m\u00e1s letal a tu asteroide es el Fighter, que ahora debes cebar en el nivel final de esta cadena. M\u00e1s all\u00e1 de aplicar las mismas t\u00e1cticas que ha utilizado hasta este punto, la \u00fanica buena idea a tener en cuenta es mantener la velocidad y nunca intentar dejar de moverse por completo. El Fighter tiene una gran movilidad, lo que le permite sacarte r\u00e1pidamente si te atrapan desprevenido y demasiado cerca.<\/p>\n\n\n\n<div class=\"wp-block-image\"><figure class=\"aligncenter size-large\"><img decoding=\"async\" src=\"https:\/\/solar2.standardof.net\/wp-content\/uploads\/sites\/2\/2020\/10\/Solar-2-Asteroid-Assasin-Missions-2-1024x576.jpg\" alt=\"Misi\u00f3n asesina 3\" class=\"wp-image-56\"\/><figcaption>Acosando al luchador n\u00f3mada en Assassin 3<\/figcaption><\/figure><\/div>\n\n\n\n<hr class=\"wp-block-separator\"\/>\n\n\n\n<h3 class=\"has-text-align-center wp-block-heading\">Gu\u00eda de video de logros ninja<\/h3>\n\n\n\n<figure class=\"wp-block-embed-youtube wp-block-embed is-type-video is-provider-youtube wp-embed-aspect-16-9 wp-has-aspect-ratio\"><div class=\"wp-block-embed__wrapper\">\n<div class=\"ast-oembed-container\" style=\"height: 100%;\"><iframe title=\"Solar 2: estrategia alternativa de misiones de asteroides asesinos con logro ninja\" width=\"500\" height=\"281\" src=\"https:\/\/www.youtube.com\/embed\/k5new32674E?feature=oembed\" frameborder=\"0\" allow=\"accelerometer; autoplay; clipboard-write; encrypted-media; gyroscope; picture-in-picture; web-share\" referrerpolicy=\"strict-origin-when-cross-origin\" allowfullscreen><\/iframe><\/div>\n<\/div><\/figure>","protected":false},"excerpt":{"rendered":"<p>Assassin Missions 1-3 The assassin missions in Solar 2 task you with taking out a single Nomad ship in each level, one of each type that exists. There is an achievement associated with these mission, Ninja, which requires that you complete all three levels without dying. The video below will show how to do this. [&hellip;]<\/p>","protected":false},"author":1,"featured_media":12,"parent":51,"menu_order":0,"comment_status":"open","ping_status":"closed","template":"","meta":{"_uag_custom_page_level_css":"","site-sidebar-layout":"default","site-content-layout":"default","ast-site-content-layout":"","site-content-style":"default","site-sidebar-style":"default","ast-global-header-display":"","ast-banner-title-visibility":"","ast-main-header-display":"","ast-hfb-above-header-display":"","ast-hfb-below-header-display":"","ast-hfb-mobile-header-display":"","site-post-title":"","ast-breadcrumbs-content":"","ast-featured-img":"","footer-sml-layout":"","theme-transparent-header-meta":"default","adv-header-id-meta":"","stick-header-meta":"","header-above-stick-meta":"","header-main-stick-meta":"","header-below-stick-meta":"","astra-migrate-meta-layouts":"default","ast-page-background-enabled":"default","ast-page-background-meta":{"desktop":{"background-color":"","background-image":"","background-repeat":"repeat","background-position":"center center","background-size":"auto","background-attachment":"scroll","background-type":"","background-media":"","overlay-type":"","overlay-color":"","overlay-gradient":""},"tablet":{"background-color":"","background-image":"","background-repeat":"repeat","background-position":"center center","background-size":"auto","background-attachment":"scroll","background-type":"","background-media":"","overlay-type":"","overlay-color":"","overlay-gradient":""},"mobile":{"background-color":"","background-image":"","background-repeat":"repeat","background-position":"center center","background-size":"auto","background-attachment":"scroll","background-type":"","background-media":"","overlay-type":"","overlay-color":"","overlay-gradient":""}},"ast-content-background-meta":{"desktop":{"background-color":"var(--ast-global-color-5)","background-image":"","background-repeat":"repeat","background-position":"center center","background-size":"auto","background-attachment":"scroll","background-type":"","background-media":"","overlay-type":"","overlay-color":"","overlay-gradient":""},"tablet":{"background-color":"var(--ast-global-color-5)","background-image":"","background-repeat":"repeat","background-position":"center center","background-size":"auto","background-attachment":"scroll","background-type":"","background-media":"","overlay-type":"","overlay-color":"","overlay-gradient":""},"mobile":{"background-color":"var(--ast-global-color-5)","background-image":"","background-repeat":"repeat","background-position":"center center","background-size":"auto","background-attachment":"scroll","background-type":"","background-media":"","overlay-type":"","overlay-color":"","overlay-gradient":""}},"footnotes":""},"uagb_featured_image_src":{"full":["https:\/\/solar2.standardof.net\/wp-content\/uploads\/sites\/2\/2020\/10\/Solar-2-Header-Background-1.jpeg",1680,1050,false],"thumbnail":["https:\/\/solar2.standardof.net\/wp-content\/uploads\/sites\/2\/2020\/10\/Solar-2-Header-Background-1-150x150.jpeg",150,150,true],"medium":["https:\/\/solar2.standardof.net\/wp-content\/uploads\/sites\/2\/2020\/10\/Solar-2-Header-Background-1-300x188.jpeg",300,188,true],"medium_large":["https:\/\/solar2.standardof.net\/wp-content\/uploads\/sites\/2\/2020\/10\/Solar-2-Header-Background-1.jpeg",768,480,false],"large":["https:\/\/solar2.standardof.net\/wp-content\/uploads\/sites\/2\/2020\/10\/Solar-2-Header-Background-1-1024x640.jpeg",1024,640,true],"1536x1536":["https:\/\/solar2.standardof.net\/wp-content\/uploads\/sites\/2\/2020\/10\/Solar-2-Header-Background-1.jpeg",1536,960,false],"2048x2048":["https:\/\/solar2.standardof.net\/wp-content\/uploads\/sites\/2\/2020\/10\/Solar-2-Header-Background-1.jpeg",1680,1050,false],"trp-custom-language-flag":["https:\/\/solar2.standardof.net\/wp-content\/uploads\/sites\/2\/2020\/10\/Solar-2-Header-Background-1-16x10.jpeg",16,10,true]},"uagb_author_info":{"display_name":"SOE","author_link":"https:\/\/solar2.standardof.net\/es\/author\/k-tastic\/"},"uagb_comment_info":0,"uagb_excerpt":"Assassin Missions 1-3 The assassin missions in Solar 2 task you with taking out a single Nomad ship in each level, one of each type that exists. There is an achievement associated with these mission, Ninja, which requires that you complete all three levels without dying. The video below will show how to do this.&hellip;","_links":{"self":[{"href":"https:\/\/solar2.standardof.net\/es\/wp-json\/wp\/v2\/pages\/54"}],"collection":[{"href":"https:\/\/solar2.standardof.net\/es\/wp-json\/wp\/v2\/pages"}],"about":[{"href":"https:\/\/solar2.standardof.net\/es\/wp-json\/wp\/v2\/types\/page"}],"author":[{"embeddable":true,"href":"https:\/\/solar2.standardof.net\/es\/wp-json\/wp\/v2\/users\/1"}],"replies":[{"embeddable":true,"href":"https:\/\/solar2.standardof.net\/es\/wp-json\/wp\/v2\/comments?post=54"}],"version-history":[{"count":0,"href":"https:\/\/solar2.standardof.net\/es\/wp-json\/wp\/v2\/pages\/54\/revisions"}],"up":[{"embeddable":true,"href":"https:\/\/solar2.standardof.net\/es\/wp-json\/wp\/v2\/pages\/51"}],"wp:featuredmedia":[{"embeddable":true,"href":"https:\/\/solar2.standardof.net\/es\/wp-json\/wp\/v2\/media\/12"}],"wp:attachment":[{"href":"https:\/\/solar2.standardof.net\/es\/wp-json\/wp\/v2\/media?parent=54"}],"curies":[{"name":"wp","href":"https:\/\/api.w.org\/{rel}","templated":true}]}}