{"id":62,"date":"2020-10-13T23:30:10","date_gmt":"2020-10-13T23:30:10","guid":{"rendered":"https:\/\/solar2.standardof.net\/?page_id=62"},"modified":"2020-10-15T14:34:32","modified_gmt":"2020-10-15T14:34:32","slug":"extinction-missions","status":"publish","type":"page","link":"https:\/\/solar2.standardof.net\/es\/solar-2-guide\/etapa-de-asteroide\/misiones-de-extincion\/","title":{"rendered":"Misiones de extinci\u00f3n"},"content":{"rendered":"<h2 class=\"wp-block-heading\">Misiones de extinci\u00f3n<\/h2>\n\n\n\n<p>Este par de misiones que componen la cadena Extinction te permiten manejar una raza de dinosaurios que han evolucionado hasta convertirse en una civilizaci\u00f3n espacial. La Entidad no parece estar de acuerdo con este desarrollo y quiere que se eliminen. Esta cadena de misiones utiliza una combinaci\u00f3n de t\u00e1cticas de los niveles Asesino y Mejor amigo.<\/p>\n\n\n\n<h2 class=\"wp-block-heading\">Extinci\u00f3n 1<\/h2>\n\n\n\n<p>El nivel 1 toma el m\u00e9todo que aprendi\u00f3 en el&nbsp;<strong>Asesino<\/strong>&nbsp;niveles y te enfrenta a un planeta dinosaurio solitario con solo tu propia masa como arma contra tus enemigos. Aunque el planeta ha evolucionado y est\u00e1 protegido, una sola colisi\u00f3n con su asteroide eliminar\u00e1 la vida de la superficie instant\u00e1neamente sin importar su masa.<\/p>\n\n\n\n<p>La idea aqu\u00ed es atraer a todas las formas de vida rojas hostiles para que las persigan y luego dar vueltas alrededor del planeta a una velocidad r\u00e1pida hasta que estos enemigos est\u00e9n en el lado opuesto del planeta, lo que te permitir\u00e1 girar con seguridad y chocar con la superficie. La muerte en este nivel no est\u00e1 penalizada y har\u00e1 que vuelvas a aparecer cerca del sistema Dino. Por esta raz\u00f3n, tambi\u00e9n puede intentar volar directamente al planeta, sin embargo, esto es una cuesti\u00f3n de suerte y tiempo, y puede ser algo impredecible.<\/p>\n\n\n\n<p><strong>Nota:<\/strong>&nbsp;Aunque se cubre en el video principal a continuaci\u00f3n, el video alternativo tiene una mejor estrategia para la primera misi\u00f3n, solo que vale la pena verla.<\/p>\n\n\n\n<div class=\"wp-block-image\"><figure class=\"aligncenter size-large\"><img decoding=\"async\" src=\"https:\/\/solar2.standardof.net\/wp-content\/uploads\/sites\/2\/2020\/10\/Solar-2-Asteroid-Stage-Extinction-Mission-1024x576.jpg\" alt=\"Extinci\u00f3n 1\" class=\"wp-image-63\"\/><figcaption>Eliminando el planeta solitario en Extinction mission 1<\/figcaption><\/figure><\/div>\n\n\n\n<hr class=\"wp-block-separator\"\/>\n\n\n\n<h3 class=\"has-text-align-center wp-block-heading\">Gu\u00eda de video de extinci\u00f3n<\/h3>\n\n\n\n<figure class=\"wp-block-embed-youtube wp-block-embed is-type-video is-provider-youtube wp-embed-aspect-16-9 wp-has-aspect-ratio\"><div class=\"wp-block-embed__wrapper\">\n<div class=\"ast-oembed-container\" style=\"height: 100%;\"><iframe title=\"Misiones de asteroides de Solar 2 - Niveles de extinci\u00f3n - Gu\u00eda paso a paso\" width=\"500\" height=\"281\" src=\"https:\/\/www.youtube.com\/embed\/Ob09uGY2_9w?feature=oembed\" frameborder=\"0\" allow=\"accelerometer; autoplay; clipboard-write; encrypted-media; gyroscope; picture-in-picture; web-share\" referrerpolicy=\"strict-origin-when-cross-origin\" allowfullscreen><\/iframe><\/div>\n<\/div><\/figure>\n\n\n\n<hr class=\"wp-block-separator\"\/>\n\n\n\n<h2 class=\"wp-block-heading\">Extinci\u00f3n 2<\/h2>\n\n\n\n<p>El segundo nivel en la cadena de Extinci\u00f3n ahora toma una p\u00e1gina del nivel de Mejor Amigo, y te permite elegir un arma secreta de una ubicaci\u00f3n cercana, que es un asteroide de materia oscura. Usando las t\u00e1cticas que aprendi\u00f3 anteriormente, deber\u00e1 empujar el asteroide de materia oscura a una velocidad moderada en la direcci\u00f3n de un sistema solar de dinosaurio cercano.<\/p>\n\n\n\n<p>Mientras que antes necesitabas empujar un asteroide hacia otras rocas, esta vez querr\u00e1s evitar otros objetos, llevando tu carga \u00fatil sin impulsarla m\u00e1s r\u00e1pido que t\u00fa, evitando las correcciones de rumbo necesarias que puedas tener que hacer a trav\u00e9s de empujones en vuelo. La clave de la ruta es \u00fatil aqu\u00ed para proporcionar una gu\u00eda para este prop\u00f3sito.<\/p>\n\n\n\n<p>Cuando el asteroide de materia oscura choca con un objeto, se convierte en un agujero negro, as\u00ed que aseg\u00farese de retroceder cuando se acerque a la zona objetivo, ya que debe sobrevivir no solo hasta que demuele la estrella del dinosaurio, sino tambi\u00e9n escapar a una baliza cercana. Si el Agujero Negro se activa demasiado cerca de ti, te consumir\u00e1, garantizado, sin embargo, perder el sistema de dinosaurios y activarlo en alg\u00fan lugar cercano a\u00fan tendr\u00e1 una alta probabilidad de atraer a tus objetivos, as\u00ed que no te rindas si tu objetivo era en lugar de eso, qu\u00e9dese y vea qu\u00e9 pasa.<\/p>\n\n\n\n<div class=\"wp-block-image\"><figure class=\"aligncenter size-large\"><img decoding=\"async\" src=\"https:\/\/solar2.standardof.net\/wp-content\/uploads\/sites\/2\/2020\/10\/Solar-2-Asteroid-Stage-Extinction-Mission-2-1024x576.jpg\" alt=\"Extinci\u00f3n 2\" class=\"wp-image-64\"\/><figcaption>Momentos antes de que el asteroide de materia oscura colisione con su objetivo.<\/figcaption><\/figure><\/div>\n\n\n\n<hr class=\"wp-block-separator\"\/>\n\n\n\n<h3 class=\"has-text-align-center wp-block-heading\">Gu\u00eda de video de estrategia alternativa de extinci\u00f3n<\/h3>\n\n\n\n<figure class=\"wp-block-embed-youtube wp-block-embed is-type-video is-provider-youtube wp-embed-aspect-16-9 wp-has-aspect-ratio\"><div class=\"wp-block-embed__wrapper\">\n<div class=\"ast-oembed-container\" style=\"height: 100%;\"><iframe title=\"Solar 2 - Misiones de asteroides - Estrategia alternativa de Extinci\u00f3n 1\" width=\"500\" height=\"281\" src=\"https:\/\/www.youtube.com\/embed\/FFHv7p7QW2o?feature=oembed\" frameborder=\"0\" allow=\"accelerometer; autoplay; clipboard-write; encrypted-media; gyroscope; picture-in-picture; web-share\" referrerpolicy=\"strict-origin-when-cross-origin\" allowfullscreen><\/iframe><\/div>\n<\/div><\/figure>","protected":false},"excerpt":{"rendered":"<p>Extinction Missions This pair of missions that make up the Extinction chain have you handling a race of Dinosaurs that have evolved to a space faring civilization. The Entity does not seem to be down with this development and wants them eliminated. This mission chain uses a combination of tactics from the Assassin and Best [&hellip;]<\/p>","protected":false},"author":1,"featured_media":12,"parent":51,"menu_order":0,"comment_status":"open","ping_status":"closed","template":"","meta":{"_uag_custom_page_level_css":"","site-sidebar-layout":"default","site-content-layout":"default","ast-site-content-layout":"","site-content-style":"default","site-sidebar-style":"default","ast-global-header-display":"","ast-banner-title-visibility":"","ast-main-header-display":"","ast-hfb-above-header-display":"","ast-hfb-below-header-display":"","ast-hfb-mobile-header-display":"","site-post-title":"","ast-breadcrumbs-content":"","ast-featured-img":"","footer-sml-layout":"","theme-transparent-header-meta":"default","adv-header-id-meta":"","stick-header-meta":"","header-above-stick-meta":"","header-main-stick-meta":"","header-below-stick-meta":"","astra-migrate-meta-layouts":"default","ast-page-background-enabled":"default","ast-page-background-meta":{"desktop":{"background-color":"","background-image":"","background-repeat":"repeat","background-position":"center center","background-size":"auto","background-attachment":"scroll","background-type":"","background-media":"","overlay-type":"","overlay-color":"","overlay-gradient":""},"tablet":{"background-color":"","background-image":"","background-repeat":"repeat","background-position":"center center","background-size":"auto","background-attachment":"scroll","background-type":"","background-media":"","overlay-type":"","overlay-color":"","overlay-gradient":""},"mobile":{"background-color":"","background-image":"","background-repeat":"repeat","background-position":"center center","background-size":"auto","background-attachment":"scroll","background-type":"","background-media":"","overlay-type":"","overlay-color":"","overlay-gradient":""}},"ast-content-background-meta":{"desktop":{"background-color":"var(--ast-global-color-5)","background-image":"","background-repeat":"repeat","background-position":"center center","background-size":"auto","background-attachment":"scroll","background-type":"","background-media":"","overlay-type":"","overlay-color":"","overlay-gradient":""},"tablet":{"background-color":"var(--ast-global-color-5)","background-image":"","background-repeat":"repeat","background-position":"center center","background-size":"auto","background-attachment":"scroll","background-type":"","background-media":"","overlay-type":"","overlay-color":"","overlay-gradient":""},"mobile":{"background-color":"var(--ast-global-color-5)","background-image":"","background-repeat":"repeat","background-position":"center center","background-size":"auto","background-attachment":"scroll","background-type":"","background-media":"","overlay-type":"","overlay-color":"","overlay-gradient":""}},"footnotes":""},"uagb_featured_image_src":{"full":["https:\/\/solar2.standardof.net\/wp-content\/uploads\/sites\/2\/2020\/10\/Solar-2-Header-Background-1.jpeg",1680,1050,false],"thumbnail":["https:\/\/solar2.standardof.net\/wp-content\/uploads\/sites\/2\/2020\/10\/Solar-2-Header-Background-1-150x150.jpeg",150,150,true],"medium":["https:\/\/solar2.standardof.net\/wp-content\/uploads\/sites\/2\/2020\/10\/Solar-2-Header-Background-1-300x188.jpeg",300,188,true],"medium_large":["https:\/\/solar2.standardof.net\/wp-content\/uploads\/sites\/2\/2020\/10\/Solar-2-Header-Background-1.jpeg",768,480,false],"large":["https:\/\/solar2.standardof.net\/wp-content\/uploads\/sites\/2\/2020\/10\/Solar-2-Header-Background-1-1024x640.jpeg",1024,640,true],"1536x1536":["https:\/\/solar2.standardof.net\/wp-content\/uploads\/sites\/2\/2020\/10\/Solar-2-Header-Background-1.jpeg",1536,960,false],"2048x2048":["https:\/\/solar2.standardof.net\/wp-content\/uploads\/sites\/2\/2020\/10\/Solar-2-Header-Background-1.jpeg",1680,1050,false],"trp-custom-language-flag":["https:\/\/solar2.standardof.net\/wp-content\/uploads\/sites\/2\/2020\/10\/Solar-2-Header-Background-1-16x10.jpeg",16,10,true]},"uagb_author_info":{"display_name":"SOE","author_link":"https:\/\/solar2.standardof.net\/es\/author\/k-tastic\/"},"uagb_comment_info":0,"uagb_excerpt":"Extinction Missions This pair of missions that make up the Extinction chain have you handling a race of Dinosaurs that have evolved to a space faring civilization. The Entity does not seem to be down with this development and wants them eliminated. This mission chain uses a combination of tactics from the Assassin and Best&hellip;","_links":{"self":[{"href":"https:\/\/solar2.standardof.net\/es\/wp-json\/wp\/v2\/pages\/62"}],"collection":[{"href":"https:\/\/solar2.standardof.net\/es\/wp-json\/wp\/v2\/pages"}],"about":[{"href":"https:\/\/solar2.standardof.net\/es\/wp-json\/wp\/v2\/types\/page"}],"author":[{"embeddable":true,"href":"https:\/\/solar2.standardof.net\/es\/wp-json\/wp\/v2\/users\/1"}],"replies":[{"embeddable":true,"href":"https:\/\/solar2.standardof.net\/es\/wp-json\/wp\/v2\/comments?post=62"}],"version-history":[{"count":0,"href":"https:\/\/solar2.standardof.net\/es\/wp-json\/wp\/v2\/pages\/62\/revisions"}],"up":[{"embeddable":true,"href":"https:\/\/solar2.standardof.net\/es\/wp-json\/wp\/v2\/pages\/51"}],"wp:featuredmedia":[{"embeddable":true,"href":"https:\/\/solar2.standardof.net\/es\/wp-json\/wp\/v2\/media\/12"}],"wp:attachment":[{"href":"https:\/\/solar2.standardof.net\/es\/wp-json\/wp\/v2\/media?parent=62"}],"curies":[{"name":"wp","href":"https:\/\/api.w.org\/{rel}","templated":true}]}}