{"id":66,"date":"2020-10-13T23:34:30","date_gmt":"2020-10-13T23:34:30","guid":{"rendered":"https:\/\/solar2.standardof.net\/?page_id=66"},"modified":"2020-10-15T14:34:43","modified_gmt":"2020-10-15T14:34:43","slug":"fun-and-games-missions","status":"publish","type":"page","link":"https:\/\/solar2.standardof.net\/es\/solar-2-guide\/etapa-de-asteroide\/misiones-divertidas-y-juegos\/","title":{"rendered":"Misiones de juegos y diversi\u00f3n"},"content":{"rendered":"<p>La serie de misiones Fun and Games en&nbsp;<em>Solar 2<\/em>&nbsp;pone a prueba sus habilidades para maniobrar su asteroide, encargado de esquivar una serie de peligros vol\u00e1tiles que amenazan su existencia.<\/p>\n\n\n\n<h2 class=\"wp-block-heading\">Consejos para estas misiones<\/h2>\n\n\n\n<p>Aseg\u00farese de tener activada la clave de ruta para los tres niveles. Como asteroide, en estas tareas probablemente resulte m\u00e1s \u00fatil tener las l\u00edneas que le muestran la ruta que debe tomar para evitar los diversos peligros a los que se enfrenta. Morir en cualquiera de estas misiones te obligar\u00e1 a reiniciar el nivel en el que estabas.<\/p>\n\n\n\n<hr class=\"wp-block-separator\"\/>\n\n\n\n<h2 class=\"wp-block-heading\">Diversi\u00f3n y juegos 1<\/h2>\n\n\n\n<p>En el primer nivel de esta cadena, debes esquivar cuatro misiles y poner a prueba tus habilidades para llevar estos explosivos hacia otros objetos cercanos para sacarlos de tu cola. Los misiles se acercar\u00e1n a usted desde el lado izquierdo y derecho de la pantalla con un par generado en cada lado, as\u00ed que comience a viajar hacia arriba o hacia abajo en la pantalla antes de que pueda verlos. Si permanece quieto hasta que sean visibles en su pantalla, es probable que lo destruyan antes de alcanzar la velocidad suficiente para evitar ser golpeado.<\/p>\n\n\n\n<p>La clave de ruta en esta misi\u00f3n le permite perder estos misiles con mayor facilidad al mostrarle la direcci\u00f3n de la que vienen, incluso si no est\u00e1 visible en su pantalla, dibujando una l\u00ednea directa desde su ubicaci\u00f3n que se conecta a su asteroide. Desea &quot;romper&quot; estas l\u00edneas coloc\u00e1ndose de manera que un planeta, asteroide o estrella est\u00e9 debajo de la l\u00ednea blanca. Si se hace bien, los misiles chocar\u00e1n directamente con dicho objeto.<\/p>\n\n\n\n<hr class=\"wp-block-separator\"\/>\n\n\n\n<h2 class=\"wp-block-heading\">Diversi\u00f3n y juegos 2<\/h2>\n\n\n\n<p>Igual que el primer nivel, solo m\u00e1s misiles, 40 para ser exactos. Todas las t\u00e1cticas y estrategias son las mismas que la primera vez, con la excepci\u00f3n de un desaf\u00edo mayor. Los planetas y las estrellas ser\u00e1n su prioridad, ya que pueden eliminar varios misiles a la vez, mientras que los asteroides solo eliminar\u00e1n un misil cada uno.<\/p>\n\n\n\n<div class=\"wp-block-image\"><figure class=\"aligncenter size-large\"><img decoding=\"async\" src=\"https:\/\/solar2.standardof.net\/wp-content\/uploads\/sites\/2\/2020\/10\/Solar-2-Asteroid-Stage-Fun-and-Games-Mission-2-1024x576.jpg\" alt=\"Diversi\u00f3n y juegos 2\" class=\"wp-image-67\"\/><figcaption>Llevando algunos misiles a un planeta en Fun and Games 2<\/figcaption><\/figure><\/div>\n\n\n\n<hr class=\"wp-block-separator\"\/>\n\n\n\n<h2 class=\"wp-block-heading\">Diversi\u00f3n y juegos 3<\/h2>\n\n\n\n<p>Ahora el desaf\u00edo realmente sube de nivel, cambiando los objetos que te lanzan de un lote de misiles a una serie de estrellas que tendr\u00e1s que esquivar continuamente durante 20 segundos. Las t\u00e1cticas en este nivel realmente cambian, ya que ahora est\u00e1s lidiando con una generaci\u00f3n constante de objetos con pozos de gravedad que pueden afectar tu movimiento simplemente pasando a tu lado.<\/p>\n\n\n\n<p>Lo mejor que puede hacer aqu\u00ed es hacer un patr\u00f3n en zigzag, cambiando de direcci\u00f3n cada segundo, ya que se necesita un segundo para que aparezca una nueva estrella y siempre parece aparecer viajando en la direcci\u00f3n a la que se dirigi\u00f3 en ese momento. Si encuentra un sistema solar cercano, podr\u00eda ayudarlo como una semi barrera, sin embargo, debe evitar viajar demasiado r\u00e1pido o lejos, ya que una velocidad moderada es m\u00e1s \u00fatil cuando se trata del cambio constante de direcciones que debe hacer.<\/p>\n\n\n\n<div class=\"wp-block-image\"><figure class=\"aligncenter size-large is-resized\"><img decoding=\"async\" src=\"https:\/\/solar2.standardof.net\/wp-content\/uploads\/sites\/2\/2020\/10\/Solar-2-Asteroid-Stage-Fun-and-Games-Mission-3-1024x576.jpg\" alt=\"Diversi\u00f3n y juegos 3\" class=\"wp-image-68\" width=\"1024\" height=\"576\"\/><figcaption>Esquivando estrellas en el nivel 3 de Diversi\u00f3n y juegos<\/figcaption><\/figure><\/div>\n\n\n\n<hr class=\"wp-block-separator\"\/>\n\n\n\n<h3 class=\"wp-block-heading\">Video gu\u00eda de juegos y diversi\u00f3n<\/h3>\n\n\n\n<figure class=\"wp-block-embed-youtube wp-block-embed is-type-video is-provider-youtube wp-embed-aspect-16-9 wp-has-aspect-ratio\"><div class=\"wp-block-embed__wrapper\">\n<div class=\"ast-oembed-container\" style=\"height: 100%;\"><iframe title=\"Misiones de asteroides de Solar 2 - Niveles de diversi\u00f3n y juegos - Gu\u00eda paso a paso\" width=\"500\" height=\"281\" src=\"https:\/\/www.youtube.com\/embed\/SOXmzRhfOs4?feature=oembed\" frameborder=\"0\" allow=\"accelerometer; autoplay; clipboard-write; encrypted-media; gyroscope; picture-in-picture; web-share\" referrerpolicy=\"strict-origin-when-cross-origin\" allowfullscreen><\/iframe><\/div>\n<\/div><\/figure>","protected":false},"excerpt":{"rendered":"<p>The Fun and Games series of missions in&nbsp;Solar 2&nbsp;tests your skills at maneuvering your asteroid, tasked with dodging a series of volatile hazards that threaten your existence. Tips For These Missions Make sure you have the path key turned on for all three of these levels. As an asteroid, these tasks are probably where having [&hellip;]<\/p>","protected":false},"author":1,"featured_media":12,"parent":51,"menu_order":0,"comment_status":"open","ping_status":"closed","template":"","meta":{"_uag_custom_page_level_css":"","site-sidebar-layout":"default","site-content-layout":"default","ast-site-content-layout":"","site-content-style":"default","site-sidebar-style":"default","ast-global-header-display":"","ast-banner-title-visibility":"","ast-main-header-display":"","ast-hfb-above-header-display":"","ast-hfb-below-header-display":"","ast-hfb-mobile-header-display":"","site-post-title":"","ast-breadcrumbs-content":"","ast-featured-img":"","footer-sml-layout":"","theme-transparent-header-meta":"default","adv-header-id-meta":"","stick-header-meta":"","header-above-stick-meta":"","header-main-stick-meta":"","header-below-stick-meta":"","astra-migrate-meta-layouts":"default","ast-page-background-enabled":"default","ast-page-background-meta":{"desktop":{"background-color":"","background-image":"","background-repeat":"repeat","background-position":"center center","background-size":"auto","background-attachment":"scroll","background-type":"","background-media":"","overlay-type":"","overlay-color":"","overlay-gradient":""},"tablet":{"background-color":"","background-image":"","background-repeat":"repeat","background-position":"center center","background-size":"auto","background-attachment":"scroll","background-type":"","background-media":"","overlay-type":"","overlay-color":"","overlay-gradient":""},"mobile":{"background-color":"","background-image":"","background-repeat":"repeat","background-position":"center center","background-size":"auto","background-attachment":"scroll","background-type":"","background-media":"","overlay-type":"","overlay-color":"","overlay-gradient":""}},"ast-content-background-meta":{"desktop":{"background-color":"var(--ast-global-color-5)","background-image":"","background-repeat":"repeat","background-position":"center center","background-size":"auto","background-attachment":"scroll","background-type":"","background-media":"","overlay-type":"","overlay-color":"","overlay-gradient":""},"tablet":{"background-color":"var(--ast-global-color-5)","background-image":"","background-repeat":"repeat","background-position":"center center","background-size":"auto","background-attachment":"scroll","background-type":"","background-media":"","overlay-type":"","overlay-color":"","overlay-gradient":""},"mobile":{"background-color":"var(--ast-global-color-5)","background-image":"","background-repeat":"repeat","background-position":"center center","background-size":"auto","background-attachment":"scroll","background-type":"","background-media":"","overlay-type":"","overlay-color":"","overlay-gradient":""}},"footnotes":""},"uagb_featured_image_src":{"full":["https:\/\/solar2.standardof.net\/wp-content\/uploads\/sites\/2\/2020\/10\/Solar-2-Header-Background-1.jpeg",1680,1050,false],"thumbnail":["https:\/\/solar2.standardof.net\/wp-content\/uploads\/sites\/2\/2020\/10\/Solar-2-Header-Background-1-150x150.jpeg",150,150,true],"medium":["https:\/\/solar2.standardof.net\/wp-content\/uploads\/sites\/2\/2020\/10\/Solar-2-Header-Background-1-300x188.jpeg",300,188,true],"medium_large":["https:\/\/solar2.standardof.net\/wp-content\/uploads\/sites\/2\/2020\/10\/Solar-2-Header-Background-1.jpeg",768,480,false],"large":["https:\/\/solar2.standardof.net\/wp-content\/uploads\/sites\/2\/2020\/10\/Solar-2-Header-Background-1-1024x640.jpeg",1024,640,true],"1536x1536":["https:\/\/solar2.standardof.net\/wp-content\/uploads\/sites\/2\/2020\/10\/Solar-2-Header-Background-1.jpeg",1536,960,false],"2048x2048":["https:\/\/solar2.standardof.net\/wp-content\/uploads\/sites\/2\/2020\/10\/Solar-2-Header-Background-1.jpeg",1680,1050,false],"trp-custom-language-flag":["https:\/\/solar2.standardof.net\/wp-content\/uploads\/sites\/2\/2020\/10\/Solar-2-Header-Background-1-16x10.jpeg",16,10,true]},"uagb_author_info":{"display_name":"SOE","author_link":"https:\/\/solar2.standardof.net\/es\/author\/k-tastic\/"},"uagb_comment_info":0,"uagb_excerpt":"The Fun and Games series of missions in&nbsp;Solar 2&nbsp;tests your skills at maneuvering your asteroid, tasked with dodging a series of volatile hazards that threaten your existence. Tips For These Missions Make sure you have the path key turned on for all three of these levels. As an asteroid, these tasks are probably where having&hellip;","_links":{"self":[{"href":"https:\/\/solar2.standardof.net\/es\/wp-json\/wp\/v2\/pages\/66"}],"collection":[{"href":"https:\/\/solar2.standardof.net\/es\/wp-json\/wp\/v2\/pages"}],"about":[{"href":"https:\/\/solar2.standardof.net\/es\/wp-json\/wp\/v2\/types\/page"}],"author":[{"embeddable":true,"href":"https:\/\/solar2.standardof.net\/es\/wp-json\/wp\/v2\/users\/1"}],"replies":[{"embeddable":true,"href":"https:\/\/solar2.standardof.net\/es\/wp-json\/wp\/v2\/comments?post=66"}],"version-history":[{"count":0,"href":"https:\/\/solar2.standardof.net\/es\/wp-json\/wp\/v2\/pages\/66\/revisions"}],"up":[{"embeddable":true,"href":"https:\/\/solar2.standardof.net\/es\/wp-json\/wp\/v2\/pages\/51"}],"wp:featuredmedia":[{"embeddable":true,"href":"https:\/\/solar2.standardof.net\/es\/wp-json\/wp\/v2\/media\/12"}],"wp:attachment":[{"href":"https:\/\/solar2.standardof.net\/es\/wp-json\/wp\/v2\/media?parent=66"}],"curies":[{"name":"wp","href":"https:\/\/api.w.org\/{rel}","templated":true}]}}