{"id":70,"date":"2020-10-13T23:41:20","date_gmt":"2020-10-13T23:41:20","guid":{"rendered":"https:\/\/solar2.standardof.net\/?page_id=70"},"modified":"2020-10-15T14:34:24","modified_gmt":"2020-10-15T14:34:24","slug":"challenge-mission-1-stay-young","status":"publish","type":"page","link":"https:\/\/solar2.standardof.net\/es\/solar-2-guide\/etapa-de-asteroide\/desafio-mision-1-mantente-joven\/","title":{"rendered":"Misi\u00f3n 1 del desaf\u00edo del asteroide: Mantente joven"},"content":{"rendered":"<div class=\"wp-block-image\"><figure class=\"aligncenter size-large\"><img decoding=\"async\" src=\"https:\/\/solar2.standardof.net\/wp-content\/uploads\/sites\/2\/2020\/10\/Solar-2-Asteroid-Stage-Challenge-Mission-1-Stay-Young-1024x576.jpg\" alt=\"Misi\u00f3n 1 del desaf\u00edo del asteroide: Mantente joven\" class=\"wp-image-72\"\/><figcaption>Esquivando anillos espirales de asteroides para mantenerse joven <\/figcaption><\/figure><\/div>\n\n\n\n<h3 class=\"wp-block-heading\">Misi\u00f3n de desaf\u00edo 1: Mantente joven<\/h3>\n\n\n\n<p>En la primera misi\u00f3n de desaf\u00edo de asteroides, Stay Young, tienes la tarea de mantener tu roca dentro de un gran c\u00edrculo dibujado en el espacio mientras una oleada tras otra de pilas de asteroides se lanzan hacia ti y dentro del anillo en general. El truco aqu\u00ed es que debes evitar evolucionar a un Planeta Peque\u00f1o el mayor tiempo posible, lo que se dificulta al tener que evitar colisiones con otros asteroides para hacerlo.<\/p>\n\n\n\n<p>Puntuaci\u00f3n f\u00e1cil: 15 segundos<br>Puntuaci\u00f3n media: 25 segundos&nbsp;<br>Puntuaci\u00f3n dif\u00edcil: 40 segundos<\/p>\n\n\n\n<p>La idea general para superar la puntuaci\u00f3n dura en Stay Young es moverse en un patr\u00f3n circular, aprovechando su r\u00e1pida aceleraci\u00f3n mientras a\u00fan es una peque\u00f1a roca para esquivar las olas entrantes. Los asteroides vendr\u00e1n hacia ti en un patr\u00f3n en espiral que se centra en tu ubicaci\u00f3n actual cuando se genera la ola. Elija la rotaci\u00f3n en sentido horario o antihorario para su camino y ag\u00e1chese y esquive seg\u00fan sea necesario. Si se vuelve demasiado grande como un asteroide, se encontrar\u00e1 teniendo cada vez m\u00e1s dificultades para evitar m\u00e1s colisiones debido a su tama\u00f1o y gravedad. Finalmente, mant\u00e9ngase alejado de los planetas que logran desovar, lo que puede suceder en el centro de las espirales donde los asteroides chocan entre s\u00ed, ya que su gravedad lo atraer\u00e1 y lanzar\u00e1 los movimientos precisos que necesita para realizar.<\/p>\n\n\n\n<hr class=\"wp-block-separator\"\/>\n\n\n\n<h3 class=\"has-text-align-center wp-block-heading\">Gu\u00eda de video Stay Young<\/h3>\n\n\n\n<figure class=\"wp-block-embed-youtube wp-block-embed is-type-video is-provider-youtube wp-embed-aspect-16-9 wp-has-aspect-ratio\"><div class=\"wp-block-embed__wrapper\">\n<div class=\"ast-oembed-container\" style=\"height: 100%;\"><iframe title=\"Solar 2 - Mantente joven - Misi\u00f3n Desaf\u00edo de asteroides - Puntuaci\u00f3n dif\u00edcil\" width=\"500\" height=\"281\" src=\"https:\/\/www.youtube.com\/embed\/PrWAKHmFEf4?feature=oembed\" frameborder=\"0\" allow=\"accelerometer; autoplay; clipboard-write; encrypted-media; gyroscope; picture-in-picture; web-share\" referrerpolicy=\"strict-origin-when-cross-origin\" allowfullscreen><\/iframe><\/div>\n<\/div><\/figure>","protected":false},"excerpt":{"rendered":"<p>Challenge Mission 1: Stay Young In the first Asteroid challenge mission, Stay Young, you are tasked with keeping your rock within a large circle drawn in space while wave after wave of piles of asteroids are thrown at you and inside the ring in general. The trick here is that you have to keep from [&hellip;]<\/p>","protected":false},"author":1,"featured_media":12,"parent":51,"menu_order":0,"comment_status":"open","ping_status":"closed","template":"","meta":{"_uag_custom_page_level_css":"","site-sidebar-layout":"default","site-content-layout":"default","ast-site-content-layout":"","site-content-style":"default","site-sidebar-style":"default","ast-global-header-display":"","ast-banner-title-visibility":"","ast-main-header-display":"","ast-hfb-above-header-display":"","ast-hfb-below-header-display":"","ast-hfb-mobile-header-display":"","site-post-title":"","ast-breadcrumbs-content":"","ast-featured-img":"","footer-sml-layout":"","theme-transparent-header-meta":"default","adv-header-id-meta":"","stick-header-meta":"","header-above-stick-meta":"","header-main-stick-meta":"","header-below-stick-meta":"","astra-migrate-meta-layouts":"default","ast-page-background-enabled":"default","ast-page-background-meta":{"desktop":{"background-color":"","background-image":"","background-repeat":"repeat","background-position":"center center","background-size":"auto","background-attachment":"scroll","background-type":"","background-media":"","overlay-type":"","overlay-color":"","overlay-gradient":""},"tablet":{"background-color":"","background-image":"","background-repeat":"repeat","background-position":"center center","background-size":"auto","background-attachment":"scroll","background-type":"","background-media":"","overlay-type":"","overlay-color":"","overlay-gradient":""},"mobile":{"background-color":"","background-image":"","background-repeat":"repeat","background-position":"center center","background-size":"auto","background-attachment":"scroll","background-type":"","background-media":"","overlay-type":"","overlay-color":"","overlay-gradient":""}},"ast-content-background-meta":{"desktop":{"background-color":"var(--ast-global-color-5)","background-image":"","background-repeat":"repeat","background-position":"center center","background-size":"auto","background-attachment":"scroll","background-type":"","background-media":"","overlay-type":"","overlay-color":"","overlay-gradient":""},"tablet":{"background-color":"var(--ast-global-color-5)","background-image":"","background-repeat":"repeat","background-position":"center center","background-size":"auto","background-attachment":"scroll","background-type":"","background-media":"","overlay-type":"","overlay-color":"","overlay-gradient":""},"mobile":{"background-color":"var(--ast-global-color-5)","background-image":"","background-repeat":"repeat","background-position":"center center","background-size":"auto","background-attachment":"scroll","background-type":"","background-media":"","overlay-type":"","overlay-color":"","overlay-gradient":""}},"footnotes":""},"uagb_featured_image_src":{"full":["https:\/\/solar2.standardof.net\/wp-content\/uploads\/sites\/2\/2020\/10\/Solar-2-Header-Background-1.jpeg",1680,1050,false],"thumbnail":["https:\/\/solar2.standardof.net\/wp-content\/uploads\/sites\/2\/2020\/10\/Solar-2-Header-Background-1-150x150.jpeg",150,150,true],"medium":["https:\/\/solar2.standardof.net\/wp-content\/uploads\/sites\/2\/2020\/10\/Solar-2-Header-Background-1-300x188.jpeg",300,188,true],"medium_large":["https:\/\/solar2.standardof.net\/wp-content\/uploads\/sites\/2\/2020\/10\/Solar-2-Header-Background-1.jpeg",768,480,false],"large":["https:\/\/solar2.standardof.net\/wp-content\/uploads\/sites\/2\/2020\/10\/Solar-2-Header-Background-1-1024x640.jpeg",1024,640,true],"1536x1536":["https:\/\/solar2.standardof.net\/wp-content\/uploads\/sites\/2\/2020\/10\/Solar-2-Header-Background-1.jpeg",1536,960,false],"2048x2048":["https:\/\/solar2.standardof.net\/wp-content\/uploads\/sites\/2\/2020\/10\/Solar-2-Header-Background-1.jpeg",1680,1050,false],"trp-custom-language-flag":["https:\/\/solar2.standardof.net\/wp-content\/uploads\/sites\/2\/2020\/10\/Solar-2-Header-Background-1-16x10.jpeg",16,10,true]},"uagb_author_info":{"display_name":"SOE","author_link":"https:\/\/solar2.standardof.net\/es\/author\/k-tastic\/"},"uagb_comment_info":0,"uagb_excerpt":"Challenge Mission 1: Stay Young In the first Asteroid challenge mission, Stay Young, you are tasked with keeping your rock within a large circle drawn in space while wave after wave of piles of asteroids are thrown at you and inside the ring in general. The trick here is that you have to keep from&hellip;","_links":{"self":[{"href":"https:\/\/solar2.standardof.net\/es\/wp-json\/wp\/v2\/pages\/70"}],"collection":[{"href":"https:\/\/solar2.standardof.net\/es\/wp-json\/wp\/v2\/pages"}],"about":[{"href":"https:\/\/solar2.standardof.net\/es\/wp-json\/wp\/v2\/types\/page"}],"author":[{"embeddable":true,"href":"https:\/\/solar2.standardof.net\/es\/wp-json\/wp\/v2\/users\/1"}],"replies":[{"embeddable":true,"href":"https:\/\/solar2.standardof.net\/es\/wp-json\/wp\/v2\/comments?post=70"}],"version-history":[{"count":0,"href":"https:\/\/solar2.standardof.net\/es\/wp-json\/wp\/v2\/pages\/70\/revisions"}],"up":[{"embeddable":true,"href":"https:\/\/solar2.standardof.net\/es\/wp-json\/wp\/v2\/pages\/51"}],"wp:featuredmedia":[{"embeddable":true,"href":"https:\/\/solar2.standardof.net\/es\/wp-json\/wp\/v2\/media\/12"}],"wp:attachment":[{"href":"https:\/\/solar2.standardof.net\/es\/wp-json\/wp\/v2\/media?parent=70"}],"curies":[{"name":"wp","href":"https:\/\/api.w.org\/{rel}","templated":true}]}}