{"id":71,"date":"2020-10-13T23:44:39","date_gmt":"2020-10-13T23:44:39","guid":{"rendered":"https:\/\/solar2.standardof.net\/?page_id=71"},"modified":"2020-10-14T12:52:22","modified_gmt":"2020-10-14T12:52:22","slug":"challenge-mission-2-zombie-geometry","status":"publish","type":"page","link":"https:\/\/solar2.standardof.net\/es\/solar-2-guide\/etapa-de-asteroide\/desafio-mision-2-geometria-zombi\/","title":{"rendered":"Misi\u00f3n de desaf\u00edo de asteroides 2: geometr\u00eda zombi"},"content":{"rendered":"<h2 class=\"wp-block-heading\">Misi\u00f3n desaf\u00edo 2: geometr\u00eda zombi<\/h2>\n\n\n\n<figure class=\"wp-block-gallery columns-2 is-cropped wp-block-gallery-1 is-layout-flex wp-block-gallery-is-layout-flex\"><ul class=\"blocks-gallery-grid\"><li class=\"blocks-gallery-item\"><figure><img decoding=\"async\" src=\"https:\/\/solar2.standardof.net\/wp-content\/uploads\/sites\/2\/2020\/10\/Solar-2-Asteroid-Stage-Challenge-Mission-2-Zombie-Geometry-1-1024x576.jpg\" alt=\"Misi\u00f3n de desaf\u00edo de asteroides 2: geometr\u00eda zombi\" data-id=\"74\" data-full-url=\"https:\/\/solar2.standardof.net\/wp-content\/uploads\/sites\/2\/2020\/10\/Solar-2-Asteroid-Stage-Challenge-Mission-2-Zombie-Geometry-1.jpg\" data-link=\"https:\/\/solar2.standardof.net\/?attachment_id=74\" class=\"wp-image-74\"\/><figcaption class=\"blocks-gallery-item__caption\">Zombie Geometry comienza algo simple.<\/figcaption><\/figure><\/li><li class=\"blocks-gallery-item\"><figure><img decoding=\"async\" width=\"1024\" height=\"576\" src=\"https:\/\/solar2.standardof.net\/wp-content\/uploads\/sites\/2\/2020\/10\/Solar-2-Asteroid-Stage-Challenge-Mission-2-Zombie-Geometry-2-1024x576.jpg\" alt=\"Misi\u00f3n de desaf\u00edo de asteroides 2: geometr\u00eda zombi\" data-id=\"75\" data-full-url=\"https:\/\/solar2.standardof.net\/wp-content\/uploads\/sites\/2\/2020\/10\/Solar-2-Asteroid-Stage-Challenge-Mission-2-Zombie-Geometry-2.jpg\" data-link=\"https:\/\/solar2.standardof.net\/?attachment_id=75\" class=\"wp-image-75\" srcset=\"https:\/\/solar2.standardof.net\/wp-content\/uploads\/sites\/2\/2020\/10\/Solar-2-Asteroid-Stage-Challenge-Mission-2-Zombie-Geometry-2-1024x576.jpg 1024w, https:\/\/solar2.standardof.net\/wp-content\/uploads\/sites\/2\/2020\/10\/Solar-2-Asteroid-Stage-Challenge-Mission-2-Zombie-Geometry-2-300x169.jpg 300w, https:\/\/solar2.standardof.net\/wp-content\/uploads\/sites\/2\/2020\/10\/Solar-2-Asteroid-Stage-Challenge-Mission-2-Zombie-Geometry-2-16x9.jpg 16w, https:\/\/solar2.standardof.net\/wp-content\/uploads\/sites\/2\/2020\/10\/Solar-2-Asteroid-Stage-Challenge-Mission-2-Zombie-Geometry-2.jpg 1920w\" sizes=\"(max-width: 1024px) 100vw, 1024px\" \/><figcaption class=\"blocks-gallery-item__caption\">Luego lo lleva a niveles extremos de dificultad.<\/figcaption><\/figure><\/li><\/ul><\/figure>\n\n\n\n<p>La segunda misi\u00f3n de desaf\u00edo disponible en Asteroid Stage es Zombie Geometry, que te involucra esquivar obst\u00e1culos nuevamente, al igual que en el desaf\u00edo anterior, pero con sus propios giros especiales. Nuevamente, tendr\u00e1 que esperar un temporizador para alcanzar la puntuaci\u00f3n que necesita.<\/p>\n\n\n\n<p>Puntuaci\u00f3n f\u00e1cil: 30 segundos<br>Puntuaci\u00f3n media: 1 minuto<br>Puntaje dif\u00edcil: 1:30 (1 minuto, 30 segundos)<\/p>\n\n\n\n<p>El truco general para este nivel es determinar r\u00e1pidamente el camino de los obst\u00e1culos que vuelan hacia ti en cada ola mientras buscas una apertura adecuada lo antes posible. Todos los elementos que encuentres te aniquilar\u00e1n de un solo golpe, por lo que tendr\u00e1s que evitar cualquier colisi\u00f3n. Otro giro \u00fanico aqu\u00ed es que su pantalla se ver\u00e1 en una secci\u00f3n del espacio, con obst\u00e1culos apareciendo en los bordes, por lo que su movilidad est\u00e1 limitada hasta cierto punto, teniendo que permanecer dentro de los l\u00edmites de la pantalla. Dado que la mayor\u00eda de los objetos que vuelan hacia ti ser\u00e1n misiles, puedes usar sus rastros para darte una idea temprana de d\u00f3nde volar\u00e1n. Finalmente, tenga en cuenta que las olas son las mismas en cada jugada y no cambiar\u00e1n dependiendo de su ubicaci\u00f3n en el espacio, por lo que intentarlo varias veces tambi\u00e9n le permitir\u00e1 predecir lo que debe hacer para avanzar m\u00e1s.<\/p>\n\n\n\n<hr class=\"wp-block-separator\"\/>\n\n\n\n<h3 class=\"has-text-align-center wp-block-heading\">Video gu\u00eda de geometr\u00eda zombi<\/h3>\n\n\n\n<figure class=\"wp-block-embed-youtube wp-block-embed is-type-video is-provider-youtube wp-embed-aspect-16-9 wp-has-aspect-ratio\"><div class=\"wp-block-embed__wrapper\">\n<div class=\"ast-oembed-container\" style=\"height: 100%;\"><iframe title=\"Solar 2 - Geometr\u00eda zombi - Misi\u00f3n desaf\u00edo de asteroides - Puntuaci\u00f3n dif\u00edcil\" width=\"500\" height=\"281\" src=\"https:\/\/www.youtube.com\/embed\/G8jma-WSMQk?feature=oembed\" frameborder=\"0\" allow=\"accelerometer; autoplay; clipboard-write; encrypted-media; gyroscope; picture-in-picture; web-share\" referrerpolicy=\"strict-origin-when-cross-origin\" allowfullscreen><\/iframe><\/div>\n<\/div><\/figure>","protected":false},"excerpt":{"rendered":"<p>Challenge Mission 2: Zombie Geometry The second challenge mission available in the Asteroid Stage is Zombie Geometry, which involves you dodging obstacles again, much like in the previous challenge, however with it&#8217;s own special twists. Again, you will have to wait out a timer to reach the score you need. Easy Score: 30 secondsMedium Score: [&hellip;]<\/p>","protected":false},"author":1,"featured_media":12,"parent":51,"menu_order":0,"comment_status":"open","ping_status":"closed","template":"","meta":{"_uag_custom_page_level_css":"","site-sidebar-layout":"default","site-content-layout":"default","ast-site-content-layout":"","site-content-style":"default","site-sidebar-style":"default","ast-global-header-display":"","ast-banner-title-visibility":"","ast-main-header-display":"","ast-hfb-above-header-display":"","ast-hfb-below-header-display":"","ast-hfb-mobile-header-display":"","site-post-title":"","ast-breadcrumbs-content":"","ast-featured-img":"","footer-sml-layout":"","theme-transparent-header-meta":"default","adv-header-id-meta":"","stick-header-meta":"","header-above-stick-meta":"","header-main-stick-meta":"","header-below-stick-meta":"","astra-migrate-meta-layouts":"default","ast-page-background-enabled":"default","ast-page-background-meta":{"desktop":{"background-color":"","background-image":"","background-repeat":"repeat","background-position":"center center","background-size":"auto","background-attachment":"scroll","background-type":"","background-media":"","overlay-type":"","overlay-color":"","overlay-gradient":""},"tablet":{"background-color":"","background-image":"","background-repeat":"repeat","background-position":"center center","background-size":"auto","background-attachment":"scroll","background-type":"","background-media":"","overlay-type":"","overlay-color":"","overlay-gradient":""},"mobile":{"background-color":"","background-image":"","background-repeat":"repeat","background-position":"center center","background-size":"auto","background-attachment":"scroll","background-type":"","background-media":"","overlay-type":"","overlay-color":"","overlay-gradient":""}},"ast-content-background-meta":{"desktop":{"background-color":"var(--ast-global-color-5)","background-image":"","background-repeat":"repeat","background-position":"center center","background-size":"auto","background-attachment":"scroll","background-type":"","background-media":"","overlay-type":"","overlay-color":"","overlay-gradient":""},"tablet":{"background-color":"var(--ast-global-color-5)","background-image":"","background-repeat":"repeat","background-position":"center center","background-size":"auto","background-attachment":"scroll","background-type":"","background-media":"","overlay-type":"","overlay-color":"","overlay-gradient":""},"mobile":{"background-color":"var(--ast-global-color-5)","background-image":"","background-repeat":"repeat","background-position":"center center","background-size":"auto","background-attachment":"scroll","background-type":"","background-media":"","overlay-type":"","overlay-color":"","overlay-gradient":""}},"footnotes":""},"uagb_featured_image_src":{"full":["https:\/\/solar2.standardof.net\/wp-content\/uploads\/sites\/2\/2020\/10\/Solar-2-Header-Background-1.jpeg",1680,1050,false],"thumbnail":["https:\/\/solar2.standardof.net\/wp-content\/uploads\/sites\/2\/2020\/10\/Solar-2-Header-Background-1-150x150.jpeg",150,150,true],"medium":["https:\/\/solar2.standardof.net\/wp-content\/uploads\/sites\/2\/2020\/10\/Solar-2-Header-Background-1-300x188.jpeg",300,188,true],"medium_large":["https:\/\/solar2.standardof.net\/wp-content\/uploads\/sites\/2\/2020\/10\/Solar-2-Header-Background-1.jpeg",768,480,false],"large":["https:\/\/solar2.standardof.net\/wp-content\/uploads\/sites\/2\/2020\/10\/Solar-2-Header-Background-1-1024x640.jpeg",1024,640,true],"1536x1536":["https:\/\/solar2.standardof.net\/wp-content\/uploads\/sites\/2\/2020\/10\/Solar-2-Header-Background-1.jpeg",1536,960,false],"2048x2048":["https:\/\/solar2.standardof.net\/wp-content\/uploads\/sites\/2\/2020\/10\/Solar-2-Header-Background-1.jpeg",1680,1050,false],"trp-custom-language-flag":["https:\/\/solar2.standardof.net\/wp-content\/uploads\/sites\/2\/2020\/10\/Solar-2-Header-Background-1-16x10.jpeg",16,10,true]},"uagb_author_info":{"display_name":"SOE","author_link":"https:\/\/solar2.standardof.net\/es\/author\/k-tastic\/"},"uagb_comment_info":0,"uagb_excerpt":"Challenge Mission 2: Zombie Geometry The second challenge mission available in the Asteroid Stage is Zombie Geometry, which involves you dodging obstacles again, much like in the previous challenge, however with it&#8217;s own special twists. Again, you will have to wait out a timer to reach the score you need. Easy Score: 30 secondsMedium Score:&hellip;","_links":{"self":[{"href":"https:\/\/solar2.standardof.net\/es\/wp-json\/wp\/v2\/pages\/71"}],"collection":[{"href":"https:\/\/solar2.standardof.net\/es\/wp-json\/wp\/v2\/pages"}],"about":[{"href":"https:\/\/solar2.standardof.net\/es\/wp-json\/wp\/v2\/types\/page"}],"author":[{"embeddable":true,"href":"https:\/\/solar2.standardof.net\/es\/wp-json\/wp\/v2\/users\/1"}],"replies":[{"embeddable":true,"href":"https:\/\/solar2.standardof.net\/es\/wp-json\/wp\/v2\/comments?post=71"}],"version-history":[{"count":0,"href":"https:\/\/solar2.standardof.net\/es\/wp-json\/wp\/v2\/pages\/71\/revisions"}],"up":[{"embeddable":true,"href":"https:\/\/solar2.standardof.net\/es\/wp-json\/wp\/v2\/pages\/51"}],"wp:featuredmedia":[{"embeddable":true,"href":"https:\/\/solar2.standardof.net\/es\/wp-json\/wp\/v2\/media\/12"}],"wp:attachment":[{"href":"https:\/\/solar2.standardof.net\/es\/wp-json\/wp\/v2\/media?parent=71"}],"curies":[{"name":"wp","href":"https:\/\/api.w.org\/{rel}","templated":true}]}}