{"id":89,"date":"2020-10-14T00:09:48","date_gmt":"2020-10-14T00:09:48","guid":{"rendered":"https:\/\/solar2.standardof.net\/?page_id=89"},"modified":"2020-10-14T12:53:12","modified_gmt":"2020-10-14T12:53:12","slug":"concert-mission-2-planetary-soloist-achievement","status":"publish","type":"page","link":"https:\/\/solar2.standardof.net\/es\/solar-2-guide\/etapa-planetaria\/concierto-mision-2-solista-planetario-logro\/","title":{"rendered":"Misi\u00f3n de concierto 2 y el logro &quot;Solista planetario&quot;"},"content":{"rendered":"<h2 class=\"wp-block-heading\">Misi\u00f3n de concierto 2<\/h2>\n\n\n\n<p>Si completa esta misi\u00f3n normalmente, lo mejor que puede hacer es hacerlo como un planeta de vida completamente evolucionado, ya que los escudos proporcionados son incluso m\u00e1s \u00fatiles aqu\u00ed que en el nivel anterior. Las torretas y los barcos en su mayor parte no ser\u00e1n muy \u00fatiles, ya que los peligros a los que te enfrentas vendr\u00e1n en forma de asteroides, luego planetas, luego estrellas y finalmente una combinaci\u00f3n de los tres que tendr\u00e1s que esquivar continuamente.<\/p>\n\n\n\n<p>La clave de ruta (P) es absolutamente esencial aqu\u00ed, ya que te dar\u00e1 una excelente idea de hacia d\u00f3nde se dirigen la gran cantidad de objetos a los que te enfrentar\u00e1s. Las direcciones en las que viajan y aparecen estos obst\u00e1culos son completamente aleatorias a lo largo del nivel. .<\/p>\n\n\n\n<div class=\"wp-block-image\"><figure class=\"aligncenter size-large\"><img decoding=\"async\" width=\"1024\" height=\"576\" src=\"https:\/\/solar2.standardof.net\/wp-content\/uploads\/sites\/2\/2020\/10\/Solar-2-Planet-Stage-Concert-Mission-2-1024x576.jpg\" alt=\"\" class=\"wp-image-90\" srcset=\"https:\/\/solar2.standardof.net\/wp-content\/uploads\/sites\/2\/2020\/10\/Solar-2-Planet-Stage-Concert-Mission-2-1024x576.jpg 1024w, https:\/\/solar2.standardof.net\/wp-content\/uploads\/sites\/2\/2020\/10\/Solar-2-Planet-Stage-Concert-Mission-2-300x169.jpg 300w, https:\/\/solar2.standardof.net\/wp-content\/uploads\/sites\/2\/2020\/10\/Solar-2-Planet-Stage-Concert-Mission-2-16x9.jpg 16w, https:\/\/solar2.standardof.net\/wp-content\/uploads\/sites\/2\/2020\/10\/Solar-2-Planet-Stage-Concert-Mission-2.jpg 1280w\" sizes=\"(max-width: 1024px) 100vw, 1024px\" \/><figcaption>Usando la clave de ruta y un Sistema Solar cercano como escudo en Concert 2<\/figcaption><\/figure><\/div>\n\n\n\n<h2 class=\"wp-block-heading\">Logro de &quot;Solista planetario&quot;<\/h2>\n\n\n\n<p>Para desbloquear Planetary Soloist, tendr\u00e1s que realizar todo este nivel sin poseer vida, lo que significa que no hay escudos y menos masa total como Small Planet. Como el I&#039;m Late! logro cubierto en el primer nivel de Concierto, tener un escudo de asteroides masivo (ver Guarder\u00eda de asteroides) es beneficioso aqu\u00ed por varias razones.<\/p>\n\n\n\n<p>Una vez m\u00e1s, la bonificaci\u00f3n de visi\u00f3n de una gran colecci\u00f3n de asteroides es muy \u00fatil aqu\u00ed para Planetary Soloist, ya que otorga una visi\u00f3n m\u00e1s amplia de los objetos que se aproximan. En segundo lugar, el aspecto de la barrera f\u00edsica en este nivel es significativamente m\u00e1s beneficioso, ya que a menudo evita que otros asteroides impacten su planeta o los absorban por completo y, en ocasiones, vaporicen o desv\u00eden los planetas entrantes. Por \u00faltimo, y no mencionado anteriormente, est\u00e1 el beneficio de tener una fuente de &quot;comida&quot; preparada en caso de que una colisi\u00f3n o un roce terminen agotando parte de su masa, lo que le permitir\u00e1 evitar una muerte inminente.<\/p>\n\n\n\n<p>Sin tener vida y la masa adicional que trae o escudos, junto con la casi imposibilidad de evitar por completo todas las colisiones, alimentar a su planeta recolectando los asteroides entrantes es una t\u00e1ctica que debe intentar utilizar con la mayor frecuencia posible. Intente hacer esto y mantenga su masa rondando al menos 60-70, lo que le permitir\u00e1 recibir algunos golpes decentes y a\u00fan sobrevivir.<\/p>\n\n\n\n<p>Otra ayuda importante puede ser ubicar un sistema solar cercano lo antes posible en el nivel. Hacer esto le proporcionar\u00e1 una gran barrera que puede usar para bloquear una gran cantidad de objetos que viajan desde cualquier lado del Sistema Solar en relaci\u00f3n con usted. \u00daselo como su escudo, pero tenga en cuenta que atrapar\u00e1 planetas entrantes en sus \u00f3rbitas, a menudo cambiando r\u00e1pidamente sus caminos y que una vez que aparezcan las estrellas, se disipar\u00e1 r\u00e1pidamente.<\/p>\n\n\n\n<p>Por \u00faltimo, si bien el escudo de asteroides ocasionalmente puede ser contraproducente y enviar una de sus propias rocas u otro objeto a su planeta, la posibilidad de que esto ocurra es significativamente menor que la posibilidad de que su piel se salve de uno de los beneficios mencionados anteriormente. Tan pronto como terminen los 2 minutos y a\u00fan sobrevivas, completar\u00e1s inmediatamente la misi\u00f3n, desbloqueando tambi\u00e9n Planetary Soloist siempre y cuando nunca hayas evolucionado la vida en tu planeta al evitar la transici\u00f3n desde la etapa peque\u00f1a a trav\u00e9s del consumo limitado de masa.<\/p>\n\n\n\n<div class=\"wp-block-image\"><figure class=\"aligncenter size-large\"><img decoding=\"async\" width=\"1024\" height=\"576\" src=\"https:\/\/solar2.standardof.net\/wp-content\/uploads\/sites\/2\/2020\/10\/Solar-2-Planet-Stage-Concert-Mission-2-Planetary-Soloist-1024x576.jpg\" alt=\"\" class=\"wp-image-91\" srcset=\"https:\/\/solar2.standardof.net\/wp-content\/uploads\/sites\/2\/2020\/10\/Solar-2-Planet-Stage-Concert-Mission-2-Planetary-Soloist-1024x576.jpg 1024w, https:\/\/solar2.standardof.net\/wp-content\/uploads\/sites\/2\/2020\/10\/Solar-2-Planet-Stage-Concert-Mission-2-Planetary-Soloist-300x169.jpg 300w, https:\/\/solar2.standardof.net\/wp-content\/uploads\/sites\/2\/2020\/10\/Solar-2-Planet-Stage-Concert-Mission-2-Planetary-Soloist-16x9.jpg 16w, https:\/\/solar2.standardof.net\/wp-content\/uploads\/sites\/2\/2020\/10\/Solar-2-Planet-Stage-Concert-Mission-2-Planetary-Soloist.jpg 1280w\" sizes=\"(max-width: 1024px) 100vw, 1024px\" \/><figcaption>Desbloqueo del logro Planetary Soloist en la versi\u00f3n Steam de Solar 2.<\/figcaption><\/figure><\/div>\n\n\n\n<hr class=\"wp-block-separator\"\/>\n\n\n\n<h3 class=\"has-text-align-center wp-block-heading\">Concert Mission 2 + Gu\u00eda de video \u201cPlanetary Soloist\u201d<\/h3>\n\n\n\n<figure class=\"wp-block-embed-youtube wp-block-embed is-type-video is-provider-youtube wp-embed-aspect-16-9 wp-has-aspect-ratio\"><div class=\"wp-block-embed__wrapper\">\n<div class=\"ast-oembed-container\" style=\"height: 100%;\"><iframe title=\"Solar 2: recorrido por los logros del solista planetario\" width=\"500\" height=\"281\" src=\"https:\/\/www.youtube.com\/embed\/_927qYB8hS4?feature=oembed\" frameborder=\"0\" allow=\"accelerometer; autoplay; clipboard-write; encrypted-media; gyroscope; picture-in-picture; web-share\" referrerpolicy=\"strict-origin-when-cross-origin\" allowfullscreen><\/iframe><\/div>\n<\/div><\/figure>","protected":false},"excerpt":{"rendered":"<p>Concert Mission 2 If completing this mission normally, your best bet is to do so as a fully evolved Life Planet as the shields provided are even more useful here than in the previous level. Turrets and ships for the most part won\u2019t be very useful as the hazards you face will come in the [&hellip;]<\/p>","protected":false},"author":1,"featured_media":12,"parent":78,"menu_order":0,"comment_status":"open","ping_status":"closed","template":"","meta":{"_uag_custom_page_level_css":"","site-sidebar-layout":"default","site-content-layout":"default","ast-site-content-layout":"","site-content-style":"default","site-sidebar-style":"default","ast-global-header-display":"","ast-banner-title-visibility":"","ast-main-header-display":"","ast-hfb-above-header-display":"","ast-hfb-below-header-display":"","ast-hfb-mobile-header-display":"","site-post-title":"","ast-breadcrumbs-content":"","ast-featured-img":"","footer-sml-layout":"","theme-transparent-header-meta":"default","adv-header-id-meta":"","stick-header-meta":"","header-above-stick-meta":"","header-main-stick-meta":"","header-below-stick-meta":"","astra-migrate-meta-layouts":"default","ast-page-background-enabled":"default","ast-page-background-meta":{"desktop":{"background-color":"","background-image":"","background-repeat":"repeat","background-position":"center center","background-size":"auto","background-attachment":"scroll","background-type":"","background-media":"","overlay-type":"","overlay-color":"","overlay-gradient":""},"tablet":{"background-color":"","background-image":"","background-repeat":"repeat","background-position":"center center","background-size":"auto","background-attachment":"scroll","background-type":"","background-media":"","overlay-type":"","overlay-color":"","overlay-gradient":""},"mobile":{"background-color":"","background-image":"","background-repeat":"repeat","background-position":"center center","background-size":"auto","background-attachment":"scroll","background-type":"","background-media":"","overlay-type":"","overlay-color":"","overlay-gradient":""}},"ast-content-background-meta":{"desktop":{"background-color":"var(--ast-global-color-5)","background-image":"","background-repeat":"repeat","background-position":"center center","background-size":"auto","background-attachment":"scroll","background-type":"","background-media":"","overlay-type":"","overlay-color":"","overlay-gradient":""},"tablet":{"background-color":"var(--ast-global-color-5)","background-image":"","background-repeat":"repeat","background-position":"center center","background-size":"auto","background-attachment":"scroll","background-type":"","background-media":"","overlay-type":"","overlay-color":"","overlay-gradient":""},"mobile":{"background-color":"var(--ast-global-color-5)","background-image":"","background-repeat":"repeat","background-position":"center center","background-size":"auto","background-attachment":"scroll","background-type":"","background-media":"","overlay-type":"","overlay-color":"","overlay-gradient":""}},"footnotes":""},"uagb_featured_image_src":{"full":["https:\/\/solar2.standardof.net\/wp-content\/uploads\/sites\/2\/2020\/10\/Solar-2-Header-Background-1.jpeg",1680,1050,false],"thumbnail":["https:\/\/solar2.standardof.net\/wp-content\/uploads\/sites\/2\/2020\/10\/Solar-2-Header-Background-1-150x150.jpeg",150,150,true],"medium":["https:\/\/solar2.standardof.net\/wp-content\/uploads\/sites\/2\/2020\/10\/Solar-2-Header-Background-1-300x188.jpeg",300,188,true],"medium_large":["https:\/\/solar2.standardof.net\/wp-content\/uploads\/sites\/2\/2020\/10\/Solar-2-Header-Background-1.jpeg",768,480,false],"large":["https:\/\/solar2.standardof.net\/wp-content\/uploads\/sites\/2\/2020\/10\/Solar-2-Header-Background-1-1024x640.jpeg",1024,640,true],"1536x1536":["https:\/\/solar2.standardof.net\/wp-content\/uploads\/sites\/2\/2020\/10\/Solar-2-Header-Background-1.jpeg",1536,960,false],"2048x2048":["https:\/\/solar2.standardof.net\/wp-content\/uploads\/sites\/2\/2020\/10\/Solar-2-Header-Background-1.jpeg",1680,1050,false],"trp-custom-language-flag":["https:\/\/solar2.standardof.net\/wp-content\/uploads\/sites\/2\/2020\/10\/Solar-2-Header-Background-1-16x10.jpeg",16,10,true]},"uagb_author_info":{"display_name":"SOE","author_link":"https:\/\/solar2.standardof.net\/es\/author\/k-tastic\/"},"uagb_comment_info":0,"uagb_excerpt":"Concert Mission 2 If completing this mission normally, your best bet is to do so as a fully evolved Life Planet as the shields provided are even more useful here than in the previous level. Turrets and ships for the most part won\u2019t be very useful as the hazards you face will come in the&hellip;","_links":{"self":[{"href":"https:\/\/solar2.standardof.net\/es\/wp-json\/wp\/v2\/pages\/89"}],"collection":[{"href":"https:\/\/solar2.standardof.net\/es\/wp-json\/wp\/v2\/pages"}],"about":[{"href":"https:\/\/solar2.standardof.net\/es\/wp-json\/wp\/v2\/types\/page"}],"author":[{"embeddable":true,"href":"https:\/\/solar2.standardof.net\/es\/wp-json\/wp\/v2\/users\/1"}],"replies":[{"embeddable":true,"href":"https:\/\/solar2.standardof.net\/es\/wp-json\/wp\/v2\/comments?post=89"}],"version-history":[{"count":0,"href":"https:\/\/solar2.standardof.net\/es\/wp-json\/wp\/v2\/pages\/89\/revisions"}],"up":[{"embeddable":true,"href":"https:\/\/solar2.standardof.net\/es\/wp-json\/wp\/v2\/pages\/78"}],"wp:featuredmedia":[{"embeddable":true,"href":"https:\/\/solar2.standardof.net\/es\/wp-json\/wp\/v2\/media\/12"}],"wp:attachment":[{"href":"https:\/\/solar2.standardof.net\/es\/wp-json\/wp\/v2\/media?parent=89"}],"curies":[{"name":"wp","href":"https:\/\/api.w.org\/{rel}","templated":true}]}}