{"id":94,"date":"2020-10-14T00:19:06","date_gmt":"2020-10-14T00:19:06","guid":{"rendered":"https:\/\/solar2.standardof.net\/?page_id=94"},"modified":"2020-10-15T14:35:17","modified_gmt":"2020-10-15T14:35:17","slug":"experiment-missions-the-why-did-you-kill-me-achievement","status":"publish","type":"page","link":"https:\/\/solar2.standardof.net\/es\/solar-2-guide\/etapa-planetaria\/experimentar-misiones-el-logro-por-que-me-mataste\/","title":{"rendered":"Experimentar las misiones y el &#039;\u00bfPor qu\u00e9 me mataste?&#039; Logro"},"content":{"rendered":"<h2 class=\"wp-block-heading\">Misiones experimentales<\/h2>\n\n\n\n<p>La cadena de niveles del Experimento en Solar 2 comienza a incorporar algunos trucos psicol\u00f3gicos en sus tareas presentadas por la Entidad. El segundo nivel tiene 2 m\u00e9todos de finalizaci\u00f3n, el m\u00e1s complicado desbloquea el \u00bfPor qu\u00e9 me mataste? logro y se tratar\u00e1 en una secci\u00f3n separada a continuaci\u00f3n.<\/p>\n\n\n\n<h3 class=\"wp-block-heading\">Consejos para los niveles de experimento<\/h3>\n\n\n\n<p>Ambas misiones se realizan mejor como un planeta de vida completamente evolucionado, ya que todos los beneficios que brindan ser\u00e1n \u00fatiles para exterminar los planetas que se presentan como objetivos. Tendr\u00e1s que realizar ambas misiones sin morir ya que hacerlo en cualquiera de las dos fallar\u00e1 el nivel.<\/p>\n\n\n\n<hr class=\"wp-block-separator\"\/>\n\n\n\n<h2 class=\"wp-block-heading\">Experimento 1<\/h2>\n\n\n\n<p>El nivel uno te ha encomendado la tarea de eliminar un \u00fanico planeta de vida hostil que est\u00e1 habitado por mofetas y que probablemente evolucionar\u00e1 por completo. Posiblemente, la forma m\u00e1s r\u00e1pida de eliminarlo es aplastando tu propio planeta contra \u00e9l para dejar caer sus escudos y probablemente el tuyo. Esto se puede usar para impulsar al planeta enemigo ahora sin blindaje hacia peligros cercanos para exterminar su vida.<\/p>\n\n\n\n<p>Una alternativa es embestir repetidamente tu planeta contra el objetivo, ya que no necesitas mantener la vida t\u00fa mismo para completar esta misi\u00f3n u, opcionalmente, permitir que tus escudos se repongan antes del pr\u00f3ximo golpe si est\u00e1s tratando de preservar tu vida. un proceso lento que tambi\u00e9n funciona pero que puede acelerarse arrasando f\u00edsicamente las naves enemigas con tu planeta. Finalmente, una \u00faltima opci\u00f3n efectiva es aplastar o triturar los escudos del planeta mofeta y luego seguir con un asteroide en \u00f3rbita.<\/p>\n\n\n\n<div class=\"wp-block-image\"><figure class=\"aligncenter size-large\"><img decoding=\"async\" width=\"1024\" height=\"576\" src=\"https:\/\/solar2.standardof.net\/wp-content\/uploads\/sites\/2\/2020\/10\/Solar-2-Planet-Stage-Experiment-Mission-1-1024x576.jpg\" alt=\"\" class=\"wp-image-96\" srcset=\"https:\/\/solar2.standardof.net\/wp-content\/uploads\/sites\/2\/2020\/10\/Solar-2-Planet-Stage-Experiment-Mission-1-1024x576.jpg 1024w, https:\/\/solar2.standardof.net\/wp-content\/uploads\/sites\/2\/2020\/10\/Solar-2-Planet-Stage-Experiment-Mission-1-300x169.jpg 300w, https:\/\/solar2.standardof.net\/wp-content\/uploads\/sites\/2\/2020\/10\/Solar-2-Planet-Stage-Experiment-Mission-1-16x9.jpg 16w, https:\/\/solar2.standardof.net\/wp-content\/uploads\/sites\/2\/2020\/10\/Solar-2-Planet-Stage-Experiment-Mission-1.jpg 1280w\" sizes=\"(max-width: 1024px) 100vw, 1024px\" \/><figcaption>Terminando el planeta mofeta en el nivel del Experimento 1.<\/figcaption><\/figure><\/div>\n\n\n\n<hr class=\"wp-block-separator\"\/>\n\n\n\n<h2 class=\"wp-block-heading\">Experimento 2<\/h2>\n\n\n\n<p>Esta misi\u00f3n se puede completar de dos formas diferentes. El m\u00e9todo m\u00e1s dif\u00edcil que desbloquea \u00bfPor qu\u00e9 me mataste? se trata por separado, sin embargo, la opci\u00f3n m\u00e1s sencilla es bastante sencilla. Todo lo que tienes que hacer para completar la tarea que se te presenta es huir en la direcci\u00f3n opuesta al tr\u00edo de planetas objetivo. Con el tiempo te felicitar\u00e1n por salvar los planetas que resultan estar habitados por gatitos en lugar de zorrillos.<\/p>\n\n\n\n<hr class=\"wp-block-separator\"\/>\n\n\n\n<h3 class=\"has-text-align-center wp-block-heading\">Gu\u00eda de video de misiones experimentales<\/h3>\n\n\n\n<figure class=\"wp-block-embed-youtube wp-block-embed is-type-video is-provider-youtube wp-embed-aspect-16-9 wp-has-aspect-ratio\"><div class=\"wp-block-embed__wrapper\">\n<div class=\"ast-oembed-container\" style=\"height: 100%;\"><iframe title=\"Misiones de Solar 2 Planet - Niveles de experimento - Gu\u00eda de recorrido\" width=\"500\" height=\"281\" src=\"https:\/\/www.youtube.com\/embed\/QjXbrH3N_48?feature=oembed\" frameborder=\"0\" allow=\"accelerometer; autoplay; clipboard-write; encrypted-media; gyroscope; picture-in-picture; web-share\" referrerpolicy=\"strict-origin-when-cross-origin\" allowfullscreen><\/iframe><\/div>\n<\/div><\/figure>\n\n\n\n<hr class=\"wp-block-separator\"\/>\n\n\n\n<h2 class=\"wp-block-heading\">&#039;\u00bfPor qu\u00e9 me mataste?&#039; Logro<\/h2>\n\n\n\n<p>El logro secreto \u00bfPor qu\u00e9 me mataste? requiere un m\u00e9todo alternativo para completar el nivel de Experimento 2. En lugar de huir de los tres planetas llenos de gatitos que se te presentan en esta misi\u00f3n, tendr\u00e1s que destruirlos. No es necesario destruir la estrella que orbitan.<\/p>\n\n\n\n<p>Al realizar esta misi\u00f3n como un planeta de vida con la mayor masa posible sin dar el salto a una estrella peque\u00f1a, el m\u00e9todo m\u00e1s r\u00e1pido en este nivel para desbloquear el logro es aplastar su planeta contra los planetas objetivo de uno en uno. Esto es muy parecido a antes, sin embargo, apunte sus golpes para que los planetas choquen con su propia estrella y haga que sus golpes sean lo suficientemente fuertes como para dejar caer los escudos de dicho planeta con su primer golpe para que la colisi\u00f3n con la estrella pueda causar un da\u00f1o real.<\/p>\n\n\n\n<p>Esto se complica por el estado evolucionado de Life Planet del sistema de gatitos, que presenta una gran cantidad de naves espaciales que pueden destruir su planeta con bastante rapidez. Para combatir esto, intente rodear el sistema para que su nave espacial distraiga a los enemigos lejos de cualquier planeta que est\u00e9 tratando de golpear contra su sol. Aseg\u00farese de darse cuenta de que debe destruir por completo estos planetas, no solo la vida en ellos.<\/p>\n\n\n\n<p>Ten cuidado, si sacas al planeta de la \u00f3rbita y lo alejas de la estrella, o si sobrevive a la colisi\u00f3n y se aleja, tendr\u00e1s que perseguirlo y destruirlo antes de que el planeta se aleje demasiado de los dem\u00e1s. no dejas caer los escudos con tu primer impacto, ya que los escudos absorber\u00e1n el da\u00f1o de la colisi\u00f3n de estrellas. Si esto sucede, terminar\u00e1s la misi\u00f3n como si te hubieras escapado, perdiendo el desbloqueo. \u00bfPor qu\u00e9 me mataste? a menos que reinicie la cadena.<\/p>\n\n\n\n<p>Finalmente, un punto \u00fatil a destacar es que si no tiene vida en su planeta, las fuerzas hostiles lo ignorar\u00e1n hasta que da\u00f1e significativamente su planeta a trav\u00e9s de una colisi\u00f3n. Puedes usar esto para trabajar como un Planeta Peque\u00f1o y usar t\u00e1cticas de golpear y correr para empujar a los planetas hacia su estrella antes de salir corriendo para consumir la masa perdida. El peligro con este m\u00e9todo es que si alejas un planeta de la estrella, es posible que no tengas suficiente masa para sobrevivir destruy\u00e9ndolo antes de hacer que la misi\u00f3n se complete como si te hubieras escapado.<\/p>\n\n\n\n<div class=\"wp-block-image\"><figure class=\"aligncenter size-large\"><img decoding=\"async\" width=\"1024\" height=\"576\" src=\"https:\/\/solar2.standardof.net\/wp-content\/uploads\/sites\/2\/2020\/10\/Solar-2-Planet-Stage-Experiment-Mission-2-Why-Did-You-Kill-Me-1024x576.jpg\" alt=\"\" class=\"wp-image-97\" srcset=\"https:\/\/solar2.standardof.net\/wp-content\/uploads\/sites\/2\/2020\/10\/Solar-2-Planet-Stage-Experiment-Mission-2-Why-Did-You-Kill-Me-1024x576.jpg 1024w, https:\/\/solar2.standardof.net\/wp-content\/uploads\/sites\/2\/2020\/10\/Solar-2-Planet-Stage-Experiment-Mission-2-Why-Did-You-Kill-Me-300x169.jpg 300w, https:\/\/solar2.standardof.net\/wp-content\/uploads\/sites\/2\/2020\/10\/Solar-2-Planet-Stage-Experiment-Mission-2-Why-Did-You-Kill-Me-16x9.jpg 16w, https:\/\/solar2.standardof.net\/wp-content\/uploads\/sites\/2\/2020\/10\/Solar-2-Planet-Stage-Experiment-Mission-2-Why-Did-You-Kill-Me.jpg 1280w\" sizes=\"(max-width: 1024px) 100vw, 1024px\" \/><figcaption>Uno de los planetas impactados rebota en la estrella debido a que sus escudos a\u00fan est\u00e1n en alto.<\/figcaption><\/figure><\/div>\n\n\n\n<hr class=\"wp-block-separator\"\/>\n\n\n\n<h3 class=\"has-text-align-center wp-block-heading\">\u00bfPor qu\u00e9 me mataste?&quot; Gu\u00eda de video de logros<\/h3>\n\n\n\n<figure class=\"wp-block-embed-youtube wp-block-embed is-type-video is-provider-youtube wp-embed-aspect-16-9 wp-has-aspect-ratio\"><div class=\"wp-block-embed__wrapper\">\n<div class=\"ast-oembed-container\" style=\"height: 100%;\"><iframe title=\"Solar 2 - \u00bfPor qu\u00e9 me mataste? Tutorial de logros\" width=\"500\" height=\"281\" src=\"https:\/\/www.youtube.com\/embed\/k9XVaiCxl1E?feature=oembed\" frameborder=\"0\" allow=\"accelerometer; autoplay; clipboard-write; encrypted-media; gyroscope; picture-in-picture; web-share\" referrerpolicy=\"strict-origin-when-cross-origin\" allowfullscreen><\/iframe><\/div>\n<\/div><\/figure>","protected":false},"excerpt":{"rendered":"<p>Experiment Missions The Experiment chain of levels in Solar 2 begin to incorporate some psychological trickery into your tasks presented by the Entity. The second level has 2 methods of completion, the more complicated of which unlocks the Why did you kill me? achievement and will be covered in a separate section below. Tips for [&hellip;]<\/p>","protected":false},"author":1,"featured_media":12,"parent":78,"menu_order":0,"comment_status":"open","ping_status":"closed","template":"","meta":{"_uag_custom_page_level_css":"","site-sidebar-layout":"default","site-content-layout":"default","ast-site-content-layout":"","site-content-style":"default","site-sidebar-style":"default","ast-global-header-display":"","ast-banner-title-visibility":"","ast-main-header-display":"","ast-hfb-above-header-display":"","ast-hfb-below-header-display":"","ast-hfb-mobile-header-display":"","site-post-title":"","ast-breadcrumbs-content":"","ast-featured-img":"","footer-sml-layout":"","theme-transparent-header-meta":"default","adv-header-id-meta":"","stick-header-meta":"","header-above-stick-meta":"","header-main-stick-meta":"","header-below-stick-meta":"","astra-migrate-meta-layouts":"default","ast-page-background-enabled":"default","ast-page-background-meta":{"desktop":{"background-color":"","background-image":"","background-repeat":"repeat","background-position":"center center","background-size":"auto","background-attachment":"scroll","background-type":"","background-media":"","overlay-type":"","overlay-color":"","overlay-gradient":""},"tablet":{"background-color":"","background-image":"","background-repeat":"repeat","background-position":"center center","background-size":"auto","background-attachment":"scroll","background-type":"","background-media":"","overlay-type":"","overlay-color":"","overlay-gradient":""},"mobile":{"background-color":"","background-image":"","background-repeat":"repeat","background-position":"center center","background-size":"auto","background-attachment":"scroll","background-type":"","background-media":"","overlay-type":"","overlay-color":"","overlay-gradient":""}},"ast-content-background-meta":{"desktop":{"background-color":"var(--ast-global-color-5)","background-image":"","background-repeat":"repeat","background-position":"center center","background-size":"auto","background-attachment":"scroll","background-type":"","background-media":"","overlay-type":"","overlay-color":"","overlay-gradient":""},"tablet":{"background-color":"var(--ast-global-color-5)","background-image":"","background-repeat":"repeat","background-position":"center center","background-size":"auto","background-attachment":"scroll","background-type":"","background-media":"","overlay-type":"","overlay-color":"","overlay-gradient":""},"mobile":{"background-color":"var(--ast-global-color-5)","background-image":"","background-repeat":"repeat","background-position":"center center","background-size":"auto","background-attachment":"scroll","background-type":"","background-media":"","overlay-type":"","overlay-color":"","overlay-gradient":""}},"footnotes":""},"uagb_featured_image_src":{"full":["https:\/\/solar2.standardof.net\/wp-content\/uploads\/sites\/2\/2020\/10\/Solar-2-Header-Background-1.jpeg",1680,1050,false],"thumbnail":["https:\/\/solar2.standardof.net\/wp-content\/uploads\/sites\/2\/2020\/10\/Solar-2-Header-Background-1-150x150.jpeg",150,150,true],"medium":["https:\/\/solar2.standardof.net\/wp-content\/uploads\/sites\/2\/2020\/10\/Solar-2-Header-Background-1-300x188.jpeg",300,188,true],"medium_large":["https:\/\/solar2.standardof.net\/wp-content\/uploads\/sites\/2\/2020\/10\/Solar-2-Header-Background-1.jpeg",768,480,false],"large":["https:\/\/solar2.standardof.net\/wp-content\/uploads\/sites\/2\/2020\/10\/Solar-2-Header-Background-1-1024x640.jpeg",1024,640,true],"1536x1536":["https:\/\/solar2.standardof.net\/wp-content\/uploads\/sites\/2\/2020\/10\/Solar-2-Header-Background-1.jpeg",1536,960,false],"2048x2048":["https:\/\/solar2.standardof.net\/wp-content\/uploads\/sites\/2\/2020\/10\/Solar-2-Header-Background-1.jpeg",1680,1050,false],"trp-custom-language-flag":["https:\/\/solar2.standardof.net\/wp-content\/uploads\/sites\/2\/2020\/10\/Solar-2-Header-Background-1-16x10.jpeg",16,10,true]},"uagb_author_info":{"display_name":"SOE","author_link":"https:\/\/solar2.standardof.net\/es\/author\/k-tastic\/"},"uagb_comment_info":0,"uagb_excerpt":"Experiment Missions The Experiment chain of levels in Solar 2 begin to incorporate some psychological trickery into your tasks presented by the Entity. The second level has 2 methods of completion, the more complicated of which unlocks the Why did you kill me? achievement and will be covered in a separate section below. Tips for&hellip;","_links":{"self":[{"href":"https:\/\/solar2.standardof.net\/es\/wp-json\/wp\/v2\/pages\/94"}],"collection":[{"href":"https:\/\/solar2.standardof.net\/es\/wp-json\/wp\/v2\/pages"}],"about":[{"href":"https:\/\/solar2.standardof.net\/es\/wp-json\/wp\/v2\/types\/page"}],"author":[{"embeddable":true,"href":"https:\/\/solar2.standardof.net\/es\/wp-json\/wp\/v2\/users\/1"}],"replies":[{"embeddable":true,"href":"https:\/\/solar2.standardof.net\/es\/wp-json\/wp\/v2\/comments?post=94"}],"version-history":[{"count":0,"href":"https:\/\/solar2.standardof.net\/es\/wp-json\/wp\/v2\/pages\/94\/revisions"}],"up":[{"embeddable":true,"href":"https:\/\/solar2.standardof.net\/es\/wp-json\/wp\/v2\/pages\/78"}],"wp:featuredmedia":[{"embeddable":true,"href":"https:\/\/solar2.standardof.net\/es\/wp-json\/wp\/v2\/media\/12"}],"wp:attachment":[{"href":"https:\/\/solar2.standardof.net\/es\/wp-json\/wp\/v2\/media?parent=94"}],"curies":[{"name":"wp","href":"https:\/\/api.w.org\/{rel}","templated":true}]}}