{"id":99,"date":"2020-10-14T00:28:24","date_gmt":"2020-10-14T00:28:24","guid":{"rendered":"https:\/\/solar2.standardof.net\/?page_id=99"},"modified":"2020-10-14T12:53:20","modified_gmt":"2020-10-14T12:53:20","slug":"fine-art-missions-gentle-but-firm-achievement","status":"publish","type":"page","link":"https:\/\/solar2.standardof.net\/es\/solar-2-guide\/etapa-planetaria\/misiones-de-bellas-artes-logro-suave-pero-firme\/","title":{"rendered":"Misiones de bellas artes y el logro &#039;Suave pero firme&#039;"},"content":{"rendered":"<h2 class=\"wp-block-heading\">Misiones de Bellas Artes 1-3<\/h2>\n\n\n\n<p>La cadena de misiones de Bellas Artes en el videojuego Solar 2 te tiene trabajando como curador de la Entidad y algunas de sus piezas de arte celestial instaladas en el \u00e1rea. Cada misi\u00f3n presenta una tarea diferente relacionada con devolver estas obras a un estado pr\u00edstino.<\/p>\n\n\n\n<h3 class=\"wp-block-heading\">Consejos para estos niveles:<\/h3>\n\n\n\n<p>Generalmente, estos niveles son mucho m\u00e1s f\u00e1ciles de realizar sin que exista ninguna forma de vida en su planeta. Tambi\u00e9n puedes perecer en el nivel 2 sin ser penalizado, sin embargo, si tocas alguno de los planetas o estrellas en el nivel 1 o destruyes por completo cualquiera de los planetas o estrellas en cualquiera de los niveles, fallar\u00e1s en la misi\u00f3n. Es por eso que tener vida en su planeta dificulta las cosas, ya que a menudo disparar\u00e1n un planeta hasta que se destruyan en lugar de simplemente ayudarlo con su tarea y seguir adelante.<\/p>\n\n\n\n<p>Desafortunadamente, debido a la naturaleza aleatoria de este juego, existe la posibilidad de que otros planetas hostiles o naves n\u00f3madas entren y arruinen tu d\u00eda, obligando a reiniciar la misi\u00f3n. Por esta raz\u00f3n, es mejor completar estos niveles de manera oportuna para evitar que dicha interferencia externa se convierta en un problema.<\/p>\n\n\n\n<hr class=\"wp-block-separator\"\/>\n\n\n\n<h2 class=\"wp-block-heading\">Bellas Artes 1<\/h2>\n\n\n\n<p>El nivel uno comienza cuando tienes que destruir todos los asteroides que orbitan los planetas en un sistema solar cercano. Comience con los planetas exteriores abri\u00e9ndose camino, igualando las velocidades con los planetas y simplemente ubic\u00e1ndose dentro de los anillos de la \u00f3rbita de los asteroides, usando la tecla de \u00f3rbita (O) para verlos, en lugar de volar hacia los asteroides usted mismo para evitar chocar accidentalmente con el planetas. Aseg\u00farese de que el planeta m\u00e1s interno sea su \u00faltimo objetivo, ya que es dif\u00edcil eliminar ese asteroide final sin chocar con la estrella despu\u00e9s debido al poderoso pozo de gravedad que posee.<\/p>\n\n\n\n<div class=\"wp-block-image\"><figure class=\"aligncenter size-large\"><img decoding=\"async\" width=\"1024\" height=\"576\" src=\"https:\/\/solar2.standardof.net\/wp-content\/uploads\/sites\/2\/2020\/10\/Solar-2-Planet-Stage-Fine-Art-Mission-1-1024x576.jpg\" alt=\"Bellas Artes 1\" class=\"wp-image-100\" srcset=\"https:\/\/solar2.standardof.net\/wp-content\/uploads\/sites\/2\/2020\/10\/Solar-2-Planet-Stage-Fine-Art-Mission-1-1024x576.jpg 1024w, https:\/\/solar2.standardof.net\/wp-content\/uploads\/sites\/2\/2020\/10\/Solar-2-Planet-Stage-Fine-Art-Mission-1-300x169.jpg 300w, https:\/\/solar2.standardof.net\/wp-content\/uploads\/sites\/2\/2020\/10\/Solar-2-Planet-Stage-Fine-Art-Mission-1-16x9.jpg 16w, https:\/\/solar2.standardof.net\/wp-content\/uploads\/sites\/2\/2020\/10\/Solar-2-Planet-Stage-Fine-Art-Mission-1.jpg 1280w\" sizes=\"(max-width: 1024px) 100vw, 1024px\" \/><figcaption>Eliminando los asteroides sucios en Fine Art 1<\/figcaption><\/figure><\/div>\n\n\n\n<hr class=\"wp-block-separator\"\/>\n\n\n\n<h2 class=\"wp-block-heading\">Bellas Artes 2<\/h2>\n\n\n\n<p>Su pr\u00f3xima tarea como curador de las estrellas es ir a otro sistema solar cercano y modificar las \u00f3rbitas de sus planetas para que todos viajen en sentido antihorario alrededor de la estrella. Debes usar tu planeta para hacer coincidir sus velocidades, mueva lentamente contra los planetas que viajan en el sentido de las agujas del reloj para detenerlos antes de empujarlos en la direcci\u00f3n correcta. Encienda la tecla de ruta para tener una idea adecuada cuando se corrigen y simplemente se mueven lentamente. Evita golpear estos planetas para no destruirlos por completo o romper sus \u00f3rbitas y recuerda que esta misi\u00f3n te permite reaparecer si mueres. Vea la secci\u00f3n a continuaci\u00f3n y el video a la derecha para conocer el logro Gentle But Firm.<\/p>\n\n\n\n<div class=\"wp-block-image\"><figure class=\"aligncenter size-large\"><img decoding=\"async\" width=\"1024\" height=\"576\" src=\"https:\/\/solar2.standardof.net\/wp-content\/uploads\/sites\/2\/2020\/10\/Solar-2-Planet-Stage-Fine-Art-Mission-2-1024x576.jpg\" alt=\"Bellas Artes 2\" class=\"wp-image-101\" srcset=\"https:\/\/solar2.standardof.net\/wp-content\/uploads\/sites\/2\/2020\/10\/Solar-2-Planet-Stage-Fine-Art-Mission-2-1024x576.jpg 1024w, https:\/\/solar2.standardof.net\/wp-content\/uploads\/sites\/2\/2020\/10\/Solar-2-Planet-Stage-Fine-Art-Mission-2-300x169.jpg 300w, https:\/\/solar2.standardof.net\/wp-content\/uploads\/sites\/2\/2020\/10\/Solar-2-Planet-Stage-Fine-Art-Mission-2-16x9.jpg 16w, https:\/\/solar2.standardof.net\/wp-content\/uploads\/sites\/2\/2020\/10\/Solar-2-Planet-Stage-Fine-Art-Mission-2.jpg 1280w\" sizes=\"(max-width: 1024px) 100vw, 1024px\" \/><figcaption>Usar la tecla de ruta para igualar velocidades y cambiar las \u00f3rbitas de los planetas en el nivel 2 de Bellas Artes.<\/figcaption><\/figure><\/div>\n\n\n\n<hr class=\"wp-block-separator\"\/>\n\n\n\n<h2 class=\"wp-block-heading\">Bellas Artes 3<\/h2>\n\n\n\n<p>Para su tarea final en esta cadena, es hora de exterminar algo de vida que se ha instalado en una de las esculturas cercanas. Viaja al sistema solar objetivo para encontrar un par de planetas de los que debes exterminar a las criaturas. Hacer esto sin destruir los planetas puede ser ciertamente complicado, sin embargo, si eres lo suficientemente r\u00e1pido, esta misi\u00f3n puede beneficiarse de tener un Planeta de Vida de gran masa.<\/p>\n\n\n\n<p>Querr\u00e1s tomar tu planeta y golpear suavemente o triturar los planetas habitados para no romper sus \u00f3rbitas hasta que puedas quitar la masa suficiente para detener el proceso de evoluci\u00f3n. Siga con la misma t\u00e1ctica contra el segundo planeta y deber\u00eda poder erradicar la vida en ambos mientras su vida est\u00e1 ocupando las naves espaciales defensoras, reteniendo la masa suficiente para sobrevivir al proceso.<\/p>\n\n\n\n<div class=\"wp-block-image\"><figure class=\"aligncenter size-large\"><img decoding=\"async\" width=\"1024\" height=\"576\" src=\"https:\/\/solar2.standardof.net\/wp-content\/uploads\/sites\/2\/2020\/10\/Solar-2-Planet-Stage-Fine-Art-Mission-3-1024x576.jpg\" alt=\"Bellas Artes 3\" class=\"wp-image-102\" srcset=\"https:\/\/solar2.standardof.net\/wp-content\/uploads\/sites\/2\/2020\/10\/Solar-2-Planet-Stage-Fine-Art-Mission-3-1024x576.jpg 1024w, https:\/\/solar2.standardof.net\/wp-content\/uploads\/sites\/2\/2020\/10\/Solar-2-Planet-Stage-Fine-Art-Mission-3-300x169.jpg 300w, https:\/\/solar2.standardof.net\/wp-content\/uploads\/sites\/2\/2020\/10\/Solar-2-Planet-Stage-Fine-Art-Mission-3-16x9.jpg 16w, https:\/\/solar2.standardof.net\/wp-content\/uploads\/sites\/2\/2020\/10\/Solar-2-Planet-Stage-Fine-Art-Mission-3.jpg 1280w\" sizes=\"(max-width: 1024px) 100vw, 1024px\" \/><figcaption>Usar un planeta de vida para vaporizar r\u00e1pidamente las formas de vida en el nivel 3 de Bellas Artes.<\/figcaption><\/figure><\/div>\n\n\n\n<hr class=\"wp-block-separator\"\/>\n\n\n\n<h3 class=\"has-text-align-center wp-block-heading\">Video gu\u00eda de misiones de bellas artes<\/h3>\n\n\n\n<figure class=\"wp-block-embed-youtube wp-block-embed is-type-video is-provider-youtube wp-embed-aspect-16-9 wp-has-aspect-ratio\"><div class=\"wp-block-embed__wrapper\">\n<div class=\"ast-oembed-container\" style=\"height: 100%;\"><iframe title=\"Misiones de planetas de Solar 2 - Niveles de bellas artes - Gu\u00eda paso a paso\" width=\"500\" height=\"281\" src=\"https:\/\/www.youtube.com\/embed\/QSh66FgdCUE?feature=oembed\" frameborder=\"0\" allow=\"accelerometer; autoplay; clipboard-write; encrypted-media; gyroscope; picture-in-picture; web-share\" referrerpolicy=\"strict-origin-when-cross-origin\" allowfullscreen><\/iframe><\/div>\n<\/div><\/figure>\n\n\n\n<hr class=\"wp-block-separator\"\/>\n\n\n\n<h2 class=\"wp-block-heading\">Logro &quot;suave pero firme&quot;<\/h2>\n\n\n\n<p>Cubierto principalmente en el video a continuaci\u00f3n, este logro requiere que completes el segundo nivel sin morir. Esto puede ser dif\u00edcil ya que, como Planeta Peque\u00f1o, no puedes poseer suficiente masa para triturar todos los planetas que necesitas en un solo tramo. Para sobrevivir a este proceso, debes hacer un esfuerzo para recolectar r\u00e1pidamente asteroides del \u00e1rea cercana entre la correcci\u00f3n de algunos planetas a la vez. Trate de tener algo de pr\u00e1ctica en este punto para agarrar asteroides r\u00e1pidamente, ya que la interferencia externa puede ser un problema importante en este nivel.<\/p>\n\n\n\n<h3 class=\"has-text-align-center wp-block-heading\">Gu\u00eda de video de logros \u201cSuave pero firme\u201d<\/h3>\n\n\n\n<figure class=\"wp-block-embed-youtube wp-block-embed is-type-video is-provider-youtube wp-embed-aspect-16-9 wp-has-aspect-ratio\"><div class=\"wp-block-embed__wrapper\">\n<div class=\"ast-oembed-container\" style=\"height: 100%;\"><iframe title=\"Solar 2 - Suave pero firme - Gu\u00eda de recorrido de logros\" width=\"500\" height=\"281\" src=\"https:\/\/www.youtube.com\/embed\/5E_xhUlhkAA?feature=oembed\" frameborder=\"0\" allow=\"accelerometer; autoplay; clipboard-write; encrypted-media; gyroscope; picture-in-picture; web-share\" referrerpolicy=\"strict-origin-when-cross-origin\" allowfullscreen><\/iframe><\/div>\n<\/div><\/figure>","protected":false},"excerpt":{"rendered":"<p>Fine Art Missions 1-3 The Fine Art chain of missions in the video game Solar 2 have you working as curator for the Entity and some of its celestial art pieces set up in the area. Each mission presents a different task related to returning these works to a pristine state. Tips for these levels: [&hellip;]<\/p>","protected":false},"author":1,"featured_media":12,"parent":78,"menu_order":0,"comment_status":"open","ping_status":"closed","template":"","meta":{"_uag_custom_page_level_css":"","site-sidebar-layout":"default","site-content-layout":"default","ast-site-content-layout":"","site-content-style":"default","site-sidebar-style":"default","ast-global-header-display":"","ast-banner-title-visibility":"","ast-main-header-display":"","ast-hfb-above-header-display":"","ast-hfb-below-header-display":"","ast-hfb-mobile-header-display":"","site-post-title":"","ast-breadcrumbs-content":"","ast-featured-img":"","footer-sml-layout":"","theme-transparent-header-meta":"default","adv-header-id-meta":"","stick-header-meta":"","header-above-stick-meta":"","header-main-stick-meta":"","header-below-stick-meta":"","astra-migrate-meta-layouts":"default","ast-page-background-enabled":"default","ast-page-background-meta":{"desktop":{"background-color":"","background-image":"","background-repeat":"repeat","background-position":"center center","background-size":"auto","background-attachment":"scroll","background-type":"","background-media":"","overlay-type":"","overlay-color":"","overlay-gradient":""},"tablet":{"background-color":"","background-image":"","background-repeat":"repeat","background-position":"center center","background-size":"auto","background-attachment":"scroll","background-type":"","background-media":"","overlay-type":"","overlay-color":"","overlay-gradient":""},"mobile":{"background-color":"","background-image":"","background-repeat":"repeat","background-position":"center center","background-size":"auto","background-attachment":"scroll","background-type":"","background-media":"","overlay-type":"","overlay-color":"","overlay-gradient":""}},"ast-content-background-meta":{"desktop":{"background-color":"var(--ast-global-color-5)","background-image":"","background-repeat":"repeat","background-position":"center center","background-size":"auto","background-attachment":"scroll","background-type":"","background-media":"","overlay-type":"","overlay-color":"","overlay-gradient":""},"tablet":{"background-color":"var(--ast-global-color-5)","background-image":"","background-repeat":"repeat","background-position":"center center","background-size":"auto","background-attachment":"scroll","background-type":"","background-media":"","overlay-type":"","overlay-color":"","overlay-gradient":""},"mobile":{"background-color":"var(--ast-global-color-5)","background-image":"","background-repeat":"repeat","background-position":"center center","background-size":"auto","background-attachment":"scroll","background-type":"","background-media":"","overlay-type":"","overlay-color":"","overlay-gradient":""}},"footnotes":""},"uagb_featured_image_src":{"full":["https:\/\/solar2.standardof.net\/wp-content\/uploads\/sites\/2\/2020\/10\/Solar-2-Header-Background-1.jpeg",1680,1050,false],"thumbnail":["https:\/\/solar2.standardof.net\/wp-content\/uploads\/sites\/2\/2020\/10\/Solar-2-Header-Background-1-150x150.jpeg",150,150,true],"medium":["https:\/\/solar2.standardof.net\/wp-content\/uploads\/sites\/2\/2020\/10\/Solar-2-Header-Background-1-300x188.jpeg",300,188,true],"medium_large":["https:\/\/solar2.standardof.net\/wp-content\/uploads\/sites\/2\/2020\/10\/Solar-2-Header-Background-1.jpeg",768,480,false],"large":["https:\/\/solar2.standardof.net\/wp-content\/uploads\/sites\/2\/2020\/10\/Solar-2-Header-Background-1-1024x640.jpeg",1024,640,true],"1536x1536":["https:\/\/solar2.standardof.net\/wp-content\/uploads\/sites\/2\/2020\/10\/Solar-2-Header-Background-1.jpeg",1536,960,false],"2048x2048":["https:\/\/solar2.standardof.net\/wp-content\/uploads\/sites\/2\/2020\/10\/Solar-2-Header-Background-1.jpeg",1680,1050,false],"trp-custom-language-flag":["https:\/\/solar2.standardof.net\/wp-content\/uploads\/sites\/2\/2020\/10\/Solar-2-Header-Background-1-16x10.jpeg",16,10,true]},"uagb_author_info":{"display_name":"SOE","author_link":"https:\/\/solar2.standardof.net\/es\/author\/k-tastic\/"},"uagb_comment_info":0,"uagb_excerpt":"Fine Art Missions 1-3 The Fine Art chain of missions in the video game Solar 2 have you working as curator for the Entity and some of its celestial art pieces set up in the area. Each mission presents a different task related to returning these works to a pristine state. Tips for these levels:&hellip;","_links":{"self":[{"href":"https:\/\/solar2.standardof.net\/es\/wp-json\/wp\/v2\/pages\/99"}],"collection":[{"href":"https:\/\/solar2.standardof.net\/es\/wp-json\/wp\/v2\/pages"}],"about":[{"href":"https:\/\/solar2.standardof.net\/es\/wp-json\/wp\/v2\/types\/page"}],"author":[{"embeddable":true,"href":"https:\/\/solar2.standardof.net\/es\/wp-json\/wp\/v2\/users\/1"}],"replies":[{"embeddable":true,"href":"https:\/\/solar2.standardof.net\/es\/wp-json\/wp\/v2\/comments?post=99"}],"version-history":[{"count":0,"href":"https:\/\/solar2.standardof.net\/es\/wp-json\/wp\/v2\/pages\/99\/revisions"}],"up":[{"embeddable":true,"href":"https:\/\/solar2.standardof.net\/es\/wp-json\/wp\/v2\/pages\/78"}],"wp:featuredmedia":[{"embeddable":true,"href":"https:\/\/solar2.standardof.net\/es\/wp-json\/wp\/v2\/media\/12"}],"wp:attachment":[{"href":"https:\/\/solar2.standardof.net\/es\/wp-json\/wp\/v2\/media?parent=99"}],"curies":[{"name":"wp","href":"https:\/\/api.w.org\/{rel}","templated":true}]}}