{"id":11,"date":"2020-10-13T19:13:57","date_gmt":"2020-10-13T19:13:57","guid":{"rendered":"https:\/\/solar2.standardof.net\/?page_id=11"},"modified":"2020-10-19T15:17:37","modified_gmt":"2020-10-19T15:17:37","slug":"solar-2-guide","status":"publish","type":"page","link":"https:\/\/solar2.standardof.net\/es_pr\/","title":{"rendered":"Gu\u00eda de estrategia de Solar 2"},"content":{"rendered":"<h2 class=\"has-text-align-center wp-block-heading\">Gu\u00eda de estrategia de Solar 2<\/h2>\n\n\n\n<p>Hay una gran cantidad de videos para el juego Solar 2, que cubren logros, misiones y desaf\u00edos, as\u00ed como consejos b\u00e1sicos de progresi\u00f3n y m\u00e1s. Junto con esto, hay una colecci\u00f3n de gu\u00edas de texto e im\u00e1genes, que incluyen el video para cubrir casi todos los aspectos del juego. Es posible que todav\u00eda falten algunos bits seleccionados que se agregar\u00e1n a tiempo, pero en su mayor parte esto se considera completo.<\/p>\n\n\n\n<p>* No existe un \u00edndice central, sino que las gu\u00edas est\u00e1n indexadas por la etapa en la que se desarrollan.<\/p>\n\n\n\n<div class=\"wp-block-columns is-layout-flex wp-container-core-columns-is-layout-1 wp-block-columns-is-layout-flex\">\n<div class=\"wp-block-column is-layout-flow wp-block-column-is-layout-flow\">\n<div class=\"wp-block-image nomeow\"><figure class=\"aligncenter size-large\"><a href=\"https:\/\/solar2.standardof.net\/es_pr\/solar-2-guide\/etapa-de-asteroide-2\/\"><img decoding=\"async\" width=\"912\" height=\"513\" src=\"https:\/\/solar2.standardof.net\/wp-content\/uploads\/sites\/2\/2020\/10\/asteroid-header-912x513.jpg\" alt=\"Etapa de asteorido - Solar 2\" class=\"wp-image-200\" srcset=\"https:\/\/solar2.standardof.net\/wp-content\/uploads\/sites\/2\/2020\/10\/asteroid-header.jpg 912w, https:\/\/solar2.standardof.net\/wp-content\/uploads\/sites\/2\/2020\/10\/asteroid-header-300x169.jpg 300w, https:\/\/solar2.standardof.net\/wp-content\/uploads\/sites\/2\/2020\/10\/asteroid-header-768x432.jpg 768w, https:\/\/solar2.standardof.net\/wp-content\/uploads\/sites\/2\/2020\/10\/asteroid-header-16x9.jpg 16w\" sizes=\"(max-width: 912px) 100vw, 912px\" \/><\/a><\/figure><\/div>\n\n\n\n<ol><li><a href=\"https:\/\/solar2.standardof.net\/es_pr\/solar-2-guide\/etapa-de-asteroide-2\/#fun-ideas\" class=\"rank-math-link\">Ideas divertidas mientras eres un asteroide<\/a><\/li><li><a href=\"https:\/\/solar2.standardof.net\/es_pr\/solar-2-guide\/etapa-de-asteroide-2\/#progression\" class=\"rank-math-link\">Asteroide -&gt; Progresi\u00f3n de planeta peque\u00f1o<\/a><\/li><li><a href=\"https:\/\/solar2.standardof.net\/es_pr\/solar-2-guide\/etapa-de-asteroide-2\/asesino-misiones-logro-ninja\/\">Misiones de asesino 1-3<br><sup>+ Logro Ninja<\/sup><\/a><\/li><li><a href=\"https:\/\/solar2.standardof.net\/es_pr\/solar-2-guide\/etapa-de-asteroide-2\/mision-mejor-amigo\/\">Misi\u00f3n de mejor amigo 1<\/a><\/li><li><a href=\"https:\/\/solar2.standardof.net\/es_pr\/solar-2-guide\/etapa-de-asteroide-2\/misiones-de-extincion\/\">Misiones de extinci\u00f3n 1-2<\/a><\/li><li><a href=\"https:\/\/solar2.standardof.net\/es_pr\/solar-2-guide\/etapa-de-asteroide-2\/misiones-divertidas-y-juegos\/\">Misiones de diversi\u00f3n y juegos 1-3<\/a><\/li><li><a href=\"https:\/\/solar2.standardof.net\/es_pr\/solar-2-guide\/etapa-de-asteroide-2\/desafio-mision-1-mantente-joven\/\">Misi\u00f3n desaf\u00edo: 1 Mantente joven<\/a><\/li><li><a href=\"https:\/\/solar2.standardof.net\/es_pr\/solar-2-guide\/etapa-de-asteroide-2\/desafio-mision-2-geometria-zombi\/\">Misi\u00f3n desaf\u00edo: 2 geometr\u00eda zombi<\/a><\/li><\/ol>\n<\/div>\n\n\n\n<div class=\"wp-block-column is-layout-flow wp-block-column-is-layout-flow\">\n<div class=\"wp-block-image nomeow\"><figure class=\"aligncenter size-large\"><a href=\"https:\/\/solar2.standardof.net\/es_pr\/solar-2-guide\/etapa-planetaria-2\/\"><img decoding=\"async\" width=\"912\" height=\"513\" src=\"https:\/\/solar2.standardof.net\/wp-content\/uploads\/sites\/2\/2020\/10\/planet-header-912x513.jpg\" alt=\"Etapa planetaria - Solar 2\" class=\"wp-image-203\" srcset=\"https:\/\/solar2.standardof.net\/wp-content\/uploads\/sites\/2\/2020\/10\/planet-header.jpg 912w, https:\/\/solar2.standardof.net\/wp-content\/uploads\/sites\/2\/2020\/10\/planet-header-300x169.jpg 300w, https:\/\/solar2.standardof.net\/wp-content\/uploads\/sites\/2\/2020\/10\/planet-header-16x9.jpg 16w\" sizes=\"(max-width: 912px) 100vw, 912px\" \/><\/a><\/figure><\/div>\n\n\n\n<ol><li><a href=\"https:\/\/solar2.standardof.net\/es_pr\/solar-2-guide\/etapa-planetaria-2\/#gaining-mass\" class=\"rank-math-link\">Ganar masa como planeta<\/a><\/li><li><a href=\"https:\/\/solar2.standardof.net\/es_pr\/solar-2-guide\/etapa-planetaria-2\/concierto-mision-1-logro-tardio\/\" class=\"rank-math-link\">Misi\u00f3n de concierto 1<br><sup>+ &quot;\u00a1Llego tarde!&quot; Logro<\/sup><\/a><\/li><li><a href=\"https:\/\/solar2.standardof.net\/es_pr\/solar-2-guide\/etapa-planetaria-2\/concierto-mision-2-solista-planetario-logro\/\" class=\"rank-math-link\">Misi\u00f3n de concierto 2<br><sup>+ Logro &quot;Solista planetario&quot;<\/sup><\/a><\/li><li><a href=\"https:\/\/solar2.standardof.net\/es_pr\/solar-2-guide\/etapa-planetaria-2\/experimentar-misiones-el-logro-por-que-me-mataste-2\/\" class=\"rank-math-link\">Misiones experimentales 1-2<br><sup>+ &quot;\u00bfPor qu\u00e9 me mataste?&quot; Logro<\/sup><\/a><\/li><li><a href=\"https:\/\/solar2.standardof.net\/es_pr\/solar-2-guide\/etapa-planetaria-2\/misiones-de-bellas-artes-logro-suave-pero-firme\/\" class=\"rank-math-link\">Misiones de Bellas Artes 1-3<br><sup>+ Logro &quot;suave pero firme&quot;<\/sup><\/a><\/li><li><a href=\"https:\/\/solar2.standardof.net\/es_pr\/solar-2-guide\/etapa-planetaria-2\/nomada-amor-misiones-el-asteroide-vivero-logro-2\/\" class=\"rank-math-link\">Misiones de amor n\u00f3mada 1-3<br><sup>+ Logro &quot;Guarder\u00eda de asteroides&quot;<\/sup><\/a><\/li><li><a href=\"https:\/\/solar2.standardof.net\/es_pr\/solar-2-guide\/etapa-planetaria-2\/desafio-mision-1-atomo\/\" class=\"rank-math-link\">Misi\u00f3n de desaf\u00edo 1: &#039;\u00c1tomo&#039;<\/a><\/li><li><a href=\"https:\/\/solar2.standardof.net\/es_pr\/solar-2-guide\/etapa-planetaria-2\/desafio-mision-2-concierto-encore\/\" class=\"rank-math-link\">Misi\u00f3n de desaf\u00edo 2: &#039;Concierto encore&#039;<\/a><\/li><li><a href=\"https:\/\/solar2.standardof.net\/es_pr\/solar-2-guide\/etapa-planetaria-2\/desafio-mision-3-planeta-supervivencia\/\" class=\"rank-math-link\">Misi\u00f3n de desaf\u00edo 3: &#039;Planet Survival&#039;<\/a><br><\/li><\/ol>\n<\/div>\n<\/div>\n\n\n\n<div class=\"wp-block-columns is-layout-flex wp-container-core-columns-is-layout-2 wp-block-columns-is-layout-flex\">\n<div class=\"wp-block-column is-layout-flow wp-block-column-is-layout-flow\">\n<div class=\"wp-block-image nomeow\"><figure class=\"aligncenter size-large\"><a href=\"https:\/\/solar2.standardof.net\/es_pr\/solar-2-guide\/etapa-del-sistema-solar-estrella-2\/\"><img decoding=\"async\" width=\"912\" height=\"513\" src=\"https:\/\/solar2.standardof.net\/wp-content\/uploads\/sites\/2\/2020\/10\/star-header-912x513.jpg\" alt=\"Star Stage - Solar 2\" class=\"wp-image-204\" srcset=\"https:\/\/solar2.standardof.net\/wp-content\/uploads\/sites\/2\/2020\/10\/star-header.jpg 912w, https:\/\/solar2.standardof.net\/wp-content\/uploads\/sites\/2\/2020\/10\/star-header-300x169.jpg 300w, https:\/\/solar2.standardof.net\/wp-content\/uploads\/sites\/2\/2020\/10\/star-header-16x9.jpg 16w\" sizes=\"(max-width: 912px) 100vw, 912px\" \/><\/a><\/figure><\/div>\n\n\n\n<ol><li><a href=\"https:\/\/solar2.standardof.net\/es_pr\/solar-2-guide\/etapa-del-sistema-solar-estrella-2\/#progression\" class=\"rank-math-link\">Progresi\u00f3n de estrella a agujero negro<\/a><\/li><li><a href=\"https:\/\/solar2.standardof.net\/es_pr\/solar-2-guide\/etapa-del-sistema-solar-estrella-2\/#system-building\" class=\"rank-math-link\">Edificio del sistema solar<br><sup>+ Logro de supremac\u00eda y hacinamiento<\/sup><\/a><\/li><li><a href=\"https:\/\/solar2.standardof.net\/es_pr\/solar-2-guide\/etapa-del-sistema-solar-estrella-2\/logro-de-traicion\/\">Logro de traici\u00f3n<\/a><\/li><li><a href=\"https:\/\/solar2.standardof.net\/es_pr\/solar-2-guide\/etapa-del-sistema-solar-estrella-2\/hermanos-misiones\/\">Misiones Hermanos 1-3<\/a><\/li><li><a class=\"rank-math-link\" href=\"https:\/\/solar2.standardof.net\/es_pr\/solar-2-guide\/etapa-del-sistema-solar-estrella-2\/duelo-misiones-vagabundo-estrella-logro-2\/\">Misiones de Duelo 1-3<br><sup>+ Logro de Hobo Star<\/sup><\/a><\/li><li><a href=\"https:\/\/solar2.standardof.net\/es_pr\/solar-2-guide\/etapa-del-sistema-solar-estrella-2\/misiones-de-atraco-y-me-pierdo-tengo-esto-logros-2\/\">Misiones de atraco 1-3<br><sup>+ Tengo esto y me pierdo logros<\/sup><\/a><\/li><li><a href=\"https:\/\/solar2.standardof.net\/es_pr\/solar-2-guide\/etapa-del-sistema-solar-estrella-2\/misiones-invasoras\/\">Misiones invasoras 1-3<\/a><\/li><li><a href=\"https:\/\/solar2.standardof.net\/es_pr\/solar-2-guide\/etapa-del-sistema-solar-estrella-2\/jefe-final\/\">Jefe final<br><sup>+ El logro de la entidad<\/sup><\/a><\/li><li><a href=\"https:\/\/solar2.standardof.net\/es_pr\/solar-2-guide\/etapa-del-sistema-solar-estrella-2\/logros-de-elite-and-grind-star\/\">Logros Elite y Grind Star<\/a><\/li><li>Misiones Star Challenge<ol><li><a href=\"https:\/\/solar2.standardof.net\/es_pr\/solar-2-guide\/etapa-del-sistema-solar-estrella-2\/esquivador-oscuro\/\">Dodger oscuro<\/a><\/li><li><a href=\"https:\/\/solar2.standardof.net\/es_pr\/solar-2-guide\/etapa-del-sistema-solar-estrella-2\/escapada-de-nuevo\/\">Escapada de nuevo<\/a><\/li><li><a href=\"https:\/\/solar2.standardof.net\/es_pr\/solar-2-guide\/etapa-del-sistema-solar-estrella-2\/guerra-de-nieve-2\/\">Lucha de bolas de nieve con el logro de la estrella del copo de nieve<\/a><\/li><\/ol><\/li><li>Misiones de desaf\u00edo de varias estrellas<ol><li><a href=\"https:\/\/solar2.standardof.net\/es_pr\/solar-2-guide\/etapa-del-sistema-solar-estrella-2\/duelo-del-caos\/\">Duelo del caos<\/a><\/li><li><a href=\"https:\/\/solar2.standardof.net\/es_pr\/solar-2-guide\/etapa-del-sistema-solar-estrella-2\/logro-maestro-ladron-ladron-planetario\/\">Planet Stealer y el logro del maestro ladr\u00f3n<\/a><\/li><\/ol><\/li><\/ol>\n<\/div>\n\n\n\n<div class=\"wp-block-column is-layout-flow wp-block-column-is-layout-flow\">\n<div class=\"wp-block-image nomeow\"><figure class=\"aligncenter size-large\"><a href=\"https:\/\/solar2.standardof.net\/es_pr\/solar-2-guide\/etapa-de-agujero-negro-2\/\"><img decoding=\"async\" width=\"912\" height=\"513\" src=\"https:\/\/solar2.standardof.net\/wp-content\/uploads\/sites\/2\/2020\/10\/bhole-header-912x513.jpg\" alt=\"Etapa de agujero negro - Solar 2\" class=\"wp-image-201\" srcset=\"https:\/\/solar2.standardof.net\/wp-content\/uploads\/sites\/2\/2020\/10\/bhole-header.jpg 912w, https:\/\/solar2.standardof.net\/wp-content\/uploads\/sites\/2\/2020\/10\/bhole-header-300x169.jpg 300w, https:\/\/solar2.standardof.net\/wp-content\/uploads\/sites\/2\/2020\/10\/bhole-header-768x432.jpg 768w, https:\/\/solar2.standardof.net\/wp-content\/uploads\/sites\/2\/2020\/10\/bhole-header-16x9.jpg 16w\" sizes=\"(max-width: 912px) 100vw, 912px\" \/><\/a><\/figure><\/div>\n\n\n\n<ol><li><a href=\"https:\/\/solar2.standardof.net\/es_pr\/solar-2-guide\/etapa-de-agujero-negro-2\/#progression\" class=\"rank-math-link\">Progresi\u00f3n de agujero negro a Big Crunch<\/a><\/li><li><a href=\"https:\/\/solar2.standardof.net\/es_pr\/solar-2-guide\/etapa-de-agujero-negro-2\/logro-del-ciclo-de-velocidad\/\">Logro del ciclo de velocidad<\/a><\/li><li><a href=\"https:\/\/solar2.standardof.net\/es_pr\/solar-2-guide\/etapa-de-agujero-negro-2\/logro-de-volar-a-ciegas\/\">Logro de volar a ciegas<\/a><\/li><\/ol>\n<\/div>\n<\/div>","protected":false},"excerpt":{"rendered":"<p>Solar 2 Strategy Guide There are a large number of videos for the game Solar 2, covering achievements, missions and challenges, as well as basic progression tips and more. Along with this are a collection of text and image guides, that include the video to cover pretty much every aspect of the game. There may [&hellip;]<\/p>","protected":false},"author":1,"featured_media":12,"parent":0,"menu_order":0,"comment_status":"open","ping_status":"closed","template":"","meta":{"_uag_custom_page_level_css":"","site-sidebar-layout":"default","site-content-layout":"default","ast-site-content-layout":"","site-content-style":"default","site-sidebar-style":"default","ast-global-header-display":"","ast-banner-title-visibility":"","ast-main-header-display":"","ast-hfb-above-header-display":"","ast-hfb-below-header-display":"","ast-hfb-mobile-header-display":"","site-post-title":"","ast-breadcrumbs-content":"","ast-featured-img":"","footer-sml-layout":"","theme-transparent-header-meta":"default","adv-header-id-meta":"","stick-header-meta":"","header-above-stick-meta":"","header-main-stick-meta":"","header-below-stick-meta":"","astra-migrate-meta-layouts":"default","ast-page-background-enabled":"default","ast-page-background-meta":{"desktop":{"background-color":"","background-image":"","background-repeat":"repeat","background-position":"center center","background-size":"auto","background-attachment":"scroll","background-type":"","background-media":"","overlay-type":"","overlay-color":"","overlay-gradient":""},"tablet":{"background-color":"","background-image":"","background-repeat":"repeat","background-position":"center center","background-size":"auto","background-attachment":"scroll","background-type":"","background-media":"","overlay-type":"","overlay-color":"","overlay-gradient":""},"mobile":{"background-color":"","background-image":"","background-repeat":"repeat","background-position":"center center","background-size":"auto","background-attachment":"scroll","background-type":"","background-media":"","overlay-type":"","overlay-color":"","overlay-gradient":""}},"ast-content-background-meta":{"desktop":{"background-color":"var(--ast-global-color-5)","background-image":"","background-repeat":"repeat","background-position":"center center","background-size":"auto","background-attachment":"scroll","background-type":"","background-media":"","overlay-type":"","overlay-color":"","overlay-gradient":""},"tablet":{"background-color":"var(--ast-global-color-5)","background-image":"","background-repeat":"repeat","background-position":"center center","background-size":"auto","background-attachment":"scroll","background-type":"","background-media":"","overlay-type":"","overlay-color":"","overlay-gradient":""},"mobile":{"background-color":"var(--ast-global-color-5)","background-image":"","background-repeat":"repeat","background-position":"center center","background-size":"auto","background-attachment":"scroll","background-type":"","background-media":"","overlay-type":"","overlay-color":"","overlay-gradient":""}},"footnotes":""},"uagb_featured_image_src":{"full":["https:\/\/solar2.standardof.net\/wp-content\/uploads\/sites\/2\/2020\/10\/Solar-2-Header-Background-1.jpeg",1680,1050,false],"thumbnail":["https:\/\/solar2.standardof.net\/wp-content\/uploads\/sites\/2\/2020\/10\/Solar-2-Header-Background-1-150x150.jpeg",150,150,true],"medium":["https:\/\/solar2.standardof.net\/wp-content\/uploads\/sites\/2\/2020\/10\/Solar-2-Header-Background-1-300x188.jpeg",300,188,true],"medium_large":["https:\/\/solar2.standardof.net\/wp-content\/uploads\/sites\/2\/2020\/10\/Solar-2-Header-Background-1.jpeg",768,480,false],"large":["https:\/\/solar2.standardof.net\/wp-content\/uploads\/sites\/2\/2020\/10\/Solar-2-Header-Background-1-1024x640.jpeg",1024,640,true],"1536x1536":["https:\/\/solar2.standardof.net\/wp-content\/uploads\/sites\/2\/2020\/10\/Solar-2-Header-Background-1.jpeg",1536,960,false],"2048x2048":["https:\/\/solar2.standardof.net\/wp-content\/uploads\/sites\/2\/2020\/10\/Solar-2-Header-Background-1.jpeg",1680,1050,false],"trp-custom-language-flag":["https:\/\/solar2.standardof.net\/wp-content\/uploads\/sites\/2\/2020\/10\/Solar-2-Header-Background-1-16x10.jpeg",16,10,true]},"uagb_author_info":{"display_name":"SOE","author_link":"https:\/\/solar2.standardof.net\/es_pr\/author\/k-tastic\/"},"uagb_comment_info":0,"uagb_excerpt":"Solar 2 Strategy Guide There are a large number of videos for the game Solar 2, covering achievements, missions and challenges, as well as basic progression tips and more. Along with this are a collection of text and image guides, that include the video to cover pretty much every aspect of the game. There may&hellip;","_links":{"self":[{"href":"https:\/\/solar2.standardof.net\/es_pr\/wp-json\/wp\/v2\/pages\/11"}],"collection":[{"href":"https:\/\/solar2.standardof.net\/es_pr\/wp-json\/wp\/v2\/pages"}],"about":[{"href":"https:\/\/solar2.standardof.net\/es_pr\/wp-json\/wp\/v2\/types\/page"}],"author":[{"embeddable":true,"href":"https:\/\/solar2.standardof.net\/es_pr\/wp-json\/wp\/v2\/users\/1"}],"replies":[{"embeddable":true,"href":"https:\/\/solar2.standardof.net\/es_pr\/wp-json\/wp\/v2\/comments?post=11"}],"version-history":[{"count":0,"href":"https:\/\/solar2.standardof.net\/es_pr\/wp-json\/wp\/v2\/pages\/11\/revisions"}],"wp:featuredmedia":[{"embeddable":true,"href":"https:\/\/solar2.standardof.net\/es_pr\/wp-json\/wp\/v2\/media\/12"}],"wp:attachment":[{"href":"https:\/\/solar2.standardof.net\/es_pr\/wp-json\/wp\/v2\/media?parent=11"}],"curies":[{"name":"wp","href":"https:\/\/api.w.org\/{rel}","templated":true}]}}