{"id":124,"date":"2020-10-14T01:15:03","date_gmt":"2020-10-14T01:15:03","guid":{"rendered":"https:\/\/solar2.standardof.net\/?page_id=124"},"modified":"2020-10-15T14:35:52","modified_gmt":"2020-10-15T14:35:52","slug":"star-solar-system-stage","status":"publish","type":"page","link":"https:\/\/solar2.standardof.net\/es_pr\/solar-2-guide\/etapa-del-sistema-solar-estrella-2\/","title":{"rendered":"Etapa de estrella y sistema solar"},"content":{"rendered":"<h2 class=\"wp-block-heading\">Etapa de estrella y sistema solar: \u00edndice de gu\u00eda<\/h2>\n\n\n\n<p>Esta gu\u00eda contin\u00faa el recorrido del juego. <em>Solar 2<\/em>, que cubre las diversas misiones, logros y consejos de progresi\u00f3n relevantes para las distintas etapas de Star del juego. La etapa estelar abarca varias sub etapas, a saber, estrella peque\u00f1a, estrella mediana, estrella grande, estrella de neutrones y sistemas solares que pueden estar compuestos por una o muchas estrellas junto con planetas en \u00f3rbita.<\/p>\n\n\n\n<ol><li><em><a href=\"https:\/\/solar2.standardof.net\/es_pr\/solar-2-guide\/etapa-del-sistema-solar-estrella-2\/#progression\" class=\"rank-math-link\">Progresi\u00f3n de estrella a agujero negro <sup>(Abajo)<\/sup><\/a><\/em><\/li><li><em><a href=\"https:\/\/solar2.standardof.net\/es_pr\/solar-2-guide\/etapa-del-sistema-solar-estrella-2\/#system-building\" class=\"rank-math-link\">Edificio del sistema solar <sup>(Abajo)<\/sup><br><sup>+ Logro de supremac\u00eda y hacinamiento<\/sup><\/a><\/em><\/li><li><a class=\"rank-math-link\" href=\"https:\/\/solar2.standardof.net\/es_pr\/solar-2-guide\/etapa-del-sistema-solar-estrella-2\/logro-de-traicion\/\">Logro de traici\u00f3n<\/a><\/li><li><a class=\"rank-math-link\" href=\"https:\/\/solar2.standardof.net\/es_pr\/solar-2-guide\/etapa-del-sistema-solar-estrella-2\/hermanos-misiones\/\">Misiones Hermanos 1-3<\/a><\/li><li><a class=\"rank-math-link\" href=\"https:\/\/solar2.standardof.net\/es_pr\/solar-2-guide\/etapa-del-sistema-solar-estrella-2\/duelo-misiones-vagabundo-estrella-logro-2\/\">Misiones de Duelo 1-3<br><sup>+ Logro de Hobo Star<\/sup><\/a><\/li><li><a class=\"rank-math-link\" href=\"https:\/\/solar2.standardof.net\/es_pr\/solar-2-guide\/etapa-del-sistema-solar-estrella-2\/misiones-de-atraco-y-me-pierdo-tengo-esto-logros-2\/\">Misiones de atraco 1-3<br><sup>+ Tengo esto y me pierdo logros<\/sup><\/a><\/li><li><a class=\"rank-math-link\" href=\"https:\/\/solar2.standardof.net\/es_pr\/solar-2-guide\/etapa-del-sistema-solar-estrella-2\/misiones-invasoras\/\">Misiones invasoras 1-3<\/a><\/li><li><a class=\"rank-math-link\" href=\"https:\/\/solar2.standardof.net\/es_pr\/solar-2-guide\/etapa-del-sistema-solar-estrella-2\/jefe-final\/\">Jefe final<br><sup>+ El logro de la entidad<\/sup><\/a><\/li><li><a class=\"rank-math-link\" href=\"https:\/\/solar2.standardof.net\/es_pr\/solar-2-guide\/etapa-del-sistema-solar-estrella-2\/logros-de-elite-and-grind-star\/\">Logros Elite y Grind Star<\/a><\/li><li>Misiones Star Challenge<ol><li><a class=\"rank-math-link\" href=\"https:\/\/solar2.standardof.net\/es_pr\/solar-2-guide\/etapa-del-sistema-solar-estrella-2\/esquivador-oscuro\/\">Dodger oscuro<\/a><\/li><li><a class=\"rank-math-link\" href=\"https:\/\/solar2.standardof.net\/es_pr\/solar-2-guide\/etapa-del-sistema-solar-estrella-2\/escapada-de-nuevo\/\">Escapada de nuevo<\/a><\/li><li><a class=\"rank-math-link\" href=\"https:\/\/solar2.standardof.net\/es_pr\/solar-2-guide\/etapa-del-sistema-solar-estrella-2\/guerra-de-nieve-2\/\">Lucha de bolas de nieve con el logro de la estrella del copo de nieve<\/a><\/li><\/ol><\/li><li>Misiones de desaf\u00edo de varias estrellas<ol><li><a class=\"rank-math-link\" href=\"https:\/\/solar2.standardof.net\/es_pr\/solar-2-guide\/etapa-del-sistema-solar-estrella-2\/duelo-del-caos\/\">Duelo del caos<\/a><\/li><li><a class=\"rank-math-link\" href=\"https:\/\/solar2.standardof.net\/es_pr\/solar-2-guide\/etapa-del-sistema-solar-estrella-2\/logro-maestro-ladron-ladron-planetario\/\">Planet Stealer y el logro del maestro ladr\u00f3n<\/a><\/li><\/ol><\/li><\/ol>\n\n\n\n<p>Si est\u00e1 buscando gu\u00edas adicionales para este videojuego, puede encontrar v\u00ednculos a continuaci\u00f3n a los \u00edndices de otras etapas que contienen m\u00e1s informaci\u00f3n y v\u00ednculos a gu\u00edas espec\u00edficas para esas etapas de existencia.<\/p>\n\n\n\n<ul><li><strong><a href=\"https:\/\/solar2.standardof.net\/es_pr\/solar-2-guide\/etapa-de-asteroide-2\/\" class=\"rank-math-link\">\u00cdndice de etapa de asteroide<\/a><\/strong><\/li><li><strong><a href=\"https:\/\/solar2.standardof.net\/es_pr\/solar-2-guide\/etapa-planetaria-2\/\" class=\"rank-math-link\">\u00cdndice de etapas de planeta peque\u00f1o y de vida<\/a><\/strong><\/li><li>\u00cdndice de etapas de la estrella y el sistema solar &lt;- usted est\u00e1 aqu\u00ed<\/li><li><strong><a href=\"https:\/\/solar2.standardof.net\/es_pr\/solar-2-guide\/etapa-de-agujero-negro-2\/\" class=\"rank-math-link\">\u00cdndice de gu\u00eda de etapa de agujero negro<\/a><\/strong><\/li><\/ul>\n\n\n\n<hr class=\"wp-block-separator\"\/>\n\n\n\n<h2 class=\"wp-block-heading\" id=\"progression\">Progresi\u00f3n de estrella peque\u00f1a a agujero negro<\/h2>\n\n\n\n<p>El concepto detr\u00e1s de alcanzar la etapa del Agujero Negro lo m\u00e1s r\u00e1pido posible, renunciando a las opciones de construir un sistema de estrellas m\u00faltiples o un sistema solar de 10 planetas, es consumir r\u00e1pidamente tanta masa planetaria como sea posible. El m\u00e9todo para hacerlo es muy parecido al escenario Planet, con algunas diferencias clave.<\/p>\n\n\n\n<h3 class=\"wp-block-heading\">Ganando masa como una estrella<\/h3>\n\n\n\n<p>En lugar de capturar ahora asteroides para consumirlos en masa, necesitar\u00e1s capturar planetas. Si bien son m\u00e1s escasos, son m\u00e1s f\u00e1ciles de capturar que los asteroides para los planetas. Esto se debe principalmente a sus velocidades relativas m\u00e1s lentas en comparaci\u00f3n con su estrella y al pozo de gravedad que posee que puede usarse para capturarlos de manera efectiva.<\/p>\n\n\n\n<p>Los planetas de la vida, por supuesto, ofrecer\u00e1n la mayor cantidad de masa al consumirse, pero pueden ser beneficiosos al proteger tambi\u00e9n a su estrella mientras crece. Necesitar\u00e1s al menos dos planetas de vida con al menos tres torretas en cada uno antes de que el escudo se active sobre tu estrella.<\/p>\n\n\n\n<p>Finalmente, la \u00fanica nota importante es que mantener su sistema solar peque\u00f1o le permitir\u00e1 encontrar m\u00e1s planetas que flotan libremente, ya que el crecimiento de un sistema solar grande har\u00e1 que aparezcan objetos m\u00e1s grandes como el suyo y objetos menos peque\u00f1os como planetas solitarios. Tambi\u00e9n aseg\u00farese de no generar una segunda estrella consumiendo demasiada masa de asteroides en uno de sus planetas, a menos que vaya por el logro de traici\u00f3n a continuaci\u00f3n.<\/p>\n\n\n\n<hr class=\"wp-block-separator\"\/>\n\n\n\n<h2 class=\"wp-block-heading\" id=\"system-building\">Edificio del sistema solar<\/h2>\n\n\n\n<p>Construyendo un sistema solar en <em>Solar 2<\/em> sigue conceptos similares expuestos en la gu\u00eda que cubre la progresi\u00f3n de Small Star a Black Hole. Sin embargo, en lugar de simplemente consumir planetas, ahora desea elevarlos a planetas de vida completamente experimentados o convertirlos en estrellas adicionales.<\/p>\n\n\n\n<h3 class=\"wp-block-heading\">Manejo de los planetas en su sistema solar<\/h3>\n\n\n\n<p>Como se mencion\u00f3 anteriormente, capturar planetas es muy similar a capturar asteroides (consulte la gu\u00eda Planeta para obtener detalles y diagramas) que requiere que se mueva para que su velocidad relativa con el planeta sea 0. Sin embargo, a diferencia de los asteroides y planetas, puede capturar nuevos planetas fuera de las primeras 5 \u00f3rbitas suenan hasta la d\u00e9cima m\u00e1s externa a medida que su sistema crece.<\/p>\n\n\n\n<p>Los planetas peque\u00f1os deber\u00e1n ser reemplazados o convertidos en planetas de vida para comenzar a proporcionar beneficios reales a su sistema solar. Para hacer crecer los planetas, tendr\u00e1s que maniobrar tu sistema mientras orbitan tu (s) estrella (s) para capturar asteroides como lo has hecho antes, aunque ahora se necesita un patr\u00f3n de movimiento ligeramente diferente. No se moleste en tratar de hacer crecer grandes escudos de asteroides alrededor de sus planetas ya que, a menos que tenga sus \u00f3rbitas controladas r\u00edgidamente, sus caminos eventualmente se cruzar\u00e1n entre s\u00ed, lo que har\u00e1 que sus propios planetas y asteroides se estrellen entre s\u00ed.<\/p>\n\n\n\n<h3 class=\"wp-block-heading\">Logro de hacinamiento<\/h3>\n\n\n\n<p>En su camino para hacer crecer su sistema solar y enriquecer sus formas de vida con experiencia, tambi\u00e9n trabajar\u00e1 para lograr el logro de la superpoblaci\u00f3n, que requiere que gane la mayor cantidad de vida posible en un sistema solar. Esto significa al menos 2 estrellas y los 10 planetas con m\u00e1s de 18 muertes de experiencia cada uno, o visualmente, 4 torretas en cada uno.<\/p>\n\n\n\n<p>Una vez que haya logrado hacer crecer 10 planetas con vida por consumir asteroides, la mejor apuesta para aumentar su experiencia y desbloquear Overcrowding al mismo tiempo es encontrar sistemas m\u00e1s peque\u00f1os para elegir. Mant\u00e9ngase a una distancia decente para que su nave espacial se enfrente a la nave espacial hostil pero no pueda alcanzar los planetas enemigos para destruirlos por completo. Eventualmente, tus planetas acumular\u00e1n experiencia de esta manera y si tienes un par rezagado, puedes maniobrarlos para que sus torretas entren en juego, garantizando que el planeta haga las muertes que necesita.<\/p>\n\n\n\n<h3 class=\"wp-block-heading\">Logro de &quot;supremac\u00eda&quot;<\/h3>\n\n\n\n<p>Para Supremacy, deber\u00e1 continuar el trabajo que comenz\u00f3 con Overcrowding. Sin embargo, aqu\u00ed podemos usar las opciones f\u00edsicas (confirmado ya que as\u00ed es como desbloque\u00e9 mi logro de Supremac\u00eda) para activar la configuraci\u00f3n de las torretas m\u00e1ximas y las naves m\u00e1ximas que generar\u00e1n los planetas mientras hacen que su tiempo de construcci\u00f3n sea instant\u00e1neo. Esto deber\u00eda darnos planetas con 14 torretas cada uno y hordas de naves espaciales fluyendo constantemente hacia afuera. Encuentra un sistema solar enemigo cercano para cultivar como antes y en poco tiempo habr\u00e1s acumulado 100 muertes en al menos uno de tus planetas.<\/p>\n\n\n\n<figure class=\"wp-block-image size-large\"><img decoding=\"async\" width=\"1024\" height=\"576\" src=\"https:\/\/solar2.standardof.net\/wp-content\/uploads\/sites\/2\/2020\/10\/Solar-2-Star-System-Stage-Supremacy-Achievement-1024x576.jpg\" alt=\"Logro de supremac\u00eda - Solar 2\" class=\"wp-image-125\" srcset=\"https:\/\/solar2.standardof.net\/wp-content\/uploads\/sites\/2\/2020\/10\/Solar-2-Star-System-Stage-Supremacy-Achievement-1024x576.jpg 1024w, https:\/\/solar2.standardof.net\/wp-content\/uploads\/sites\/2\/2020\/10\/Solar-2-Star-System-Stage-Supremacy-Achievement-300x169.jpg 300w, https:\/\/solar2.standardof.net\/wp-content\/uploads\/sites\/2\/2020\/10\/Solar-2-Star-System-Stage-Supremacy-Achievement-16x9.jpg 16w, https:\/\/solar2.standardof.net\/wp-content\/uploads\/sites\/2\/2020\/10\/Solar-2-Star-System-Stage-Supremacy-Achievement.jpg 1280w\" sizes=\"(max-width: 1024px) 100vw, 1024px\" \/><figcaption>Usando la opci\u00f3n f\u00edsica para aumentar la vida y quemar el camino hacia la supremac\u00eda.<\/figcaption><\/figure>\n\n\n\n<hr class=\"wp-block-separator\"\/>\n\n\n\n<h4 class=\"has-text-align-center wp-block-heading\">Video gu\u00eda de construcci\u00f3n del sistema solar<\/h4>\n\n\n\n<figure class=\"wp-block-embed-youtube wp-block-embed is-type-video is-provider-youtube wp-embed-aspect-16-9 wp-has-aspect-ratio\"><div class=\"wp-block-embed__wrapper\">\n<div class=\"ast-oembed-container\" style=\"height: 100%;\"><iframe title=\"Solar 2 - Tutorial de progresi\u00f3n del sistema solar de estrella peque\u00f1a a estrella grande\" width=\"500\" height=\"281\" src=\"https:\/\/www.youtube.com\/embed\/Vg1lWKFeyAc?feature=oembed\" frameborder=\"0\" allow=\"accelerometer; autoplay; clipboard-write; encrypted-media; gyroscope; picture-in-picture; web-share\" referrerpolicy=\"strict-origin-when-cross-origin\" allowfullscreen><\/iframe><\/div>\n<\/div><\/figure>","protected":false},"excerpt":{"rendered":"<p>Star and Solar System Stage: Guide Index This guide continues the walkthrough of the game Solar 2, covering the various missions, achievements, and progression tips relevant to the various Star stages of the game. The Star Stage encompasses several sub-stages, namely Small Star, Medium Star, Large Star, Neutron Star, and solar systems which can be [&hellip;]<\/p>","protected":false},"author":1,"featured_media":12,"parent":11,"menu_order":0,"comment_status":"open","ping_status":"closed","template":"","meta":{"_uag_custom_page_level_css":"","site-sidebar-layout":"default","site-content-layout":"default","ast-site-content-layout":"","site-content-style":"default","site-sidebar-style":"default","ast-global-header-display":"","ast-banner-title-visibility":"","ast-main-header-display":"","ast-hfb-above-header-display":"","ast-hfb-below-header-display":"","ast-hfb-mobile-header-display":"","site-post-title":"","ast-breadcrumbs-content":"","ast-featured-img":"","footer-sml-layout":"","theme-transparent-header-meta":"default","adv-header-id-meta":"","stick-header-meta":"","header-above-stick-meta":"","header-main-stick-meta":"","header-below-stick-meta":"","astra-migrate-meta-layouts":"default","ast-page-background-enabled":"default","ast-page-background-meta":{"desktop":{"background-color":"","background-image":"","background-repeat":"repeat","background-position":"center center","background-size":"auto","background-attachment":"scroll","background-type":"","background-media":"","overlay-type":"","overlay-color":"","overlay-gradient":""},"tablet":{"background-color":"","background-image":"","background-repeat":"repeat","background-position":"center center","background-size":"auto","background-attachment":"scroll","background-type":"","background-media":"","overlay-type":"","overlay-color":"","overlay-gradient":""},"mobile":{"background-color":"","background-image":"","background-repeat":"repeat","background-position":"center center","background-size":"auto","background-attachment":"scroll","background-type":"","background-media":"","overlay-type":"","overlay-color":"","overlay-gradient":""}},"ast-content-background-meta":{"desktop":{"background-color":"var(--ast-global-color-5)","background-image":"","background-repeat":"repeat","background-position":"center center","background-size":"auto","background-attachment":"scroll","background-type":"","background-media":"","overlay-type":"","overlay-color":"","overlay-gradient":""},"tablet":{"background-color":"var(--ast-global-color-5)","background-image":"","background-repeat":"repeat","background-position":"center center","background-size":"auto","background-attachment":"scroll","background-type":"","background-media":"","overlay-type":"","overlay-color":"","overlay-gradient":""},"mobile":{"background-color":"var(--ast-global-color-5)","background-image":"","background-repeat":"repeat","background-position":"center center","background-size":"auto","background-attachment":"scroll","background-type":"","background-media":"","overlay-type":"","overlay-color":"","overlay-gradient":""}},"footnotes":""},"uagb_featured_image_src":{"full":["https:\/\/solar2.standardof.net\/wp-content\/uploads\/sites\/2\/2020\/10\/Solar-2-Header-Background-1.jpeg",1680,1050,false],"thumbnail":["https:\/\/solar2.standardof.net\/wp-content\/uploads\/sites\/2\/2020\/10\/Solar-2-Header-Background-1-150x150.jpeg",150,150,true],"medium":["https:\/\/solar2.standardof.net\/wp-content\/uploads\/sites\/2\/2020\/10\/Solar-2-Header-Background-1-300x188.jpeg",300,188,true],"medium_large":["https:\/\/solar2.standardof.net\/wp-content\/uploads\/sites\/2\/2020\/10\/Solar-2-Header-Background-1.jpeg",768,480,false],"large":["https:\/\/solar2.standardof.net\/wp-content\/uploads\/sites\/2\/2020\/10\/Solar-2-Header-Background-1-1024x640.jpeg",1024,640,true],"1536x1536":["https:\/\/solar2.standardof.net\/wp-content\/uploads\/sites\/2\/2020\/10\/Solar-2-Header-Background-1.jpeg",1536,960,false],"2048x2048":["https:\/\/solar2.standardof.net\/wp-content\/uploads\/sites\/2\/2020\/10\/Solar-2-Header-Background-1.jpeg",1680,1050,false],"trp-custom-language-flag":["https:\/\/solar2.standardof.net\/wp-content\/uploads\/sites\/2\/2020\/10\/Solar-2-Header-Background-1-16x10.jpeg",16,10,true]},"uagb_author_info":{"display_name":"SOE","author_link":"https:\/\/solar2.standardof.net\/es_pr\/author\/k-tastic\/"},"uagb_comment_info":0,"uagb_excerpt":"Star and Solar System Stage: Guide Index This guide continues the walkthrough of the game Solar 2, covering the various missions, achievements, and progression tips relevant to the various Star stages of the game. The Star Stage encompasses several sub-stages, namely Small Star, Medium Star, Large Star, Neutron Star, and solar systems which can be&hellip;","_links":{"self":[{"href":"https:\/\/solar2.standardof.net\/es_pr\/wp-json\/wp\/v2\/pages\/124"}],"collection":[{"href":"https:\/\/solar2.standardof.net\/es_pr\/wp-json\/wp\/v2\/pages"}],"about":[{"href":"https:\/\/solar2.standardof.net\/es_pr\/wp-json\/wp\/v2\/types\/page"}],"author":[{"embeddable":true,"href":"https:\/\/solar2.standardof.net\/es_pr\/wp-json\/wp\/v2\/users\/1"}],"replies":[{"embeddable":true,"href":"https:\/\/solar2.standardof.net\/es_pr\/wp-json\/wp\/v2\/comments?post=124"}],"version-history":[{"count":0,"href":"https:\/\/solar2.standardof.net\/es_pr\/wp-json\/wp\/v2\/pages\/124\/revisions"}],"up":[{"embeddable":true,"href":"https:\/\/solar2.standardof.net\/es_pr\/wp-json\/wp\/v2\/pages\/11"}],"wp:featuredmedia":[{"embeddable":true,"href":"https:\/\/solar2.standardof.net\/es_pr\/wp-json\/wp\/v2\/media\/12"}],"wp:attachment":[{"href":"https:\/\/solar2.standardof.net\/es_pr\/wp-json\/wp\/v2\/media?parent=124"}],"curies":[{"name":"wp","href":"https:\/\/api.w.org\/{rel}","templated":true}]}}