{"id":136,"date":"2020-10-14T01:25:27","date_gmt":"2020-10-14T01:25:27","guid":{"rendered":"https:\/\/solar2.standardof.net\/?page_id=136"},"modified":"2020-10-14T12:54:27","modified_gmt":"2020-10-14T12:54:27","slug":"brethren-missions","status":"publish","type":"page","link":"https:\/\/solar2.standardof.net\/es_pr\/solar-2-guide\/etapa-del-sistema-solar-estrella-2\/hermanos-misiones\/","title":{"rendered":"Misiones Hermanos"},"content":{"rendered":"<h2 class=\"wp-block-heading\" id=\"47221687_title\">Misiones Hermanos 1-3<\/h2>\n\n\n\n<p>La serie de misiones Brethren en <em>Solar 2<\/em> que trabajes como cuidador del universo, cuidando planetas que necesitan tu protecci\u00f3n para convertirlos a tu manera. Las tres misiones tienen diferentes estrategias para usar, sin embargo, ser\u00e1 \u00fatil tener un sistema de doble estrella o de tres estrellas con una vida m\u00e1xima salvada como uno de sus sistemas de generaci\u00f3n.<\/p>\n\n\n\n<hr class=\"wp-block-separator\"\/>\n\n\n\n<h2 class=\"wp-block-heading\">Misi\u00f3n Hermanos 1<\/h2>\n\n\n\n<p>Para esta misi\u00f3n, deber\u00e1 proteger un planeta objetivo que no tenga vida. Para hacerlo, genera tu sistema de vida m\u00e1xima, consume uno de los planetas y elige el planeta objetivo, preferiblemente dentro de una de tus \u00f3rbitas internas para mantenerlo protegido. Todo lo que necesitas hacer es mantenerlo vivo durante 60 segundos mientras los asteroides vuelan hacia ti desde todas las direcciones. Con este m\u00e9todo puedes quedarte bastante quieto, maniobrando ligeramente para recoger algunos de los roids y ganar masa en el planeta objetivo.<\/p>\n\n\n\n<figure class=\"wp-block-image size-large\"><img decoding=\"async\" width=\"1024\" height=\"576\" src=\"https:\/\/solar2.standardof.net\/wp-content\/uploads\/sites\/2\/2020\/10\/Solar-2-Star-System-Stage-Brethren-Mission-1-1024x576.jpg\" alt=\"Hermanos 1 - Solar 2\" class=\"wp-image-137\" srcset=\"https:\/\/solar2.standardof.net\/wp-content\/uploads\/sites\/2\/2020\/10\/Solar-2-Star-System-Stage-Brethren-Mission-1-1024x576.jpg 1024w, https:\/\/solar2.standardof.net\/wp-content\/uploads\/sites\/2\/2020\/10\/Solar-2-Star-System-Stage-Brethren-Mission-1-300x169.jpg 300w, https:\/\/solar2.standardof.net\/wp-content\/uploads\/sites\/2\/2020\/10\/Solar-2-Star-System-Stage-Brethren-Mission-1-16x9.jpg 16w, https:\/\/solar2.standardof.net\/wp-content\/uploads\/sites\/2\/2020\/10\/Solar-2-Star-System-Stage-Brethren-Mission-1.jpg 1280w\" sizes=\"(max-width: 1024px) 100vw, 1024px\" \/><figcaption>Protegiendo el planeta vulnerable en Brethren 1 <\/figcaption><\/figure>\n\n\n\n<hr class=\"wp-block-separator\"\/>\n\n\n\n<h2 class=\"wp-block-heading\">Misi\u00f3n Hermanos 2<\/h2>\n\n\n\n<p>Para este nivel, debes llevar tu sistema solar y al menos 4 planetas de vida a trav\u00e9s de una carrera de obst\u00e1culos, alcanzando la baliza objetivo sin chocar con ning\u00fan objeto, m\u00e1s all\u00e1 de las naves espaciales o sus l\u00e1seres y misiles. La mejor manera de hacerlo es tomarse su tiempo y viajar con 4 planetas solo para evitar tener que lidiar con una litera m\u00e1s amplia y m\u00e1s propensa a colisiones. Completar este nivel con 10 planetas te otorgar\u00e1 una felicitaci\u00f3n especial.<\/p>\n\n\n\n<hr class=\"wp-block-separator\"\/>\n\n\n\n<h2 class=\"wp-block-heading\">Misi\u00f3n Hermanos 3<\/h2>\n\n\n\n<p>Finalmente, en la tercera misi\u00f3n, es hora de sacrificar a tus seguidores a los dioses celestiales. En este caso, tendr\u00e1 que tomar seis de sus planetas en \u00f3rbita y dejarlos caer en el Agujero Negro cercano. Genere su sistema de vida m\u00e1xima antes de comenzar esta misi\u00f3n y trabaje desde las \u00f3rbitas externas hacia adentro. Sin embargo, una vez que llegas a la \u00f3rbita 5-6, la gravedad comienza a poner en peligro tus estrellas, por lo que es una buena idea recoger algunos planetas nuevos despu\u00e9s de dejar los primeros 3-4.<\/p>\n\n\n\n<div class=\"wp-block-image\"><figure class=\"aligncenter size-large\"><img decoding=\"async\" width=\"1024\" height=\"576\" src=\"https:\/\/solar2.standardof.net\/wp-content\/uploads\/sites\/2\/2020\/10\/Solar-2-Star-System-Stage-Brethren-Mission-3-1024x576.jpg\" alt=\"Hermanos 3 - Solar 2\" class=\"wp-image-138\" srcset=\"https:\/\/solar2.standardof.net\/wp-content\/uploads\/sites\/2\/2020\/10\/Solar-2-Star-System-Stage-Brethren-Mission-3-1024x576.jpg 1024w, https:\/\/solar2.standardof.net\/wp-content\/uploads\/sites\/2\/2020\/10\/Solar-2-Star-System-Stage-Brethren-Mission-3-300x169.jpg 300w, https:\/\/solar2.standardof.net\/wp-content\/uploads\/sites\/2\/2020\/10\/Solar-2-Star-System-Stage-Brethren-Mission-3-16x9.jpg 16w, https:\/\/solar2.standardof.net\/wp-content\/uploads\/sites\/2\/2020\/10\/Solar-2-Star-System-Stage-Brethren-Mission-3.jpg 1280w\" sizes=\"(max-width: 1024px) 100vw, 1024px\" \/><figcaption>Sacrificar a los seguidores en Brethren 3.<\/figcaption><\/figure><\/div>\n\n\n\n<hr class=\"wp-block-separator\"\/>\n\n\n\n<h3 class=\"has-text-align-center wp-block-heading\">Gu\u00eda de video de niveles de hermanos<\/h3>\n\n\n\n<figure class=\"wp-block-embed-youtube wp-block-embed is-type-video is-provider-youtube wp-embed-aspect-16-9 wp-has-aspect-ratio\"><div class=\"wp-block-embed__wrapper\">\n<div class=\"ast-oembed-container\" style=\"height: 100%;\"><iframe title=\"Misiones del sistema solar Solar 2 Star - Niveles de hermanos - Gu\u00eda de recorrido\" width=\"500\" height=\"281\" src=\"https:\/\/www.youtube.com\/embed\/HgQHg2ZAd3U?feature=oembed\" frameborder=\"0\" allow=\"accelerometer; autoplay; clipboard-write; encrypted-media; gyroscope; picture-in-picture; web-share\" referrerpolicy=\"strict-origin-when-cross-origin\" allowfullscreen><\/iframe><\/div>\n<\/div><\/figure>","protected":false},"excerpt":{"rendered":"<p>Brethren Missions 1-3 The Brethren series of missions in Solar 2 have you working as caretaker of the universe, looking after planets that need your protection in order to convert them to your way. All three missions have different strategies to use, however, having dual star or tri-star system with max life saved as one [&hellip;]<\/p>","protected":false},"author":1,"featured_media":12,"parent":124,"menu_order":0,"comment_status":"open","ping_status":"closed","template":"","meta":{"_uag_custom_page_level_css":"","site-sidebar-layout":"default","site-content-layout":"default","ast-site-content-layout":"","site-content-style":"default","site-sidebar-style":"default","ast-global-header-display":"","ast-banner-title-visibility":"","ast-main-header-display":"","ast-hfb-above-header-display":"","ast-hfb-below-header-display":"","ast-hfb-mobile-header-display":"","site-post-title":"","ast-breadcrumbs-content":"","ast-featured-img":"","footer-sml-layout":"","theme-transparent-header-meta":"default","adv-header-id-meta":"","stick-header-meta":"","header-above-stick-meta":"","header-main-stick-meta":"","header-below-stick-meta":"","astra-migrate-meta-layouts":"default","ast-page-background-enabled":"default","ast-page-background-meta":{"desktop":{"background-color":"","background-image":"","background-repeat":"repeat","background-position":"center center","background-size":"auto","background-attachment":"scroll","background-type":"","background-media":"","overlay-type":"","overlay-color":"","overlay-gradient":""},"tablet":{"background-color":"","background-image":"","background-repeat":"repeat","background-position":"center center","background-size":"auto","background-attachment":"scroll","background-type":"","background-media":"","overlay-type":"","overlay-color":"","overlay-gradient":""},"mobile":{"background-color":"","background-image":"","background-repeat":"repeat","background-position":"center center","background-size":"auto","background-attachment":"scroll","background-type":"","background-media":"","overlay-type":"","overlay-color":"","overlay-gradient":""}},"ast-content-background-meta":{"desktop":{"background-color":"var(--ast-global-color-5)","background-image":"","background-repeat":"repeat","background-position":"center center","background-size":"auto","background-attachment":"scroll","background-type":"","background-media":"","overlay-type":"","overlay-color":"","overlay-gradient":""},"tablet":{"background-color":"var(--ast-global-color-5)","background-image":"","background-repeat":"repeat","background-position":"center center","background-size":"auto","background-attachment":"scroll","background-type":"","background-media":"","overlay-type":"","overlay-color":"","overlay-gradient":""},"mobile":{"background-color":"var(--ast-global-color-5)","background-image":"","background-repeat":"repeat","background-position":"center center","background-size":"auto","background-attachment":"scroll","background-type":"","background-media":"","overlay-type":"","overlay-color":"","overlay-gradient":""}},"footnotes":""},"uagb_featured_image_src":{"full":["https:\/\/solar2.standardof.net\/wp-content\/uploads\/sites\/2\/2020\/10\/Solar-2-Header-Background-1.jpeg",1680,1050,false],"thumbnail":["https:\/\/solar2.standardof.net\/wp-content\/uploads\/sites\/2\/2020\/10\/Solar-2-Header-Background-1-150x150.jpeg",150,150,true],"medium":["https:\/\/solar2.standardof.net\/wp-content\/uploads\/sites\/2\/2020\/10\/Solar-2-Header-Background-1-300x188.jpeg",300,188,true],"medium_large":["https:\/\/solar2.standardof.net\/wp-content\/uploads\/sites\/2\/2020\/10\/Solar-2-Header-Background-1.jpeg",768,480,false],"large":["https:\/\/solar2.standardof.net\/wp-content\/uploads\/sites\/2\/2020\/10\/Solar-2-Header-Background-1-1024x640.jpeg",1024,640,true],"1536x1536":["https:\/\/solar2.standardof.net\/wp-content\/uploads\/sites\/2\/2020\/10\/Solar-2-Header-Background-1.jpeg",1536,960,false],"2048x2048":["https:\/\/solar2.standardof.net\/wp-content\/uploads\/sites\/2\/2020\/10\/Solar-2-Header-Background-1.jpeg",1680,1050,false],"trp-custom-language-flag":["https:\/\/solar2.standardof.net\/wp-content\/uploads\/sites\/2\/2020\/10\/Solar-2-Header-Background-1-16x10.jpeg",16,10,true]},"uagb_author_info":{"display_name":"SOE","author_link":"https:\/\/solar2.standardof.net\/es_pr\/author\/k-tastic\/"},"uagb_comment_info":0,"uagb_excerpt":"Brethren Missions 1-3 The Brethren series of missions in Solar 2 have you working as caretaker of the universe, looking after planets that need your protection in order to convert them to your way. All three missions have different strategies to use, however, having dual star or tri-star system with max life saved as one&hellip;","_links":{"self":[{"href":"https:\/\/solar2.standardof.net\/es_pr\/wp-json\/wp\/v2\/pages\/136"}],"collection":[{"href":"https:\/\/solar2.standardof.net\/es_pr\/wp-json\/wp\/v2\/pages"}],"about":[{"href":"https:\/\/solar2.standardof.net\/es_pr\/wp-json\/wp\/v2\/types\/page"}],"author":[{"embeddable":true,"href":"https:\/\/solar2.standardof.net\/es_pr\/wp-json\/wp\/v2\/users\/1"}],"replies":[{"embeddable":true,"href":"https:\/\/solar2.standardof.net\/es_pr\/wp-json\/wp\/v2\/comments?post=136"}],"version-history":[{"count":0,"href":"https:\/\/solar2.standardof.net\/es_pr\/wp-json\/wp\/v2\/pages\/136\/revisions"}],"up":[{"embeddable":true,"href":"https:\/\/solar2.standardof.net\/es_pr\/wp-json\/wp\/v2\/pages\/124"}],"wp:featuredmedia":[{"embeddable":true,"href":"https:\/\/solar2.standardof.net\/es_pr\/wp-json\/wp\/v2\/media\/12"}],"wp:attachment":[{"href":"https:\/\/solar2.standardof.net\/es_pr\/wp-json\/wp\/v2\/media?parent=136"}],"curies":[{"name":"wp","href":"https:\/\/api.w.org\/{rel}","templated":true}]}}