{"id":155,"date":"2020-10-14T04:18:07","date_gmt":"2020-10-14T04:18:07","guid":{"rendered":"https:\/\/solar2.standardof.net\/?page_id=155"},"modified":"2020-10-15T14:36:20","modified_gmt":"2020-10-15T14:36:20","slug":"final-boss","status":"publish","type":"page","link":"https:\/\/solar2.standardof.net\/es_pr\/solar-2-guide\/etapa-del-sistema-solar-estrella-2\/jefe-final\/","title":{"rendered":"Jefe final"},"content":{"rendered":"<h2 class=\"wp-block-heading\" id=\"47221781_title\">Jefe final<\/h2>\n\n\n\n<p>Al completar todas las diversas misiones disponibles para ti en las 3 etapas primarias de <em>Solar 2<\/em>, Estrella, Planeta y Asteroide, la Entidad te presentar\u00e1 una misi\u00f3n final. Tu \u00faltima tarea ser\u00e1 enfrentarte a tu siniestro director, el poder celestial contra el poder celestial, en tu desaf\u00edo m\u00e1s dif\u00edcil hasta ahora. Completar esta misi\u00f3n y presenciar el video que recompensa desbloquea el logro La entidad.<\/p>\n\n\n\n<p>La entidad, a la que ahora debes destruir, consta de 7 estrellas medianas encadenadas alrededor de dos agujeros negros. Estas estrellas constantemente generar\u00e1n planetas que luego te arrojar\u00e1n despu\u00e9s de algunas \u00f3rbitas y los Agujeros Negros causar\u00e1n un pozo de gravedad masivo que atraer\u00e1 todo lo que est\u00e9 cerca.<\/p>\n\n\n\n<p>Para realizar esta misi\u00f3n con \u00e9xito, tendr\u00e1s que aparecer como una estrella o un sistema solar y completar toda la misi\u00f3n sin avanzar al Agujero Negro, o perder\u00e1s el nivel. Completar esta misi\u00f3n tambi\u00e9n da como resultado el desbloqueo <strong>La entidad<\/strong> logro.<\/p>\n\n\n\n<div class=\"wp-block-image\"><figure class=\"aligncenter size-large\"><img decoding=\"async\" width=\"1024\" height=\"576\" src=\"https:\/\/solar2.standardof.net\/wp-content\/uploads\/sites\/2\/2020\/10\/Solar-2-Star-System-Stage-Final-Boss-1024x576.jpg\" alt=\"Jefe final - Solar 2\" class=\"wp-image-156\" srcset=\"https:\/\/solar2.standardof.net\/wp-content\/uploads\/sites\/2\/2020\/10\/Solar-2-Star-System-Stage-Final-Boss-1024x576.jpg 1024w, https:\/\/solar2.standardof.net\/wp-content\/uploads\/sites\/2\/2020\/10\/Solar-2-Star-System-Stage-Final-Boss-300x169.jpg 300w, https:\/\/solar2.standardof.net\/wp-content\/uploads\/sites\/2\/2020\/10\/Solar-2-Star-System-Stage-Final-Boss-16x9.jpg 16w, https:\/\/solar2.standardof.net\/wp-content\/uploads\/sites\/2\/2020\/10\/Solar-2-Star-System-Stage-Final-Boss.jpg 1280w\" sizes=\"(max-width: 1024px) 100vw, 1024px\" \/><figcaption>Luchando contra la entidad en la misi\u00f3n Final Boss.<\/figcaption><\/figure><\/div>\n\n\n\n<h2 class=\"wp-block-heading\">T\u00e1cticas para la misi\u00f3n Boss:<\/h2>\n\n\n\n<p>La idea aqu\u00ed es que quieras usar un sistema con m\u00faltiples estrellas y m\u00e1xima vida para darles a tus estrellas escudos con los que arar las estrellas de la Entidad despu\u00e9s de que pierdan sus Planetas de Vida. Si sus escudos caen y pierde masa, recuerde que puede retirarse un poco para capturar los planetas arrojados por la entidad y hacer crecer sus estrellas nuevamente. Una vez que se hayan eliminado seis estrellas, la \u00faltima ser\u00e1 consumida por Black Holes y el logro The Entity se desbloquear\u00e1 junto con un breve video.<\/p>\n\n\n\n<p>Si tiene un sistema Grind Star guardado del logro a continuaci\u00f3n, puede usarlo para barrer las propias estrellas de la entidad, como se mencion\u00f3 para las misiones de Duelo. Solo tenga cuidado de no perder demasiadas de sus propias estrellas en los Agujeros Negros durante sus pases.<\/p>\n\n\n\n<hr class=\"wp-block-separator\"\/>\n\n\n\n<h3 class=\"has-text-align-center wp-block-heading\">Gu\u00eda de video de Final Boss<\/h3>\n\n\n\n<figure class=\"wp-block-embed-youtube wp-block-embed is-type-video is-provider-youtube wp-embed-aspect-16-9 wp-has-aspect-ratio\"><div class=\"wp-block-embed__wrapper\">\n<div class=\"ast-oembed-container\" style=\"height: 100%;\"><iframe title=\"Final Boss (Entity Achievement)- Solar 2 - Star Solar System Missions - Walkthrough Guide\" width=\"500\" height=\"281\" src=\"https:\/\/www.youtube.com\/embed\/LiZQ1xKi1fE?feature=oembed\" frameborder=\"0\" allow=\"accelerometer; autoplay; clipboard-write; encrypted-media; gyroscope; picture-in-picture; web-share\" referrerpolicy=\"strict-origin-when-cross-origin\" allowfullscreen><\/iframe><\/div>\n<\/div><\/figure>","protected":false},"excerpt":{"rendered":"<p>Final Boss Upon completing all the various missions available to you in all 3 primary stages of Solar 2, Star, Planet, and Asteroid, you will be presented with one final mission by the Entity. Your last task will be facing your ominous director, celestial power versus celestial power, in your hardest challenge yet. Completion of [&hellip;]<\/p>","protected":false},"author":1,"featured_media":12,"parent":124,"menu_order":0,"comment_status":"open","ping_status":"closed","template":"","meta":{"_uag_custom_page_level_css":"","site-sidebar-layout":"default","site-content-layout":"default","ast-site-content-layout":"","site-content-style":"default","site-sidebar-style":"default","ast-global-header-display":"","ast-banner-title-visibility":"","ast-main-header-display":"","ast-hfb-above-header-display":"","ast-hfb-below-header-display":"","ast-hfb-mobile-header-display":"","site-post-title":"","ast-breadcrumbs-content":"","ast-featured-img":"","footer-sml-layout":"","theme-transparent-header-meta":"default","adv-header-id-meta":"","stick-header-meta":"","header-above-stick-meta":"","header-main-stick-meta":"","header-below-stick-meta":"","astra-migrate-meta-layouts":"default","ast-page-background-enabled":"default","ast-page-background-meta":{"desktop":{"background-color":"","background-image":"","background-repeat":"repeat","background-position":"center center","background-size":"auto","background-attachment":"scroll","background-type":"","background-media":"","overlay-type":"","overlay-color":"","overlay-gradient":""},"tablet":{"background-color":"","background-image":"","background-repeat":"repeat","background-position":"center center","background-size":"auto","background-attachment":"scroll","background-type":"","background-media":"","overlay-type":"","overlay-color":"","overlay-gradient":""},"mobile":{"background-color":"","background-image":"","background-repeat":"repeat","background-position":"center center","background-size":"auto","background-attachment":"scroll","background-type":"","background-media":"","overlay-type":"","overlay-color":"","overlay-gradient":""}},"ast-content-background-meta":{"desktop":{"background-color":"var(--ast-global-color-5)","background-image":"","background-repeat":"repeat","background-position":"center center","background-size":"auto","background-attachment":"scroll","background-type":"","background-media":"","overlay-type":"","overlay-color":"","overlay-gradient":""},"tablet":{"background-color":"var(--ast-global-color-5)","background-image":"","background-repeat":"repeat","background-position":"center center","background-size":"auto","background-attachment":"scroll","background-type":"","background-media":"","overlay-type":"","overlay-color":"","overlay-gradient":""},"mobile":{"background-color":"var(--ast-global-color-5)","background-image":"","background-repeat":"repeat","background-position":"center center","background-size":"auto","background-attachment":"scroll","background-type":"","background-media":"","overlay-type":"","overlay-color":"","overlay-gradient":""}},"footnotes":""},"uagb_featured_image_src":{"full":["https:\/\/solar2.standardof.net\/wp-content\/uploads\/sites\/2\/2020\/10\/Solar-2-Header-Background-1.jpeg",1680,1050,false],"thumbnail":["https:\/\/solar2.standardof.net\/wp-content\/uploads\/sites\/2\/2020\/10\/Solar-2-Header-Background-1-150x150.jpeg",150,150,true],"medium":["https:\/\/solar2.standardof.net\/wp-content\/uploads\/sites\/2\/2020\/10\/Solar-2-Header-Background-1-300x188.jpeg",300,188,true],"medium_large":["https:\/\/solar2.standardof.net\/wp-content\/uploads\/sites\/2\/2020\/10\/Solar-2-Header-Background-1.jpeg",768,480,false],"large":["https:\/\/solar2.standardof.net\/wp-content\/uploads\/sites\/2\/2020\/10\/Solar-2-Header-Background-1-1024x640.jpeg",1024,640,true],"1536x1536":["https:\/\/solar2.standardof.net\/wp-content\/uploads\/sites\/2\/2020\/10\/Solar-2-Header-Background-1.jpeg",1536,960,false],"2048x2048":["https:\/\/solar2.standardof.net\/wp-content\/uploads\/sites\/2\/2020\/10\/Solar-2-Header-Background-1.jpeg",1680,1050,false],"trp-custom-language-flag":["https:\/\/solar2.standardof.net\/wp-content\/uploads\/sites\/2\/2020\/10\/Solar-2-Header-Background-1-16x10.jpeg",16,10,true]},"uagb_author_info":{"display_name":"SOE","author_link":"https:\/\/solar2.standardof.net\/es_pr\/author\/k-tastic\/"},"uagb_comment_info":0,"uagb_excerpt":"Final Boss Upon completing all the various missions available to you in all 3 primary stages of Solar 2, Star, Planet, and Asteroid, you will be presented with one final mission by the Entity. Your last task will be facing your ominous director, celestial power versus celestial power, in your hardest challenge yet. Completion of&hellip;","_links":{"self":[{"href":"https:\/\/solar2.standardof.net\/es_pr\/wp-json\/wp\/v2\/pages\/155"}],"collection":[{"href":"https:\/\/solar2.standardof.net\/es_pr\/wp-json\/wp\/v2\/pages"}],"about":[{"href":"https:\/\/solar2.standardof.net\/es_pr\/wp-json\/wp\/v2\/types\/page"}],"author":[{"embeddable":true,"href":"https:\/\/solar2.standardof.net\/es_pr\/wp-json\/wp\/v2\/users\/1"}],"replies":[{"embeddable":true,"href":"https:\/\/solar2.standardof.net\/es_pr\/wp-json\/wp\/v2\/comments?post=155"}],"version-history":[{"count":0,"href":"https:\/\/solar2.standardof.net\/es_pr\/wp-json\/wp\/v2\/pages\/155\/revisions"}],"up":[{"embeddable":true,"href":"https:\/\/solar2.standardof.net\/es_pr\/wp-json\/wp\/v2\/pages\/124"}],"wp:featuredmedia":[{"embeddable":true,"href":"https:\/\/solar2.standardof.net\/es_pr\/wp-json\/wp\/v2\/media\/12"}],"wp:attachment":[{"href":"https:\/\/solar2.standardof.net\/es_pr\/wp-json\/wp\/v2\/media?parent=155"}],"curies":[{"name":"wp","href":"https:\/\/api.w.org\/{rel}","templated":true}]}}