{"id":180,"date":"2020-10-14T09:07:09","date_gmt":"2020-10-14T09:07:09","guid":{"rendered":"https:\/\/solar2.standardof.net\/?page_id=180"},"modified":"2020-10-14T12:54:41","modified_gmt":"2020-10-14T12:54:41","slug":"getaway-again","status":"publish","type":"page","link":"https:\/\/solar2.standardof.net\/es_pr\/solar-2-guide\/etapa-del-sistema-solar-estrella-2\/escapada-de-nuevo\/","title":{"rendered":"Misi\u00f3n 2 de Star Challenge: &#039;Escapada de nuevo&#039;"},"content":{"rendered":"<h2 class=\"wp-block-heading\">Misi\u00f3n 2 de Star Challenge: &#039;Escapada de nuevo&#039;<\/h2>\n\n\n\n<p>La misi\u00f3n de desaf\u00edo estrella de Getaway Again en <em>Solar 2<\/em>, como su nombre indica, es una repetici\u00f3n de la misi\u00f3n de la historia estelar de Getaway con un nuevo giro para enfrentarte. Deber\u00e1 completar todo el recorrido mientras recibe el menor da\u00f1o posible como una estrella grande. Nota: No puedes escapar del curso para completar esta misi\u00f3n como puedes hacer con la versi\u00f3n de la historia, tendr\u00e1s que tomar la ruta dif\u00edcil y navegar todo el curso para tener \u00e9xito.<\/p>\n\n\n\n<p>Puntuaci\u00f3n f\u00e1cil: menos de 1500 da\u00f1os recibidos.<br>Puntuaci\u00f3n media: menos de 500 da\u00f1os recibidos.<br>Puntuaci\u00f3n dif\u00edcil: menos de 150 da\u00f1os recibidos.<\/p>\n\n\n\n<p>Si ya ha completado Escapada, este desaf\u00edo le resultar\u00e1 un poco m\u00e1s f\u00e1cil en algunos aspectos, considerando que el curso en s\u00ed es algo m\u00e1s f\u00e1cil de navegar. Sin embargo, el desaf\u00edo aqu\u00ed viene con evitar da\u00f1os. Tu mejor opci\u00f3n es no preocuparte tanto por los asteroides, evit\u00e1ndolos cuando sea posible, pero absorber los golpes cuando los esquivas puede hacer que choques con algo m\u00e1s grande. Dado que el da\u00f1o de los asteroides es de solo 1 por roca, puede absorber al menos 149 impactos de asteroides sin enfrentar fallas o negarle la puntuaci\u00f3n dif\u00edcil. Siempre que puedas evitar las estrellas, estar\u00e1s bien aqu\u00ed, sin embargo, si no, una sola colisi\u00f3n de alto da\u00f1o con una puede significar un fracaso. La clave de ruta lo ayudar\u00e1 a predecir las rutas que se aproximan, y recuerde utilizar y estar atento a los efectos tanto de su pozo de gravedad como de la l\u00ednea estelar.<\/p>\n\n\n\n<figure class=\"wp-block-gallery columns-2 is-cropped wp-block-gallery-1 is-layout-flex wp-block-gallery-is-layout-flex\"><ul class=\"blocks-gallery-grid\"><li class=\"blocks-gallery-item\"><figure><img decoding=\"async\" width=\"1024\" height=\"576\" src=\"https:\/\/solar2.standardof.net\/wp-content\/uploads\/sites\/2\/2020\/10\/Solar-2-Star-Challenge-Mission-2-Getaway-Again-1-1024x576.jpg\" alt=\"Star Challenge: Escapada de nuevo - Solar 2\" data-id=\"183\" data-full-url=\"https:\/\/solar2.standardof.net\/wp-content\/uploads\/sites\/2\/2020\/10\/Solar-2-Star-Challenge-Mission-2-Getaway-Again-1.jpg\" data-link=\"https:\/\/solar2.standardof.net\/?attachment_id=183\" class=\"wp-image-183\" srcset=\"https:\/\/solar2.standardof.net\/wp-content\/uploads\/sites\/2\/2020\/10\/Solar-2-Star-Challenge-Mission-2-Getaway-Again-1-1024x576.jpg 1024w, https:\/\/solar2.standardof.net\/wp-content\/uploads\/sites\/2\/2020\/10\/Solar-2-Star-Challenge-Mission-2-Getaway-Again-1-300x169.jpg 300w, https:\/\/solar2.standardof.net\/wp-content\/uploads\/sites\/2\/2020\/10\/Solar-2-Star-Challenge-Mission-2-Getaway-Again-1-16x9.jpg 16w, https:\/\/solar2.standardof.net\/wp-content\/uploads\/sites\/2\/2020\/10\/Solar-2-Star-Challenge-Mission-2-Getaway-Again-1.jpg 1920w\" sizes=\"(max-width: 1024px) 100vw, 1024px\" \/><figcaption class=\"blocks-gallery-item__caption\">Evitando algunos c\u00famulos de asteroides en Getaway Again.<\/figcaption><\/figure><\/li><li class=\"blocks-gallery-item\"><figure><img decoding=\"async\" width=\"1024\" height=\"576\" src=\"https:\/\/solar2.standardof.net\/wp-content\/uploads\/sites\/2\/2020\/10\/Solar-2-Star-Challenge-Mission-2-Getaway-Again-2-1024x576.jpg\" alt=\"Star Challenge: Escapada de nuevo - Solar 2\" data-id=\"184\" data-full-url=\"https:\/\/solar2.standardof.net\/wp-content\/uploads\/sites\/2\/2020\/10\/Solar-2-Star-Challenge-Mission-2-Getaway-Again-2.jpg\" data-link=\"https:\/\/solar2.standardof.net\/?attachment_id=184\" class=\"wp-image-184\" srcset=\"https:\/\/solar2.standardof.net\/wp-content\/uploads\/sites\/2\/2020\/10\/Solar-2-Star-Challenge-Mission-2-Getaway-Again-2-1024x576.jpg 1024w, https:\/\/solar2.standardof.net\/wp-content\/uploads\/sites\/2\/2020\/10\/Solar-2-Star-Challenge-Mission-2-Getaway-Again-2-300x169.jpg 300w, https:\/\/solar2.standardof.net\/wp-content\/uploads\/sites\/2\/2020\/10\/Solar-2-Star-Challenge-Mission-2-Getaway-Again-2-16x9.jpg 16w, https:\/\/solar2.standardof.net\/wp-content\/uploads\/sites\/2\/2020\/10\/Solar-2-Star-Challenge-Mission-2-Getaway-Again-2.jpg 1920w\" sizes=\"(max-width: 1024px) 100vw, 1024px\" \/><figcaption class=\"blocks-gallery-item__caption\">Se permite que dos estrellas pasen a cada lado de la estrella controlada y choquen entre s\u00ed por delante.<\/figcaption><\/figure><\/li><\/ul><\/figure>\n\n\n\n<hr class=\"wp-block-separator\"\/>\n\n\n\n<h3 class=\"has-text-align-center wp-block-heading\">Gu\u00eda de video de Getaway Again<\/h3>\n\n\n\n<figure class=\"wp-block-embed-youtube wp-block-embed is-type-video is-provider-youtube wp-embed-aspect-16-9 wp-has-aspect-ratio\"><div class=\"wp-block-embed__wrapper\">\n<div class=\"ast-oembed-container\" style=\"height: 100%;\"><iframe title=\"Solar 2 - Escapa de nuevo - Misi\u00f3n Star Challenge - Puntuaci\u00f3n dif\u00edcil\" width=\"500\" height=\"281\" src=\"https:\/\/www.youtube.com\/embed\/4NxXekIkN5Q?feature=oembed\" frameborder=\"0\" allow=\"accelerometer; autoplay; clipboard-write; encrypted-media; gyroscope; picture-in-picture; web-share\" referrerpolicy=\"strict-origin-when-cross-origin\" allowfullscreen><\/iframe><\/div>\n<\/div><\/figure>","protected":false},"excerpt":{"rendered":"<p>Star Challenge Mission 2: &#8216;Getaway Again&#8217; The Getaway Again star challenge mission in Solar 2, as its name suggests, is a repeat of the Getaway star story mission with a new twist to have you facing off against. You will need to complete the entire course while taking as little damage as possible as a [&hellip;]<\/p>","protected":false},"author":1,"featured_media":12,"parent":124,"menu_order":0,"comment_status":"open","ping_status":"closed","template":"","meta":{"_uag_custom_page_level_css":"","site-sidebar-layout":"default","site-content-layout":"default","ast-site-content-layout":"","site-content-style":"default","site-sidebar-style":"default","ast-global-header-display":"","ast-banner-title-visibility":"","ast-main-header-display":"","ast-hfb-above-header-display":"","ast-hfb-below-header-display":"","ast-hfb-mobile-header-display":"","site-post-title":"","ast-breadcrumbs-content":"","ast-featured-img":"","footer-sml-layout":"","theme-transparent-header-meta":"default","adv-header-id-meta":"","stick-header-meta":"","header-above-stick-meta":"","header-main-stick-meta":"","header-below-stick-meta":"","astra-migrate-meta-layouts":"default","ast-page-background-enabled":"default","ast-page-background-meta":{"desktop":{"background-color":"","background-image":"","background-repeat":"repeat","background-position":"center center","background-size":"auto","background-attachment":"scroll","background-type":"","background-media":"","overlay-type":"","overlay-color":"","overlay-gradient":""},"tablet":{"background-color":"","background-image":"","background-repeat":"repeat","background-position":"center center","background-size":"auto","background-attachment":"scroll","background-type":"","background-media":"","overlay-type":"","overlay-color":"","overlay-gradient":""},"mobile":{"background-color":"","background-image":"","background-repeat":"repeat","background-position":"center center","background-size":"auto","background-attachment":"scroll","background-type":"","background-media":"","overlay-type":"","overlay-color":"","overlay-gradient":""}},"ast-content-background-meta":{"desktop":{"background-color":"var(--ast-global-color-5)","background-image":"","background-repeat":"repeat","background-position":"center center","background-size":"auto","background-attachment":"scroll","background-type":"","background-media":"","overlay-type":"","overlay-color":"","overlay-gradient":""},"tablet":{"background-color":"var(--ast-global-color-5)","background-image":"","background-repeat":"repeat","background-position":"center center","background-size":"auto","background-attachment":"scroll","background-type":"","background-media":"","overlay-type":"","overlay-color":"","overlay-gradient":""},"mobile":{"background-color":"var(--ast-global-color-5)","background-image":"","background-repeat":"repeat","background-position":"center center","background-size":"auto","background-attachment":"scroll","background-type":"","background-media":"","overlay-type":"","overlay-color":"","overlay-gradient":""}},"footnotes":""},"uagb_featured_image_src":{"full":["https:\/\/solar2.standardof.net\/wp-content\/uploads\/sites\/2\/2020\/10\/Solar-2-Header-Background-1.jpeg",1680,1050,false],"thumbnail":["https:\/\/solar2.standardof.net\/wp-content\/uploads\/sites\/2\/2020\/10\/Solar-2-Header-Background-1-150x150.jpeg",150,150,true],"medium":["https:\/\/solar2.standardof.net\/wp-content\/uploads\/sites\/2\/2020\/10\/Solar-2-Header-Background-1-300x188.jpeg",300,188,true],"medium_large":["https:\/\/solar2.standardof.net\/wp-content\/uploads\/sites\/2\/2020\/10\/Solar-2-Header-Background-1.jpeg",768,480,false],"large":["https:\/\/solar2.standardof.net\/wp-content\/uploads\/sites\/2\/2020\/10\/Solar-2-Header-Background-1-1024x640.jpeg",1024,640,true],"1536x1536":["https:\/\/solar2.standardof.net\/wp-content\/uploads\/sites\/2\/2020\/10\/Solar-2-Header-Background-1.jpeg",1536,960,false],"2048x2048":["https:\/\/solar2.standardof.net\/wp-content\/uploads\/sites\/2\/2020\/10\/Solar-2-Header-Background-1.jpeg",1680,1050,false],"trp-custom-language-flag":["https:\/\/solar2.standardof.net\/wp-content\/uploads\/sites\/2\/2020\/10\/Solar-2-Header-Background-1-16x10.jpeg",16,10,true]},"uagb_author_info":{"display_name":"SOE","author_link":"https:\/\/solar2.standardof.net\/es_pr\/author\/k-tastic\/"},"uagb_comment_info":0,"uagb_excerpt":"Star Challenge Mission 2: &#8216;Getaway Again&#8217; The Getaway Again star challenge mission in Solar 2, as its name suggests, is a repeat of the Getaway star story mission with a new twist to have you facing off against. You will need to complete the entire course while taking as little damage as possible as a&hellip;","_links":{"self":[{"href":"https:\/\/solar2.standardof.net\/es_pr\/wp-json\/wp\/v2\/pages\/180"}],"collection":[{"href":"https:\/\/solar2.standardof.net\/es_pr\/wp-json\/wp\/v2\/pages"}],"about":[{"href":"https:\/\/solar2.standardof.net\/es_pr\/wp-json\/wp\/v2\/types\/page"}],"author":[{"embeddable":true,"href":"https:\/\/solar2.standardof.net\/es_pr\/wp-json\/wp\/v2\/users\/1"}],"replies":[{"embeddable":true,"href":"https:\/\/solar2.standardof.net\/es_pr\/wp-json\/wp\/v2\/comments?post=180"}],"version-history":[{"count":0,"href":"https:\/\/solar2.standardof.net\/es_pr\/wp-json\/wp\/v2\/pages\/180\/revisions"}],"up":[{"embeddable":true,"href":"https:\/\/solar2.standardof.net\/es_pr\/wp-json\/wp\/v2\/pages\/124"}],"wp:featuredmedia":[{"embeddable":true,"href":"https:\/\/solar2.standardof.net\/es_pr\/wp-json\/wp\/v2\/media\/12"}],"wp:attachment":[{"href":"https:\/\/solar2.standardof.net\/es_pr\/wp-json\/wp\/v2\/media?parent=180"}],"curies":[{"name":"wp","href":"https:\/\/api.w.org\/{rel}","templated":true}]}}