{"id":190,"date":"2020-10-14T09:22:57","date_gmt":"2020-10-14T09:22:57","guid":{"rendered":"https:\/\/solar2.standardof.net\/?page_id=190"},"modified":"2020-10-14T12:54:38","modified_gmt":"2020-10-14T12:54:38","slug":"chaos-duel","status":"publish","type":"page","link":"https:\/\/solar2.standardof.net\/es_pr\/solar-2-guide\/etapa-del-sistema-solar-estrella-2\/duelo-del-caos\/","title":{"rendered":"Misi\u00f3n de desaf\u00edo de m\u00faltiples estrellas 1: Duelo del caos"},"content":{"rendered":"<h2 class=\"wp-block-heading\">Desaf\u00edo de duelo del caos<\/h2>\n\n\n\n<p>Chaos Duel te ha generado como una estrella gemela, con un sistema solar completo que consta de planetas de vida evolucionados con opciones de f\u00edsica activadas tanto para las torretas m\u00e1ximas como para las formas de vida m\u00e1ximas, enfrentando un sistema de m\u00faltiples estrellas similar. Tu enemigo tendr\u00e1 una ventaja aqu\u00ed, con sus estrellas que consisten en dos estrellas en etapa de neutrones y la tuya es de tama\u00f1o mediano. La tarea aqu\u00ed es destruir las estrellas duales del sistema enemigo mientras sobrevive, dentro de un l\u00edmite de tiempo establecido para alcanzar cada calificaci\u00f3n de puntuaci\u00f3n.<\/p>\n\n\n\n<p>Puntuaci\u00f3n f\u00e1cil: destruye el sistema enemigo en 3 minutos o menos.<br>Puntuaci\u00f3n media: destruye el sistema enemigo en 2 minutos o menos.<br>Puntuaci\u00f3n dif\u00edcil: destruye el sistema enemigo en 1 minuto o menos.<\/p>\n\n\n\n<p>El truco con Chaos Duel para vencer r\u00e1pidamente al enemigo por el puntaje dif\u00edcil, es comenzar la pelea soplando tu sistema contra el de ellos. Intenta usar tus estrellas (preferiblemente) para eliminar los planetas de vida enemigos, o tus propios planetas si puedes hacerlo sin perder demasiados, para que los escudos de las estrellas caigan. Una vez que tenga una ventaja de vida significativa, puede permitir que algunas de las naves tambi\u00e9n ayuden a erradicar los planetas enemigos que contienen vida. Una vez que los escudos de la estrella enemiga est\u00e1n abajo, con el tuyo a\u00fan en alto (con suerte) puedes embestir las estrellas de neutrones directamente, deton\u00e1ndolas mientras tu estrella es salvada por su escudo. Cambie a golpear con su segunda estrella, a\u00fan protegida, para eliminar #2 de la misma manera. Una vez que las estrellas de neutrones enemigas se han ido, ganas, incluso si quedan planetas con vida flotando en el espacio.<\/p>\n\n\n\n<figure class=\"wp-block-gallery aligncenter columns-2 is-cropped wp-block-gallery-1 is-layout-flex wp-block-gallery-is-layout-flex\"><ul class=\"blocks-gallery-grid\"><li class=\"blocks-gallery-item\"><figure><img decoding=\"async\" width=\"1024\" height=\"576\" src=\"https:\/\/solar2.standardof.net\/wp-content\/uploads\/sites\/2\/2020\/10\/Solar-2-Multi-Star-Chaos-Duel-Challenge-1-1024x576.jpg\" alt=\"Desaf\u00edo multi-estrella: Chaos Duel - Solar 2\" data-id=\"191\" data-full-url=\"https:\/\/solar2.standardof.net\/wp-content\/uploads\/sites\/2\/2020\/10\/Solar-2-Multi-Star-Chaos-Duel-Challenge-1.jpg\" data-link=\"https:\/\/solar2.standardof.net\/?attachment_id=191\" class=\"wp-image-191\" srcset=\"https:\/\/solar2.standardof.net\/wp-content\/uploads\/sites\/2\/2020\/10\/Solar-2-Multi-Star-Chaos-Duel-Challenge-1-1024x576.jpg 1024w, https:\/\/solar2.standardof.net\/wp-content\/uploads\/sites\/2\/2020\/10\/Solar-2-Multi-Star-Chaos-Duel-Challenge-1-300x169.jpg 300w, https:\/\/solar2.standardof.net\/wp-content\/uploads\/sites\/2\/2020\/10\/Solar-2-Multi-Star-Chaos-Duel-Challenge-1-16x9.jpg 16w, https:\/\/solar2.standardof.net\/wp-content\/uploads\/sites\/2\/2020\/10\/Solar-2-Multi-Star-Chaos-Duel-Challenge-1.jpg 1920w\" sizes=\"(max-width: 1024px) 100vw, 1024px\" \/><figcaption class=\"blocks-gallery-item__caption\">Embestir a los planetas de vida enemigos en Chaos Duel. <\/figcaption><\/figure><\/li><li class=\"blocks-gallery-item\"><figure><img decoding=\"async\" width=\"1024\" height=\"576\" src=\"https:\/\/solar2.standardof.net\/wp-content\/uploads\/sites\/2\/2020\/10\/Solar-2-Multi-Star-Chaos-Duel-Challenge-2-1024x576.jpg\" alt=\"Desaf\u00edo multi-estrella: Chaos Duel - Solar 2\" data-id=\"192\" data-full-url=\"https:\/\/solar2.standardof.net\/wp-content\/uploads\/sites\/2\/2020\/10\/Solar-2-Multi-Star-Chaos-Duel-Challenge-2.jpg\" data-link=\"https:\/\/solar2.standardof.net\/?attachment_id=192\" class=\"wp-image-192\" srcset=\"https:\/\/solar2.standardof.net\/wp-content\/uploads\/sites\/2\/2020\/10\/Solar-2-Multi-Star-Chaos-Duel-Challenge-2-1024x576.jpg 1024w, https:\/\/solar2.standardof.net\/wp-content\/uploads\/sites\/2\/2020\/10\/Solar-2-Multi-Star-Chaos-Duel-Challenge-2-300x169.jpg 300w, https:\/\/solar2.standardof.net\/wp-content\/uploads\/sites\/2\/2020\/10\/Solar-2-Multi-Star-Chaos-Duel-Challenge-2-16x9.jpg 16w, https:\/\/solar2.standardof.net\/wp-content\/uploads\/sites\/2\/2020\/10\/Solar-2-Multi-Star-Chaos-Duel-Challenge-2.jpg 1920w\" sizes=\"(max-width: 1024px) 100vw, 1024px\" \/><figcaption class=\"blocks-gallery-item__caption\">Embestir la estrella de neutrones ahora sin blindaje con mi estrella mediana todav\u00eda blindada, destruy\u00e9ndola por completo.<\/figcaption><\/figure><\/li><\/ul><\/figure>\n\n\n\n<hr class=\"wp-block-separator\"\/>\n\n\n\n<h3 class=\"has-text-align-center wp-block-heading\">Gu\u00eda de video de Chaos Duel<\/h3>\n\n\n\n<figure class=\"wp-block-embed-youtube aligncenter wp-block-embed is-type-video is-provider-youtube wp-embed-aspect-16-9 wp-has-aspect-ratio\"><div class=\"wp-block-embed__wrapper\">\n<div class=\"ast-oembed-container\" style=\"height: 100%;\"><iframe title=\"Solar 2 - Chaos Duel - Misi\u00f3n desaf\u00edo de m\u00faltiples estrellas - Puntuaci\u00f3n dif\u00edcil\" width=\"500\" height=\"281\" src=\"https:\/\/www.youtube.com\/embed\/z3Lb-TnTSS4?feature=oembed\" frameborder=\"0\" allow=\"accelerometer; autoplay; clipboard-write; encrypted-media; gyroscope; picture-in-picture; web-share\" referrerpolicy=\"strict-origin-when-cross-origin\" allowfullscreen><\/iframe><\/div>\n<\/div><\/figure>","protected":false},"excerpt":{"rendered":"<p>Chaos Duel Challenge Chaos Duel has you spawned as a twin star, with a full solar system consisting of evolved life planets with physics options turned up for both max turrets and max lifeforms, facing off a similar multi-star system. Your enemy will have an upper hand here, with their stars consisting of two neutron [&hellip;]<\/p>","protected":false},"author":1,"featured_media":12,"parent":124,"menu_order":0,"comment_status":"open","ping_status":"closed","template":"","meta":{"_uag_custom_page_level_css":"","site-sidebar-layout":"default","site-content-layout":"default","ast-site-content-layout":"","site-content-style":"default","site-sidebar-style":"default","ast-global-header-display":"","ast-banner-title-visibility":"","ast-main-header-display":"","ast-hfb-above-header-display":"","ast-hfb-below-header-display":"","ast-hfb-mobile-header-display":"","site-post-title":"","ast-breadcrumbs-content":"","ast-featured-img":"","footer-sml-layout":"","theme-transparent-header-meta":"default","adv-header-id-meta":"","stick-header-meta":"","header-above-stick-meta":"","header-main-stick-meta":"","header-below-stick-meta":"","astra-migrate-meta-layouts":"default","ast-page-background-enabled":"default","ast-page-background-meta":{"desktop":{"background-color":"","background-image":"","background-repeat":"repeat","background-position":"center center","background-size":"auto","background-attachment":"scroll","background-type":"","background-media":"","overlay-type":"","overlay-color":"","overlay-gradient":""},"tablet":{"background-color":"","background-image":"","background-repeat":"repeat","background-position":"center center","background-size":"auto","background-attachment":"scroll","background-type":"","background-media":"","overlay-type":"","overlay-color":"","overlay-gradient":""},"mobile":{"background-color":"","background-image":"","background-repeat":"repeat","background-position":"center center","background-size":"auto","background-attachment":"scroll","background-type":"","background-media":"","overlay-type":"","overlay-color":"","overlay-gradient":""}},"ast-content-background-meta":{"desktop":{"background-color":"var(--ast-global-color-5)","background-image":"","background-repeat":"repeat","background-position":"center center","background-size":"auto","background-attachment":"scroll","background-type":"","background-media":"","overlay-type":"","overlay-color":"","overlay-gradient":""},"tablet":{"background-color":"var(--ast-global-color-5)","background-image":"","background-repeat":"repeat","background-position":"center center","background-size":"auto","background-attachment":"scroll","background-type":"","background-media":"","overlay-type":"","overlay-color":"","overlay-gradient":""},"mobile":{"background-color":"var(--ast-global-color-5)","background-image":"","background-repeat":"repeat","background-position":"center center","background-size":"auto","background-attachment":"scroll","background-type":"","background-media":"","overlay-type":"","overlay-color":"","overlay-gradient":""}},"footnotes":""},"uagb_featured_image_src":{"full":["https:\/\/solar2.standardof.net\/wp-content\/uploads\/sites\/2\/2020\/10\/Solar-2-Header-Background-1.jpeg",1680,1050,false],"thumbnail":["https:\/\/solar2.standardof.net\/wp-content\/uploads\/sites\/2\/2020\/10\/Solar-2-Header-Background-1-150x150.jpeg",150,150,true],"medium":["https:\/\/solar2.standardof.net\/wp-content\/uploads\/sites\/2\/2020\/10\/Solar-2-Header-Background-1-300x188.jpeg",300,188,true],"medium_large":["https:\/\/solar2.standardof.net\/wp-content\/uploads\/sites\/2\/2020\/10\/Solar-2-Header-Background-1.jpeg",768,480,false],"large":["https:\/\/solar2.standardof.net\/wp-content\/uploads\/sites\/2\/2020\/10\/Solar-2-Header-Background-1-1024x640.jpeg",1024,640,true],"1536x1536":["https:\/\/solar2.standardof.net\/wp-content\/uploads\/sites\/2\/2020\/10\/Solar-2-Header-Background-1.jpeg",1536,960,false],"2048x2048":["https:\/\/solar2.standardof.net\/wp-content\/uploads\/sites\/2\/2020\/10\/Solar-2-Header-Background-1.jpeg",1680,1050,false],"trp-custom-language-flag":["https:\/\/solar2.standardof.net\/wp-content\/uploads\/sites\/2\/2020\/10\/Solar-2-Header-Background-1-16x10.jpeg",16,10,true]},"uagb_author_info":{"display_name":"SOE","author_link":"https:\/\/solar2.standardof.net\/es_pr\/author\/k-tastic\/"},"uagb_comment_info":0,"uagb_excerpt":"Chaos Duel Challenge Chaos Duel has you spawned as a twin star, with a full solar system consisting of evolved life planets with physics options turned up for both max turrets and max lifeforms, facing off a similar multi-star system. Your enemy will have an upper hand here, with their stars consisting of two neutron&hellip;","_links":{"self":[{"href":"https:\/\/solar2.standardof.net\/es_pr\/wp-json\/wp\/v2\/pages\/190"}],"collection":[{"href":"https:\/\/solar2.standardof.net\/es_pr\/wp-json\/wp\/v2\/pages"}],"about":[{"href":"https:\/\/solar2.standardof.net\/es_pr\/wp-json\/wp\/v2\/types\/page"}],"author":[{"embeddable":true,"href":"https:\/\/solar2.standardof.net\/es_pr\/wp-json\/wp\/v2\/users\/1"}],"replies":[{"embeddable":true,"href":"https:\/\/solar2.standardof.net\/es_pr\/wp-json\/wp\/v2\/comments?post=190"}],"version-history":[{"count":0,"href":"https:\/\/solar2.standardof.net\/es_pr\/wp-json\/wp\/v2\/pages\/190\/revisions"}],"up":[{"embeddable":true,"href":"https:\/\/solar2.standardof.net\/es_pr\/wp-json\/wp\/v2\/pages\/124"}],"wp:featuredmedia":[{"embeddable":true,"href":"https:\/\/solar2.standardof.net\/es_pr\/wp-json\/wp\/v2\/media\/12"}],"wp:attachment":[{"href":"https:\/\/solar2.standardof.net\/es_pr\/wp-json\/wp\/v2\/media?parent=190"}],"curies":[{"name":"wp","href":"https:\/\/api.w.org\/{rel}","templated":true}]}}