{"id":194,"date":"2020-10-14T09:46:10","date_gmt":"2020-10-14T09:46:10","guid":{"rendered":"https:\/\/solar2.standardof.net\/?page_id=194"},"modified":"2020-10-14T12:54:42","modified_gmt":"2020-10-14T12:54:42","slug":"planet-stealer-master-thief-achievement","status":"publish","type":"page","link":"https:\/\/solar2.standardof.net\/es_pr\/solar-2-guide\/etapa-del-sistema-solar-estrella-2\/logro-maestro-ladron-ladron-planetario\/","title":{"rendered":"Misi\u00f3n de desaf\u00edo de m\u00faltiples estrellas 2: logro de ladr\u00f3n de planetas y ladr\u00f3n maestro"},"content":{"rendered":"<p>La misi\u00f3n de desaf\u00edo Planet Stealer, Multi-Star en Solar 2 requiere un poco m\u00e1s de delicadeza que el desaf\u00edo anterior, Chaos Duel. Engendradas como un par de estrellas medianas, ser\u00e1 tu tarea sacar planetas de la \u00f3rbita de los sistemas estelares enemigos, para luego recolectarlos t\u00fa mismo y hacer crecer tu propio sistema estelar. Esto significa que tendr\u00e1 que tener cuidado al eliminarlos lo suficiente como para que sus propias l\u00edneas de \u00f3rbita lo capturen suavemente. En el lado positivo, no hay da\u00f1os por colisi\u00f3n en esta misi\u00f3n, por lo que no tienes que preocuparte por volar los planetas, aunque quieres evitar perseguirlos para siempre.<\/p>\n\n\n\n<p>Puntuaci\u00f3n f\u00e1cil: roba al menos 2 planetas.<br>Puntuaci\u00f3n media: roba al menos 4 planetas.<br>Puntuaci\u00f3n dif\u00edcil: roba al menos 6 planetas.<\/p>\n\n\n\n<p>La clave aqu\u00ed es alejar a los planetas o acercarlos a sus estrellas, hacer que crucen sus trayectorias orbitales y se liberen. Trate de evitar golpearlos de manera que los env\u00ede m\u00e1s r\u00e1pido en sus \u00f3rbitas, lo que hace que sea m\u00e1s dif\u00edcil rob\u00e1rselos. Solo los planetas liberados de las \u00f3rbitas cuentan con otros sistemas, por lo que los planetas que se generan como extraviados aleatorios no te ayudar\u00e1n aqu\u00ed, sin embargo, los planetas libres separados de otras fuerzas contar\u00e1n para tu puntuaci\u00f3n. Tambi\u00e9n tenga cuidado con otras estrellas cercanas que podr\u00edan terminar robando sus planetas objetivo, si se encuentran en el camino.<\/p>\n\n\n\n<p>Si pierdes alguno de tus planetas robados, la misi\u00f3n del desaf\u00edo Planet Stealer terminar\u00e1, por lo que tendr\u00e1s que tener cuidado a medida que te haces m\u00e1s grande, ya que corres m\u00e1s riesgo de soltar accidentalmente uno de tus planetas al golpear con la cabeza a otros sistemas estelares por su planetas. Para obtener un m\u00e9todo m\u00e1s seguro de adquirir m\u00e1s planetas, intente pasar el rato alrededor de otros sistemas grandes que vuelan por el espacio y espere a que choquen entre s\u00ed, dej\u00e1ndolo a usted para recoger los planetas que vuelan como consecuencia.<\/p>\n\n\n\n<figure class=\"wp-block-gallery columns-2 is-cropped wp-block-gallery-1 is-layout-flex wp-block-gallery-is-layout-flex\"><ul class=\"blocks-gallery-grid\"><li class=\"blocks-gallery-item\"><figure><img decoding=\"async\" width=\"1024\" height=\"576\" src=\"https:\/\/solar2.standardof.net\/wp-content\/uploads\/sites\/2\/2020\/10\/Solar-2-Multi-Star-Planet-Stealer-1-1024x576.jpg\" alt=\"Desaf\u00edo de m\u00faltiples estrellas: logro de ladr\u00f3n de planetas y maestro ladr\u00f3n - Solar 2\" data-id=\"195\" data-full-url=\"https:\/\/solar2.standardof.net\/wp-content\/uploads\/sites\/2\/2020\/10\/Solar-2-Multi-Star-Planet-Stealer-1.jpg\" data-link=\"https:\/\/solar2.standardof.net\/?attachment_id=195\" class=\"wp-image-195\" srcset=\"https:\/\/solar2.standardof.net\/wp-content\/uploads\/sites\/2\/2020\/10\/Solar-2-Multi-Star-Planet-Stealer-1-1024x576.jpg 1024w, https:\/\/solar2.standardof.net\/wp-content\/uploads\/sites\/2\/2020\/10\/Solar-2-Multi-Star-Planet-Stealer-1-300x169.jpg 300w, https:\/\/solar2.standardof.net\/wp-content\/uploads\/sites\/2\/2020\/10\/Solar-2-Multi-Star-Planet-Stealer-1-16x9.jpg 16w, https:\/\/solar2.standardof.net\/wp-content\/uploads\/sites\/2\/2020\/10\/Solar-2-Multi-Star-Planet-Stealer-1.jpg 1280w\" sizes=\"(max-width: 1024px) 100vw, 1024px\" \/><figcaption class=\"blocks-gallery-item__caption\">Golpear pierde un planeta alej\u00e1ndolo de su estrella madre.<\/figcaption><\/figure><\/li><li class=\"blocks-gallery-item\"><figure><img decoding=\"async\" width=\"1024\" height=\"576\" src=\"https:\/\/solar2.standardof.net\/wp-content\/uploads\/sites\/2\/2020\/10\/Solar-2-Multi-Star-Planet-Stealer-2-1024x576.jpg\" alt=\"Desaf\u00edo de m\u00faltiples estrellas: logro de ladr\u00f3n de planetas y maestro ladr\u00f3n - Solar 2\" data-id=\"196\" data-full-url=\"https:\/\/solar2.standardof.net\/wp-content\/uploads\/sites\/2\/2020\/10\/Solar-2-Multi-Star-Planet-Stealer-2.jpg\" data-link=\"https:\/\/solar2.standardof.net\/?attachment_id=196\" class=\"wp-image-196\" srcset=\"https:\/\/solar2.standardof.net\/wp-content\/uploads\/sites\/2\/2020\/10\/Solar-2-Multi-Star-Planet-Stealer-2-1024x576.jpg 1024w, https:\/\/solar2.standardof.net\/wp-content\/uploads\/sites\/2\/2020\/10\/Solar-2-Multi-Star-Planet-Stealer-2-300x169.jpg 300w, https:\/\/solar2.standardof.net\/wp-content\/uploads\/sites\/2\/2020\/10\/Solar-2-Multi-Star-Planet-Stealer-2-16x9.jpg 16w, https:\/\/solar2.standardof.net\/wp-content\/uploads\/sites\/2\/2020\/10\/Solar-2-Multi-Star-Planet-Stealer-2.jpg 1280w\" sizes=\"(max-width: 1024px) 100vw, 1024px\" \/><figcaption class=\"blocks-gallery-item__caption\">Esperando cerca de otros sistemas para intentar sacar algunos planetas chatarra seguros de las colisiones.<\/figcaption><\/figure><\/li><\/ul><\/figure>\n\n\n\n<h3 class=\"wp-block-heading\">Desbloqueo del logro de maestro ladr\u00f3n<\/h3>\n\n\n\n<p>El logro Master Thief en Solar 2 requiere que superes la puntuaci\u00f3n dif\u00edcil hasta los 10 planetas robados. No hay l\u00edmite de tiempo en esta misi\u00f3n, es simplemente una prueba de tu habilidad y paciencia, especialmente porque los \u00faltimos dos planetas ser\u00e1n los m\u00e1s dif\u00edciles. Cuantos m\u00e1s planetas tengas, m\u00e1s f\u00e1cil ser\u00e1 perderlos, lo que realmente puede apestar cuando est\u00e1s a solo uno de desbloquear el logro. Simplemente haga un buen uso de la estrategia mencionada anteriormente, especialmente esperando cerca de otros sistemas a que choquen entre s\u00ed y anoten planetas libres y robados de manera segura despu\u00e9s de las consecuencias.<\/p>\n\n\n\n<hr class=\"wp-block-separator\"\/>\n\n\n\n<h3 class=\"has-text-align-center wp-block-heading\"> Gu\u00eda de video<\/h3>\n\n\n\n<figure class=\"wp-block-embed-youtube wp-block-embed is-type-video is-provider-youtube wp-embed-aspect-16-9 wp-has-aspect-ratio\"><div class=\"wp-block-embed__wrapper\">\n<div class=\"ast-oembed-container\" style=\"height: 100%;\"><iframe title=\"Solar 2 - Planet Stealer con Master Thief - Misi\u00f3n de desaf\u00edo de varias estrellas - Puntuaci\u00f3n dif\u00edcil\" width=\"500\" height=\"281\" src=\"https:\/\/www.youtube.com\/embed\/AYctVzXgoO8?feature=oembed\" frameborder=\"0\" allow=\"accelerometer; autoplay; clipboard-write; encrypted-media; gyroscope; picture-in-picture; web-share\" referrerpolicy=\"strict-origin-when-cross-origin\" allowfullscreen><\/iframe><\/div>\n<\/div><\/figure>","protected":false},"excerpt":{"rendered":"<p>The Planet Stealer, Multi-Star challenge mission in Solar 2 requires a bit more finesse than the previous challenge, Chaos Duel. Spawned in as a pair of Medium Stars, it will be your task to knock planets out of the orbit of enemy star systems, in order to then collect them yourself and grow your own [&hellip;]<\/p>","protected":false},"author":1,"featured_media":12,"parent":124,"menu_order":0,"comment_status":"open","ping_status":"closed","template":"","meta":{"_uag_custom_page_level_css":"","site-sidebar-layout":"default","site-content-layout":"default","ast-site-content-layout":"","site-content-style":"default","site-sidebar-style":"default","ast-global-header-display":"","ast-banner-title-visibility":"","ast-main-header-display":"","ast-hfb-above-header-display":"","ast-hfb-below-header-display":"","ast-hfb-mobile-header-display":"","site-post-title":"","ast-breadcrumbs-content":"","ast-featured-img":"","footer-sml-layout":"","theme-transparent-header-meta":"default","adv-header-id-meta":"","stick-header-meta":"","header-above-stick-meta":"","header-main-stick-meta":"","header-below-stick-meta":"","astra-migrate-meta-layouts":"default","ast-page-background-enabled":"default","ast-page-background-meta":{"desktop":{"background-color":"","background-image":"","background-repeat":"repeat","background-position":"center center","background-size":"auto","background-attachment":"scroll","background-type":"","background-media":"","overlay-type":"","overlay-color":"","overlay-gradient":""},"tablet":{"background-color":"","background-image":"","background-repeat":"repeat","background-position":"center center","background-size":"auto","background-attachment":"scroll","background-type":"","background-media":"","overlay-type":"","overlay-color":"","overlay-gradient":""},"mobile":{"background-color":"","background-image":"","background-repeat":"repeat","background-position":"center center","background-size":"auto","background-attachment":"scroll","background-type":"","background-media":"","overlay-type":"","overlay-color":"","overlay-gradient":""}},"ast-content-background-meta":{"desktop":{"background-color":"var(--ast-global-color-5)","background-image":"","background-repeat":"repeat","background-position":"center center","background-size":"auto","background-attachment":"scroll","background-type":"","background-media":"","overlay-type":"","overlay-color":"","overlay-gradient":""},"tablet":{"background-color":"var(--ast-global-color-5)","background-image":"","background-repeat":"repeat","background-position":"center center","background-size":"auto","background-attachment":"scroll","background-type":"","background-media":"","overlay-type":"","overlay-color":"","overlay-gradient":""},"mobile":{"background-color":"var(--ast-global-color-5)","background-image":"","background-repeat":"repeat","background-position":"center center","background-size":"auto","background-attachment":"scroll","background-type":"","background-media":"","overlay-type":"","overlay-color":"","overlay-gradient":""}},"footnotes":""},"uagb_featured_image_src":{"full":["https:\/\/solar2.standardof.net\/wp-content\/uploads\/sites\/2\/2020\/10\/Solar-2-Header-Background-1.jpeg",1680,1050,false],"thumbnail":["https:\/\/solar2.standardof.net\/wp-content\/uploads\/sites\/2\/2020\/10\/Solar-2-Header-Background-1-150x150.jpeg",150,150,true],"medium":["https:\/\/solar2.standardof.net\/wp-content\/uploads\/sites\/2\/2020\/10\/Solar-2-Header-Background-1-300x188.jpeg",300,188,true],"medium_large":["https:\/\/solar2.standardof.net\/wp-content\/uploads\/sites\/2\/2020\/10\/Solar-2-Header-Background-1.jpeg",768,480,false],"large":["https:\/\/solar2.standardof.net\/wp-content\/uploads\/sites\/2\/2020\/10\/Solar-2-Header-Background-1-1024x640.jpeg",1024,640,true],"1536x1536":["https:\/\/solar2.standardof.net\/wp-content\/uploads\/sites\/2\/2020\/10\/Solar-2-Header-Background-1.jpeg",1536,960,false],"2048x2048":["https:\/\/solar2.standardof.net\/wp-content\/uploads\/sites\/2\/2020\/10\/Solar-2-Header-Background-1.jpeg",1680,1050,false],"trp-custom-language-flag":["https:\/\/solar2.standardof.net\/wp-content\/uploads\/sites\/2\/2020\/10\/Solar-2-Header-Background-1-16x10.jpeg",16,10,true]},"uagb_author_info":{"display_name":"SOE","author_link":"https:\/\/solar2.standardof.net\/es_pr\/author\/k-tastic\/"},"uagb_comment_info":0,"uagb_excerpt":"The Planet Stealer, Multi-Star challenge mission in Solar 2 requires a bit more finesse than the previous challenge, Chaos Duel. Spawned in as a pair of Medium Stars, it will be your task to knock planets out of the orbit of enemy star systems, in order to then collect them yourself and grow your own&hellip;","_links":{"self":[{"href":"https:\/\/solar2.standardof.net\/es_pr\/wp-json\/wp\/v2\/pages\/194"}],"collection":[{"href":"https:\/\/solar2.standardof.net\/es_pr\/wp-json\/wp\/v2\/pages"}],"about":[{"href":"https:\/\/solar2.standardof.net\/es_pr\/wp-json\/wp\/v2\/types\/page"}],"author":[{"embeddable":true,"href":"https:\/\/solar2.standardof.net\/es_pr\/wp-json\/wp\/v2\/users\/1"}],"replies":[{"embeddable":true,"href":"https:\/\/solar2.standardof.net\/es_pr\/wp-json\/wp\/v2\/comments?post=194"}],"version-history":[{"count":0,"href":"https:\/\/solar2.standardof.net\/es_pr\/wp-json\/wp\/v2\/pages\/194\/revisions"}],"up":[{"embeddable":true,"href":"https:\/\/solar2.standardof.net\/es_pr\/wp-json\/wp\/v2\/pages\/124"}],"wp:featuredmedia":[{"embeddable":true,"href":"https:\/\/solar2.standardof.net\/es_pr\/wp-json\/wp\/v2\/media\/12"}],"wp:attachment":[{"href":"https:\/\/solar2.standardof.net\/es_pr\/wp-json\/wp\/v2\/media?parent=194"}],"curies":[{"name":"wp","href":"https:\/\/api.w.org\/{rel}","templated":true}]}}