{"id":30,"date":"2020-10-13T22:18:46","date_gmt":"2020-10-13T22:18:46","guid":{"rendered":"https:\/\/solar2.standardof.net\/?page_id=30"},"modified":"2020-10-15T14:35:04","modified_gmt":"2020-10-15T14:35:04","slug":"speed-cycle-achievement","status":"publish","type":"page","link":"https:\/\/solar2.standardof.net\/es_pr\/solar-2-guide\/etapa-de-agujero-negro-2\/logro-del-ciclo-de-velocidad\/","title":{"rendered":"Logro de &quot;ciclo de velocidad&quot;"},"content":{"rendered":"<figure class=\"wp-block-image size-large\"><img decoding=\"async\" width=\"1024\" height=\"576\" src=\"https:\/\/solar2.standardof.net\/wp-content\/uploads\/sites\/2\/2020\/10\/Solar-2-Black-Hole-Speed-Cycle-Achievement-1024x576.jpg\" alt=\"Solar 2: Logro del ciclo de velocidad del agujero negro\" class=\"wp-image-31\" srcset=\"https:\/\/solar2.standardof.net\/wp-content\/uploads\/sites\/2\/2020\/10\/Solar-2-Black-Hole-Speed-Cycle-Achievement-1024x576.jpg 1024w, https:\/\/solar2.standardof.net\/wp-content\/uploads\/sites\/2\/2020\/10\/Solar-2-Black-Hole-Speed-Cycle-Achievement.jpg 1280w\" sizes=\"(max-width: 1024px) 100vw, 1024px\" \/><figcaption>Ganando masa como planeta, trabajando hacia el logro Speed Cycle.<\/figcaption><\/figure>\n\n\n\n<p>El logro Speed Cycle en <em>Solar 2<\/em> requiere que pases de Big Crunch a otro Big Crunch en menos de 20 minutos sin usar ninguna opci\u00f3n de Dios o F\u00edsica. Para hacer esto, tendr\u00e1 que concentrarse \u00fanicamente en ganar masa lo m\u00e1s r\u00e1pido posible, ignorando todo lo dem\u00e1s. Tu mejor tiempo se guardar\u00e1.<\/p>\n\n\n\n<p>Lo primero es lo primero, para iniciar el temporizador del ciclo de velocidad, tendr\u00e1s que generar un agujero negro y ganar suficiente masa para golpear el Big Crunch. En el momento en que reapareces como un asteroide, el temporizador del ciclo de velocidad comienza a contar hacia atr\u00e1s, pero a\u00fan no es visible. Usa las t\u00e1cticas que has aprendido hasta ahora para completar cada etapa lo m\u00e1s r\u00e1pido posible.<\/p>\n\n\n\n<p>Como asteroide y planeta, querr\u00e1s ce\u00f1irte a la recolecci\u00f3n de grandes grupos de asteroides, ignorando los grupos m\u00e1s dispersos, ya que toman demasiado tiempo para capturarlos para obtener la recompensa. Como estrella, querr\u00e1s asegurarte de ce\u00f1irte a un sistema estelar \u00fanico y mantener bajo el n\u00famero de planetas en \u00f3rbita para generar m\u00e1s planetas solitarios y sistemas estelares menos grandes. Evite siempre las formas de vida hostiles y los barcos n\u00f3madas, ya que ambos no valen la pena y pueden resultar peligrosos para su objetivo final.<\/p>\n\n\n\n<p>Una vez que llegue a la etapa Star, aparecer\u00e1 el temporizador que le permitir\u00e1 realizar un seguimiento de su progreso a partir de ese momento. Solo mant\u00e9ngase seguro y r\u00e1pido acerca de su camino para aumentar de tama\u00f1o, mantenga su interfaz encendida y use las claves de ruta y \u00f3rbita para ayudarlo donde corresponda. Al activar su pr\u00f3ximo Big Crunch, el temporizador se detendr\u00e1 y si son menos de 20 minutos, el logro Speed Cycle se desbloquear\u00e1.<\/p>","protected":false},"excerpt":{"rendered":"<p>The Speed Cycle achievement in Solar 2 requires that you go from Big Crunch to another Big Crunch in under 20 minutes without using any God or Physics options. In order to do this you will have to focus solely on gaining mass as fast as possible, ignoring everything else. Your best time will be [&hellip;]<\/p>","protected":false},"author":1,"featured_media":31,"parent":21,"menu_order":0,"comment_status":"open","ping_status":"closed","template":"","meta":{"_uag_custom_page_level_css":"","site-sidebar-layout":"default","site-content-layout":"default","ast-site-content-layout":"","site-content-style":"default","site-sidebar-style":"default","ast-global-header-display":"","ast-banner-title-visibility":"","ast-main-header-display":"","ast-hfb-above-header-display":"","ast-hfb-below-header-display":"","ast-hfb-mobile-header-display":"","site-post-title":"","ast-breadcrumbs-content":"","ast-featured-img":"","footer-sml-layout":"","theme-transparent-header-meta":"default","adv-header-id-meta":"","stick-header-meta":"","header-above-stick-meta":"","header-main-stick-meta":"","header-below-stick-meta":"","astra-migrate-meta-layouts":"default","ast-page-background-enabled":"default","ast-page-background-meta":{"desktop":{"background-color":"","background-image":"","background-repeat":"repeat","background-position":"center center","background-size":"auto","background-attachment":"scroll","background-type":"","background-media":"","overlay-type":"","overlay-color":"","overlay-gradient":""},"tablet":{"background-color":"","background-image":"","background-repeat":"repeat","background-position":"center center","background-size":"auto","background-attachment":"scroll","background-type":"","background-media":"","overlay-type":"","overlay-color":"","overlay-gradient":""},"mobile":{"background-color":"","background-image":"","background-repeat":"repeat","background-position":"center center","background-size":"auto","background-attachment":"scroll","background-type":"","background-media":"","overlay-type":"","overlay-color":"","overlay-gradient":""}},"ast-content-background-meta":{"desktop":{"background-color":"var(--ast-global-color-5)","background-image":"","background-repeat":"repeat","background-position":"center center","background-size":"auto","background-attachment":"scroll","background-type":"","background-media":"","overlay-type":"","overlay-color":"","overlay-gradient":""},"tablet":{"background-color":"var(--ast-global-color-5)","background-image":"","background-repeat":"repeat","background-position":"center center","background-size":"auto","background-attachment":"scroll","background-type":"","background-media":"","overlay-type":"","overlay-color":"","overlay-gradient":""},"mobile":{"background-color":"var(--ast-global-color-5)","background-image":"","background-repeat":"repeat","background-position":"center center","background-size":"auto","background-attachment":"scroll","background-type":"","background-media":"","overlay-type":"","overlay-color":"","overlay-gradient":""}},"footnotes":""},"uagb_featured_image_src":{"full":["https:\/\/solar2.standardof.net\/wp-content\/uploads\/sites\/2\/2020\/10\/Solar-2-Black-Hole-Speed-Cycle-Achievement.jpg",1280,720,false],"thumbnail":["https:\/\/solar2.standardof.net\/wp-content\/uploads\/sites\/2\/2020\/10\/Solar-2-Black-Hole-Speed-Cycle-Achievement.jpg",150,84,false],"medium":["https:\/\/solar2.standardof.net\/wp-content\/uploads\/sites\/2\/2020\/10\/Solar-2-Black-Hole-Speed-Cycle-Achievement.jpg",300,169,false],"medium_large":["https:\/\/solar2.standardof.net\/wp-content\/uploads\/sites\/2\/2020\/10\/Solar-2-Black-Hole-Speed-Cycle-Achievement.jpg",768,432,false],"large":["https:\/\/solar2.standardof.net\/wp-content\/uploads\/sites\/2\/2020\/10\/Solar-2-Black-Hole-Speed-Cycle-Achievement-1024x576.jpg",1024,576,true],"1536x1536":["https:\/\/solar2.standardof.net\/wp-content\/uploads\/sites\/2\/2020\/10\/Solar-2-Black-Hole-Speed-Cycle-Achievement.jpg",1280,720,false],"2048x2048":["https:\/\/solar2.standardof.net\/wp-content\/uploads\/sites\/2\/2020\/10\/Solar-2-Black-Hole-Speed-Cycle-Achievement.jpg",1280,720,false],"trp-custom-language-flag":["https:\/\/solar2.standardof.net\/wp-content\/uploads\/sites\/2\/2020\/10\/Solar-2-Black-Hole-Speed-Cycle-Achievement.jpg",18,10,false]},"uagb_author_info":{"display_name":"SOE","author_link":"https:\/\/solar2.standardof.net\/es_pr\/author\/k-tastic\/"},"uagb_comment_info":4,"uagb_excerpt":"The Speed Cycle achievement in Solar 2 requires that you go from Big Crunch to another Big Crunch in under 20 minutes without using any God or Physics options. In order to do this you will have to focus solely on gaining mass as fast as possible, ignoring everything else. Your best time will be&hellip;","_links":{"self":[{"href":"https:\/\/solar2.standardof.net\/es_pr\/wp-json\/wp\/v2\/pages\/30"}],"collection":[{"href":"https:\/\/solar2.standardof.net\/es_pr\/wp-json\/wp\/v2\/pages"}],"about":[{"href":"https:\/\/solar2.standardof.net\/es_pr\/wp-json\/wp\/v2\/types\/page"}],"author":[{"embeddable":true,"href":"https:\/\/solar2.standardof.net\/es_pr\/wp-json\/wp\/v2\/users\/1"}],"replies":[{"embeddable":true,"href":"https:\/\/solar2.standardof.net\/es_pr\/wp-json\/wp\/v2\/comments?post=30"}],"version-history":[{"count":0,"href":"https:\/\/solar2.standardof.net\/es_pr\/wp-json\/wp\/v2\/pages\/30\/revisions"}],"up":[{"embeddable":true,"href":"https:\/\/solar2.standardof.net\/es_pr\/wp-json\/wp\/v2\/pages\/21"}],"wp:featuredmedia":[{"embeddable":true,"href":"https:\/\/solar2.standardof.net\/es_pr\/wp-json\/wp\/v2\/media\/31"}],"wp:attachment":[{"href":"https:\/\/solar2.standardof.net\/es_pr\/wp-json\/wp\/v2\/media?parent=30"}],"curies":[{"name":"wp","href":"https:\/\/api.w.org\/{rel}","templated":true}]}}