{"id":78,"date":"2020-10-13T23:58:31","date_gmt":"2020-10-13T23:58:31","guid":{"rendered":"https:\/\/solar2.standardof.net\/?page_id=78"},"modified":"2020-10-16T16:36:29","modified_gmt":"2020-10-16T16:36:29","slug":"planet-stage","status":"publish","type":"page","link":"https:\/\/solar2.standardof.net\/es_pr\/solar-2-guide\/etapa-planetaria-2\/","title":{"rendered":"Etapa planetaria (planetas peque\u00f1os y de vida)"},"content":{"rendered":"<h2 class=\"wp-block-heading\">\u00cdndice de etapas planetarias<\/h2>\n\n\n\n<p>La etapa Planet en el videojuego Solar 2 consta de dos sub-etapas separadas pero algo similares, que son Small Planet y Life Planet. A lo largo de ambas formas de la etapa Planeta, tendr\u00e1 un nuevo m\u00e9todo para consumir masa y hacer crecer su objeto controlado, a diferencia de la etapa Asteroide.<\/p>\n\n\n\n<ol><li><em><a href=\"https:\/\/solar2.standardof.net\/es_pr\/solar-2-guide\/etapa-planetaria-2\/#gaining-mass\" class=\"rank-math-link\">Ganar masa como planeta <sup>(Abajo)<\/sup><\/a><\/em><\/li><li><a class=\"rank-math-link\" href=\"https:\/\/solar2.standardof.net\/es_pr\/solar-2-guide\/etapa-planetaria-2\/concierto-mision-1-logro-tardio\/\">Misi\u00f3n de concierto 1<br><sup>+ &quot;\u00a1Llego tarde!&quot; Logro<\/sup><\/a><\/li><li><a class=\"rank-math-link\" href=\"https:\/\/solar2.standardof.net\/es_pr\/solar-2-guide\/etapa-planetaria-2\/concierto-mision-2-solista-planetario-logro\/\">Misi\u00f3n de concierto 2<br><sup>+ Logro &quot;Solista planetario&quot;<\/sup><\/a><\/li><li><a class=\"rank-math-link\" href=\"https:\/\/solar2.standardof.net\/es_pr\/solar-2-guide\/etapa-planetaria-2\/experimentar-misiones-el-logro-por-que-me-mataste-2\/\">Misiones experimentales 1-2<br><sup>+ &quot;\u00bfPor qu\u00e9 me mataste?&quot; Logro<\/sup><\/a><\/li><li><a class=\"rank-math-link\" href=\"https:\/\/solar2.standardof.net\/es_pr\/solar-2-guide\/etapa-planetaria-2\/misiones-de-bellas-artes-logro-suave-pero-firme\/\">Misiones de Bellas Artes 1-3<br><sup>+ Logro &quot;suave pero firme&quot;<\/sup><\/a><\/li><li><a class=\"rank-math-link\" href=\"https:\/\/solar2.standardof.net\/es_pr\/solar-2-guide\/etapa-planetaria-2\/nomada-amor-misiones-el-asteroide-vivero-logro-2\/\">Misiones de amor n\u00f3mada 1-3<br><sup>+ Logro &quot;Guarder\u00eda de asteroides&quot;<\/sup><\/a><\/li><li><a class=\"rank-math-link\" href=\"https:\/\/solar2.standardof.net\/es_pr\/solar-2-guide\/etapa-planetaria-2\/desafio-mision-1-atomo\/\">Misi\u00f3n de desaf\u00edo 1: &#039;\u00c1tomo&#039;<\/a><\/li><li><a class=\"rank-math-link\" href=\"https:\/\/solar2.standardof.net\/es_pr\/solar-2-guide\/etapa-planetaria-2\/desafio-mision-2-concierto-encore\/\">Misi\u00f3n de desaf\u00edo 2: &#039;Concierto encore&#039;<\/a><\/li><li><a class=\"rank-math-link\" href=\"https:\/\/solar2.standardof.net\/es_pr\/solar-2-guide\/etapa-planetaria-2\/desafio-mision-3-planeta-supervivencia\/\">Misi\u00f3n de desaf\u00edo 3: &#039;Planet Survival&#039;<\/a><br><\/li><\/ol>\n\n\n\n<p>Si est\u00e1 buscando gu\u00edas adicionales para este videojuego, puede encontrar enlaces a continuaci\u00f3n a los \u00edndices de otras etapas que contienen m\u00e1s informaci\u00f3n y enlaces a gu\u00edas espec\u00edficas para esas etapas de existencia.<\/p>\n\n\n\n<ul><li><strong><a href=\"https:\/\/solar2.standardof.net\/es_pr\/solar-2-guide\/etapa-de-asteroide-2\/\" class=\"rank-math-link\">\u00cdndice de etapa de asteroide<\/a><\/strong><\/li><li>\u00cdndice de etapas del planeta peque\u00f1o y de la vida &lt;- usted est\u00e1 aqu\u00ed<\/li><li><strong><a href=\"https:\/\/solar2.standardof.net\/es_pr\/solar-2-guide\/etapa-del-sistema-solar-estrella-2\/\" class=\"rank-math-link\">\u00cdndice de gu\u00edas de Star Stage<\/a><\/strong><\/li><li><strong><a href=\"https:\/\/solar2.standardof.net\/es_pr\/solar-2-guide\/etapa-de-agujero-negro-2\/\" class=\"rank-math-link\">\u00cdndice de etapa de agujero negro<\/a><\/strong><\/li><\/ul>\n\n\n\n<hr class=\"wp-block-separator\"\/>\n\n\n\n<h2 class=\"wp-block-heading\" id=\"gaining-mass\">Ganar masa como planeta<\/h2>\n\n\n\n<p>Como planeta, sus opciones para ganar masa provienen de asteroides como antes, sin embargo, ahora necesitar\u00e1 consumir dicha masa atrapando las rocas en la \u00f3rbita de su planeta. El uso de las teclas de ruta (P) y \u00f3rbita (O) le dar\u00e1 l\u00edneas para usar como gu\u00edas, que pueden ayudar a atrapar grandes cantidades de asteroides de manera r\u00e1pida. El uso de la tecla L absorber\u00e1 todos los asteroides en \u00f3rbita a tu alrededor, sumando su masa a la tuya y consumi\u00e9ndolos, mientras que la tecla K consumir\u00e1 solo uno de los asteroides m\u00e1s peque\u00f1os de la misma manera.<\/p>\n\n\n\n<div class=\"wp-block-image\"><figure class=\"aligncenter size-large\"><img decoding=\"async\" width=\"1024\" height=\"634\" src=\"https:\/\/solar2.standardof.net\/wp-content\/uploads\/sites\/2\/2020\/10\/Solar-2-Planet-Stage-Gaining-Mass-Diagram-2-1024x634.png\" alt=\"\" class=\"wp-image-80\" srcset=\"https:\/\/solar2.standardof.net\/wp-content\/uploads\/sites\/2\/2020\/10\/Solar-2-Planet-Stage-Gaining-Mass-Diagram-2-1024x634.png 1024w, https:\/\/solar2.standardof.net\/wp-content\/uploads\/sites\/2\/2020\/10\/Solar-2-Planet-Stage-Gaining-Mass-Diagram-2-16x10.png 16w, https:\/\/solar2.standardof.net\/wp-content\/uploads\/sites\/2\/2020\/10\/Solar-2-Planet-Stage-Gaining-Mass-Diagram-2.png 1829w\" sizes=\"(max-width: 1024px) 100vw, 1024px\" \/><figcaption>Figura 1: muestra varios escenarios de \u00e9xito y fracaso cuando se trata de capturar asteroides.<\/figcaption><\/figure><\/div>\n\n\n\n<p>Para atrapar un asteroide en su \u00f3rbita, debe hacer coincidir su velocidad con la del asteroide, de modo que viaje a una velocidad de 0 en relaci\u00f3n con su planeta. En otras palabras, incluso si el asteroide se mueve a trav\u00e9s de la pantalla, usted debe moverse con \u00e9l para que est\u00e9 a una distancia establecida de su planeta y no se aleje ni se acerque a \u00e9l. Ver <strong>Figura 1<\/strong> a la derecha para ver una imagen que lo represente. Chocar con asteroides ya no ganar\u00e1 masa, sino que da\u00f1ar\u00e1 los escudos (si su planeta ha evolucionado para poseerlos) o quitar\u00e1 masa de un planeta sin blindaje.<\/p>\n\n\n\n<div class=\"wp-block-image\"><figure class=\"aligncenter size-large\"><img decoding=\"async\" width=\"576\" height=\"493\" src=\"https:\/\/solar2.standardof.net\/wp-content\/uploads\/sites\/2\/2020\/10\/Solar-2-Planet-Stage-Gaining-Mass-Diagram-1-576x493.png\" alt=\"\" class=\"wp-image-79\" srcset=\"https:\/\/solar2.standardof.net\/wp-content\/uploads\/sites\/2\/2020\/10\/Solar-2-Planet-Stage-Gaining-Mass-Diagram-1.png 576w, https:\/\/solar2.standardof.net\/wp-content\/uploads\/sites\/2\/2020\/10\/Solar-2-Planet-Stage-Gaining-Mass-Diagram-1-300x257.png 300w, https:\/\/solar2.standardof.net\/wp-content\/uploads\/sites\/2\/2020\/10\/Solar-2-Planet-Stage-Gaining-Mass-Diagram-1-14x12.png 14w\" sizes=\"(max-width: 576px) 100vw, 576px\" \/><figcaption>Figura 2: muestra las distancias a las que los asteroides pueden capturarse en la \u00f3rbita de un planeta.<\/figcaption><\/figure><\/div>\n\n\n\n<p>A continuaci\u00f3n, cuando se trata de atrapar asteroides en su \u00f3rbita, encontrar\u00e1 que solo se pueden capturar dentro de los primeros 5 anillos orbitales de su planeta, como se muestra en <strong>Figura 2<\/strong> a la derecha. Puede tener una cantidad casi ilimitada de asteroides en \u00f3rbita alrededor de su planeta, con nuevos asteroides que empujan a los existentes a otras \u00f3rbitas, pero a medida que gana m\u00e1s, se vuelve dif\u00edcil continuar agregando \u00f3rbitas adicionales ya que necesitar\u00e1 pasar nuevos asteroides a trav\u00e9s de todos los \u00f3rbitas que existen m\u00e1s all\u00e1 de #5 para capturarlas en esta &quot;zona verde&quot;. Fuera de esta \u00f3rbita #5 se limita a los asteroides ya capturados que eventualmente son empujados m\u00e1s all\u00e1 de este rango a medida que se agregan m\u00e1s dentro de la zona verde. Para obtener consejos adicionales sobre la captura de grandes cantidades de asteroides, consulte la secci\u00f3n de logros de la guarder\u00eda de asteroides a continuaci\u00f3n.<\/p>\n\n\n\n<h2 class=\"wp-block-heading\">Consejos de Small Planet<\/h2>\n\n\n\n<p>Como Planeta Peque\u00f1o, necesitar\u00e1s alcanzar una masa de 80 para llegar a la siguiente parte de esta etapa, el Planeta de la Vida. Como variedad peque\u00f1a, eres simplemente una roca m\u00e1s grande que viaja a trav\u00e9s del espacio, sin embargo, con una masa adicional detr\u00e1s de ti junto con un pozo de gravedad m\u00e1s poderoso que puede atraer otros objetos hacia ti.<\/p>\n\n\n\n<div class=\"wp-block-image\"><figure class=\"aligncenter size-large\"><img decoding=\"async\" width=\"1024\" height=\"576\" src=\"https:\/\/solar2.standardof.net\/wp-content\/uploads\/sites\/2\/2020\/10\/Solar-2-Planet-Stage-Gaining-Mass-1-1024x576.jpg\" alt=\"Solar 2: Etapa planetaria\" class=\"wp-image-81\" srcset=\"https:\/\/solar2.standardof.net\/wp-content\/uploads\/sites\/2\/2020\/10\/Solar-2-Planet-Stage-Gaining-Mass-1-1024x576.jpg 1024w, https:\/\/solar2.standardof.net\/wp-content\/uploads\/sites\/2\/2020\/10\/Solar-2-Planet-Stage-Gaining-Mass-1-300x169.jpg 300w, https:\/\/solar2.standardof.net\/wp-content\/uploads\/sites\/2\/2020\/10\/Solar-2-Planet-Stage-Gaining-Mass-1-16x9.jpg 16w, https:\/\/solar2.standardof.net\/wp-content\/uploads\/sites\/2\/2020\/10\/Solar-2-Planet-Stage-Gaining-Mass-1.jpg 1280w\" sizes=\"(max-width: 1024px) 100vw, 1024px\" \/><figcaption>Evoluci\u00f3n de las formas de vida despu\u00e9s de hacer la transici\u00f3n de Small a Life Planet en Solar 2.<\/figcaption><\/figure><\/div>\n\n\n\n<p>Durante esta parte de la etapa del Planeta, eres extremadamente vulnerable. Las colisiones con otros objetos, con la \u00fanica excepci\u00f3n de las naves espaciales (a menos que golpees sus l\u00e1seres o misiles) eliminar\u00e1n tu masa, y los objetos m\u00e1s grandes y r\u00e1pidos sacar\u00e1n m\u00e1s de tu planeta. Adem\u00e1s, los disparos de armas desde naves espaciales har\u00e1n lo mismo. En este punto, la evasi\u00f3n es tu mejor opci\u00f3n de supervivencia hasta llegar a la mitad de Life Planet de esta etapa.<\/p>\n\n\n\n<h2 class=\"wp-block-heading\">Consejos Life Planet<\/h2>\n\n\n\n<p>Una vez que llegue a la mitad de Life Planet de esta etapa, inmediatamente comenzar\u00e1 a desarrollar vida en la superficie de su planeta. Esto se representa con un icono similar a un ventilador giratorio que se muestra sobre su planeta. Una vez que la barra comience a crecer, tardar\u00e1 poco m\u00e1s de 20 segundos en terminar de evolucionar, despu\u00e9s de lo cual tendr\u00e1s 2 torretas construidas en tu planeta, un escudo que se recarga continuamente y defiende tu planeta de los peligros y un flujo constante de naves espaciales construidas y lanzadas. para defenderte y atacar barcos enemigos u objetos peligrosos.<\/p>\n\n\n\n<div class=\"wp-block-image\"><figure class=\"aligncenter size-large\"><img decoding=\"async\" width=\"1024\" height=\"576\" src=\"https:\/\/solar2.standardof.net\/wp-content\/uploads\/sites\/2\/2020\/10\/Solar-2-Planet-Stage-Gaining-Mass-2-1024x576.jpg\" alt=\"\" class=\"wp-image-82\" srcset=\"https:\/\/solar2.standardof.net\/wp-content\/uploads\/sites\/2\/2020\/10\/Solar-2-Planet-Stage-Gaining-Mass-2-1024x576.jpg 1024w, https:\/\/solar2.standardof.net\/wp-content\/uploads\/sites\/2\/2020\/10\/Solar-2-Planet-Stage-Gaining-Mass-2-300x169.jpg 300w, https:\/\/solar2.standardof.net\/wp-content\/uploads\/sites\/2\/2020\/10\/Solar-2-Planet-Stage-Gaining-Mass-2-16x9.jpg 16w, https:\/\/solar2.standardof.net\/wp-content\/uploads\/sites\/2\/2020\/10\/Solar-2-Planet-Stage-Gaining-Mass-2.jpg 1280w\" sizes=\"(max-width: 1024px) 100vw, 1024px\" \/><figcaption>Luchando contra las formas de vida de un sistema solar enemigo con un planeta completamente evolucionado y experimentado en Solar 2.<\/figcaption><\/figure><\/div>\n\n\n\n<p>El nivel de experiencia de sus formas de vida decide el n\u00famero y el poder de las naves lanzadas en su planeta y los beneficios que brindan las formas de vida. Con 0 muertes, tienes las dos torretas y lanzar\u00e1s principalmente cazas y ocasionalmente lanchas de misiles, hasta 2 activas a la vez. Con 6 muertes, obtienes tu tercera torreta y 18 muertes completan tu experiencia con 4 torretas. A medida que ganes experiencia, tu escudo se volver\u00e1 m\u00e1s resistente, podr\u00e1s desplegar m\u00e1s barcos activos hasta 6 a la vez y generar\u00e1s barcos de misiles y cruceros con m\u00e1s frecuencia.<\/p>\n\n\n\n<p>Si su escudo cae y su planeta sufre m\u00e1s da\u00f1os, existe una alta probabilidad de extinguir la vida en su planeta. Si esto sucede, deber\u00e1 volver a evolucionar la vida despu\u00e9s de un breve retraso de no recibir ning\u00fan da\u00f1o y, una vez que haya evolucionado, la experiencia de las formas de vida se restablecer\u00e1 a 0 muertes. Si pierde demasiada masa, puede volver a convertirse en un planeta peque\u00f1o, lo que le obligar\u00e1 a ganar masa para hacer crecer la vida una vez m\u00e1s.<\/p>\n\n\n\n<p>Necesitar\u00e1 ganar 180 masa total para alcanzar la siguiente etapa de Small Star. Al hacer esta transici\u00f3n, su masa aumentar\u00e1 a 1200 a medida que se convierta en una estrella. En este punto perder\u00e1s el control de tus formas de vida y tendr\u00e1s que capturar planetas y dar vida a ellos para recuperar sus beneficios. Esto se tratar\u00e1 con m\u00e1s detalle en el tutorial de Star para Solar 2.<\/p>\n\n\n\n<hr class=\"wp-block-separator\"\/>\n\n\n\n<h3 class=\"has-text-align-center wp-block-heading\">Gu\u00eda de video de progresi\u00f3n de Small &amp; Life Planet<\/h3>\n\n\n\n<figure class=\"wp-block-embed-youtube wp-block-embed is-type-video is-provider-youtube wp-embed-aspect-16-9 wp-has-aspect-ratio\"><div class=\"wp-block-embed__wrapper\">\n<div class=\"ast-oembed-container\" style=\"height: 100%;\"><iframe title=\"Solar 2 - Tutorial de progresi\u00f3n de planeta peque\u00f1o y planeta de vida\" width=\"500\" height=\"281\" src=\"https:\/\/www.youtube.com\/embed\/r04dLC2yx_M?feature=oembed\" frameborder=\"0\" allow=\"accelerometer; autoplay; clipboard-write; encrypted-media; gyroscope; picture-in-picture; web-share\" referrerpolicy=\"strict-origin-when-cross-origin\" allowfullscreen><\/iframe><\/div>\n<\/div><\/figure>","protected":false},"excerpt":{"rendered":"<p>Planet Stage Index The Planet stage in the video game Solar 2 consists of two separate but somewhat similar sub-stages, those being the Small Planet and Life Planet. Throughout both forms of the Planet stage you will have a new method to consume mass and grow your controlled object, differing from the Asteroid stage. Gaining [&hellip;]<\/p>","protected":false},"author":1,"featured_media":12,"parent":11,"menu_order":0,"comment_status":"open","ping_status":"closed","template":"","meta":{"_uag_custom_page_level_css":"","site-sidebar-layout":"default","site-content-layout":"default","ast-site-content-layout":"","site-content-style":"default","site-sidebar-style":"default","ast-global-header-display":"","ast-banner-title-visibility":"","ast-main-header-display":"","ast-hfb-above-header-display":"","ast-hfb-below-header-display":"","ast-hfb-mobile-header-display":"","site-post-title":"","ast-breadcrumbs-content":"","ast-featured-img":"","footer-sml-layout":"","theme-transparent-header-meta":"default","adv-header-id-meta":"","stick-header-meta":"","header-above-stick-meta":"","header-main-stick-meta":"","header-below-stick-meta":"","astra-migrate-meta-layouts":"default","ast-page-background-enabled":"default","ast-page-background-meta":{"desktop":{"background-color":"","background-image":"","background-repeat":"repeat","background-position":"center center","background-size":"auto","background-attachment":"scroll","background-type":"","background-media":"","overlay-type":"","overlay-color":"","overlay-gradient":""},"tablet":{"background-color":"","background-image":"","background-repeat":"repeat","background-position":"center center","background-size":"auto","background-attachment":"scroll","background-type":"","background-media":"","overlay-type":"","overlay-color":"","overlay-gradient":""},"mobile":{"background-color":"","background-image":"","background-repeat":"repeat","background-position":"center center","background-size":"auto","background-attachment":"scroll","background-type":"","background-media":"","overlay-type":"","overlay-color":"","overlay-gradient":""}},"ast-content-background-meta":{"desktop":{"background-color":"var(--ast-global-color-5)","background-image":"","background-repeat":"repeat","background-position":"center center","background-size":"auto","background-attachment":"scroll","background-type":"","background-media":"","overlay-type":"","overlay-color":"","overlay-gradient":""},"tablet":{"background-color":"var(--ast-global-color-5)","background-image":"","background-repeat":"repeat","background-position":"center center","background-size":"auto","background-attachment":"scroll","background-type":"","background-media":"","overlay-type":"","overlay-color":"","overlay-gradient":""},"mobile":{"background-color":"var(--ast-global-color-5)","background-image":"","background-repeat":"repeat","background-position":"center center","background-size":"auto","background-attachment":"scroll","background-type":"","background-media":"","overlay-type":"","overlay-color":"","overlay-gradient":""}},"footnotes":""},"uagb_featured_image_src":{"full":["https:\/\/solar2.standardof.net\/wp-content\/uploads\/sites\/2\/2020\/10\/Solar-2-Header-Background-1.jpeg",1680,1050,false],"thumbnail":["https:\/\/solar2.standardof.net\/wp-content\/uploads\/sites\/2\/2020\/10\/Solar-2-Header-Background-1-150x150.jpeg",150,150,true],"medium":["https:\/\/solar2.standardof.net\/wp-content\/uploads\/sites\/2\/2020\/10\/Solar-2-Header-Background-1-300x188.jpeg",300,188,true],"medium_large":["https:\/\/solar2.standardof.net\/wp-content\/uploads\/sites\/2\/2020\/10\/Solar-2-Header-Background-1.jpeg",768,480,false],"large":["https:\/\/solar2.standardof.net\/wp-content\/uploads\/sites\/2\/2020\/10\/Solar-2-Header-Background-1-1024x640.jpeg",1024,640,true],"1536x1536":["https:\/\/solar2.standardof.net\/wp-content\/uploads\/sites\/2\/2020\/10\/Solar-2-Header-Background-1.jpeg",1536,960,false],"2048x2048":["https:\/\/solar2.standardof.net\/wp-content\/uploads\/sites\/2\/2020\/10\/Solar-2-Header-Background-1.jpeg",1680,1050,false],"trp-custom-language-flag":["https:\/\/solar2.standardof.net\/wp-content\/uploads\/sites\/2\/2020\/10\/Solar-2-Header-Background-1-16x10.jpeg",16,10,true]},"uagb_author_info":{"display_name":"SOE","author_link":"https:\/\/solar2.standardof.net\/es_pr\/author\/k-tastic\/"},"uagb_comment_info":2,"uagb_excerpt":"Planet Stage Index The Planet stage in the video game Solar 2 consists of two separate but somewhat similar sub-stages, those being the Small Planet and Life Planet. Throughout both forms of the Planet stage you will have a new method to consume mass and grow your controlled object, differing from the Asteroid stage. Gaining&hellip;","_links":{"self":[{"href":"https:\/\/solar2.standardof.net\/es_pr\/wp-json\/wp\/v2\/pages\/78"}],"collection":[{"href":"https:\/\/solar2.standardof.net\/es_pr\/wp-json\/wp\/v2\/pages"}],"about":[{"href":"https:\/\/solar2.standardof.net\/es_pr\/wp-json\/wp\/v2\/types\/page"}],"author":[{"embeddable":true,"href":"https:\/\/solar2.standardof.net\/es_pr\/wp-json\/wp\/v2\/users\/1"}],"replies":[{"embeddable":true,"href":"https:\/\/solar2.standardof.net\/es_pr\/wp-json\/wp\/v2\/comments?post=78"}],"version-history":[{"count":0,"href":"https:\/\/solar2.standardof.net\/es_pr\/wp-json\/wp\/v2\/pages\/78\/revisions"}],"up":[{"embeddable":true,"href":"https:\/\/solar2.standardof.net\/es_pr\/wp-json\/wp\/v2\/pages\/11"}],"wp:featuredmedia":[{"embeddable":true,"href":"https:\/\/solar2.standardof.net\/es_pr\/wp-json\/wp\/v2\/media\/12"}],"wp:attachment":[{"href":"https:\/\/solar2.standardof.net\/es_pr\/wp-json\/wp\/v2\/media?parent=78"}],"curies":[{"name":"wp","href":"https:\/\/api.w.org\/{rel}","templated":true}]}}