{"id":84,"date":"2020-10-14T00:05:09","date_gmt":"2020-10-14T00:05:09","guid":{"rendered":"https:\/\/solar2.standardof.net\/?page_id=84"},"modified":"2020-10-14T12:53:15","modified_gmt":"2020-10-14T12:53:15","slug":"concert-mission-1-im-late-achievement","status":"publish","type":"page","link":"https:\/\/solar2.standardof.net\/es_pr\/solar-2-guide\/etapa-planetaria-2\/concierto-mision-1-logro-tardio\/","title":{"rendered":"Concierto Misi\u00f3n 1 y Logro I&#039;m Late"},"content":{"rendered":"<h2 class=\"wp-block-heading\">Misi\u00f3n de concierto 1<\/h2>\n\n\n\n<p>En la primera misi\u00f3n de los niveles de Concierto de Solar 2, la Entidad le asigna la tarea de transportar algunos equipos electr\u00f3nicos delicados en preparaci\u00f3n para el mayor espect\u00e1culo de rock que el universo haya visto. Esta misi\u00f3n es simple en t\u00e9rminos de \u00f3rdenes, viajando desde la baliza de inicio de la misi\u00f3n hasta una segunda baliza de ubicaci\u00f3n marcada en su mapa al comenzar el nivel. Si es destruido en esta misi\u00f3n, fallar\u00e1 el nivel.<\/p>\n\n\n\n<p>Querr\u00e1s ser un planeta de vida para este nivel para que tengas escudos para proteger tu planeta de cualquier colisi\u00f3n. El uso de la tecla de ruta (P) le permitir\u00e1 saber si los peligros cercanos pueden estar en curso de colisi\u00f3n con su planeta, lo que le permitir\u00e1 avisarle cuando necesite cambiar de direcci\u00f3n. Si realiza esta misi\u00f3n normalmente, puede tomarse su tiempo para llegar a la baliza, as\u00ed que tenga paciencia a menos que complete el \u00a1Llegu\u00e9 tarde! logro cubierto a continuaci\u00f3n.<\/p>\n\n\n\n<figure class=\"wp-block-image size-large\"><img decoding=\"async\" width=\"1024\" height=\"576\" src=\"https:\/\/solar2.standardof.net\/wp-content\/uploads\/sites\/2\/2020\/10\/Solar-2-Planet-Stage-Concert-Mission-1024x576.jpg\" alt=\"\" class=\"wp-image-85\" srcset=\"https:\/\/solar2.standardof.net\/wp-content\/uploads\/sites\/2\/2020\/10\/Solar-2-Planet-Stage-Concert-Mission-1024x576.jpg 1024w, https:\/\/solar2.standardof.net\/wp-content\/uploads\/sites\/2\/2020\/10\/Solar-2-Planet-Stage-Concert-Mission-300x169.jpg 300w, https:\/\/solar2.standardof.net\/wp-content\/uploads\/sites\/2\/2020\/10\/Solar-2-Planet-Stage-Concert-Mission-16x9.jpg 16w, https:\/\/solar2.standardof.net\/wp-content\/uploads\/sites\/2\/2020\/10\/Solar-2-Planet-Stage-Concert-Mission.jpg 1280w\" sizes=\"(max-width: 1024px) 100vw, 1024px\" \/><figcaption>Atravesando el nivel 1 de Concierto con un enorme escudo de asteroides.<\/figcaption><\/figure>\n\n\n\n<h2 class=\"wp-block-heading\">&quot;\u00a1Voy tarde!&quot; Logro<\/h2>\n\n\n\n<p>Para obtener el I&#039;m Late! logro en Solar 2, tendr\u00e1s que alcanzar la baliza de finalizaci\u00f3n de la misi\u00f3n en un minuto. Para ayudarlo a medir su tiempo, hay un temporizador que se muestra tan pronto como termine el nivel, que combinado con el porcentaje de distancia recorrida, puede medir qu\u00e9 tan bien lo est\u00e1 haciendo y si no logra alcanzar \u00a1Llego tarde! darle una idea de cu\u00e1nto puede necesitar mejorar. Usar un cron\u00f3metro, simplemente contar mentalmente o alg\u00fan otro tipo de cron\u00f3metro tambi\u00e9n puede ser \u00fatil.<\/p>\n\n\n\n<p>Dado que el universo se genera de forma perpetuamente aleatoria, repetir esta misi\u00f3n te presentar\u00e1 una nueva carrera de obst\u00e1culos cada vez, por lo que es posible repetir el nivel varias veces hasta que obtengas un camino que est\u00e9 mayormente despejado.<\/p>\n\n\n\n<p>Combinado con los escudos otorgados por un Life Planet completamente experimentado y evolucionado, me ha resultado \u00fatil viajar con un escudo de asteroide pesado utilizando los m\u00e9todos descritos para desbloquear el logro Asteroid Nursery. Tener una gran cantidad de asteroides en \u00f3rbita puede ayudar no solo al brindarle un campo de visi\u00f3n muy amplio, lo que le permite ver obst\u00e1culos que se acercan desde distancias mayores, sino que tambi\u00e9n lo ayudar\u00e1 a proporcionar un escudo secundario para detener proyectiles, naves espaciales hostiles o desviar potencialmente otros asteroides o planetas que puedan colisionar contigo. Esta estrategia es \u00fatil para muchas misiones y logros diferentes en las etapas del planeta m\u00e1s all\u00e1 de \u00a1Llegu\u00e9 tarde! logro. Como es de esperar, es muy poco lo que puede hacer para protegerse de una colisi\u00f3n con una estrella, m\u00e1s all\u00e1 de apartarse del camino.<\/p>\n\n\n\n<figure class=\"wp-block-image size-large\"><img decoding=\"async\" width=\"1024\" height=\"576\" src=\"https:\/\/solar2.standardof.net\/wp-content\/uploads\/sites\/2\/2020\/10\/Solar-2-Planet-Stage-Concert-Mission-Im-Late-1024x576.jpg\" alt=\"\" class=\"wp-image-86\" srcset=\"https:\/\/solar2.standardof.net\/wp-content\/uploads\/sites\/2\/2020\/10\/Solar-2-Planet-Stage-Concert-Mission-Im-Late-1024x576.jpg 1024w, https:\/\/solar2.standardof.net\/wp-content\/uploads\/sites\/2\/2020\/10\/Solar-2-Planet-Stage-Concert-Mission-Im-Late-300x169.jpg 300w, https:\/\/solar2.standardof.net\/wp-content\/uploads\/sites\/2\/2020\/10\/Solar-2-Planet-Stage-Concert-Mission-Im-Late-16x9.jpg 16w, https:\/\/solar2.standardof.net\/wp-content\/uploads\/sites\/2\/2020\/10\/Solar-2-Planet-Stage-Concert-Mission-Im-Late.jpg 1280w\" sizes=\"(max-width: 1024px) 100vw, 1024px\" \/><figcaption>Desbloqueo de I&#039;m Late! logro en la versi\u00f3n Steam de Solar 2.<\/figcaption><\/figure>\n\n\n\n<hr class=\"wp-block-separator\"\/>\n\n\n\n<h3 class=\"has-text-align-center wp-block-heading\">Misi\u00f3n del concierto 1 + &quot;\u00a1Llego tarde!&quot; Gu\u00eda de video de logros<\/h3>\n\n\n\n<figure class=\"wp-block-embed-youtube wp-block-embed is-type-video is-provider-youtube wp-embed-aspect-16-9 wp-has-aspect-ratio\"><div class=\"wp-block-embed__wrapper\">\n<div class=\"ast-oembed-container\" style=\"height: 100%;\"><iframe title=\"Solar 2 - Tutorial de logros tard\u00edos de I &amp; #039; m\" width=\"500\" height=\"281\" src=\"https:\/\/www.youtube.com\/embed\/_-8Tva44kSQ?feature=oembed\" frameborder=\"0\" allow=\"accelerometer; autoplay; clipboard-write; encrypted-media; gyroscope; picture-in-picture; web-share\" referrerpolicy=\"strict-origin-when-cross-origin\" allowfullscreen><\/iframe><\/div>\n<\/div><\/figure>","protected":false},"excerpt":{"rendered":"<p>Concert Mission 1 In the first mission of the Concert levels of Solar 2 you are tasked by the Entity with transporting some delicate electronic equipment in preparation for the greatest rock show the universe has ever seen. This mission is simple in terms of orders, traveling from the mission start beacon to a second [&hellip;]<\/p>","protected":false},"author":1,"featured_media":12,"parent":78,"menu_order":0,"comment_status":"open","ping_status":"closed","template":"","meta":{"_uag_custom_page_level_css":"","site-sidebar-layout":"default","site-content-layout":"default","ast-site-content-layout":"","site-content-style":"default","site-sidebar-style":"default","ast-global-header-display":"","ast-banner-title-visibility":"","ast-main-header-display":"","ast-hfb-above-header-display":"","ast-hfb-below-header-display":"","ast-hfb-mobile-header-display":"","site-post-title":"","ast-breadcrumbs-content":"","ast-featured-img":"","footer-sml-layout":"","theme-transparent-header-meta":"default","adv-header-id-meta":"","stick-header-meta":"","header-above-stick-meta":"","header-main-stick-meta":"","header-below-stick-meta":"","astra-migrate-meta-layouts":"default","ast-page-background-enabled":"default","ast-page-background-meta":{"desktop":{"background-color":"","background-image":"","background-repeat":"repeat","background-position":"center center","background-size":"auto","background-attachment":"scroll","background-type":"","background-media":"","overlay-type":"","overlay-color":"","overlay-gradient":""},"tablet":{"background-color":"","background-image":"","background-repeat":"repeat","background-position":"center center","background-size":"auto","background-attachment":"scroll","background-type":"","background-media":"","overlay-type":"","overlay-color":"","overlay-gradient":""},"mobile":{"background-color":"","background-image":"","background-repeat":"repeat","background-position":"center center","background-size":"auto","background-attachment":"scroll","background-type":"","background-media":"","overlay-type":"","overlay-color":"","overlay-gradient":""}},"ast-content-background-meta":{"desktop":{"background-color":"var(--ast-global-color-5)","background-image":"","background-repeat":"repeat","background-position":"center center","background-size":"auto","background-attachment":"scroll","background-type":"","background-media":"","overlay-type":"","overlay-color":"","overlay-gradient":""},"tablet":{"background-color":"var(--ast-global-color-5)","background-image":"","background-repeat":"repeat","background-position":"center center","background-size":"auto","background-attachment":"scroll","background-type":"","background-media":"","overlay-type":"","overlay-color":"","overlay-gradient":""},"mobile":{"background-color":"var(--ast-global-color-5)","background-image":"","background-repeat":"repeat","background-position":"center center","background-size":"auto","background-attachment":"scroll","background-type":"","background-media":"","overlay-type":"","overlay-color":"","overlay-gradient":""}},"footnotes":""},"uagb_featured_image_src":{"full":["https:\/\/solar2.standardof.net\/wp-content\/uploads\/sites\/2\/2020\/10\/Solar-2-Header-Background-1.jpeg",1680,1050,false],"thumbnail":["https:\/\/solar2.standardof.net\/wp-content\/uploads\/sites\/2\/2020\/10\/Solar-2-Header-Background-1-150x150.jpeg",150,150,true],"medium":["https:\/\/solar2.standardof.net\/wp-content\/uploads\/sites\/2\/2020\/10\/Solar-2-Header-Background-1-300x188.jpeg",300,188,true],"medium_large":["https:\/\/solar2.standardof.net\/wp-content\/uploads\/sites\/2\/2020\/10\/Solar-2-Header-Background-1.jpeg",768,480,false],"large":["https:\/\/solar2.standardof.net\/wp-content\/uploads\/sites\/2\/2020\/10\/Solar-2-Header-Background-1-1024x640.jpeg",1024,640,true],"1536x1536":["https:\/\/solar2.standardof.net\/wp-content\/uploads\/sites\/2\/2020\/10\/Solar-2-Header-Background-1.jpeg",1536,960,false],"2048x2048":["https:\/\/solar2.standardof.net\/wp-content\/uploads\/sites\/2\/2020\/10\/Solar-2-Header-Background-1.jpeg",1680,1050,false],"trp-custom-language-flag":["https:\/\/solar2.standardof.net\/wp-content\/uploads\/sites\/2\/2020\/10\/Solar-2-Header-Background-1-16x10.jpeg",16,10,true]},"uagb_author_info":{"display_name":"SOE","author_link":"https:\/\/solar2.standardof.net\/es_pr\/author\/k-tastic\/"},"uagb_comment_info":0,"uagb_excerpt":"Concert Mission 1 In the first mission of the Concert levels of Solar 2 you are tasked by the Entity with transporting some delicate electronic equipment in preparation for the greatest rock show the universe has ever seen. This mission is simple in terms of orders, traveling from the mission start beacon to a second&hellip;","_links":{"self":[{"href":"https:\/\/solar2.standardof.net\/es_pr\/wp-json\/wp\/v2\/pages\/84"}],"collection":[{"href":"https:\/\/solar2.standardof.net\/es_pr\/wp-json\/wp\/v2\/pages"}],"about":[{"href":"https:\/\/solar2.standardof.net\/es_pr\/wp-json\/wp\/v2\/types\/page"}],"author":[{"embeddable":true,"href":"https:\/\/solar2.standardof.net\/es_pr\/wp-json\/wp\/v2\/users\/1"}],"replies":[{"embeddable":true,"href":"https:\/\/solar2.standardof.net\/es_pr\/wp-json\/wp\/v2\/comments?post=84"}],"version-history":[{"count":0,"href":"https:\/\/solar2.standardof.net\/es_pr\/wp-json\/wp\/v2\/pages\/84\/revisions"}],"up":[{"embeddable":true,"href":"https:\/\/solar2.standardof.net\/es_pr\/wp-json\/wp\/v2\/pages\/78"}],"wp:featuredmedia":[{"embeddable":true,"href":"https:\/\/solar2.standardof.net\/es_pr\/wp-json\/wp\/v2\/media\/12"}],"wp:attachment":[{"href":"https:\/\/solar2.standardof.net\/es_pr\/wp-json\/wp\/v2\/media?parent=84"}],"curies":[{"name":"wp","href":"https:\/\/api.w.org\/{rel}","templated":true}]}}