{"id":105,"date":"2020-10-14T00:34:37","date_gmt":"2020-10-14T00:34:37","guid":{"rendered":"https:\/\/solar2.standardof.net\/?page_id=105"},"modified":"2020-10-15T14:35:29","modified_gmt":"2020-10-15T14:35:29","slug":"nomad-love-missions-the-asteroid-nursery-achievement","status":"publish","type":"page","link":"https:\/\/solar2.standardof.net\/pt\/solar-2-guide\/estagio-do-planeta-2\/nomade-amor-missoes-o-asteroide-bercario-conquista-2\/","title":{"rendered":"Nomad Love Missions e a conquista &#039;Asteroid Nursery&#039;"},"content":{"rendered":"<h2 class=\"wp-block-heading\" id=\"47221994_title\">Nomad Love Missions 1-3<\/h2>\n\n\n\n<p>A cadeia de miss\u00f5es do Nomad Love em <em>Solar 2<\/em> voc\u00ea enfrenta grupos cada vez mais desafiadores de navios N\u00f4mades que amea\u00e7am sua exist\u00eancia. N\u00e3o h\u00e1 estrat\u00e9gias separadas para cada miss\u00e3o, pois as t\u00e1ticas para cada uma s\u00e3o as mesmas, simplesmente um pouco mais desafiadoras com mais navios atr\u00e1s de voc\u00ea.<\/p>\n\n\n\n<p>O Asteroid Nursery \u00e9 uma conquista de forma livre no Solar 2, o que significa que n\u00e3o est\u00e1 relacionado a nenhuma das miss\u00f5es no Est\u00e1gio do Planeta, mas s\u00f3 pode ser conclu\u00eddo neste ponto do jogo. Para desbloquear essa conquista, voc\u00ea precisa acumular 15 aster\u00f3ides em \u00f3rbita ao redor do seu planeta.<\/p>\n\n\n\n<div class=\"wp-block-image\"><figure class=\"aligncenter size-large\"><img decoding=\"async\" width=\"1024\" height=\"576\" src=\"https:\/\/solar2.standardof.net\/wp-content\/uploads\/sites\/2\/2020\/10\/Solar-2-Planet-Stage-Nomad-Love-Mission-1024x576.jpg\" alt=\"Nomad Love Mission - Solar 2\" class=\"wp-image-107\" srcset=\"https:\/\/solar2.standardof.net\/wp-content\/uploads\/sites\/2\/2020\/10\/Solar-2-Planet-Stage-Nomad-Love-Mission-1024x576.jpg 1024w, https:\/\/solar2.standardof.net\/wp-content\/uploads\/sites\/2\/2020\/10\/Solar-2-Planet-Stage-Nomad-Love-Mission-300x169.jpg 300w, https:\/\/solar2.standardof.net\/wp-content\/uploads\/sites\/2\/2020\/10\/Solar-2-Planet-Stage-Nomad-Love-Mission-16x9.jpg 16w, https:\/\/solar2.standardof.net\/wp-content\/uploads\/sites\/2\/2020\/10\/Solar-2-Planet-Stage-Nomad-Love-Mission.jpg 1280w\" sizes=\"(max-width: 1024px) 100vw, 1024px\" \/><figcaption>Lutando contra o inimigo em Nomad Love.<\/figcaption><\/figure><\/div>\n\n\n\n<h3 class=\"wp-block-heading\">Dicas para o amor n\u00f4made<\/h3>\n\n\n\n<p>Em primeiro lugar, \u00e9 melhor ter um Planeta da Vida totalmente evolu\u00eddo com uma quantidade significativa de massa e um belo escudo de aster\u00f3ide que pode permitir que voc\u00ea absorva toneladas de danos. De um modo geral, a melhor t\u00e1tica nesses n\u00edveis \u00e9 varrer as naves N\u00f4mades depois que elas se distraem com as espa\u00e7onaves de sua forma de vida ou outros objetos para evitar passar por uma onda de lasers e m\u00edsseis. Ter este planeta salvo como um de seus sistemas solares ger\u00e1veis permite que voc\u00ea repita este m\u00e9todo em cada miss\u00e3o com facilidade.<\/p>\n\n\n\n<p>Uma segunda op\u00e7\u00e3o para ajudar a lidar com as naves N\u00f4mades que voc\u00ea precisa eliminar \u00e9 conduzi-las a um planeta de vida hostil ou sistema solar. Isso ir\u00e1 preocup\u00e1-los com aqueles defensores que ir\u00e3o simultaneamente diminuir o n\u00famero das ondas N\u00f4mades.<\/p>\n\n\n\n<hr class=\"wp-block-separator\"\/>\n\n\n\n<h3 class=\"has-text-align-center wp-block-heading\">Guia de v\u00eddeo do Nomad Love<\/h3>\n\n\n\n<figure class=\"wp-block-embed-youtube wp-block-embed is-type-video is-provider-youtube wp-embed-aspect-16-9 wp-has-aspect-ratio\"><div class=\"wp-block-embed__wrapper\">\n<div class=\"ast-oembed-container\" style=\"height: 100%;\"><iframe title=\"Solar 2 Planet Missions - Nomad Love Levels - Guia passo a passo\" width=\"500\" height=\"281\" src=\"https:\/\/www.youtube.com\/embed\/leYHlwMvauM?feature=oembed\" frameborder=\"0\" allow=\"accelerometer; autoplay; clipboard-write; encrypted-media; gyroscope; picture-in-picture; web-share\" referrerpolicy=\"strict-origin-when-cross-origin\" allowfullscreen><\/iframe><\/div>\n<\/div><\/figure>\n\n\n\n<hr class=\"wp-block-separator\"\/>\n\n\n\n<h2 class=\"wp-block-heading\">A conquista do &#039;Asteroid Nursery&#039;<\/h2>\n\n\n\n<p>A melhor maneira de executar essa tarefa \u00e9 usar as teclas de caminho (P) e \u00f3rbita (O) e oferece um excelente treinamento para coletar rapidamente muitos aster\u00f3ides em r\u00e1pida sucess\u00e3o. Lembre-se de que os novos aster\u00f3ides devem ser capturados nos primeiros 5 an\u00e9is de \u00f3rbita ao redor do seu planeta. Conforme a quantidade de objetos em \u00f3rbita ao redor de seu planeta aumenta, seu campo de vis\u00e3o ser\u00e1 empurrado para fora, permitindo que voc\u00ea veja mais, mas tamb\u00e9m tornar\u00e1 mais dif\u00edcil capturar novos aster\u00f3ides.<\/p>\n\n\n\n<p>A melhor maneira de gerenciar muitos aster\u00f3ides de uma vez \u00e9 captur\u00e1-los o mais suavemente poss\u00edvel para que orbitem seu planeta lentamente. Lembre-se de que, como um aster\u00f3ide tem sua \u00f3rbita empurrada para fora, ele ainda faz um c\u00edrculo completo ao redor de seu planeta no mesmo per\u00edodo de tempo que em sua \u00f3rbita anterior. Isso significa que conforme as \u00f3rbitas s\u00e3o empurradas para fora, as rochas est\u00e3o viajando em velocidades mais r\u00e1pidas, enfatizando a import\u00e2ncia de captur\u00e1-las em velocidades lentas para evitar desviar de novos aster\u00f3ides que voc\u00ea precisar\u00e1 capturar.<\/p>\n\n\n\n<p>Lembre-se de salvar o planeta que voc\u00ea acabou de criar ap\u00f3s desbloquear a conquista Asteroid Nursery, j\u00e1 que um planeta com uma horda de aster\u00f3ides pode ser muito \u00fatil para outras miss\u00f5es ou prop\u00f3sitos.<\/p>\n\n\n\n<div class=\"wp-block-image\"><figure class=\"aligncenter size-large\"><img decoding=\"async\" width=\"1024\" height=\"576\" src=\"https:\/\/solar2.standardof.net\/wp-content\/uploads\/sites\/2\/2020\/10\/Solar-2-Planet-Stage-Asteroid-Nursery-Achievement-1024x576.jpg\" alt=\"Conquista de ber\u00e7\u00e1rio de aster\u00f3ides - Solar 2\" class=\"wp-image-108\" srcset=\"https:\/\/solar2.standardof.net\/wp-content\/uploads\/sites\/2\/2020\/10\/Solar-2-Planet-Stage-Asteroid-Nursery-Achievement-1024x576.jpg 1024w, https:\/\/solar2.standardof.net\/wp-content\/uploads\/sites\/2\/2020\/10\/Solar-2-Planet-Stage-Asteroid-Nursery-Achievement-300x169.jpg 300w, https:\/\/solar2.standardof.net\/wp-content\/uploads\/sites\/2\/2020\/10\/Solar-2-Planet-Stage-Asteroid-Nursery-Achievement-16x9.jpg 16w, https:\/\/solar2.standardof.net\/wp-content\/uploads\/sites\/2\/2020\/10\/Solar-2-Planet-Stage-Asteroid-Nursery-Achievement.jpg 1280w\" sizes=\"(max-width: 1024px) 100vw, 1024px\" \/><figcaption>Planeta Vida com 23 aster\u00f3ides em \u00f3rbita, satisfazendo a conquista do Aster\u00f3ide Nursery.<\/figcaption><\/figure><\/div>\n\n\n\n<hr class=\"wp-block-separator\"\/>\n\n\n\n<h3 class=\"has-text-align-center wp-block-heading\">Guia do v\u00eddeo de realiza\u00e7\u00e3o &#039;Asteroid Nursery&#039;<\/h3>\n\n\n\n<figure class=\"wp-block-embed-youtube wp-block-embed is-type-video is-provider-youtube wp-embed-aspect-16-9 wp-has-aspect-ratio\"><div class=\"wp-block-embed__wrapper\">\n<div class=\"ast-oembed-container\" style=\"height: 100%;\"><iframe title=\"Solar 2 - Passo a passo para a realiza\u00e7\u00e3o do ber\u00e7\u00e1rio de aster\u00f3ides\" width=\"500\" height=\"281\" src=\"https:\/\/www.youtube.com\/embed\/nwi46Hx3d-E?feature=oembed\" frameborder=\"0\" allow=\"accelerometer; autoplay; clipboard-write; encrypted-media; gyroscope; picture-in-picture; web-share\" referrerpolicy=\"strict-origin-when-cross-origin\" allowfullscreen><\/iframe><\/div>\n<\/div><\/figure>","protected":false},"excerpt":{"rendered":"<p>Nomad Love Missions 1-3 The Nomad Love chain of missions in Solar 2 have you facing off against gradually more challenging groups of Nomad ships which are out to threaten your existence. There are no separate strategies for each mission as the tactics for each are the same, simply slightly more challenging with more ships [&hellip;]<\/p>","protected":false},"author":1,"featured_media":12,"parent":78,"menu_order":0,"comment_status":"open","ping_status":"closed","template":"","meta":{"_uag_custom_page_level_css":"","site-sidebar-layout":"default","site-content-layout":"default","ast-site-content-layout":"","site-content-style":"default","site-sidebar-style":"default","ast-global-header-display":"","ast-banner-title-visibility":"","ast-main-header-display":"","ast-hfb-above-header-display":"","ast-hfb-below-header-display":"","ast-hfb-mobile-header-display":"","site-post-title":"","ast-breadcrumbs-content":"","ast-featured-img":"","footer-sml-layout":"","theme-transparent-header-meta":"default","adv-header-id-meta":"","stick-header-meta":"","header-above-stick-meta":"","header-main-stick-meta":"","header-below-stick-meta":"","astra-migrate-meta-layouts":"default","ast-page-background-enabled":"default","ast-page-background-meta":{"desktop":{"background-color":"","background-image":"","background-repeat":"repeat","background-position":"center center","background-size":"auto","background-attachment":"scroll","background-type":"","background-media":"","overlay-type":"","overlay-color":"","overlay-gradient":""},"tablet":{"background-color":"","background-image":"","background-repeat":"repeat","background-position":"center center","background-size":"auto","background-attachment":"scroll","background-type":"","background-media":"","overlay-type":"","overlay-color":"","overlay-gradient":""},"mobile":{"background-color":"","background-image":"","background-repeat":"repeat","background-position":"center center","background-size":"auto","background-attachment":"scroll","background-type":"","background-media":"","overlay-type":"","overlay-color":"","overlay-gradient":""}},"ast-content-background-meta":{"desktop":{"background-color":"var(--ast-global-color-5)","background-image":"","background-repeat":"repeat","background-position":"center center","background-size":"auto","background-attachment":"scroll","background-type":"","background-media":"","overlay-type":"","overlay-color":"","overlay-gradient":""},"tablet":{"background-color":"var(--ast-global-color-5)","background-image":"","background-repeat":"repeat","background-position":"center center","background-size":"auto","background-attachment":"scroll","background-type":"","background-media":"","overlay-type":"","overlay-color":"","overlay-gradient":""},"mobile":{"background-color":"var(--ast-global-color-5)","background-image":"","background-repeat":"repeat","background-position":"center center","background-size":"auto","background-attachment":"scroll","background-type":"","background-media":"","overlay-type":"","overlay-color":"","overlay-gradient":""}},"footnotes":""},"uagb_featured_image_src":{"full":["https:\/\/solar2.standardof.net\/wp-content\/uploads\/sites\/2\/2020\/10\/Solar-2-Header-Background-1.jpeg",1680,1050,false],"thumbnail":["https:\/\/solar2.standardof.net\/wp-content\/uploads\/sites\/2\/2020\/10\/Solar-2-Header-Background-1-150x150.jpeg",150,150,true],"medium":["https:\/\/solar2.standardof.net\/wp-content\/uploads\/sites\/2\/2020\/10\/Solar-2-Header-Background-1-300x188.jpeg",300,188,true],"medium_large":["https:\/\/solar2.standardof.net\/wp-content\/uploads\/sites\/2\/2020\/10\/Solar-2-Header-Background-1.jpeg",768,480,false],"large":["https:\/\/solar2.standardof.net\/wp-content\/uploads\/sites\/2\/2020\/10\/Solar-2-Header-Background-1-1024x640.jpeg",1024,640,true],"1536x1536":["https:\/\/solar2.standardof.net\/wp-content\/uploads\/sites\/2\/2020\/10\/Solar-2-Header-Background-1.jpeg",1536,960,false],"2048x2048":["https:\/\/solar2.standardof.net\/wp-content\/uploads\/sites\/2\/2020\/10\/Solar-2-Header-Background-1.jpeg",1680,1050,false],"trp-custom-language-flag":["https:\/\/solar2.standardof.net\/wp-content\/uploads\/sites\/2\/2020\/10\/Solar-2-Header-Background-1-16x10.jpeg",16,10,true]},"uagb_author_info":{"display_name":"SOE","author_link":"https:\/\/solar2.standardof.net\/pt\/author\/k-tastic\/"},"uagb_comment_info":0,"uagb_excerpt":"Nomad Love Missions 1-3 The Nomad Love chain of missions in Solar 2 have you facing off against gradually more challenging groups of Nomad ships which are out to threaten your existence. There are no separate strategies for each mission as the tactics for each are the same, simply slightly more challenging with more ships&hellip;","_links":{"self":[{"href":"https:\/\/solar2.standardof.net\/pt\/wp-json\/wp\/v2\/pages\/105"}],"collection":[{"href":"https:\/\/solar2.standardof.net\/pt\/wp-json\/wp\/v2\/pages"}],"about":[{"href":"https:\/\/solar2.standardof.net\/pt\/wp-json\/wp\/v2\/types\/page"}],"author":[{"embeddable":true,"href":"https:\/\/solar2.standardof.net\/pt\/wp-json\/wp\/v2\/users\/1"}],"replies":[{"embeddable":true,"href":"https:\/\/solar2.standardof.net\/pt\/wp-json\/wp\/v2\/comments?post=105"}],"version-history":[{"count":0,"href":"https:\/\/solar2.standardof.net\/pt\/wp-json\/wp\/v2\/pages\/105\/revisions"}],"up":[{"embeddable":true,"href":"https:\/\/solar2.standardof.net\/pt\/wp-json\/wp\/v2\/pages\/78"}],"wp:featuredmedia":[{"embeddable":true,"href":"https:\/\/solar2.standardof.net\/pt\/wp-json\/wp\/v2\/media\/12"}],"wp:attachment":[{"href":"https:\/\/solar2.standardof.net\/pt\/wp-json\/wp\/v2\/media?parent=105"}],"curies":[{"name":"wp","href":"https:\/\/api.w.org\/{rel}","templated":true}]}}