{"id":11,"date":"2020-10-13T19:13:57","date_gmt":"2020-10-13T19:13:57","guid":{"rendered":"https:\/\/solar2.standardof.net\/?page_id=11"},"modified":"2020-10-19T15:17:37","modified_gmt":"2020-10-19T15:17:37","slug":"solar-2-guide","status":"publish","type":"page","link":"https:\/\/solar2.standardof.net\/pt\/","title":{"rendered":"Guia de estrat\u00e9gia Solar 2"},"content":{"rendered":"<h2 class=\"has-text-align-center wp-block-heading\">Guia de estrat\u00e9gia Solar 2<\/h2>\n\n\n\n<p>H\u00e1 um grande n\u00famero de v\u00eddeos para o jogo Solar 2, cobrindo conquistas, miss\u00f5es e desafios, bem como dicas b\u00e1sicas de progress\u00e3o e muito mais. Junto com isso, h\u00e1 uma cole\u00e7\u00e3o de guias de texto e imagem, que incluem o v\u00eddeo para cobrir praticamente todos os aspectos do jogo. Pode haver ainda alguns bits ausentes que ser\u00e3o adicionados com o tempo, mas na maioria das vezes isso \u00e9 considerado completo.<\/p>\n\n\n\n<p>* N\u00e3o existe um \u00edndice central, em vez disso os guias s\u00e3o indexados de acordo com a etapa em que ocorrem.<\/p>\n\n\n\n<div class=\"wp-block-columns is-layout-flex wp-container-core-columns-is-layout-1 wp-block-columns-is-layout-flex\">\n<div class=\"wp-block-column is-layout-flow wp-block-column-is-layout-flow\">\n<div class=\"wp-block-image nomeow\"><figure class=\"aligncenter size-large\"><a href=\"https:\/\/solar2.standardof.net\/pt\/solar-2-guide\/estagio-de-asteroide-2\/\"><img decoding=\"async\" width=\"912\" height=\"513\" src=\"https:\/\/solar2.standardof.net\/wp-content\/uploads\/sites\/2\/2020\/10\/asteroid-header-912x513.jpg\" alt=\"Est\u00e1gio Asteorid - Solar 2\" class=\"wp-image-200\" srcset=\"https:\/\/solar2.standardof.net\/wp-content\/uploads\/sites\/2\/2020\/10\/asteroid-header.jpg 912w, https:\/\/solar2.standardof.net\/wp-content\/uploads\/sites\/2\/2020\/10\/asteroid-header-300x169.jpg 300w, https:\/\/solar2.standardof.net\/wp-content\/uploads\/sites\/2\/2020\/10\/asteroid-header-768x432.jpg 768w, https:\/\/solar2.standardof.net\/wp-content\/uploads\/sites\/2\/2020\/10\/asteroid-header-16x9.jpg 16w\" sizes=\"(max-width: 912px) 100vw, 912px\" \/><\/a><\/figure><\/div>\n\n\n\n<ol><li><a href=\"https:\/\/solar2.standardof.net\/pt\/solar-2-guide\/estagio-de-asteroide-2\/#fun-ideas\" class=\"rank-math-link\">Id\u00e9ias divertidas enquanto voc\u00ea \u00e9 um aster\u00f3ide<\/a><\/li><li><a href=\"https:\/\/solar2.standardof.net\/pt\/solar-2-guide\/estagio-de-asteroide-2\/#progression\" class=\"rank-math-link\">Aster\u00f3ide -&gt; Progress\u00e3o do Pequeno Planeta<\/a><\/li><li><a href=\"https:\/\/solar2.standardof.net\/pt\/solar-2-guide\/estagio-de-asteroide-2\/assassino-missoes-ninja-conquista\/\">Miss\u00f5es assassinas 1-3<br><sup>+ Conquista Ninja<\/sup><\/a><\/li><li><a href=\"https:\/\/solar2.standardof.net\/pt\/solar-2-guide\/estagio-de-asteroide-2\/melhor-amigo-missao\/\">Miss\u00e3o 1 do melhor amigo<\/a><\/li><li><a href=\"https:\/\/solar2.standardof.net\/pt\/solar-2-guide\/estagio-de-asteroide-2\/missoes-de-extincao\/\">Miss\u00f5es de extin\u00e7\u00e3o 1-2<\/a><\/li><li><a href=\"https:\/\/solar2.standardof.net\/pt\/solar-2-guide\/estagio-de-asteroide-2\/missoes-de-diversao-e-jogos\/\">Miss\u00f5es de divers\u00e3o e jogos 1-3<\/a><\/li><li><a href=\"https:\/\/solar2.standardof.net\/pt\/solar-2-guide\/estagio-de-asteroide-2\/desafio-missao-1-estadia-jovem-2\/\">Miss\u00e3o do desafio: 1 permanecer jovem<\/a><\/li><li><a href=\"https:\/\/solar2.standardof.net\/pt\/solar-2-guide\/estagio-de-asteroide-2\/desafio-missao-2-zumbi-geometria-2\/\">Miss\u00e3o do desafio: 2 geometria zumbi<\/a><\/li><\/ol>\n<\/div>\n\n\n\n<div class=\"wp-block-column is-layout-flow wp-block-column-is-layout-flow\">\n<div class=\"wp-block-image nomeow\"><figure class=\"aligncenter size-large\"><a href=\"https:\/\/solar2.standardof.net\/pt\/solar-2-guide\/estagio-do-planeta-2\/\"><img decoding=\"async\" width=\"912\" height=\"513\" src=\"https:\/\/solar2.standardof.net\/wp-content\/uploads\/sites\/2\/2020\/10\/planet-header-912x513.jpg\" alt=\"Est\u00e1gio Planeta - Solar 2\" class=\"wp-image-203\" srcset=\"https:\/\/solar2.standardof.net\/wp-content\/uploads\/sites\/2\/2020\/10\/planet-header.jpg 912w, https:\/\/solar2.standardof.net\/wp-content\/uploads\/sites\/2\/2020\/10\/planet-header-300x169.jpg 300w, https:\/\/solar2.standardof.net\/wp-content\/uploads\/sites\/2\/2020\/10\/planet-header-16x9.jpg 16w\" sizes=\"(max-width: 912px) 100vw, 912px\" \/><\/a><\/figure><\/div>\n\n\n\n<ol><li><a href=\"https:\/\/solar2.standardof.net\/pt\/solar-2-guide\/estagio-do-planeta-2\/#gaining-mass\" class=\"rank-math-link\">Ganhando Massa como um Planeta<\/a><\/li><li><a href=\"https:\/\/solar2.standardof.net\/pt\/solar-2-guide\/estagio-do-planeta-2\/concerto-missao-1-im-atrasado-realizacao-2\/\" class=\"rank-math-link\">Miss\u00e3o de concerto 1<br><sup>+ \u201cEstou atrasado!\u201d Realiza\u00e7\u00e3o<\/sup><\/a><\/li><li><a href=\"https:\/\/solar2.standardof.net\/pt\/solar-2-guide\/estagio-do-planeta-2\/concerto-missao-2-planetario-solista-realizacao-2\/\" class=\"rank-math-link\">Miss\u00e3o de concerto 2<br><sup>+ Conquista de \u201cSolista Planet\u00e1rio\u201d<\/sup><\/a><\/li><li><a href=\"https:\/\/solar2.standardof.net\/pt\/solar-2-guide\/estagio-do-planeta-2\/experimento-missoes-o-por-que-voce-me-matou-conquista-2\/\" class=\"rank-math-link\">Experimentar miss\u00f5es 1-2<br><sup>+ \u201cPor que voc\u00ea me matou?\u201d Realiza\u00e7\u00e3o<\/sup><\/a><\/li><li><a href=\"https:\/\/solar2.standardof.net\/pt\/solar-2-guide\/estagio-do-planeta-2\/belas-artes-missoes-gentis-mas-firmes-conquistas-2\/\" class=\"rank-math-link\">Miss\u00f5es de Belas Artes 1-3<br><sup>+ Conquista \u201cGentil, mas Firme\u201d<\/sup><\/a><\/li><li><a href=\"https:\/\/solar2.standardof.net\/pt\/solar-2-guide\/estagio-do-planeta-2\/nomade-amor-missoes-o-asteroide-bercario-conquista-2\/\" class=\"rank-math-link\">Nomad Love Missions 1-3<br><sup>+ Conquista de \u201cAsteroid Nursery\u201d<\/sup><\/a><\/li><li><a href=\"https:\/\/solar2.standardof.net\/pt\/solar-2-guide\/estagio-do-planeta-2\/desafio-missao-1-atomo\/\" class=\"rank-math-link\">Miss\u00e3o de desafio 1: &#039;Atom&#039;<\/a><\/li><li><a href=\"https:\/\/solar2.standardof.net\/pt\/solar-2-guide\/estagio-do-planeta-2\/desafio-missao-2-concerto-encore-2\/\" class=\"rank-math-link\">Miss\u00e3o de desafio 2: &#039;Concert Encore&#039;<\/a><\/li><li><a href=\"https:\/\/solar2.standardof.net\/pt\/solar-2-guide\/estagio-do-planeta-2\/desafio-missao-3-planeta-sobrevivencia\/\" class=\"rank-math-link\">Miss\u00e3o de desafio 3: &#039;Sobreviv\u00eancia no planeta&#039;<\/a><br><\/li><\/ol>\n<\/div>\n<\/div>\n\n\n\n<div class=\"wp-block-columns is-layout-flex wp-container-core-columns-is-layout-2 wp-block-columns-is-layout-flex\">\n<div class=\"wp-block-column is-layout-flow wp-block-column-is-layout-flow\">\n<div class=\"wp-block-image nomeow\"><figure class=\"aligncenter size-large\"><a href=\"https:\/\/solar2.standardof.net\/pt\/solar-2-guide\/estrela-sistema-solar-estagio-2\/\"><img decoding=\"async\" width=\"912\" height=\"513\" src=\"https:\/\/solar2.standardof.net\/wp-content\/uploads\/sites\/2\/2020\/10\/star-header-912x513.jpg\" alt=\"Est\u00e1gio Estelar - Solar 2\" class=\"wp-image-204\" srcset=\"https:\/\/solar2.standardof.net\/wp-content\/uploads\/sites\/2\/2020\/10\/star-header.jpg 912w, https:\/\/solar2.standardof.net\/wp-content\/uploads\/sites\/2\/2020\/10\/star-header-300x169.jpg 300w, https:\/\/solar2.standardof.net\/wp-content\/uploads\/sites\/2\/2020\/10\/star-header-16x9.jpg 16w\" sizes=\"(max-width: 912px) 100vw, 912px\" \/><\/a><\/figure><\/div>\n\n\n\n<ol><li><a href=\"https:\/\/solar2.standardof.net\/pt\/solar-2-guide\/estrela-sistema-solar-estagio-2\/#progression\" class=\"rank-math-link\">Progress\u00e3o de estrela para buraco negro<\/a><\/li><li><a href=\"https:\/\/solar2.standardof.net\/pt\/solar-2-guide\/estrela-sistema-solar-estagio-2\/#system-building\" class=\"rank-math-link\">Edif\u00edcio do sistema solar<br><sup>+ Conquista de supremacia e superlota\u00e7\u00e3o<\/sup><\/a><\/li><li><a href=\"https:\/\/solar2.standardof.net\/pt\/solar-2-guide\/estrela-sistema-solar-estagio-2\/conquista-de-traicao\/\">Conquista de Trai\u00e7\u00e3o<\/a><\/li><li><a href=\"https:\/\/solar2.standardof.net\/pt\/solar-2-guide\/estrela-sistema-solar-estagio-2\/irmaos-missoes\/\">Irm\u00e3os, Miss\u00f5es 1-3<\/a><\/li><li><a class=\"rank-math-link\" href=\"https:\/\/solar2.standardof.net\/pt\/solar-2-guide\/estrela-sistema-solar-estagio-2\/conquista-de-duelo-missoes-estrela-vagabundo\/\">Duelo de miss\u00f5es 1-3<br><sup>+ Hobo Star Achievement<\/sup><\/a><\/li><li><a href=\"https:\/\/solar2.standardof.net\/pt\/solar-2-guide\/estrela-sistema-solar-estagio-2\/heist-missions-and-the-get-lost-i-get-this-achievements-2\/\">Heist Missions 1-3<br><sup>+ Eu entendi e ganhei conquistas perdidas<\/sup><\/a><\/li><li><a href=\"https:\/\/solar2.standardof.net\/pt\/solar-2-guide\/estrela-sistema-solar-estagio-2\/invasor-missoes-2\/\">Miss\u00f5es de invasores 1-3<\/a><\/li><li><a href=\"https:\/\/solar2.standardof.net\/pt\/solar-2-guide\/estrela-sistema-solar-estagio-2\/chefe-final-2\/\">Chefe final<br><sup>+ A Conquista da Entidade<\/sup><\/a><\/li><li><a href=\"https:\/\/solar2.standardof.net\/pt\/solar-2-guide\/estrela-sistema-solar-estagio-2\/conquistas-de-elite-e-estrela-do-grind-2\/\">Conquistas de Elite e Grind Star<\/a><\/li><li>Miss\u00f5es do Star Challenge<ol><li><a href=\"https:\/\/solar2.standardof.net\/pt\/solar-2-guide\/estrela-sistema-solar-estagio-2\/esquiva\/\">Dark Dodger<\/a><\/li><li><a href=\"https:\/\/solar2.standardof.net\/pt\/solar-2-guide\/estrela-sistema-solar-estagio-2\/fuga-de-novo\/\">Fuga de novo<\/a><\/li><li><a href=\"https:\/\/solar2.standardof.net\/pt\/solar-2-guide\/estrela-sistema-solar-estagio-2\/guerra-de-bolas-de-neve-2\/\">Luta de bola de neve com a conquista estrela do floco de neve<\/a><\/li><\/ol><\/li><li>Miss\u00f5es de desafio multi-estrelas<ol><li><a href=\"https:\/\/solar2.standardof.net\/pt\/solar-2-guide\/estrela-sistema-solar-estagio-2\/duelo-do-caos\/\">Duelo do Caos<\/a><\/li><li><a href=\"https:\/\/solar2.standardof.net\/pt\/solar-2-guide\/estrela-sistema-solar-estagio-2\/ladrao-de-planetas-mestre-ladrao-conquista\/\">Ladr\u00e3o de planetas e o Mestre Ladr\u00e3o Conquista<\/a><\/li><\/ol><\/li><\/ol>\n<\/div>\n\n\n\n<div class=\"wp-block-column is-layout-flow wp-block-column-is-layout-flow\">\n<div class=\"wp-block-image nomeow\"><figure class=\"aligncenter size-large\"><a href=\"https:\/\/solar2.standardof.net\/pt\/solar-2-guide\/estagio-de-buraco-negro-2\/\"><img decoding=\"async\" width=\"912\" height=\"513\" src=\"https:\/\/solar2.standardof.net\/wp-content\/uploads\/sites\/2\/2020\/10\/bhole-header-912x513.jpg\" alt=\"Black Hole Stage - Solar 2\" class=\"wp-image-201\" srcset=\"https:\/\/solar2.standardof.net\/wp-content\/uploads\/sites\/2\/2020\/10\/bhole-header.jpg 912w, https:\/\/solar2.standardof.net\/wp-content\/uploads\/sites\/2\/2020\/10\/bhole-header-300x169.jpg 300w, https:\/\/solar2.standardof.net\/wp-content\/uploads\/sites\/2\/2020\/10\/bhole-header-768x432.jpg 768w, https:\/\/solar2.standardof.net\/wp-content\/uploads\/sites\/2\/2020\/10\/bhole-header-16x9.jpg 16w\" sizes=\"(max-width: 912px) 100vw, 912px\" \/><\/a><\/figure><\/div>\n\n\n\n<ol><li><a href=\"https:\/\/solar2.standardof.net\/pt\/solar-2-guide\/estagio-de-buraco-negro-2\/#progression\" class=\"rank-math-link\">Buraco negro para progress\u00e3o de big crunch<\/a><\/li><li><a href=\"https:\/\/solar2.standardof.net\/pt\/solar-2-guide\/estagio-de-buraco-negro-2\/velocidade-ciclo-conquista-2\/\">Conquista do Ciclo de Velocidade<\/a><\/li><li><a href=\"https:\/\/solar2.standardof.net\/pt\/solar-2-guide\/estagio-de-buraco-negro-2\/voando-cego-conquista-2\/\">Conquista do Flying Blind<\/a><\/li><\/ol>\n<\/div>\n<\/div>","protected":false},"excerpt":{"rendered":"<p>Solar 2 Strategy Guide There are a large number of videos for the game Solar 2, covering achievements, missions and challenges, as well as basic progression tips and more. Along with this are a collection of text and image guides, that include the video to cover pretty much every aspect of the game. There may [&hellip;]<\/p>","protected":false},"author":1,"featured_media":12,"parent":0,"menu_order":0,"comment_status":"open","ping_status":"closed","template":"","meta":{"_uag_custom_page_level_css":"","site-sidebar-layout":"default","site-content-layout":"default","ast-site-content-layout":"","site-content-style":"default","site-sidebar-style":"default","ast-global-header-display":"","ast-banner-title-visibility":"","ast-main-header-display":"","ast-hfb-above-header-display":"","ast-hfb-below-header-display":"","ast-hfb-mobile-header-display":"","site-post-title":"","ast-breadcrumbs-content":"","ast-featured-img":"","footer-sml-layout":"","theme-transparent-header-meta":"default","adv-header-id-meta":"","stick-header-meta":"","header-above-stick-meta":"","header-main-stick-meta":"","header-below-stick-meta":"","astra-migrate-meta-layouts":"default","ast-page-background-enabled":"default","ast-page-background-meta":{"desktop":{"background-color":"","background-image":"","background-repeat":"repeat","background-position":"center center","background-size":"auto","background-attachment":"scroll","background-type":"","background-media":"","overlay-type":"","overlay-color":"","overlay-gradient":""},"tablet":{"background-color":"","background-image":"","background-repeat":"repeat","background-position":"center center","background-size":"auto","background-attachment":"scroll","background-type":"","background-media":"","overlay-type":"","overlay-color":"","overlay-gradient":""},"mobile":{"background-color":"","background-image":"","background-repeat":"repeat","background-position":"center center","background-size":"auto","background-attachment":"scroll","background-type":"","background-media":"","overlay-type":"","overlay-color":"","overlay-gradient":""}},"ast-content-background-meta":{"desktop":{"background-color":"var(--ast-global-color-5)","background-image":"","background-repeat":"repeat","background-position":"center center","background-size":"auto","background-attachment":"scroll","background-type":"","background-media":"","overlay-type":"","overlay-color":"","overlay-gradient":""},"tablet":{"background-color":"var(--ast-global-color-5)","background-image":"","background-repeat":"repeat","background-position":"center center","background-size":"auto","background-attachment":"scroll","background-type":"","background-media":"","overlay-type":"","overlay-color":"","overlay-gradient":""},"mobile":{"background-color":"var(--ast-global-color-5)","background-image":"","background-repeat":"repeat","background-position":"center center","background-size":"auto","background-attachment":"scroll","background-type":"","background-media":"","overlay-type":"","overlay-color":"","overlay-gradient":""}},"footnotes":""},"uagb_featured_image_src":{"full":["https:\/\/solar2.standardof.net\/wp-content\/uploads\/sites\/2\/2020\/10\/Solar-2-Header-Background-1.jpeg",1680,1050,false],"thumbnail":["https:\/\/solar2.standardof.net\/wp-content\/uploads\/sites\/2\/2020\/10\/Solar-2-Header-Background-1-150x150.jpeg",150,150,true],"medium":["https:\/\/solar2.standardof.net\/wp-content\/uploads\/sites\/2\/2020\/10\/Solar-2-Header-Background-1-300x188.jpeg",300,188,true],"medium_large":["https:\/\/solar2.standardof.net\/wp-content\/uploads\/sites\/2\/2020\/10\/Solar-2-Header-Background-1.jpeg",768,480,false],"large":["https:\/\/solar2.standardof.net\/wp-content\/uploads\/sites\/2\/2020\/10\/Solar-2-Header-Background-1-1024x640.jpeg",1024,640,true],"1536x1536":["https:\/\/solar2.standardof.net\/wp-content\/uploads\/sites\/2\/2020\/10\/Solar-2-Header-Background-1.jpeg",1536,960,false],"2048x2048":["https:\/\/solar2.standardof.net\/wp-content\/uploads\/sites\/2\/2020\/10\/Solar-2-Header-Background-1.jpeg",1680,1050,false],"trp-custom-language-flag":["https:\/\/solar2.standardof.net\/wp-content\/uploads\/sites\/2\/2020\/10\/Solar-2-Header-Background-1-16x10.jpeg",16,10,true]},"uagb_author_info":{"display_name":"SOE","author_link":"https:\/\/solar2.standardof.net\/pt\/author\/k-tastic\/"},"uagb_comment_info":0,"uagb_excerpt":"Solar 2 Strategy Guide There are a large number of videos for the game Solar 2, covering achievements, missions and challenges, as well as basic progression tips and more. Along with this are a collection of text and image guides, that include the video to cover pretty much every aspect of the game. There may&hellip;","_links":{"self":[{"href":"https:\/\/solar2.standardof.net\/pt\/wp-json\/wp\/v2\/pages\/11"}],"collection":[{"href":"https:\/\/solar2.standardof.net\/pt\/wp-json\/wp\/v2\/pages"}],"about":[{"href":"https:\/\/solar2.standardof.net\/pt\/wp-json\/wp\/v2\/types\/page"}],"author":[{"embeddable":true,"href":"https:\/\/solar2.standardof.net\/pt\/wp-json\/wp\/v2\/users\/1"}],"replies":[{"embeddable":true,"href":"https:\/\/solar2.standardof.net\/pt\/wp-json\/wp\/v2\/comments?post=11"}],"version-history":[{"count":0,"href":"https:\/\/solar2.standardof.net\/pt\/wp-json\/wp\/v2\/pages\/11\/revisions"}],"wp:featuredmedia":[{"embeddable":true,"href":"https:\/\/solar2.standardof.net\/pt\/wp-json\/wp\/v2\/media\/12"}],"wp:attachment":[{"href":"https:\/\/solar2.standardof.net\/pt\/wp-json\/wp\/v2\/media?parent=11"}],"curies":[{"name":"wp","href":"https:\/\/api.w.org\/{rel}","templated":true}]}}