{"id":110,"date":"2020-10-14T00:53:46","date_gmt":"2020-10-14T00:53:46","guid":{"rendered":"https:\/\/solar2.standardof.net\/?page_id=110"},"modified":"2020-10-14T12:53:47","modified_gmt":"2020-10-14T12:53:47","slug":"challenge-mission-1-atom","status":"publish","type":"page","link":"https:\/\/solar2.standardof.net\/pt\/solar-2-guide\/estagio-do-planeta-2\/desafio-missao-1-atomo\/","title":{"rendered":"Miss\u00e3o 1 do Planet Stage Challenge: &#039;Atom&#039;"},"content":{"rendered":"<h2 class=\"wp-block-heading\">Miss\u00e3o de desafio 1: \u201cAtom\u201d<\/h2>\n\n\n\n<p>A miss\u00e3o de desafio do planeta Atom tem o seu planeta lua roxa encarregado de fazer um pequeno quebra-cabe\u00e7a de bilhar r\u00e1pido resolvido usando a f\u00edsica no Solar 2. O que voc\u00ea ter\u00e1 que fazer aqui \u00e9 tirar 7 planetas vermelhos de um grande c\u00edrculo desenhado no espa\u00e7o enquanto um \u00fanico planeta azul dentro deste c\u00edrculo. O dano de colis\u00e3o est\u00e1 desativado neste n\u00edvel.<\/p>\n\n\n\n<p>Pontua\u00e7\u00e3o f\u00e1cil: conclu\u00edda em menos de 40 segundos.<br>Pontua\u00e7\u00e3o m\u00e9dia: conclu\u00edda em menos de 25 segundos.<br>Pontua\u00e7\u00e3o dif\u00edcil: Conclu\u00edda em menos de 15 segundos.<\/p>\n\n\n\n<p>A maneira mais r\u00e1pida de completar esta miss\u00e3o \u00e9 jogar como voc\u00ea jogaria, uma partida de bilhar, logo de cara. Bata seu planeta no aglomerado de planetas no meio do c\u00edrculo, os planetas vermelhos devem estar ao redor do azul, o que far\u00e1 com que o grupo se espalhe. Feito corretamente, esta parede joga pelo menos 4 dos planetas vermelhos para fora do c\u00edrculo, enquanto d\u00e1 a voc\u00ea a chance de mover-se rapidamente e bater no planeta azul para mant\u00ea-lo dentro. A partir da\u00ed, basta bater rapidamente nos planetas vermelhos restantes para derrub\u00e1-los. Algumas tentativas pr\u00e1ticas devem permitir que voc\u00ea pegue o jeito sem muitos problemas.<\/p>\n\n\n\n<figure class=\"wp-block-gallery columns-2 is-cropped wp-block-gallery-1 is-layout-flex wp-block-gallery-is-layout-flex\"><ul class=\"blocks-gallery-grid\"><li class=\"blocks-gallery-item\"><figure><img decoding=\"async\" width=\"1024\" height=\"576\" src=\"https:\/\/solar2.standardof.net\/wp-content\/uploads\/sites\/2\/2020\/10\/Solar-2-Planet-Stage-Challenge-Mission-1-Atom-1-1024x576.jpg\" alt=\"Planet Stage Challenge Miss\u00e3o 1: &#039;Atom&#039; - Solar 2\" data-id=\"113\" data-full-url=\"https:\/\/solar2.standardof.net\/wp-content\/uploads\/sites\/2\/2020\/10\/Solar-2-Planet-Stage-Challenge-Mission-1-Atom-1.jpg\" data-link=\"https:\/\/solar2.standardof.net\/?attachment_id=113\" class=\"wp-image-113\" srcset=\"https:\/\/solar2.standardof.net\/wp-content\/uploads\/sites\/2\/2020\/10\/Solar-2-Planet-Stage-Challenge-Mission-1-Atom-1-1024x576.jpg 1024w, https:\/\/solar2.standardof.net\/wp-content\/uploads\/sites\/2\/2020\/10\/Solar-2-Planet-Stage-Challenge-Mission-1-Atom-1-300x169.jpg 300w, https:\/\/solar2.standardof.net\/wp-content\/uploads\/sites\/2\/2020\/10\/Solar-2-Planet-Stage-Challenge-Mission-1-Atom-1-16x9.jpg 16w, https:\/\/solar2.standardof.net\/wp-content\/uploads\/sites\/2\/2020\/10\/Solar-2-Planet-Stage-Challenge-Mission-1-Atom-1.jpg 1920w\" sizes=\"(max-width: 1024px) 100vw, 1024px\" \/><figcaption class=\"blocks-gallery-item__caption\">Batendo no grupo inicial para se livrar da maioria dos planetas vermelhos.<\/figcaption><\/figure><\/li><li class=\"blocks-gallery-item\"><figure><img decoding=\"async\" width=\"1024\" height=\"576\" src=\"https:\/\/solar2.standardof.net\/wp-content\/uploads\/sites\/2\/2020\/10\/Solar-2-Planet-Stage-Challenge-Mission-1-Atom-2-1024x576.jpg\" alt=\"Planet Stage Challenge Miss\u00e3o 1: &#039;Atom&#039; - Solar 2\" data-id=\"114\" data-full-url=\"https:\/\/solar2.standardof.net\/wp-content\/uploads\/sites\/2\/2020\/10\/Solar-2-Planet-Stage-Challenge-Mission-1-Atom-2.jpg\" data-link=\"https:\/\/solar2.standardof.net\/?attachment_id=114\" class=\"wp-image-114\" srcset=\"https:\/\/solar2.standardof.net\/wp-content\/uploads\/sites\/2\/2020\/10\/Solar-2-Planet-Stage-Challenge-Mission-1-Atom-2-1024x576.jpg 1024w, https:\/\/solar2.standardof.net\/wp-content\/uploads\/sites\/2\/2020\/10\/Solar-2-Planet-Stage-Challenge-Mission-1-Atom-2-300x169.jpg 300w, https:\/\/solar2.standardof.net\/wp-content\/uploads\/sites\/2\/2020\/10\/Solar-2-Planet-Stage-Challenge-Mission-1-Atom-2-16x9.jpg 16w, https:\/\/solar2.standardof.net\/wp-content\/uploads\/sites\/2\/2020\/10\/Solar-2-Planet-Stage-Challenge-Mission-1-Atom-2.jpg 1920w\" sizes=\"(max-width: 1024px) 100vw, 1024px\" \/><figcaption class=\"blocks-gallery-item__caption\">Terminando as coisas derrubando os planetas vermelhos restantes.<\/figcaption><\/figure><\/li><\/ul><\/figure>\n\n\n\n<hr class=\"wp-block-separator\"\/>\n\n\n\n<h3 class=\"has-text-align-center wp-block-heading\">Miss\u00e3o 1 do Desafio de Est\u00e1gio do Planeta: Guia de V\u00eddeo &quot;Atom&quot;<\/h3>\n\n\n\n<figure class=\"wp-block-embed-youtube wp-block-embed is-type-video is-provider-youtube wp-embed-aspect-16-9 wp-has-aspect-ratio\"><div class=\"wp-block-embed__wrapper\">\n<div class=\"ast-oembed-container\" style=\"height: 100%;\"><iframe title=\"Solar 2 - Atom - Planet Challenge Mission - Hard Score\" width=\"500\" height=\"281\" src=\"https:\/\/www.youtube.com\/embed\/_wVZCGfDr3w?feature=oembed\" frameborder=\"0\" allow=\"accelerometer; autoplay; clipboard-write; encrypted-media; gyroscope; picture-in-picture; web-share\" referrerpolicy=\"strict-origin-when-cross-origin\" allowfullscreen><\/iframe><\/div>\n<\/div><\/figure>","protected":false},"excerpt":{"rendered":"<p>Challenge Mission 1: \u201cAtom\u201d The Atom planet challenge mission has your purple moon planet tasked with doing a little bit of quick puzzle based billiards solved using physics in Solar 2. What you will have to do here is knock 7 red planets out of a large circle drawn in space while keeping a single [&hellip;]<\/p>","protected":false},"author":1,"featured_media":12,"parent":78,"menu_order":0,"comment_status":"open","ping_status":"closed","template":"","meta":{"_uag_custom_page_level_css":"","site-sidebar-layout":"default","site-content-layout":"default","ast-site-content-layout":"","site-content-style":"default","site-sidebar-style":"default","ast-global-header-display":"","ast-banner-title-visibility":"","ast-main-header-display":"","ast-hfb-above-header-display":"","ast-hfb-below-header-display":"","ast-hfb-mobile-header-display":"","site-post-title":"","ast-breadcrumbs-content":"","ast-featured-img":"","footer-sml-layout":"","theme-transparent-header-meta":"default","adv-header-id-meta":"","stick-header-meta":"","header-above-stick-meta":"","header-main-stick-meta":"","header-below-stick-meta":"","astra-migrate-meta-layouts":"default","ast-page-background-enabled":"default","ast-page-background-meta":{"desktop":{"background-color":"","background-image":"","background-repeat":"repeat","background-position":"center center","background-size":"auto","background-attachment":"scroll","background-type":"","background-media":"","overlay-type":"","overlay-color":"","overlay-gradient":""},"tablet":{"background-color":"","background-image":"","background-repeat":"repeat","background-position":"center center","background-size":"auto","background-attachment":"scroll","background-type":"","background-media":"","overlay-type":"","overlay-color":"","overlay-gradient":""},"mobile":{"background-color":"","background-image":"","background-repeat":"repeat","background-position":"center center","background-size":"auto","background-attachment":"scroll","background-type":"","background-media":"","overlay-type":"","overlay-color":"","overlay-gradient":""}},"ast-content-background-meta":{"desktop":{"background-color":"var(--ast-global-color-5)","background-image":"","background-repeat":"repeat","background-position":"center center","background-size":"auto","background-attachment":"scroll","background-type":"","background-media":"","overlay-type":"","overlay-color":"","overlay-gradient":""},"tablet":{"background-color":"var(--ast-global-color-5)","background-image":"","background-repeat":"repeat","background-position":"center center","background-size":"auto","background-attachment":"scroll","background-type":"","background-media":"","overlay-type":"","overlay-color":"","overlay-gradient":""},"mobile":{"background-color":"var(--ast-global-color-5)","background-image":"","background-repeat":"repeat","background-position":"center center","background-size":"auto","background-attachment":"scroll","background-type":"","background-media":"","overlay-type":"","overlay-color":"","overlay-gradient":""}},"footnotes":""},"uagb_featured_image_src":{"full":["https:\/\/solar2.standardof.net\/wp-content\/uploads\/sites\/2\/2020\/10\/Solar-2-Header-Background-1.jpeg",1680,1050,false],"thumbnail":["https:\/\/solar2.standardof.net\/wp-content\/uploads\/sites\/2\/2020\/10\/Solar-2-Header-Background-1-150x150.jpeg",150,150,true],"medium":["https:\/\/solar2.standardof.net\/wp-content\/uploads\/sites\/2\/2020\/10\/Solar-2-Header-Background-1-300x188.jpeg",300,188,true],"medium_large":["https:\/\/solar2.standardof.net\/wp-content\/uploads\/sites\/2\/2020\/10\/Solar-2-Header-Background-1.jpeg",768,480,false],"large":["https:\/\/solar2.standardof.net\/wp-content\/uploads\/sites\/2\/2020\/10\/Solar-2-Header-Background-1-1024x640.jpeg",1024,640,true],"1536x1536":["https:\/\/solar2.standardof.net\/wp-content\/uploads\/sites\/2\/2020\/10\/Solar-2-Header-Background-1.jpeg",1536,960,false],"2048x2048":["https:\/\/solar2.standardof.net\/wp-content\/uploads\/sites\/2\/2020\/10\/Solar-2-Header-Background-1.jpeg",1680,1050,false],"trp-custom-language-flag":["https:\/\/solar2.standardof.net\/wp-content\/uploads\/sites\/2\/2020\/10\/Solar-2-Header-Background-1-16x10.jpeg",16,10,true]},"uagb_author_info":{"display_name":"SOE","author_link":"https:\/\/solar2.standardof.net\/pt\/author\/k-tastic\/"},"uagb_comment_info":0,"uagb_excerpt":"Challenge Mission 1: \u201cAtom\u201d The Atom planet challenge mission has your purple moon planet tasked with doing a little bit of quick puzzle based billiards solved using physics in Solar 2. What you will have to do here is knock 7 red planets out of a large circle drawn in space while keeping a single&hellip;","_links":{"self":[{"href":"https:\/\/solar2.standardof.net\/pt\/wp-json\/wp\/v2\/pages\/110"}],"collection":[{"href":"https:\/\/solar2.standardof.net\/pt\/wp-json\/wp\/v2\/pages"}],"about":[{"href":"https:\/\/solar2.standardof.net\/pt\/wp-json\/wp\/v2\/types\/page"}],"author":[{"embeddable":true,"href":"https:\/\/solar2.standardof.net\/pt\/wp-json\/wp\/v2\/users\/1"}],"replies":[{"embeddable":true,"href":"https:\/\/solar2.standardof.net\/pt\/wp-json\/wp\/v2\/comments?post=110"}],"version-history":[{"count":0,"href":"https:\/\/solar2.standardof.net\/pt\/wp-json\/wp\/v2\/pages\/110\/revisions"}],"up":[{"embeddable":true,"href":"https:\/\/solar2.standardof.net\/pt\/wp-json\/wp\/v2\/pages\/78"}],"wp:featuredmedia":[{"embeddable":true,"href":"https:\/\/solar2.standardof.net\/pt\/wp-json\/wp\/v2\/media\/12"}],"wp:attachment":[{"href":"https:\/\/solar2.standardof.net\/pt\/wp-json\/wp\/v2\/media?parent=110"}],"curies":[{"name":"wp","href":"https:\/\/api.w.org\/{rel}","templated":true}]}}