{"id":111,"date":"2020-10-14T00:56:45","date_gmt":"2020-10-14T00:56:45","guid":{"rendered":"https:\/\/solar2.standardof.net\/?page_id=111"},"modified":"2020-10-15T14:35:38","modified_gmt":"2020-10-15T14:35:38","slug":"challenge-mission-2-concert-encore","status":"publish","type":"page","link":"https:\/\/solar2.standardof.net\/pt\/solar-2-guide\/estagio-do-planeta-2\/desafio-missao-2-concerto-encore-2\/","title":{"rendered":"Miss\u00e3o 2 do Planet Stage Challenge: &#039;Concert Encore&#039;"},"content":{"rendered":"<h2 class=\"wp-block-heading\">Miss\u00e3o de desafio 2: &#039;Concert Encore&#039;<\/h2>\n\n\n\n<p>A miss\u00e3o de desafio de planeta Concert Encore d\u00e1 uma segunda passagem na miss\u00e3o de hist\u00f3ria de planeta Concert, butt muda as coisas para apresentar a voc\u00ea uma nova pista de obst\u00e1culos para sobreviver enquanto uma nova vers\u00e3o atualizada da m\u00fasica de fundo doente \u00e9 reproduzida. O concerto inteiro dura 2 minutos juntos, e voc\u00ea ser\u00e1 julgado com base em quantos obst\u00e1culos voadores voc\u00ea pode evitar.<\/p>\n\n\n\n<p>Pontua\u00e7\u00e3o f\u00e1cil: 100 ou menos acertos obtidos.<br>Pontua\u00e7\u00e3o m\u00e9dia: 50 ou menos acertos obtidos.<br>Pontua\u00e7\u00e3o dif\u00edcil: 20 ou menos acertos realizados.<\/p>\n\n\n\n<p>O Concert Encore segue uma progress\u00e3o semelhante \u00e0 do Concert, por\u00e9m confunde a maneira como os objetos voam pela tela. Ao contr\u00e1rio de vir de frente em 100% do tempo, os objetos voando em voc\u00ea vir\u00e3o de todas as dire\u00e7\u00f5es, mas ainda em dire\u00e7\u00e3o ao ponto no espa\u00e7o que voc\u00ea habita atualmente. Isso faz com que voc\u00ea tenha que se mover constantemente para sobreviver. Al\u00e9m disso, como voc\u00ea \u00e9 julgado com base nos acertos em vez de apenas sobreviver, recuperar massa \u00e9 menos \u00fatil. Obst\u00e1culos come\u00e7am como aster\u00f3ides voadores, depois planetas e finalmente estrelas antes de voc\u00ea come\u00e7ar a enfrentar uma mistura dos tr\u00eas. Uma vez que todos os 3 tipos de objetos s\u00e3o arremessados em voc\u00ea ao mesmo tempo, voc\u00ea est\u00e1 quase na linha de chegada.<\/p>\n\n\n\n<p>Nota: As estrelas ir\u00e3o elimin\u00e1-lo com um \u00fanico acerto, ent\u00e3o mesmo que voc\u00ea possa ter menos de 20 acertos, a oblitera\u00e7\u00e3o subsequente far\u00e1 com que voc\u00ea falhe no Concert Encore.<\/p>\n\n\n\n<figure class=\"wp-block-gallery columns-2 is-cropped wp-block-gallery-1 is-layout-flex wp-block-gallery-is-layout-flex\"><ul class=\"blocks-gallery-grid\"><li class=\"blocks-gallery-item\"><figure><img decoding=\"async\" width=\"1024\" height=\"576\" src=\"https:\/\/solar2.standardof.net\/wp-content\/uploads\/sites\/2\/2020\/10\/Solar-2-Planet-Stage-Challenge-Mission-2-Concert-Encore-1-1024x576.jpg\" alt=\"Miss\u00e3o 2 do Planet Stage Challenge: &#039;Concerto Encore&#039; - Solar 2\" data-id=\"116\" data-full-url=\"https:\/\/solar2.standardof.net\/wp-content\/uploads\/sites\/2\/2020\/10\/Solar-2-Planet-Stage-Challenge-Mission-2-Concert-Encore-1.jpg\" data-link=\"https:\/\/solar2.standardof.net\/?attachment_id=116\" class=\"wp-image-116\" srcset=\"https:\/\/solar2.standardof.net\/wp-content\/uploads\/sites\/2\/2020\/10\/Solar-2-Planet-Stage-Challenge-Mission-2-Concert-Encore-1-1024x576.jpg 1024w, https:\/\/solar2.standardof.net\/wp-content\/uploads\/sites\/2\/2020\/10\/Solar-2-Planet-Stage-Challenge-Mission-2-Concert-Encore-1-300x169.jpg 300w, https:\/\/solar2.standardof.net\/wp-content\/uploads\/sites\/2\/2020\/10\/Solar-2-Planet-Stage-Challenge-Mission-2-Concert-Encore-1-16x9.jpg 16w, https:\/\/solar2.standardof.net\/wp-content\/uploads\/sites\/2\/2020\/10\/Solar-2-Planet-Stage-Challenge-Mission-2-Concert-Encore-1.jpg 1920w\" sizes=\"(max-width: 1024px) 100vw, 1024px\" \/><figcaption class=\"blocks-gallery-item__caption\">Come\u00e7ando no Concert Encore apenas enfrentando alguns aster\u00f3ides.<\/figcaption><\/figure><\/li><li class=\"blocks-gallery-item\"><figure><img decoding=\"async\" width=\"1024\" height=\"576\" src=\"https:\/\/solar2.standardof.net\/wp-content\/uploads\/sites\/2\/2020\/10\/Solar-2-Planet-Stage-Challenge-Mission-2-Concert-Encore-2-1024x576.jpg\" alt=\"Miss\u00e3o 2 do Planet Stage Challenge: &#039;Concerto Encore&#039; - Solar 2\" data-id=\"117\" data-full-url=\"https:\/\/solar2.standardof.net\/wp-content\/uploads\/sites\/2\/2020\/10\/Solar-2-Planet-Stage-Challenge-Mission-2-Concert-Encore-2.jpg\" data-link=\"https:\/\/solar2.standardof.net\/?attachment_id=117\" class=\"wp-image-117\" srcset=\"https:\/\/solar2.standardof.net\/wp-content\/uploads\/sites\/2\/2020\/10\/Solar-2-Planet-Stage-Challenge-Mission-2-Concert-Encore-2-1024x576.jpg 1024w, https:\/\/solar2.standardof.net\/wp-content\/uploads\/sites\/2\/2020\/10\/Solar-2-Planet-Stage-Challenge-Mission-2-Concert-Encore-2-300x169.jpg 300w, https:\/\/solar2.standardof.net\/wp-content\/uploads\/sites\/2\/2020\/10\/Solar-2-Planet-Stage-Challenge-Mission-2-Concert-Encore-2-16x9.jpg 16w, https:\/\/solar2.standardof.net\/wp-content\/uploads\/sites\/2\/2020\/10\/Solar-2-Planet-Stage-Challenge-Mission-2-Concert-Encore-2.jpg 1920w\" sizes=\"(max-width: 1024px) 100vw, 1024px\" \/><figcaption class=\"blocks-gallery-item__caption\">Os momentos finais do encore, enfrentando aster\u00f3ides, planetas e estrelas ao mesmo tempo ... oh meu!<\/figcaption><\/figure><\/li><\/ul><\/figure>\n\n\n\n<hr class=\"wp-block-separator\"\/>\n\n\n\n<h3 class=\"has-text-align-center wp-block-heading\">Miss\u00e3o do desafio 2: Guia de v\u00eddeo do &#039;Concert Encore&#039;<\/h3>\n\n\n\n<figure class=\"wp-block-embed-youtube wp-block-embed is-type-video is-provider-youtube wp-embed-aspect-16-9 wp-has-aspect-ratio\"><div class=\"wp-block-embed__wrapper\">\n<div class=\"ast-oembed-container\" style=\"height: 100%;\"><iframe title=\"Solar 2 - Concert Encore - Planet Challenge Mission - Hard Score\" width=\"500\" height=\"281\" src=\"https:\/\/www.youtube.com\/embed\/vuZFaog_cGU?feature=oembed\" frameborder=\"0\" allow=\"accelerometer; autoplay; clipboard-write; encrypted-media; gyroscope; picture-in-picture; web-share\" referrerpolicy=\"strict-origin-when-cross-origin\" allowfullscreen><\/iframe><\/div>\n<\/div><\/figure>","protected":false},"excerpt":{"rendered":"<p>Challenge Mission 2: &#8216;Concert Encore&#8217; The Concert Encore planet challenge mission takes a second pass at the planet story mission Concert, butt switches things up to present you with a new obstacle course to survive while a new upgraded version of the sick background song plays. The entire concert lasts 2 minutes all together, and [&hellip;]<\/p>","protected":false},"author":1,"featured_media":12,"parent":78,"menu_order":0,"comment_status":"open","ping_status":"closed","template":"","meta":{"_uag_custom_page_level_css":"","site-sidebar-layout":"default","site-content-layout":"default","ast-site-content-layout":"","site-content-style":"default","site-sidebar-style":"default","ast-global-header-display":"","ast-banner-title-visibility":"","ast-main-header-display":"","ast-hfb-above-header-display":"","ast-hfb-below-header-display":"","ast-hfb-mobile-header-display":"","site-post-title":"","ast-breadcrumbs-content":"","ast-featured-img":"","footer-sml-layout":"","theme-transparent-header-meta":"default","adv-header-id-meta":"","stick-header-meta":"","header-above-stick-meta":"","header-main-stick-meta":"","header-below-stick-meta":"","astra-migrate-meta-layouts":"default","ast-page-background-enabled":"default","ast-page-background-meta":{"desktop":{"background-color":"","background-image":"","background-repeat":"repeat","background-position":"center center","background-size":"auto","background-attachment":"scroll","background-type":"","background-media":"","overlay-type":"","overlay-color":"","overlay-gradient":""},"tablet":{"background-color":"","background-image":"","background-repeat":"repeat","background-position":"center center","background-size":"auto","background-attachment":"scroll","background-type":"","background-media":"","overlay-type":"","overlay-color":"","overlay-gradient":""},"mobile":{"background-color":"","background-image":"","background-repeat":"repeat","background-position":"center center","background-size":"auto","background-attachment":"scroll","background-type":"","background-media":"","overlay-type":"","overlay-color":"","overlay-gradient":""}},"ast-content-background-meta":{"desktop":{"background-color":"var(--ast-global-color-5)","background-image":"","background-repeat":"repeat","background-position":"center center","background-size":"auto","background-attachment":"scroll","background-type":"","background-media":"","overlay-type":"","overlay-color":"","overlay-gradient":""},"tablet":{"background-color":"var(--ast-global-color-5)","background-image":"","background-repeat":"repeat","background-position":"center center","background-size":"auto","background-attachment":"scroll","background-type":"","background-media":"","overlay-type":"","overlay-color":"","overlay-gradient":""},"mobile":{"background-color":"var(--ast-global-color-5)","background-image":"","background-repeat":"repeat","background-position":"center center","background-size":"auto","background-attachment":"scroll","background-type":"","background-media":"","overlay-type":"","overlay-color":"","overlay-gradient":""}},"footnotes":""},"uagb_featured_image_src":{"full":["https:\/\/solar2.standardof.net\/wp-content\/uploads\/sites\/2\/2020\/10\/Solar-2-Header-Background-1.jpeg",1680,1050,false],"thumbnail":["https:\/\/solar2.standardof.net\/wp-content\/uploads\/sites\/2\/2020\/10\/Solar-2-Header-Background-1-150x150.jpeg",150,150,true],"medium":["https:\/\/solar2.standardof.net\/wp-content\/uploads\/sites\/2\/2020\/10\/Solar-2-Header-Background-1-300x188.jpeg",300,188,true],"medium_large":["https:\/\/solar2.standardof.net\/wp-content\/uploads\/sites\/2\/2020\/10\/Solar-2-Header-Background-1.jpeg",768,480,false],"large":["https:\/\/solar2.standardof.net\/wp-content\/uploads\/sites\/2\/2020\/10\/Solar-2-Header-Background-1-1024x640.jpeg",1024,640,true],"1536x1536":["https:\/\/solar2.standardof.net\/wp-content\/uploads\/sites\/2\/2020\/10\/Solar-2-Header-Background-1.jpeg",1536,960,false],"2048x2048":["https:\/\/solar2.standardof.net\/wp-content\/uploads\/sites\/2\/2020\/10\/Solar-2-Header-Background-1.jpeg",1680,1050,false],"trp-custom-language-flag":["https:\/\/solar2.standardof.net\/wp-content\/uploads\/sites\/2\/2020\/10\/Solar-2-Header-Background-1-16x10.jpeg",16,10,true]},"uagb_author_info":{"display_name":"SOE","author_link":"https:\/\/solar2.standardof.net\/pt\/author\/k-tastic\/"},"uagb_comment_info":0,"uagb_excerpt":"Challenge Mission 2: &#8216;Concert Encore&#8217; The Concert Encore planet challenge mission takes a second pass at the planet story mission Concert, butt switches things up to present you with a new obstacle course to survive while a new upgraded version of the sick background song plays. The entire concert lasts 2 minutes all together, and&hellip;","_links":{"self":[{"href":"https:\/\/solar2.standardof.net\/pt\/wp-json\/wp\/v2\/pages\/111"}],"collection":[{"href":"https:\/\/solar2.standardof.net\/pt\/wp-json\/wp\/v2\/pages"}],"about":[{"href":"https:\/\/solar2.standardof.net\/pt\/wp-json\/wp\/v2\/types\/page"}],"author":[{"embeddable":true,"href":"https:\/\/solar2.standardof.net\/pt\/wp-json\/wp\/v2\/users\/1"}],"replies":[{"embeddable":true,"href":"https:\/\/solar2.standardof.net\/pt\/wp-json\/wp\/v2\/comments?post=111"}],"version-history":[{"count":0,"href":"https:\/\/solar2.standardof.net\/pt\/wp-json\/wp\/v2\/pages\/111\/revisions"}],"up":[{"embeddable":true,"href":"https:\/\/solar2.standardof.net\/pt\/wp-json\/wp\/v2\/pages\/78"}],"wp:featuredmedia":[{"embeddable":true,"href":"https:\/\/solar2.standardof.net\/pt\/wp-json\/wp\/v2\/media\/12"}],"wp:attachment":[{"href":"https:\/\/solar2.standardof.net\/pt\/wp-json\/wp\/v2\/media?parent=111"}],"curies":[{"name":"wp","href":"https:\/\/api.w.org\/{rel}","templated":true}]}}