{"id":112,"date":"2020-10-14T00:59:16","date_gmt":"2020-10-14T00:59:16","guid":{"rendered":"https:\/\/solar2.standardof.net\/?page_id=112"},"modified":"2020-10-15T14:35:46","modified_gmt":"2020-10-15T14:35:46","slug":"challenge-mission-3-planet-survival","status":"publish","type":"page","link":"https:\/\/solar2.standardof.net\/pt\/solar-2-guide\/estagio-do-planeta-2\/desafio-missao-3-planeta-sobrevivencia\/","title":{"rendered":"Miss\u00e3o 3 do Planet Stage Challenge: &#039;Planet Survival&#039;"},"content":{"rendered":"<h2 class=\"wp-block-heading\">Miss\u00e3o de desafio 3: &#039;Sobreviv\u00eancia no planeta&#039;<\/h2>\n\n\n\n<p>A miss\u00e3o de desafio Planet Survival em Solar 2 tem a tarefa de combater e destruir tantas naves n\u00f4mades quanto poss\u00edvel dentro de um limite de tempo de 60 segundos, enquanto tamb\u00e9m tem que sobreviver ao ataque em si. Nesta miss\u00e3o, voc\u00ea receber\u00e1 um Planeta da Vida evolu\u00eddo com 90 op\u00e7\u00f5es de massa e f\u00edsica definidas para permitir um grande n\u00famero de torres de planetas e naves de combate de apoio.<\/p>\n\n\n\n<p>Pontua\u00e7\u00e3o f\u00e1cil: 20 mortes<br>Pontua\u00e7\u00e3o m\u00e9dia: 40 mortes<br>Pontua\u00e7\u00e3o dif\u00edcil: 60 mortes<\/p>\n\n\n\n<p>O truque para obter a pontua\u00e7\u00e3o mais alta em Planet Survival \u00e9 envolver diretamente seu planeta e suas torres no combate nave contra nave, em vez de permitir que suas naves espaciais combatam os n\u00f4mades por conta pr\u00f3pria. Suas naves devem servir ao objetivo principal de distrair o fogo de seu planeta enquanto voc\u00ea circunda as bordas da luta atingindo os n\u00f4mades com seus lasers. Al\u00e9m disso, \u00e9 melhor encontrar grupos de naves inimigas que voc\u00ea pode destruir arando-as fisicamente com seu planeta, que \u00e9 outro m\u00e9todo altamente eficaz de acumular sua contagem de mortes. O \u00fanico perigo com o qual voc\u00ea deve estar atento s\u00e3o os grupos de barcos com m\u00edsseis, colidindo ou chegando perto apenas quando obviamente preocupados, pois seus foguetes em massa podem rapidamente tirar seus escudos e sua vida.<\/p>\n\n\n\n<figure class=\"wp-block-gallery columns-2 is-cropped wp-block-gallery-1 is-layout-flex wp-block-gallery-is-layout-flex\"><ul class=\"blocks-gallery-grid\"><li class=\"blocks-gallery-item\"><figure><img decoding=\"async\" width=\"1024\" height=\"576\" src=\"https:\/\/solar2.standardof.net\/wp-content\/uploads\/sites\/2\/2020\/10\/Solar-2-Planet-Stage-Challenge-Mission-3-Planet-Survival-1-1024x576.jpg\" alt=\"Miss\u00e3o 3 do Planet Stage Challenge: &#039;Planet Survival&#039; - Solar 2\" data-id=\"119\" data-full-url=\"https:\/\/solar2.standardof.net\/wp-content\/uploads\/sites\/2\/2020\/10\/Solar-2-Planet-Stage-Challenge-Mission-3-Planet-Survival-1.jpg\" data-link=\"https:\/\/solar2.standardof.net\/?attachment_id=119\" class=\"wp-image-119\" srcset=\"https:\/\/solar2.standardof.net\/wp-content\/uploads\/sites\/2\/2020\/10\/Solar-2-Planet-Stage-Challenge-Mission-3-Planet-Survival-1.jpg 1024w, https:\/\/solar2.standardof.net\/wp-content\/uploads\/sites\/2\/2020\/10\/Solar-2-Planet-Stage-Challenge-Mission-3-Planet-Survival-1-300x169.jpg 300w, https:\/\/solar2.standardof.net\/wp-content\/uploads\/sites\/2\/2020\/10\/Solar-2-Planet-Stage-Challenge-Mission-3-Planet-Survival-1-16x9.jpg 16w\" sizes=\"(max-width: 1024px) 100vw, 1024px\" \/><figcaption class=\"blocks-gallery-item__caption\">Come\u00e7ando em Planet Survival com um Life Planet supercarregado.<\/figcaption><\/figure><\/li><li class=\"blocks-gallery-item\"><figure><img decoding=\"async\" width=\"1024\" height=\"576\" src=\"https:\/\/solar2.standardof.net\/wp-content\/uploads\/sites\/2\/2020\/10\/Solar-2-Planet-Stage-Challenge-Mission-3-Planet-Survival-2-1024x576.jpg\" alt=\"Miss\u00e3o 3 do Planet Stage Challenge: &#039;Planet Survival&#039; - Solar 2\" data-id=\"120\" data-full-url=\"https:\/\/solar2.standardof.net\/wp-content\/uploads\/sites\/2\/2020\/10\/Solar-2-Planet-Stage-Challenge-Mission-3-Planet-Survival-2.jpg\" data-link=\"https:\/\/solar2.standardof.net\/?attachment_id=120\" class=\"wp-image-120\" srcset=\"https:\/\/solar2.standardof.net\/wp-content\/uploads\/sites\/2\/2020\/10\/Solar-2-Planet-Stage-Challenge-Mission-3-Planet-Survival-2-1024x576.jpg 1024w, https:\/\/solar2.standardof.net\/wp-content\/uploads\/sites\/2\/2020\/10\/Solar-2-Planet-Stage-Challenge-Mission-3-Planet-Survival-2-300x169.jpg 300w, https:\/\/solar2.standardof.net\/wp-content\/uploads\/sites\/2\/2020\/10\/Solar-2-Planet-Stage-Challenge-Mission-3-Planet-Survival-2-16x9.jpg 16w, https:\/\/solar2.standardof.net\/wp-content\/uploads\/sites\/2\/2020\/10\/Solar-2-Planet-Stage-Challenge-Mission-3-Planet-Survival-2.jpg 1920w\" sizes=\"(max-width: 1024px) 100vw, 1024px\" \/><figcaption class=\"blocks-gallery-item__caption\">Envolver o planeta diretamente no combate.<\/figcaption><\/figure><\/li><\/ul><\/figure>\n\n\n\n<hr class=\"wp-block-separator\"\/>\n\n\n\n<h3 class=\"has-text-align-center wp-block-heading\">Miss\u00e3o 3 do Desafio: Guia em V\u00eddeo de &#039;Sobreviv\u00eancia no Planeta&#039;<\/h3>\n\n\n\n<figure class=\"wp-block-embed-youtube wp-block-embed is-type-video is-provider-youtube wp-embed-aspect-16-9 wp-has-aspect-ratio\"><div class=\"wp-block-embed__wrapper\">\n<div class=\"ast-oembed-container\" style=\"height: 100%;\"><iframe title=\"Solar 2 - Planet Survival - Planet Challenge Mission - Hard Score\" width=\"500\" height=\"281\" src=\"https:\/\/www.youtube.com\/embed\/UftpoIvwLec?feature=oembed\" frameborder=\"0\" allow=\"accelerometer; autoplay; clipboard-write; encrypted-media; gyroscope; picture-in-picture; web-share\" referrerpolicy=\"strict-origin-when-cross-origin\" allowfullscreen><\/iframe><\/div>\n<\/div><\/figure>","protected":false},"excerpt":{"rendered":"<p>Challenge Mission 3: &#8216;Planet Survival&#8217; The Planet Survival challenge mission in Solar 2 has you tasked with combating and destroying as many nomad ships as you possibly can within a 60 second time limit, while also having to survive the onslaught itself. In this mission you will be given an evolved Life Planet with 90 [&hellip;]<\/p>","protected":false},"author":1,"featured_media":12,"parent":78,"menu_order":0,"comment_status":"open","ping_status":"closed","template":"","meta":{"_uag_custom_page_level_css":"","site-sidebar-layout":"default","site-content-layout":"default","ast-site-content-layout":"","site-content-style":"default","site-sidebar-style":"default","ast-global-header-display":"","ast-banner-title-visibility":"","ast-main-header-display":"","ast-hfb-above-header-display":"","ast-hfb-below-header-display":"","ast-hfb-mobile-header-display":"","site-post-title":"","ast-breadcrumbs-content":"","ast-featured-img":"","footer-sml-layout":"","theme-transparent-header-meta":"default","adv-header-id-meta":"","stick-header-meta":"","header-above-stick-meta":"","header-main-stick-meta":"","header-below-stick-meta":"","astra-migrate-meta-layouts":"default","ast-page-background-enabled":"default","ast-page-background-meta":{"desktop":{"background-color":"","background-image":"","background-repeat":"repeat","background-position":"center center","background-size":"auto","background-attachment":"scroll","background-type":"","background-media":"","overlay-type":"","overlay-color":"","overlay-gradient":""},"tablet":{"background-color":"","background-image":"","background-repeat":"repeat","background-position":"center center","background-size":"auto","background-attachment":"scroll","background-type":"","background-media":"","overlay-type":"","overlay-color":"","overlay-gradient":""},"mobile":{"background-color":"","background-image":"","background-repeat":"repeat","background-position":"center center","background-size":"auto","background-attachment":"scroll","background-type":"","background-media":"","overlay-type":"","overlay-color":"","overlay-gradient":""}},"ast-content-background-meta":{"desktop":{"background-color":"var(--ast-global-color-5)","background-image":"","background-repeat":"repeat","background-position":"center center","background-size":"auto","background-attachment":"scroll","background-type":"","background-media":"","overlay-type":"","overlay-color":"","overlay-gradient":""},"tablet":{"background-color":"var(--ast-global-color-5)","background-image":"","background-repeat":"repeat","background-position":"center center","background-size":"auto","background-attachment":"scroll","background-type":"","background-media":"","overlay-type":"","overlay-color":"","overlay-gradient":""},"mobile":{"background-color":"var(--ast-global-color-5)","background-image":"","background-repeat":"repeat","background-position":"center center","background-size":"auto","background-attachment":"scroll","background-type":"","background-media":"","overlay-type":"","overlay-color":"","overlay-gradient":""}},"footnotes":""},"uagb_featured_image_src":{"full":["https:\/\/solar2.standardof.net\/wp-content\/uploads\/sites\/2\/2020\/10\/Solar-2-Header-Background-1.jpeg",1680,1050,false],"thumbnail":["https:\/\/solar2.standardof.net\/wp-content\/uploads\/sites\/2\/2020\/10\/Solar-2-Header-Background-1-150x150.jpeg",150,150,true],"medium":["https:\/\/solar2.standardof.net\/wp-content\/uploads\/sites\/2\/2020\/10\/Solar-2-Header-Background-1-300x188.jpeg",300,188,true],"medium_large":["https:\/\/solar2.standardof.net\/wp-content\/uploads\/sites\/2\/2020\/10\/Solar-2-Header-Background-1.jpeg",768,480,false],"large":["https:\/\/solar2.standardof.net\/wp-content\/uploads\/sites\/2\/2020\/10\/Solar-2-Header-Background-1-1024x640.jpeg",1024,640,true],"1536x1536":["https:\/\/solar2.standardof.net\/wp-content\/uploads\/sites\/2\/2020\/10\/Solar-2-Header-Background-1.jpeg",1536,960,false],"2048x2048":["https:\/\/solar2.standardof.net\/wp-content\/uploads\/sites\/2\/2020\/10\/Solar-2-Header-Background-1.jpeg",1680,1050,false],"trp-custom-language-flag":["https:\/\/solar2.standardof.net\/wp-content\/uploads\/sites\/2\/2020\/10\/Solar-2-Header-Background-1-16x10.jpeg",16,10,true]},"uagb_author_info":{"display_name":"SOE","author_link":"https:\/\/solar2.standardof.net\/pt\/author\/k-tastic\/"},"uagb_comment_info":0,"uagb_excerpt":"Challenge Mission 3: &#8216;Planet Survival&#8217; The Planet Survival challenge mission in Solar 2 has you tasked with combating and destroying as many nomad ships as you possibly can within a 60 second time limit, while also having to survive the onslaught itself. In this mission you will be given an evolved Life Planet with 90&hellip;","_links":{"self":[{"href":"https:\/\/solar2.standardof.net\/pt\/wp-json\/wp\/v2\/pages\/112"}],"collection":[{"href":"https:\/\/solar2.standardof.net\/pt\/wp-json\/wp\/v2\/pages"}],"about":[{"href":"https:\/\/solar2.standardof.net\/pt\/wp-json\/wp\/v2\/types\/page"}],"author":[{"embeddable":true,"href":"https:\/\/solar2.standardof.net\/pt\/wp-json\/wp\/v2\/users\/1"}],"replies":[{"embeddable":true,"href":"https:\/\/solar2.standardof.net\/pt\/wp-json\/wp\/v2\/comments?post=112"}],"version-history":[{"count":0,"href":"https:\/\/solar2.standardof.net\/pt\/wp-json\/wp\/v2\/pages\/112\/revisions"}],"up":[{"embeddable":true,"href":"https:\/\/solar2.standardof.net\/pt\/wp-json\/wp\/v2\/pages\/78"}],"wp:featuredmedia":[{"embeddable":true,"href":"https:\/\/solar2.standardof.net\/pt\/wp-json\/wp\/v2\/media\/12"}],"wp:attachment":[{"href":"https:\/\/solar2.standardof.net\/pt\/wp-json\/wp\/v2\/media?parent=112"}],"curies":[{"name":"wp","href":"https:\/\/api.w.org\/{rel}","templated":true}]}}