{"id":124,"date":"2020-10-14T01:15:03","date_gmt":"2020-10-14T01:15:03","guid":{"rendered":"https:\/\/solar2.standardof.net\/?page_id=124"},"modified":"2020-10-15T14:35:52","modified_gmt":"2020-10-15T14:35:52","slug":"star-solar-system-stage","status":"publish","type":"page","link":"https:\/\/solar2.standardof.net\/pt\/solar-2-guide\/estrela-sistema-solar-estagio-2\/","title":{"rendered":"Est\u00e1gio Estrela e Sistema Solar"},"content":{"rendered":"<h2 class=\"wp-block-heading\">Est\u00e1gio do sistema solar e estrela: \u00edndice do guia<\/h2>\n\n\n\n<p>Este guia continua o passo a passo do jogo <em>Solar 2<\/em>, cobrindo as v\u00e1rias miss\u00f5es, conquistas e dicas de progress\u00e3o relevantes para os v\u00e1rios est\u00e1gios Star do jogo. O Est\u00e1gio Estrela abrange v\u00e1rios subest\u00e1gios, nomeadamente Estrela Pequena, Estrela M\u00e9dia, Estrela Grande, Estrela de N\u00eautrons e sistemas solares que podem ser compostos de uma ou mais estrelas junto com planetas em \u00f3rbita.<\/p>\n\n\n\n<ol><li><em><a href=\"https:\/\/solar2.standardof.net\/pt\/solar-2-guide\/estrela-sistema-solar-estagio-2\/#progression\" class=\"rank-math-link\">Progress\u00e3o de estrela para buraco negro <sup>(Abaixo)<\/sup><\/a><\/em><\/li><li><em><a href=\"https:\/\/solar2.standardof.net\/pt\/solar-2-guide\/estrela-sistema-solar-estagio-2\/#system-building\" class=\"rank-math-link\">Edif\u00edcio do sistema solar <sup>(Abaixo)<\/sup><br><sup>+ Conquista de supremacia e superlota\u00e7\u00e3o<\/sup><\/a><\/em><\/li><li><a class=\"rank-math-link\" href=\"https:\/\/solar2.standardof.net\/pt\/solar-2-guide\/estrela-sistema-solar-estagio-2\/conquista-de-traicao\/\">Conquista de Trai\u00e7\u00e3o<\/a><\/li><li><a class=\"rank-math-link\" href=\"https:\/\/solar2.standardof.net\/pt\/solar-2-guide\/estrela-sistema-solar-estagio-2\/irmaos-missoes\/\">Irm\u00e3os, Miss\u00f5es 1-3<\/a><\/li><li><a class=\"rank-math-link\" href=\"https:\/\/solar2.standardof.net\/pt\/solar-2-guide\/estrela-sistema-solar-estagio-2\/conquista-de-duelo-missoes-estrela-vagabundo\/\">Duelo de miss\u00f5es 1-3<br><sup>+ Hobo Star Achievement<\/sup><\/a><\/li><li><a class=\"rank-math-link\" href=\"https:\/\/solar2.standardof.net\/pt\/solar-2-guide\/estrela-sistema-solar-estagio-2\/heist-missions-and-the-get-lost-i-get-this-achievements-2\/\">Heist Missions 1-3<br><sup>+ Eu entendi e ganhei conquistas perdidas<\/sup><\/a><\/li><li><a class=\"rank-math-link\" href=\"https:\/\/solar2.standardof.net\/pt\/solar-2-guide\/estrela-sistema-solar-estagio-2\/invasor-missoes-2\/\">Miss\u00f5es de invasores 1-3<\/a><\/li><li><a class=\"rank-math-link\" href=\"https:\/\/solar2.standardof.net\/pt\/solar-2-guide\/estrela-sistema-solar-estagio-2\/chefe-final-2\/\">Chefe final<br><sup>+ A Conquista da Entidade<\/sup><\/a><\/li><li><a class=\"rank-math-link\" href=\"https:\/\/solar2.standardof.net\/pt\/solar-2-guide\/estrela-sistema-solar-estagio-2\/conquistas-de-elite-e-estrela-do-grind-2\/\">Conquistas de Elite e Grind Star<\/a><\/li><li>Miss\u00f5es do Star Challenge<ol><li><a class=\"rank-math-link\" href=\"https:\/\/solar2.standardof.net\/pt\/solar-2-guide\/estrela-sistema-solar-estagio-2\/esquiva\/\">Dark Dodger<\/a><\/li><li><a class=\"rank-math-link\" href=\"https:\/\/solar2.standardof.net\/pt\/solar-2-guide\/estrela-sistema-solar-estagio-2\/fuga-de-novo\/\">Fuga de novo<\/a><\/li><li><a class=\"rank-math-link\" href=\"https:\/\/solar2.standardof.net\/pt\/solar-2-guide\/estrela-sistema-solar-estagio-2\/guerra-de-bolas-de-neve-2\/\">Luta de bola de neve com a conquista estrela do floco de neve<\/a><\/li><\/ol><\/li><li>Miss\u00f5es de desafio multi-estrelas<ol><li><a class=\"rank-math-link\" href=\"https:\/\/solar2.standardof.net\/pt\/solar-2-guide\/estrela-sistema-solar-estagio-2\/duelo-do-caos\/\">Duelo do Caos<\/a><\/li><li><a class=\"rank-math-link\" href=\"https:\/\/solar2.standardof.net\/pt\/solar-2-guide\/estrela-sistema-solar-estagio-2\/ladrao-de-planetas-mestre-ladrao-conquista\/\">Ladr\u00e3o de planetas e o Mestre Ladr\u00e3o Conquista<\/a><\/li><\/ol><\/li><\/ol>\n\n\n\n<p>Se voc\u00ea estiver procurando guias adicionais para este videogame, poder\u00e1 encontrar links abaixo para os \u00edndices de outros est\u00e1gios, que cont\u00eam mais informa\u00e7\u00f5es e links para guias espec\u00edficos para esses est\u00e1gios de exist\u00eancia.<\/p>\n\n\n\n<ul><li><strong><a href=\"https:\/\/solar2.standardof.net\/pt\/solar-2-guide\/estagio-de-asteroide-2\/\" class=\"rank-math-link\">\u00cdndice de Est\u00e1gio de Aster\u00f3ide<\/a><\/strong><\/li><li><strong><a href=\"https:\/\/solar2.standardof.net\/pt\/solar-2-guide\/estagio-do-planeta-2\/\" class=\"rank-math-link\">\u00cdndice do est\u00e1gio do planeta pequeno e vivo<\/a><\/strong><\/li><li>\u00cdndice de Est\u00e1gio do Sistema Solar e Estelar &lt;- voc\u00ea est\u00e1 aqui<\/li><li><strong><a href=\"https:\/\/solar2.standardof.net\/pt\/solar-2-guide\/estagio-de-buraco-negro-2\/\" class=\"rank-math-link\">\u00cdndice do Guia de Palco Black Hole<\/a><\/strong><\/li><\/ul>\n\n\n\n<hr class=\"wp-block-separator\"\/>\n\n\n\n<h2 class=\"wp-block-heading\" id=\"progression\">Progress\u00e3o de pequena estrela para buraco negro<\/h2>\n\n\n\n<p>O conceito por tr\u00e1s de atingir o est\u00e1gio do Buraco Negro o mais r\u00e1pido poss\u00edvel, renunciando \u00e0s op\u00e7\u00f5es de construir um sistema multi-estrelas ou sistema solar de 10 planetas, \u00e9 consumir rapidamente o m\u00e1ximo de massa planet\u00e1ria poss\u00edvel. O m\u00e9todo por tr\u00e1s disso \u00e9 muito parecido com o est\u00e1gio do Planeta, com algumas diferen\u00e7as importantes.<\/p>\n\n\n\n<h3 class=\"wp-block-heading\">Ganhar massa como uma estrela<\/h3>\n\n\n\n<p>Em vez de agora capturar aster\u00f3ides para consumir em massa, voc\u00ea precisar\u00e1 capturar planetas. Embora mais esparsos, eles s\u00e3o mais f\u00e1ceis de capturar do que os aster\u00f3ides para os planetas. Isso se deve principalmente \u00e0s velocidades relativas mais lentas em compara\u00e7\u00e3o com a sua estrela e ao po\u00e7o gravitacional que voc\u00ea possui, o que pode ser usado para captur\u00e1-los com efic\u00e1cia.<\/p>\n\n\n\n<p>Os Planetas da Vida, \u00e9 claro, oferecem a maior massa ap\u00f3s o consumo, mas podem ser ben\u00e9ficos tamb\u00e9m protegendo sua estrela enquanto voc\u00ea cresce. Voc\u00ea precisar\u00e1 de pelo menos dois Planetas de Vida com pelo menos tr\u00eas torres em cada antes que o escudo se torne ativo sobre sua estrela.<\/p>\n\n\n\n<p>Finalmente, a \u00fanica observa\u00e7\u00e3o importante \u00e9 que manter seu sistema solar pequeno permitir\u00e1 que voc\u00ea encontre mais planetas flutuantes livres, pois o crescimento de um grande sistema solar far\u00e1 com que objetos maiores como o seu se reproduzam e menos objetos menores, como planetas solit\u00e1rios. Tamb\u00e9m certifique-se de n\u00e3o gerar uma segunda estrela consumindo muita massa de aster\u00f3ide em um de seus planetas, a menos que v\u00e1 para a conquista de trai\u00e7\u00e3o abaixo.<\/p>\n\n\n\n<hr class=\"wp-block-separator\"\/>\n\n\n\n<h2 class=\"wp-block-heading\" id=\"system-building\">Edif\u00edcio do sistema solar<\/h2>\n\n\n\n<p>Construindo um sistema solar em <em>Solar 2<\/em> segue conceitos semelhantes apresentados no guia que cobre a progress\u00e3o de Small Star para Black Hole. No entanto, em vez de simplesmente consumir planetas, agora voc\u00ea deseja elev\u00e1-los a planetas de vida totalmente experientes ou transform\u00e1-los em estrelas adicionais.<\/p>\n\n\n\n<h3 class=\"wp-block-heading\">Gerenciando os planetas em seu sistema solar<\/h3>\n\n\n\n<p>Como mencionado anteriormente, a captura de planetas \u00e9 muito parecida com a captura de aster\u00f3ides (verifique o guia do planeta para obter detalhes e diagramas), exigindo que voc\u00ea se mova para que sua velocidade relativa com o planeta seja 0. Ao contr\u00e1rio de aster\u00f3ides e planetas, no entanto, voc\u00ea pode capturar novos planetas fora de as primeiras 5 \u00f3rbitas soam at\u00e9 a d\u00e9cima mais externa conforme seu sistema cresce.<\/p>\n\n\n\n<p>Os planetas pequenos precisar\u00e3o ser substitu\u00eddos ou transformados em planetas de vida para come\u00e7ar a fornecer benef\u00edcios reais para o seu sistema solar. Para aumentar os planetas, voc\u00ea ter\u00e1 que manobrar seu sistema enquanto eles orbitam sua (s) estrela (s) para capturar aster\u00f3ides como voc\u00ea fez antes, embora agora com um padr\u00e3o de movimento ligeiramente diferente necess\u00e1rio. N\u00e3o se preocupe em tentar criar grandes escudos de aster\u00f3ides ao redor de seus planetas, pois, a menos que voc\u00ea tenha suas \u00f3rbitas rigidamente controladas, seus caminhos acabar\u00e3o por se cruzar, resultando em esmagar seus pr\u00f3prios planetas e aster\u00f3ides uns contra os outros.<\/p>\n\n\n\n<h3 class=\"wp-block-heading\">Conquista de superlota\u00e7\u00e3o<\/h3>\n\n\n\n<p>Em seu caminho para desenvolver seu sistema solar e enriquecer suas formas de vida com experi\u00eancia, voc\u00ea tamb\u00e9m estar\u00e1 trabalhando para a conquista da Superlota\u00e7\u00e3o, que exige que voc\u00ea ganhe o m\u00e1ximo de vida poss\u00edvel em um sistema solar. Isso significa pelo menos 2 estrelas e todos os 10 planetas com mais de 18 mortes de experi\u00eancia cada, ou visualmente, 4 torres em cada.<\/p>\n\n\n\n<p>Depois de conseguir fazer crescer 10 planetas com vida por consumir aster\u00f3ides, a melhor aposta para aumentar sua experi\u00eancia e desbloquear a superlota\u00e7\u00e3o ao mesmo tempo \u00e9 encontrar sistemas menores para mexer. Fique a uma dist\u00e2ncia decente para que sua espa\u00e7onave ataque a espa\u00e7onave hostil, mas n\u00e3o consiga alcan\u00e7ar os planetas inimigos para destru\u00ed-los completamente. Eventualmente, seus planetas ir\u00e3o acumular experi\u00eancia desta maneira e se voc\u00ea tiver alguns ficando para tr\u00e1s, voc\u00ea pode manobr\u00e1-los para que suas torres entrem em a\u00e7\u00e3o, garantindo que o planeta fa\u00e7a as mortes de que precisa.<\/p>\n\n\n\n<h3 class=\"wp-block-heading\">Conquista de \u201cSupremacia\u201d<\/h3>\n\n\n\n<p>Para a Supremacia, voc\u00ea precisar\u00e1 continuar o trabalho iniciado com Superlota\u00e7\u00e3o. No entanto, aqui podemos usar as op\u00e7\u00f5es de f\u00edsica (confirmadas, pois foi assim que desbloqueei minha conquista Supremacy) para aumentar as configura\u00e7\u00f5es de torres m\u00e1ximas e naves m\u00e1ximas que os planetas gerar\u00e3o enquanto tornam seu tempo de constru\u00e7\u00e3o instant\u00e2neo. Isso deve nos dar planetas com 14 torres cada e hordas de espa\u00e7onaves constantemente fluindo para fora. Encontre um sistema solar inimigo pr\u00f3ximo para cultivar como antes e em nenhum momento voc\u00ea ter\u00e1 acumulado 100 mortes em pelo menos um de seus planetas.<\/p>\n\n\n\n<figure class=\"wp-block-image size-large\"><img decoding=\"async\" width=\"1024\" height=\"576\" src=\"https:\/\/solar2.standardof.net\/wp-content\/uploads\/sites\/2\/2020\/10\/Solar-2-Star-System-Stage-Supremacy-Achievement-1024x576.jpg\" alt=\"Conquista de supremacia - Solar 2\" class=\"wp-image-125\" srcset=\"https:\/\/solar2.standardof.net\/wp-content\/uploads\/sites\/2\/2020\/10\/Solar-2-Star-System-Stage-Supremacy-Achievement-1024x576.jpg 1024w, https:\/\/solar2.standardof.net\/wp-content\/uploads\/sites\/2\/2020\/10\/Solar-2-Star-System-Stage-Supremacy-Achievement-300x169.jpg 300w, https:\/\/solar2.standardof.net\/wp-content\/uploads\/sites\/2\/2020\/10\/Solar-2-Star-System-Stage-Supremacy-Achievement-16x9.jpg 16w, https:\/\/solar2.standardof.net\/wp-content\/uploads\/sites\/2\/2020\/10\/Solar-2-Star-System-Stage-Supremacy-Achievement.jpg 1280w\" sizes=\"(max-width: 1024px) 100vw, 1024px\" \/><figcaption>Usando a op\u00e7\u00e3o de f\u00edsica para aumentar a vida e queimar o caminho para a Supremacia.<\/figcaption><\/figure>\n\n\n\n<hr class=\"wp-block-separator\"\/>\n\n\n\n<h4 class=\"has-text-align-center wp-block-heading\">Guia de v\u00eddeo de constru\u00e7\u00e3o do sistema solar<\/h4>\n\n\n\n<figure class=\"wp-block-embed-youtube wp-block-embed is-type-video is-provider-youtube wp-embed-aspect-16-9 wp-has-aspect-ratio\"><div class=\"wp-block-embed__wrapper\">\n<div class=\"ast-oembed-container\" style=\"height: 100%;\"><iframe title=\"Solar 2 - Passo a passo da progress\u00e3o do sistema solar de estrela pequena a estrela grande\" width=\"500\" height=\"281\" src=\"https:\/\/www.youtube.com\/embed\/Vg1lWKFeyAc?feature=oembed\" frameborder=\"0\" allow=\"accelerometer; autoplay; clipboard-write; encrypted-media; gyroscope; picture-in-picture; web-share\" referrerpolicy=\"strict-origin-when-cross-origin\" allowfullscreen><\/iframe><\/div>\n<\/div><\/figure>","protected":false},"excerpt":{"rendered":"<p>Star and Solar System Stage: Guide Index This guide continues the walkthrough of the game Solar 2, covering the various missions, achievements, and progression tips relevant to the various Star stages of the game. The Star Stage encompasses several sub-stages, namely Small Star, Medium Star, Large Star, Neutron Star, and solar systems which can be [&hellip;]<\/p>","protected":false},"author":1,"featured_media":12,"parent":11,"menu_order":0,"comment_status":"open","ping_status":"closed","template":"","meta":{"_uag_custom_page_level_css":"","site-sidebar-layout":"default","site-content-layout":"default","ast-site-content-layout":"","site-content-style":"default","site-sidebar-style":"default","ast-global-header-display":"","ast-banner-title-visibility":"","ast-main-header-display":"","ast-hfb-above-header-display":"","ast-hfb-below-header-display":"","ast-hfb-mobile-header-display":"","site-post-title":"","ast-breadcrumbs-content":"","ast-featured-img":"","footer-sml-layout":"","theme-transparent-header-meta":"default","adv-header-id-meta":"","stick-header-meta":"","header-above-stick-meta":"","header-main-stick-meta":"","header-below-stick-meta":"","astra-migrate-meta-layouts":"default","ast-page-background-enabled":"default","ast-page-background-meta":{"desktop":{"background-color":"","background-image":"","background-repeat":"repeat","background-position":"center center","background-size":"auto","background-attachment":"scroll","background-type":"","background-media":"","overlay-type":"","overlay-color":"","overlay-gradient":""},"tablet":{"background-color":"","background-image":"","background-repeat":"repeat","background-position":"center center","background-size":"auto","background-attachment":"scroll","background-type":"","background-media":"","overlay-type":"","overlay-color":"","overlay-gradient":""},"mobile":{"background-color":"","background-image":"","background-repeat":"repeat","background-position":"center center","background-size":"auto","background-attachment":"scroll","background-type":"","background-media":"","overlay-type":"","overlay-color":"","overlay-gradient":""}},"ast-content-background-meta":{"desktop":{"background-color":"var(--ast-global-color-5)","background-image":"","background-repeat":"repeat","background-position":"center center","background-size":"auto","background-attachment":"scroll","background-type":"","background-media":"","overlay-type":"","overlay-color":"","overlay-gradient":""},"tablet":{"background-color":"var(--ast-global-color-5)","background-image":"","background-repeat":"repeat","background-position":"center center","background-size":"auto","background-attachment":"scroll","background-type":"","background-media":"","overlay-type":"","overlay-color":"","overlay-gradient":""},"mobile":{"background-color":"var(--ast-global-color-5)","background-image":"","background-repeat":"repeat","background-position":"center center","background-size":"auto","background-attachment":"scroll","background-type":"","background-media":"","overlay-type":"","overlay-color":"","overlay-gradient":""}},"footnotes":""},"uagb_featured_image_src":{"full":["https:\/\/solar2.standardof.net\/wp-content\/uploads\/sites\/2\/2020\/10\/Solar-2-Header-Background-1.jpeg",1680,1050,false],"thumbnail":["https:\/\/solar2.standardof.net\/wp-content\/uploads\/sites\/2\/2020\/10\/Solar-2-Header-Background-1-150x150.jpeg",150,150,true],"medium":["https:\/\/solar2.standardof.net\/wp-content\/uploads\/sites\/2\/2020\/10\/Solar-2-Header-Background-1-300x188.jpeg",300,188,true],"medium_large":["https:\/\/solar2.standardof.net\/wp-content\/uploads\/sites\/2\/2020\/10\/Solar-2-Header-Background-1.jpeg",768,480,false],"large":["https:\/\/solar2.standardof.net\/wp-content\/uploads\/sites\/2\/2020\/10\/Solar-2-Header-Background-1-1024x640.jpeg",1024,640,true],"1536x1536":["https:\/\/solar2.standardof.net\/wp-content\/uploads\/sites\/2\/2020\/10\/Solar-2-Header-Background-1.jpeg",1536,960,false],"2048x2048":["https:\/\/solar2.standardof.net\/wp-content\/uploads\/sites\/2\/2020\/10\/Solar-2-Header-Background-1.jpeg",1680,1050,false],"trp-custom-language-flag":["https:\/\/solar2.standardof.net\/wp-content\/uploads\/sites\/2\/2020\/10\/Solar-2-Header-Background-1-16x10.jpeg",16,10,true]},"uagb_author_info":{"display_name":"SOE","author_link":"https:\/\/solar2.standardof.net\/pt\/author\/k-tastic\/"},"uagb_comment_info":0,"uagb_excerpt":"Star and Solar System Stage: Guide Index This guide continues the walkthrough of the game Solar 2, covering the various missions, achievements, and progression tips relevant to the various Star stages of the game. The Star Stage encompasses several sub-stages, namely Small Star, Medium Star, Large Star, Neutron Star, and solar systems which can be&hellip;","_links":{"self":[{"href":"https:\/\/solar2.standardof.net\/pt\/wp-json\/wp\/v2\/pages\/124"}],"collection":[{"href":"https:\/\/solar2.standardof.net\/pt\/wp-json\/wp\/v2\/pages"}],"about":[{"href":"https:\/\/solar2.standardof.net\/pt\/wp-json\/wp\/v2\/types\/page"}],"author":[{"embeddable":true,"href":"https:\/\/solar2.standardof.net\/pt\/wp-json\/wp\/v2\/users\/1"}],"replies":[{"embeddable":true,"href":"https:\/\/solar2.standardof.net\/pt\/wp-json\/wp\/v2\/comments?post=124"}],"version-history":[{"count":0,"href":"https:\/\/solar2.standardof.net\/pt\/wp-json\/wp\/v2\/pages\/124\/revisions"}],"up":[{"embeddable":true,"href":"https:\/\/solar2.standardof.net\/pt\/wp-json\/wp\/v2\/pages\/11"}],"wp:featuredmedia":[{"embeddable":true,"href":"https:\/\/solar2.standardof.net\/pt\/wp-json\/wp\/v2\/media\/12"}],"wp:attachment":[{"href":"https:\/\/solar2.standardof.net\/pt\/wp-json\/wp\/v2\/media?parent=124"}],"curies":[{"name":"wp","href":"https:\/\/api.w.org\/{rel}","templated":true}]}}