{"id":136,"date":"2020-10-14T01:25:27","date_gmt":"2020-10-14T01:25:27","guid":{"rendered":"https:\/\/solar2.standardof.net\/?page_id=136"},"modified":"2020-10-14T12:54:27","modified_gmt":"2020-10-14T12:54:27","slug":"brethren-missions","status":"publish","type":"page","link":"https:\/\/solar2.standardof.net\/pt\/solar-2-guide\/estrela-sistema-solar-estagio-2\/irmaos-missoes\/","title":{"rendered":"Irm\u00e3os Miss\u00f5es"},"content":{"rendered":"<h2 class=\"wp-block-heading\" id=\"47221687_title\">Irm\u00e3os, Miss\u00f5es 1-3<\/h2>\n\n\n\n<p>The Brethren s\u00e9rie de miss\u00f5es em <em>Solar 2<\/em> voc\u00ea trabalha como zelador do universo, cuidando de planetas que precisam de sua prote\u00e7\u00e3o para convert\u00ea-los \u00e0 sua maneira. Todas as tr\u00eas miss\u00f5es t\u00eam estrat\u00e9gias diferentes para usar, no entanto, ter sistema de estrela dupla ou tr\u00eas estrelas com o m\u00e1ximo de vida salva como um de seus sistemas de gera\u00e7\u00e3o ser\u00e1 \u00fatil.<\/p>\n\n\n\n<hr class=\"wp-block-separator\"\/>\n\n\n\n<h2 class=\"wp-block-heading\">Irm\u00e3os Miss\u00e3o 1<\/h2>\n\n\n\n<p>Para esta miss\u00e3o, voc\u00ea precisar\u00e1 proteger um planeta de destino que n\u00e3o tem vida nele. Para fazer isso, gere seu sistema de vida m\u00e1xima, consuma um dos planetas e pegue o planeta alvo, de prefer\u00eancia dentro de uma de suas \u00f3rbitas internas para mant\u00ea-lo protegido. Tudo que voc\u00ea precisa fazer \u00e9 mant\u00ea-lo vivo por 60 segundos enquanto aster\u00f3ides voam em voc\u00ea de todas as dire\u00e7\u00f5es. Com este m\u00e9todo, voc\u00ea pode praticamente ficar parado, manobrando ligeiramente para pegar alguns dos roids e ganhar massa no planeta de destino.<\/p>\n\n\n\n<figure class=\"wp-block-image size-large\"><img decoding=\"async\" width=\"1024\" height=\"576\" src=\"https:\/\/solar2.standardof.net\/wp-content\/uploads\/sites\/2\/2020\/10\/Solar-2-Star-System-Stage-Brethren-Mission-1-1024x576.jpg\" alt=\"Irm\u00e3os 1 - Solar 2\" class=\"wp-image-137\" srcset=\"https:\/\/solar2.standardof.net\/wp-content\/uploads\/sites\/2\/2020\/10\/Solar-2-Star-System-Stage-Brethren-Mission-1-1024x576.jpg 1024w, https:\/\/solar2.standardof.net\/wp-content\/uploads\/sites\/2\/2020\/10\/Solar-2-Star-System-Stage-Brethren-Mission-1-300x169.jpg 300w, https:\/\/solar2.standardof.net\/wp-content\/uploads\/sites\/2\/2020\/10\/Solar-2-Star-System-Stage-Brethren-Mission-1-16x9.jpg 16w, https:\/\/solar2.standardof.net\/wp-content\/uploads\/sites\/2\/2020\/10\/Solar-2-Star-System-Stage-Brethren-Mission-1.jpg 1280w\" sizes=\"(max-width: 1024px) 100vw, 1024px\" \/><figcaption>Protegendo o planeta vulner\u00e1vel em Irm\u00e3os 1 <\/figcaption><\/figure>\n\n\n\n<hr class=\"wp-block-separator\"\/>\n\n\n\n<h2 class=\"wp-block-heading\">Irm\u00e3os Miss\u00e3o 2<\/h2>\n\n\n\n<p>Para este n\u00edvel voc\u00ea precisa levar seu sistema solar e pelo menos 4 Planetas de Vida atrav\u00e9s de uma pista de obst\u00e1culos, alcan\u00e7ando o farol alvo sem colidir com nenhum objeto, al\u00e9m de espa\u00e7onaves ou seus lasers e m\u00edsseis. A melhor maneira de fazer isso \u00e9 demorar um pouco e viajar com 4 planetas apenas para evitar lidar com um ber\u00e7o mais largo, mais sujeito a colis\u00f5es. Completar este n\u00edvel com 10 planetas lhe dar\u00e1 um parab\u00e9ns especial.<\/p>\n\n\n\n<hr class=\"wp-block-separator\"\/>\n\n\n\n<h2 class=\"wp-block-heading\">Irm\u00e3os Miss\u00e3o 3<\/h2>\n\n\n\n<p>Finalmente, na terceira miss\u00e3o, \u00e9 hora de sacrificar seus seguidores aos deuses celestiais. Nesse caso, voc\u00ea precisar\u00e1 pegar seis de seus planetas em \u00f3rbita e jog\u00e1-los no buraco negro pr\u00f3ximo. Crie seu sistema de vida m\u00e1xima antes de iniciar esta miss\u00e3o e trabalhe seu caminho das \u00f3rbitas externas para dentro. Assim que voc\u00ea chegar \u00e0 \u00f3rbita 5-6, no entanto, a gravidade come\u00e7ar\u00e1 a colocar em perigo suas estrelas, ent\u00e3o \u00e9 uma boa ideia pegar alguns novos planetas depois de largar os primeiros 3-4.<\/p>\n\n\n\n<div class=\"wp-block-image\"><figure class=\"aligncenter size-large\"><img decoding=\"async\" width=\"1024\" height=\"576\" src=\"https:\/\/solar2.standardof.net\/wp-content\/uploads\/sites\/2\/2020\/10\/Solar-2-Star-System-Stage-Brethren-Mission-3-1024x576.jpg\" alt=\"Irm\u00e3os 3 - Solar 2\" class=\"wp-image-138\" srcset=\"https:\/\/solar2.standardof.net\/wp-content\/uploads\/sites\/2\/2020\/10\/Solar-2-Star-System-Stage-Brethren-Mission-3-1024x576.jpg 1024w, https:\/\/solar2.standardof.net\/wp-content\/uploads\/sites\/2\/2020\/10\/Solar-2-Star-System-Stage-Brethren-Mission-3-300x169.jpg 300w, https:\/\/solar2.standardof.net\/wp-content\/uploads\/sites\/2\/2020\/10\/Solar-2-Star-System-Stage-Brethren-Mission-3-16x9.jpg 16w, https:\/\/solar2.standardof.net\/wp-content\/uploads\/sites\/2\/2020\/10\/Solar-2-Star-System-Stage-Brethren-Mission-3.jpg 1280w\" sizes=\"(max-width: 1024px) 100vw, 1024px\" \/><figcaption>Sacrificando os seguidores em Irm\u00e3os 3.<\/figcaption><\/figure><\/div>\n\n\n\n<hr class=\"wp-block-separator\"\/>\n\n\n\n<h3 class=\"has-text-align-center wp-block-heading\">Brethren Levels Video Guide<\/h3>\n\n\n\n<figure class=\"wp-block-embed-youtube wp-block-embed is-type-video is-provider-youtube wp-embed-aspect-16-9 wp-has-aspect-ratio\"><div class=\"wp-block-embed__wrapper\">\n<div class=\"ast-oembed-container\" style=\"height: 100%;\"><iframe title=\"Solar 2 Star Solar System Missions - Brethren Levels - Guia passo a passo\" width=\"500\" height=\"281\" src=\"https:\/\/www.youtube.com\/embed\/HgQHg2ZAd3U?feature=oembed\" frameborder=\"0\" allow=\"accelerometer; autoplay; clipboard-write; encrypted-media; gyroscope; picture-in-picture; web-share\" referrerpolicy=\"strict-origin-when-cross-origin\" allowfullscreen><\/iframe><\/div>\n<\/div><\/figure>","protected":false},"excerpt":{"rendered":"<p>Brethren Missions 1-3 The Brethren series of missions in Solar 2 have you working as caretaker of the universe, looking after planets that need your protection in order to convert them to your way. All three missions have different strategies to use, however, having dual star or tri-star system with max life saved as one [&hellip;]<\/p>","protected":false},"author":1,"featured_media":12,"parent":124,"menu_order":0,"comment_status":"open","ping_status":"closed","template":"","meta":{"_uag_custom_page_level_css":"","site-sidebar-layout":"default","site-content-layout":"default","ast-site-content-layout":"","site-content-style":"default","site-sidebar-style":"default","ast-global-header-display":"","ast-banner-title-visibility":"","ast-main-header-display":"","ast-hfb-above-header-display":"","ast-hfb-below-header-display":"","ast-hfb-mobile-header-display":"","site-post-title":"","ast-breadcrumbs-content":"","ast-featured-img":"","footer-sml-layout":"","theme-transparent-header-meta":"default","adv-header-id-meta":"","stick-header-meta":"","header-above-stick-meta":"","header-main-stick-meta":"","header-below-stick-meta":"","astra-migrate-meta-layouts":"default","ast-page-background-enabled":"default","ast-page-background-meta":{"desktop":{"background-color":"","background-image":"","background-repeat":"repeat","background-position":"center center","background-size":"auto","background-attachment":"scroll","background-type":"","background-media":"","overlay-type":"","overlay-color":"","overlay-gradient":""},"tablet":{"background-color":"","background-image":"","background-repeat":"repeat","background-position":"center center","background-size":"auto","background-attachment":"scroll","background-type":"","background-media":"","overlay-type":"","overlay-color":"","overlay-gradient":""},"mobile":{"background-color":"","background-image":"","background-repeat":"repeat","background-position":"center center","background-size":"auto","background-attachment":"scroll","background-type":"","background-media":"","overlay-type":"","overlay-color":"","overlay-gradient":""}},"ast-content-background-meta":{"desktop":{"background-color":"var(--ast-global-color-5)","background-image":"","background-repeat":"repeat","background-position":"center center","background-size":"auto","background-attachment":"scroll","background-type":"","background-media":"","overlay-type":"","overlay-color":"","overlay-gradient":""},"tablet":{"background-color":"var(--ast-global-color-5)","background-image":"","background-repeat":"repeat","background-position":"center center","background-size":"auto","background-attachment":"scroll","background-type":"","background-media":"","overlay-type":"","overlay-color":"","overlay-gradient":""},"mobile":{"background-color":"var(--ast-global-color-5)","background-image":"","background-repeat":"repeat","background-position":"center center","background-size":"auto","background-attachment":"scroll","background-type":"","background-media":"","overlay-type":"","overlay-color":"","overlay-gradient":""}},"footnotes":""},"uagb_featured_image_src":{"full":["https:\/\/solar2.standardof.net\/wp-content\/uploads\/sites\/2\/2020\/10\/Solar-2-Header-Background-1.jpeg",1680,1050,false],"thumbnail":["https:\/\/solar2.standardof.net\/wp-content\/uploads\/sites\/2\/2020\/10\/Solar-2-Header-Background-1-150x150.jpeg",150,150,true],"medium":["https:\/\/solar2.standardof.net\/wp-content\/uploads\/sites\/2\/2020\/10\/Solar-2-Header-Background-1-300x188.jpeg",300,188,true],"medium_large":["https:\/\/solar2.standardof.net\/wp-content\/uploads\/sites\/2\/2020\/10\/Solar-2-Header-Background-1.jpeg",768,480,false],"large":["https:\/\/solar2.standardof.net\/wp-content\/uploads\/sites\/2\/2020\/10\/Solar-2-Header-Background-1-1024x640.jpeg",1024,640,true],"1536x1536":["https:\/\/solar2.standardof.net\/wp-content\/uploads\/sites\/2\/2020\/10\/Solar-2-Header-Background-1.jpeg",1536,960,false],"2048x2048":["https:\/\/solar2.standardof.net\/wp-content\/uploads\/sites\/2\/2020\/10\/Solar-2-Header-Background-1.jpeg",1680,1050,false],"trp-custom-language-flag":["https:\/\/solar2.standardof.net\/wp-content\/uploads\/sites\/2\/2020\/10\/Solar-2-Header-Background-1-16x10.jpeg",16,10,true]},"uagb_author_info":{"display_name":"SOE","author_link":"https:\/\/solar2.standardof.net\/pt\/author\/k-tastic\/"},"uagb_comment_info":0,"uagb_excerpt":"Brethren Missions 1-3 The Brethren series of missions in Solar 2 have you working as caretaker of the universe, looking after planets that need your protection in order to convert them to your way. All three missions have different strategies to use, however, having dual star or tri-star system with max life saved as one&hellip;","_links":{"self":[{"href":"https:\/\/solar2.standardof.net\/pt\/wp-json\/wp\/v2\/pages\/136"}],"collection":[{"href":"https:\/\/solar2.standardof.net\/pt\/wp-json\/wp\/v2\/pages"}],"about":[{"href":"https:\/\/solar2.standardof.net\/pt\/wp-json\/wp\/v2\/types\/page"}],"author":[{"embeddable":true,"href":"https:\/\/solar2.standardof.net\/pt\/wp-json\/wp\/v2\/users\/1"}],"replies":[{"embeddable":true,"href":"https:\/\/solar2.standardof.net\/pt\/wp-json\/wp\/v2\/comments?post=136"}],"version-history":[{"count":0,"href":"https:\/\/solar2.standardof.net\/pt\/wp-json\/wp\/v2\/pages\/136\/revisions"}],"up":[{"embeddable":true,"href":"https:\/\/solar2.standardof.net\/pt\/wp-json\/wp\/v2\/pages\/124"}],"wp:featuredmedia":[{"embeddable":true,"href":"https:\/\/solar2.standardof.net\/pt\/wp-json\/wp\/v2\/media\/12"}],"wp:attachment":[{"href":"https:\/\/solar2.standardof.net\/pt\/wp-json\/wp\/v2\/media?parent=136"}],"curies":[{"name":"wp","href":"https:\/\/api.w.org\/{rel}","templated":true}]}}