{"id":140,"date":"2020-10-14T01:30:00","date_gmt":"2020-10-14T01:30:00","guid":{"rendered":"https:\/\/solar2.standardof.net\/?page_id=140"},"modified":"2020-10-15T14:36:11","modified_gmt":"2020-10-15T14:36:11","slug":"duel-missions-hobo-star-achievement","status":"publish","type":"page","link":"https:\/\/solar2.standardof.net\/pt\/solar-2-guide\/estrela-sistema-solar-estagio-2\/conquista-de-duelo-missoes-estrela-vagabundo\/","title":{"rendered":"Miss\u00f5es de duelo e conquista de &#039;Hobo Star&#039;"},"content":{"rendered":"<h2 class=\"wp-block-heading\" id=\"47221690_title\">Duelo de miss\u00f5es 1-3<\/h2>\n\n\n\n<p>As miss\u00f5es de duelo fazem parte do Est\u00e1gio Estelar e do Sistema Solar em <em>Solar 2<\/em>, o que significa que voc\u00ea precisar\u00e1 gerar a si mesmo como uma estrela ou um sistema solar para poder pegar e completar as miss\u00f5es sucessivamente. Se a qualquer momento voc\u00ea passar para outro est\u00e1gio, seja renascendo como um planeta ou avan\u00e7ando para um Buraco Negro, voc\u00ea perder\u00e1 a miss\u00e3o e ter\u00e1 que reiniciar.<\/p>\n\n\n\n<p>As miss\u00f5es de duelo em <em>Solar 2<\/em> o far\u00e1 enfrentar sistemas solares inimigos cada vez maiores e mais perigosos, que voc\u00ea deve demolir completamente em cada n\u00edvel para prosseguir. As estrat\u00e9gias s\u00e3o praticamente as mesmas para cada miss\u00e3o, mas as diferen\u00e7as nas quais voc\u00ea est\u00e1 lutando ser\u00e3o listadas abaixo. Al\u00e9m disso, para aqueles de voc\u00eas que j\u00e1 conseguiram o <strong>Conquista do Grind Star<\/strong>, h\u00e1 um m\u00e9todo especial que voc\u00ea pode usar aqui.<\/p>\n\n\n\n<ol><li>No n\u00edvel um, voc\u00ea luta contra uma \u00fanica Estrela M\u00e9dia com 6 planetas em \u00f3rbita, todos come\u00e7ando com 3 torres.<\/li><li>No n\u00edvel dois, voc\u00ea luta contra uma Grande Estrela com 8 planetas, todos come\u00e7ando no n\u00edvel de experi\u00eancia de 3 torres.<\/li><li>A \u00faltima miss\u00e3o coloca voc\u00ea contra um sistema Tri-Large Star com 10 planetas, todos em plena experi\u00eancia. Grande desafio, de fato.<\/li><\/ol>\n\n\n\n<div class=\"wp-block-image\"><figure class=\"aligncenter size-large\"><img decoding=\"async\" width=\"1024\" height=\"576\" src=\"https:\/\/solar2.standardof.net\/wp-content\/uploads\/sites\/2\/2020\/10\/Solar-2-Star-System-Stage-Duel-Mission-3-1024x576.jpg\" alt=\"Duelo 3 - Solar 2\" class=\"wp-image-141\" srcset=\"https:\/\/solar2.standardof.net\/wp-content\/uploads\/sites\/2\/2020\/10\/Solar-2-Star-System-Stage-Duel-Mission-3-1024x576.jpg 1024w, https:\/\/solar2.standardof.net\/wp-content\/uploads\/sites\/2\/2020\/10\/Solar-2-Star-System-Stage-Duel-Mission-3-300x169.jpg 300w, https:\/\/solar2.standardof.net\/wp-content\/uploads\/sites\/2\/2020\/10\/Solar-2-Star-System-Stage-Duel-Mission-3-16x9.jpg 16w, https:\/\/solar2.standardof.net\/wp-content\/uploads\/sites\/2\/2020\/10\/Solar-2-Star-System-Stage-Duel-Mission-3.jpg 1280w\" sizes=\"(max-width: 1024px) 100vw, 1024px\" \/><figcaption>Lutando contra o campe\u00e3o final no duelo 3<\/figcaption><\/figure><\/div>\n\n\n\n<hr class=\"wp-block-separator\"\/>\n\n\n\n<h3 class=\"wp-block-heading\"><strong>T\u00e1ticas para essas miss\u00f5es:<\/strong><\/h3>\n\n\n\n<p>Geralmente, sua melhor aposta aqui \u00e9 gerar seu sistema de vida m\u00e1ximo e combat\u00ea-lo lan\u00e7ando suas estrelas nos planetas que orbitam o sistema solar inimigo at\u00e9 que voc\u00ea tenha uma vantagem. Uma vez que voc\u00ea tenha pelo menos 2 planetas a mais que o sistema inimigo, sua vida deve come\u00e7ar lentamente a sobrepujar o inimigo, acelerada por ataques f\u00edsicos cont\u00ednuos aos planetas e estrelas assim que seus escudos forem baixados.<\/p>\n\n\n\n<h3 class=\"wp-block-heading\"><strong>Se voc\u00ea completou e salvou seu sistema Grind Star:<\/strong><\/h3>\n\n\n\n<p>Se voc\u00ea tiver um desses sistemas super star desbloqueando essa conquista, voc\u00ea pode literalmente simplesmente varrer o inimigo para completar essas miss\u00f5es praticamente instantaneamente. Se voc\u00ea vai fazer as duas coisas, fa\u00e7a essa conquista primeiro para reduzir o tempo que leva para explodir a corrente de duelo.<\/p>\n\n\n\n<hr class=\"wp-block-separator\"\/>\n\n\n\n<h2 class=\"wp-block-heading\">Desbloqueando a conquista &#039;Hobo Star&#039;<\/h2>\n\n\n\n<p><em>Comece a 3\u00aa parte da miss\u00e3o \u201cDuelo\u201d como uma estrela \u00fanica sem planetas e ven\u00e7a-a em menos de 3 minutos.<\/em><\/p>\n\n\n\n<p>Para desbloquear a conquista Hobo Star, voc\u00ea ter\u00e1 que vencer esta miss\u00e3o come\u00e7ando como uma \u00fanica estrela sem planetas. Para realizar a tarefa Hobo Star com efic\u00e1cia, voc\u00ea deve ser uma estrela grande com a maior massa poss\u00edvel antes de atingir a estrela de n\u00eautrons e, em seguida, usar sua estrela para derrubar os planetas orbitando este sistema nas pr\u00f3prias estrelas. Depois de diminuir o sistema para 4-5 planetas, voc\u00ea pode roubar alguns deles para se proteger e continuar a arar os alvos.<\/p>\n\n\n\n<p>Lembre-se, voc\u00ea s\u00f3 precisa de uma lasca de escudo para impedir todos os danos de uma colis\u00e3o, ent\u00e3o, uma vez que voc\u00ea tenha os escudos levantados, fa\u00e7a seus golpes duros contra outros alvos desprotegidos. Finalmente, voc\u00ea ter\u00e1 que fazer isso em menos de tr\u00eas minutos para desbloquear a conquista Hobo Star. Alternativamente, voc\u00ea pode tentar usar bem a sua gravidade para impulsionar o sistema solar inimigo em outros objetos, mas isso pode ser acertado ou n\u00e3o, dependendo do que surge na \u00e1rea.<\/p>\n\n\n\n<hr class=\"wp-block-separator\"\/>\n\n\n\n<h3 class=\"has-text-align-center wp-block-heading\">Guia em v\u00eddeo de miss\u00f5es de duelo<\/h3>\n\n\n\n<figure class=\"wp-block-embed-youtube wp-block-embed is-type-video is-provider-youtube wp-embed-aspect-16-9 wp-has-aspect-ratio\"><div class=\"wp-block-embed__wrapper\">\n<div class=\"ast-oembed-container\" style=\"height: 100%;\"><iframe title=\"Solar 2 Star Solar System Missions - N\u00edveis de duelo - Guia passo a passo\" width=\"500\" height=\"281\" src=\"https:\/\/www.youtube.com\/embed\/lebt8cg0mZc?feature=oembed\" frameborder=\"0\" allow=\"accelerometer; autoplay; clipboard-write; encrypted-media; gyroscope; picture-in-picture; web-share\" referrerpolicy=\"strict-origin-when-cross-origin\" allowfullscreen><\/iframe><\/div>\n<\/div><\/figure>","protected":false},"excerpt":{"rendered":"<p>Duel Missions 1-3 The Duel missions are part of the Star and Solar System Stage in Solar 2, meaning you will need to spawn yourself as either a Star or Solar System in order to pick up and complete the missions successively. If at any point you move to another stage, be it respawning as [&hellip;]<\/p>","protected":false},"author":1,"featured_media":12,"parent":124,"menu_order":0,"comment_status":"open","ping_status":"closed","template":"","meta":{"_uag_custom_page_level_css":"","site-sidebar-layout":"default","site-content-layout":"default","ast-site-content-layout":"","site-content-style":"default","site-sidebar-style":"default","ast-global-header-display":"","ast-banner-title-visibility":"","ast-main-header-display":"","ast-hfb-above-header-display":"","ast-hfb-below-header-display":"","ast-hfb-mobile-header-display":"","site-post-title":"","ast-breadcrumbs-content":"","ast-featured-img":"","footer-sml-layout":"","theme-transparent-header-meta":"default","adv-header-id-meta":"","stick-header-meta":"","header-above-stick-meta":"","header-main-stick-meta":"","header-below-stick-meta":"","astra-migrate-meta-layouts":"default","ast-page-background-enabled":"default","ast-page-background-meta":{"desktop":{"background-color":"","background-image":"","background-repeat":"repeat","background-position":"center center","background-size":"auto","background-attachment":"scroll","background-type":"","background-media":"","overlay-type":"","overlay-color":"","overlay-gradient":""},"tablet":{"background-color":"","background-image":"","background-repeat":"repeat","background-position":"center center","background-size":"auto","background-attachment":"scroll","background-type":"","background-media":"","overlay-type":"","overlay-color":"","overlay-gradient":""},"mobile":{"background-color":"","background-image":"","background-repeat":"repeat","background-position":"center center","background-size":"auto","background-attachment":"scroll","background-type":"","background-media":"","overlay-type":"","overlay-color":"","overlay-gradient":""}},"ast-content-background-meta":{"desktop":{"background-color":"var(--ast-global-color-5)","background-image":"","background-repeat":"repeat","background-position":"center center","background-size":"auto","background-attachment":"scroll","background-type":"","background-media":"","overlay-type":"","overlay-color":"","overlay-gradient":""},"tablet":{"background-color":"var(--ast-global-color-5)","background-image":"","background-repeat":"repeat","background-position":"center center","background-size":"auto","background-attachment":"scroll","background-type":"","background-media":"","overlay-type":"","overlay-color":"","overlay-gradient":""},"mobile":{"background-color":"var(--ast-global-color-5)","background-image":"","background-repeat":"repeat","background-position":"center center","background-size":"auto","background-attachment":"scroll","background-type":"","background-media":"","overlay-type":"","overlay-color":"","overlay-gradient":""}},"footnotes":""},"uagb_featured_image_src":{"full":["https:\/\/solar2.standardof.net\/wp-content\/uploads\/sites\/2\/2020\/10\/Solar-2-Header-Background-1.jpeg",1680,1050,false],"thumbnail":["https:\/\/solar2.standardof.net\/wp-content\/uploads\/sites\/2\/2020\/10\/Solar-2-Header-Background-1-150x150.jpeg",150,150,true],"medium":["https:\/\/solar2.standardof.net\/wp-content\/uploads\/sites\/2\/2020\/10\/Solar-2-Header-Background-1-300x188.jpeg",300,188,true],"medium_large":["https:\/\/solar2.standardof.net\/wp-content\/uploads\/sites\/2\/2020\/10\/Solar-2-Header-Background-1.jpeg",768,480,false],"large":["https:\/\/solar2.standardof.net\/wp-content\/uploads\/sites\/2\/2020\/10\/Solar-2-Header-Background-1-1024x640.jpeg",1024,640,true],"1536x1536":["https:\/\/solar2.standardof.net\/wp-content\/uploads\/sites\/2\/2020\/10\/Solar-2-Header-Background-1.jpeg",1536,960,false],"2048x2048":["https:\/\/solar2.standardof.net\/wp-content\/uploads\/sites\/2\/2020\/10\/Solar-2-Header-Background-1.jpeg",1680,1050,false],"trp-custom-language-flag":["https:\/\/solar2.standardof.net\/wp-content\/uploads\/sites\/2\/2020\/10\/Solar-2-Header-Background-1-16x10.jpeg",16,10,true]},"uagb_author_info":{"display_name":"SOE","author_link":"https:\/\/solar2.standardof.net\/pt\/author\/k-tastic\/"},"uagb_comment_info":0,"uagb_excerpt":"Duel Missions 1-3 The Duel missions are part of the Star and Solar System Stage in Solar 2, meaning you will need to spawn yourself as either a Star or Solar System in order to pick up and complete the missions successively. If at any point you move to another stage, be it respawning as&hellip;","_links":{"self":[{"href":"https:\/\/solar2.standardof.net\/pt\/wp-json\/wp\/v2\/pages\/140"}],"collection":[{"href":"https:\/\/solar2.standardof.net\/pt\/wp-json\/wp\/v2\/pages"}],"about":[{"href":"https:\/\/solar2.standardof.net\/pt\/wp-json\/wp\/v2\/types\/page"}],"author":[{"embeddable":true,"href":"https:\/\/solar2.standardof.net\/pt\/wp-json\/wp\/v2\/users\/1"}],"replies":[{"embeddable":true,"href":"https:\/\/solar2.standardof.net\/pt\/wp-json\/wp\/v2\/comments?post=140"}],"version-history":[{"count":0,"href":"https:\/\/solar2.standardof.net\/pt\/wp-json\/wp\/v2\/pages\/140\/revisions"}],"up":[{"embeddable":true,"href":"https:\/\/solar2.standardof.net\/pt\/wp-json\/wp\/v2\/pages\/124"}],"wp:featuredmedia":[{"embeddable":true,"href":"https:\/\/solar2.standardof.net\/pt\/wp-json\/wp\/v2\/media\/12"}],"wp:attachment":[{"href":"https:\/\/solar2.standardof.net\/pt\/wp-json\/wp\/v2\/media?parent=140"}],"curies":[{"name":"wp","href":"https:\/\/api.w.org\/{rel}","templated":true}]}}