{"id":144,"date":"2020-10-14T01:36:51","date_gmt":"2020-10-14T01:36:51","guid":{"rendered":"https:\/\/solar2.standardof.net\/?page_id=144"},"modified":"2020-10-15T14:36:28","modified_gmt":"2020-10-15T14:36:28","slug":"heist-missions-and-the-get-lost-i-got-this-achievements","status":"publish","type":"page","link":"https:\/\/solar2.standardof.net\/pt\/solar-2-guide\/estrela-sistema-solar-estagio-2\/heist-missions-and-the-get-lost-i-get-this-achievements-2\/","title":{"rendered":"Heist Missions e as conquistas de &#039;Get Lost&#039; e &#039;I Got This&#039;"},"content":{"rendered":"<h2 class=\"wp-block-heading\" id=\"47221738_title\">Heist Missions<\/h2>\n\n\n\n<p>As miss\u00f5es de roubo em <em>Solar 2<\/em> voc\u00ea ser\u00e1 encarregado de algum roubo interestelar em nome da Entidade, culminando em uma corrida louca da pol\u00edcia. Esses n\u00edveis apresentam tarefas \u00fanicas em cada miss\u00e3o com estrat\u00e9gias diferentes e duas conquistas separadas para desbloquear nesses n\u00edveis, I Got this e Get Lost.<\/p>\n\n\n\n<hr class=\"wp-block-separator\"\/>\n\n\n\n<h2 class=\"wp-block-heading\">Heist Mission 1<\/h2>\n\n\n\n<p>No primeiro n\u00edvel de assalto, voc\u00ea rouba um planeta-alvo de um \u00fanico sistema estelar que n\u00e3o tem outros planetas em \u00f3rbita. Usando um sistema de vida quase m\u00e1ximo, voc\u00ea vai querer tirar aquele planeta de \u00f3rbita usando um dos seus e rapidamente fugir das ondas massivas de naves N\u00f4mades que emergem de todos os cantos da tela. Para completar este n\u00edvel normalmente, apenas corra dos Nomads e chegue ao farol da miss\u00e3o de destino com o planeta do cart\u00e3o magn\u00e9tico intacto. Veja abaixo como obter a conquista I Got This.<\/p>\n\n\n\n<hr class=\"wp-block-separator\"\/>\n\n\n\n<h2 class=\"wp-block-heading\">Heist Mission 2<\/h2>\n\n\n\n<p>No segundo n\u00edvel, voc\u00ea deve capturar tr\u00eas planetas inimigos de outros sistemas solares e manter todos os tr\u00eas em sua \u00f3rbita ao mesmo tempo. Originalmente, eram quatro planetas de uma vez, como voc\u00ea ver\u00e1 no v\u00eddeo. No entanto, isso foi alterado com um patch para tr\u00eas.<\/p>\n\n\n\n<hr class=\"wp-block-separator\"\/>\n\n\n\n<h2 class=\"wp-block-heading\">Roubo 3 + Desbloqueando a conquista &#039;Get Lost&#039;<\/h2>\n\n\n\n<p>Esta miss\u00e3o \u00e9 realmente mais dif\u00edcil de completar sem ganhar a conquista Get Lost. Para completar esta miss\u00e3o normalmente, voc\u00ea tem que navegar o que \u00e9 um fluxo de duas linhas de estrelas que criam um caminho curvo que voc\u00ea deve navegar \u00e0 medida que vai ficando cada vez menor e mais desafiador, sem tocar nas laterais. Pessoalmente, n\u00e3o consegui terminar a miss\u00e3o desta forma.<\/p>\n\n\n\n<p>No entanto, para desbloquear a conquista Get Lost e completar este n\u00edvel de uma maneira alternativa e muito mais f\u00e1cil, comece a miss\u00e3o usando um sistema Tri-Star pelo menos com vida m\u00e1xima de prefer\u00eancia. Imediatamente ap\u00f3s o in\u00edcio da miss\u00e3o, suba ou des\u00e7a logo de cara para quebrar a parede de estrelas que se forma, que deve dizimar seu sistema, mas se for feito r\u00e1pido o suficiente, deixar\u00e1 voc\u00ea pelo menos um pouco intacto do outro lado, desbloqueando Get Lost . Veja o v\u00eddeo abaixo para esta conquista.<\/p>\n\n\n\n<div class=\"wp-block-image\"><figure class=\"aligncenter size-large\"><img decoding=\"async\" width=\"1024\" height=\"576\" src=\"https:\/\/solar2.standardof.net\/wp-content\/uploads\/sites\/2\/2020\/10\/Solar-2-Star-System-Stage-Get-Lost-Achievement-1024x576.jpg\" alt=\"Conquista Get Lost - Solar 2\" class=\"wp-image-145\" srcset=\"https:\/\/solar2.standardof.net\/wp-content\/uploads\/sites\/2\/2020\/10\/Solar-2-Star-System-Stage-Get-Lost-Achievement-1024x576.jpg 1024w, https:\/\/solar2.standardof.net\/wp-content\/uploads\/sites\/2\/2020\/10\/Solar-2-Star-System-Stage-Get-Lost-Achievement-300x169.jpg 300w, https:\/\/solar2.standardof.net\/wp-content\/uploads\/sites\/2\/2020\/10\/Solar-2-Star-System-Stage-Get-Lost-Achievement-16x9.jpg 16w, https:\/\/solar2.standardof.net\/wp-content\/uploads\/sites\/2\/2020\/10\/Solar-2-Star-System-Stage-Get-Lost-Achievement.jpg 1280w\" sizes=\"(max-width: 1024px) 100vw, 1024px\" \/><figcaption>Romper a parede de estrelas para a conquista Get Lost.<\/figcaption><\/figure><\/div>\n\n\n\n<hr class=\"wp-block-separator\"\/>\n\n\n\n<h3 class=\"has-text-align-center wp-block-heading\">Guia em v\u00eddeo de miss\u00f5es de assalto<\/h3>\n\n\n\n<figure class=\"wp-block-embed-youtube wp-block-embed is-type-video is-provider-youtube wp-embed-aspect-16-9 wp-has-aspect-ratio\"><div class=\"wp-block-embed__wrapper\">\n<div class=\"ast-oembed-container\" style=\"height: 100%;\"><iframe title=\"Solar 2 Star Solar System Missions - N\u00edveis de assalto w Get Lost Achievement - Guia passo a passo\" width=\"500\" height=\"281\" src=\"https:\/\/www.youtube.com\/embed\/lyc0EMJE1j8?feature=oembed\" frameborder=\"0\" allow=\"accelerometer; autoplay; clipboard-write; encrypted-media; gyroscope; picture-in-picture; web-share\" referrerpolicy=\"strict-origin-when-cross-origin\" allowfullscreen><\/iframe><\/div>\n<\/div><\/figure>\n\n\n\n<hr class=\"wp-block-separator\"\/>\n\n\n\n<h2 class=\"wp-block-heading\" id=\"47221762_title\">Desbloqueando a conquista &quot;I Got This&quot;<\/h2>\n\n\n\n<p>Para desbloquear I Got This, voc\u00ea precisar\u00e1 concluir o n\u00edvel um, destruindo todos os atacantes Nomads antes de chegar ao farol da miss\u00e3o. A primeira maneira mais f\u00e1cil de fazer isso \u00e9 arando atrav\u00e9s dos Nomads com seu sistema, tomando cuidado para que o planeta do cart\u00e3o magn\u00e9tico orbite no lado oposto da dire\u00e7\u00e3o para a qual voc\u00ea est\u00e1 indo para mant\u00ea-lo protegido de armas de fogo. A segunda op\u00e7\u00e3o para limpar os Nomads para I Got This \u00e9 conduzi-los a um sistema hostil pr\u00f3ximo com toneladas de vida que acabar\u00e1 por se extinguir e destruir seus agressores. Veja o segundo v\u00eddeo abaixo para esta conquista.<\/p>\n\n\n\n<div class=\"wp-block-image\"><figure class=\"aligncenter size-large\"><img decoding=\"async\" width=\"1024\" height=\"576\" src=\"https:\/\/solar2.standardof.net\/wp-content\/uploads\/sites\/2\/2020\/10\/Solar-2-Star-System-Stage-I-Got-This-Achievement-1024x576.jpg\" alt=\"Consegui esta conquista - Solar 2\" class=\"wp-image-146\" srcset=\"https:\/\/solar2.standardof.net\/wp-content\/uploads\/sites\/2\/2020\/10\/Solar-2-Star-System-Stage-I-Got-This-Achievement-1024x576.jpg 1024w, https:\/\/solar2.standardof.net\/wp-content\/uploads\/sites\/2\/2020\/10\/Solar-2-Star-System-Stage-I-Got-This-Achievement-300x169.jpg 300w, https:\/\/solar2.standardof.net\/wp-content\/uploads\/sites\/2\/2020\/10\/Solar-2-Star-System-Stage-I-Got-This-Achievement-16x9.jpg 16w, https:\/\/solar2.standardof.net\/wp-content\/uploads\/sites\/2\/2020\/10\/Solar-2-Star-System-Stage-I-Got-This-Achievement.jpg 1280w\" sizes=\"(max-width: 1024px) 100vw, 1024px\" \/><figcaption>Derrotando os Nomads no N\u00edvel 1 pela conquista I Got This.<\/figcaption><\/figure><\/div>\n\n\n\n<hr class=\"wp-block-separator\"\/>\n\n\n\n<h3 class=\"has-text-align-center wp-block-heading\">Guia em v\u00eddeo da conquista &#039;I Got This&#039;<\/h3>\n\n\n\n<figure class=\"wp-block-embed-youtube wp-block-embed is-type-video is-provider-youtube wp-embed-aspect-16-9 wp-has-aspect-ratio\"><div class=\"wp-block-embed__wrapper\">\n<div class=\"ast-oembed-container\" style=\"height: 100%;\"><iframe title=\"Solar 2 - I Got This - Conquista passo a passo\" width=\"500\" height=\"281\" src=\"https:\/\/www.youtube.com\/embed\/LH4ofLnYcnA?feature=oembed\" frameborder=\"0\" allow=\"accelerometer; autoplay; clipboard-write; encrypted-media; gyroscope; picture-in-picture; web-share\" referrerpolicy=\"strict-origin-when-cross-origin\" allowfullscreen><\/iframe><\/div>\n<\/div><\/figure>","protected":false},"excerpt":{"rendered":"<p>Heist Missions The heist missions in Solar 2 will have you tasked with some interstellar thievery on behalf of the Entity, eventually culminating in a mad dash from the cops. These levels pose unique tasks in each mission with different strategies and two separate achievements to unlock in these levels, I Got this and Get [&hellip;]<\/p>","protected":false},"author":1,"featured_media":12,"parent":124,"menu_order":0,"comment_status":"open","ping_status":"closed","template":"","meta":{"_uag_custom_page_level_css":"","site-sidebar-layout":"default","site-content-layout":"default","ast-site-content-layout":"","site-content-style":"default","site-sidebar-style":"default","ast-global-header-display":"","ast-banner-title-visibility":"","ast-main-header-display":"","ast-hfb-above-header-display":"","ast-hfb-below-header-display":"","ast-hfb-mobile-header-display":"","site-post-title":"","ast-breadcrumbs-content":"","ast-featured-img":"","footer-sml-layout":"","theme-transparent-header-meta":"default","adv-header-id-meta":"","stick-header-meta":"","header-above-stick-meta":"","header-main-stick-meta":"","header-below-stick-meta":"","astra-migrate-meta-layouts":"default","ast-page-background-enabled":"default","ast-page-background-meta":{"desktop":{"background-color":"","background-image":"","background-repeat":"repeat","background-position":"center center","background-size":"auto","background-attachment":"scroll","background-type":"","background-media":"","overlay-type":"","overlay-color":"","overlay-gradient":""},"tablet":{"background-color":"","background-image":"","background-repeat":"repeat","background-position":"center center","background-size":"auto","background-attachment":"scroll","background-type":"","background-media":"","overlay-type":"","overlay-color":"","overlay-gradient":""},"mobile":{"background-color":"","background-image":"","background-repeat":"repeat","background-position":"center center","background-size":"auto","background-attachment":"scroll","background-type":"","background-media":"","overlay-type":"","overlay-color":"","overlay-gradient":""}},"ast-content-background-meta":{"desktop":{"background-color":"var(--ast-global-color-5)","background-image":"","background-repeat":"repeat","background-position":"center center","background-size":"auto","background-attachment":"scroll","background-type":"","background-media":"","overlay-type":"","overlay-color":"","overlay-gradient":""},"tablet":{"background-color":"var(--ast-global-color-5)","background-image":"","background-repeat":"repeat","background-position":"center center","background-size":"auto","background-attachment":"scroll","background-type":"","background-media":"","overlay-type":"","overlay-color":"","overlay-gradient":""},"mobile":{"background-color":"var(--ast-global-color-5)","background-image":"","background-repeat":"repeat","background-position":"center center","background-size":"auto","background-attachment":"scroll","background-type":"","background-media":"","overlay-type":"","overlay-color":"","overlay-gradient":""}},"footnotes":""},"uagb_featured_image_src":{"full":["https:\/\/solar2.standardof.net\/wp-content\/uploads\/sites\/2\/2020\/10\/Solar-2-Header-Background-1.jpeg",1680,1050,false],"thumbnail":["https:\/\/solar2.standardof.net\/wp-content\/uploads\/sites\/2\/2020\/10\/Solar-2-Header-Background-1-150x150.jpeg",150,150,true],"medium":["https:\/\/solar2.standardof.net\/wp-content\/uploads\/sites\/2\/2020\/10\/Solar-2-Header-Background-1-300x188.jpeg",300,188,true],"medium_large":["https:\/\/solar2.standardof.net\/wp-content\/uploads\/sites\/2\/2020\/10\/Solar-2-Header-Background-1.jpeg",768,480,false],"large":["https:\/\/solar2.standardof.net\/wp-content\/uploads\/sites\/2\/2020\/10\/Solar-2-Header-Background-1-1024x640.jpeg",1024,640,true],"1536x1536":["https:\/\/solar2.standardof.net\/wp-content\/uploads\/sites\/2\/2020\/10\/Solar-2-Header-Background-1.jpeg",1536,960,false],"2048x2048":["https:\/\/solar2.standardof.net\/wp-content\/uploads\/sites\/2\/2020\/10\/Solar-2-Header-Background-1.jpeg",1680,1050,false],"trp-custom-language-flag":["https:\/\/solar2.standardof.net\/wp-content\/uploads\/sites\/2\/2020\/10\/Solar-2-Header-Background-1-16x10.jpeg",16,10,true]},"uagb_author_info":{"display_name":"SOE","author_link":"https:\/\/solar2.standardof.net\/pt\/author\/k-tastic\/"},"uagb_comment_info":0,"uagb_excerpt":"Heist Missions The heist missions in Solar 2 will have you tasked with some interstellar thievery on behalf of the Entity, eventually culminating in a mad dash from the cops. These levels pose unique tasks in each mission with different strategies and two separate achievements to unlock in these levels, I Got this and Get&hellip;","_links":{"self":[{"href":"https:\/\/solar2.standardof.net\/pt\/wp-json\/wp\/v2\/pages\/144"}],"collection":[{"href":"https:\/\/solar2.standardof.net\/pt\/wp-json\/wp\/v2\/pages"}],"about":[{"href":"https:\/\/solar2.standardof.net\/pt\/wp-json\/wp\/v2\/types\/page"}],"author":[{"embeddable":true,"href":"https:\/\/solar2.standardof.net\/pt\/wp-json\/wp\/v2\/users\/1"}],"replies":[{"embeddable":true,"href":"https:\/\/solar2.standardof.net\/pt\/wp-json\/wp\/v2\/comments?post=144"}],"version-history":[{"count":0,"href":"https:\/\/solar2.standardof.net\/pt\/wp-json\/wp\/v2\/pages\/144\/revisions"}],"up":[{"embeddable":true,"href":"https:\/\/solar2.standardof.net\/pt\/wp-json\/wp\/v2\/pages\/124"}],"wp:featuredmedia":[{"embeddable":true,"href":"https:\/\/solar2.standardof.net\/pt\/wp-json\/wp\/v2\/media\/12"}],"wp:attachment":[{"href":"https:\/\/solar2.standardof.net\/pt\/wp-json\/wp\/v2\/media?parent=144"}],"curies":[{"name":"wp","href":"https:\/\/api.w.org\/{rel}","templated":true}]}}