{"id":155,"date":"2020-10-14T04:18:07","date_gmt":"2020-10-14T04:18:07","guid":{"rendered":"https:\/\/solar2.standardof.net\/?page_id=155"},"modified":"2020-10-15T14:36:20","modified_gmt":"2020-10-15T14:36:20","slug":"final-boss","status":"publish","type":"page","link":"https:\/\/solar2.standardof.net\/pt\/solar-2-guide\/estrela-sistema-solar-estagio-2\/chefe-final-2\/","title":{"rendered":"Chefe final"},"content":{"rendered":"<h2 class=\"wp-block-heading\" id=\"47221781_title\">Chefe final<\/h2>\n\n\n\n<p>Ao completar todas as v\u00e1rias miss\u00f5es dispon\u00edveis para voc\u00ea em todos os 3 est\u00e1gios prim\u00e1rios de <em>Solar 2<\/em>, Estrela, Planeta e Aster\u00f3ide, voc\u00ea receber\u00e1 uma miss\u00e3o final da Entidade. Sua \u00faltima tarefa ser\u00e1 enfrentar seu sinistro diretor, poder celestial versus poder celestial, em seu desafio mais dif\u00edcil. A conclus\u00e3o desta miss\u00e3o e o testemunho do v\u00eddeo que ela recompensa desbloqueia a conquista A Entidade.<\/p>\n\n\n\n<p>A Entidade, que voc\u00ea agora deve destruir, consiste em 7 Estrelas M\u00e9dias acorrentadas ao redor de dois Buracos Negros. Essas estrelas gerar\u00e3o planetas constantemente, os quais ser\u00e3o lan\u00e7ados em sua dire\u00e7\u00e3o ap\u00f3s algumas \u00f3rbitas, e os buracos negros causar\u00e3o um grande po\u00e7o gravitacional que atrair\u00e1 tudo que estiver pr\u00f3ximo.<\/p>\n\n\n\n<p>Para realizar esta miss\u00e3o com sucesso, voc\u00ea ter\u00e1 que desovar como uma estrela ou sistema solar e completar a miss\u00e3o inteira sem avan\u00e7ar para o buraco negro, ou voc\u00ea perder\u00e1 o n\u00edvel. Completar esta miss\u00e3o tamb\u00e9m resulta em desbloquear <strong>A entidade<\/strong> realiza\u00e7\u00e3o.<\/p>\n\n\n\n<div class=\"wp-block-image\"><figure class=\"aligncenter size-large\"><img decoding=\"async\" width=\"1024\" height=\"576\" src=\"https:\/\/solar2.standardof.net\/wp-content\/uploads\/sites\/2\/2020\/10\/Solar-2-Star-System-Stage-Final-Boss-1024x576.jpg\" alt=\"Chefe Final - Solar 2\" class=\"wp-image-156\" srcset=\"https:\/\/solar2.standardof.net\/wp-content\/uploads\/sites\/2\/2020\/10\/Solar-2-Star-System-Stage-Final-Boss-1024x576.jpg 1024w, https:\/\/solar2.standardof.net\/wp-content\/uploads\/sites\/2\/2020\/10\/Solar-2-Star-System-Stage-Final-Boss-300x169.jpg 300w, https:\/\/solar2.standardof.net\/wp-content\/uploads\/sites\/2\/2020\/10\/Solar-2-Star-System-Stage-Final-Boss-16x9.jpg 16w, https:\/\/solar2.standardof.net\/wp-content\/uploads\/sites\/2\/2020\/10\/Solar-2-Star-System-Stage-Final-Boss.jpg 1280w\" sizes=\"(max-width: 1024px) 100vw, 1024px\" \/><figcaption>Combatendo a entidade na miss\u00e3o Final Boss.<\/figcaption><\/figure><\/div>\n\n\n\n<h2 class=\"wp-block-heading\">T\u00e1ticas para a miss\u00e3o do chefe:<\/h2>\n\n\n\n<p>A ideia aqui \u00e9 que voc\u00ea queira usar um sistema com v\u00e1rias estrelas e vida m\u00e1xima para dar \u00e0s suas estrelas escudos com os quais se precipitarem nas estrelas da Entidade ap\u00f3s perderem seus Planetas de Vida. Se seus escudos ca\u00edrem e voc\u00ea perder massa, lembre-se de que pode recuar um pouco para capturar os planetas lan\u00e7ados pela entidade e fazer suas estrelas crescerem de volta. Depois que seis estrelas forem eliminadas, a \u00faltima ser\u00e1 consumida pelos Buracos Negros e a conquista A Entidade ser\u00e1 desbloqueada junto com um breve v\u00eddeo.<\/p>\n\n\n\n<p>Se voc\u00ea tiver um sistema Grind Star salvo da conquista abaixo, voc\u00ea pode us\u00e1-lo para varrer as estrelas da pr\u00f3pria entidade, como mencionado para as miss\u00f5es de duelo. Apenas tome cuidado para n\u00e3o perder muitas de suas pr\u00f3prias estrelas nos Buracos Negros durante seus passes.<\/p>\n\n\n\n<hr class=\"wp-block-separator\"\/>\n\n\n\n<h3 class=\"has-text-align-center wp-block-heading\">Final Boss Video Guide<\/h3>\n\n\n\n<figure class=\"wp-block-embed-youtube wp-block-embed is-type-video is-provider-youtube wp-embed-aspect-16-9 wp-has-aspect-ratio\"><div class=\"wp-block-embed__wrapper\">\n<div class=\"ast-oembed-container\" style=\"height: 100%;\"><iframe title=\"Final Boss (Entity Achievement)- Solar 2 - Star Solar System Missions - Walkthrough Guide\" width=\"500\" height=\"281\" src=\"https:\/\/www.youtube.com\/embed\/LiZQ1xKi1fE?feature=oembed\" frameborder=\"0\" allow=\"accelerometer; autoplay; clipboard-write; encrypted-media; gyroscope; picture-in-picture; web-share\" referrerpolicy=\"strict-origin-when-cross-origin\" allowfullscreen><\/iframe><\/div>\n<\/div><\/figure>","protected":false},"excerpt":{"rendered":"<p>Final Boss Upon completing all the various missions available to you in all 3 primary stages of Solar 2, Star, Planet, and Asteroid, you will be presented with one final mission by the Entity. Your last task will be facing your ominous director, celestial power versus celestial power, in your hardest challenge yet. Completion of [&hellip;]<\/p>","protected":false},"author":1,"featured_media":12,"parent":124,"menu_order":0,"comment_status":"open","ping_status":"closed","template":"","meta":{"_uag_custom_page_level_css":"","site-sidebar-layout":"default","site-content-layout":"default","ast-site-content-layout":"","site-content-style":"default","site-sidebar-style":"default","ast-global-header-display":"","ast-banner-title-visibility":"","ast-main-header-display":"","ast-hfb-above-header-display":"","ast-hfb-below-header-display":"","ast-hfb-mobile-header-display":"","site-post-title":"","ast-breadcrumbs-content":"","ast-featured-img":"","footer-sml-layout":"","theme-transparent-header-meta":"default","adv-header-id-meta":"","stick-header-meta":"","header-above-stick-meta":"","header-main-stick-meta":"","header-below-stick-meta":"","astra-migrate-meta-layouts":"default","ast-page-background-enabled":"default","ast-page-background-meta":{"desktop":{"background-color":"","background-image":"","background-repeat":"repeat","background-position":"center center","background-size":"auto","background-attachment":"scroll","background-type":"","background-media":"","overlay-type":"","overlay-color":"","overlay-gradient":""},"tablet":{"background-color":"","background-image":"","background-repeat":"repeat","background-position":"center center","background-size":"auto","background-attachment":"scroll","background-type":"","background-media":"","overlay-type":"","overlay-color":"","overlay-gradient":""},"mobile":{"background-color":"","background-image":"","background-repeat":"repeat","background-position":"center center","background-size":"auto","background-attachment":"scroll","background-type":"","background-media":"","overlay-type":"","overlay-color":"","overlay-gradient":""}},"ast-content-background-meta":{"desktop":{"background-color":"var(--ast-global-color-5)","background-image":"","background-repeat":"repeat","background-position":"center center","background-size":"auto","background-attachment":"scroll","background-type":"","background-media":"","overlay-type":"","overlay-color":"","overlay-gradient":""},"tablet":{"background-color":"var(--ast-global-color-5)","background-image":"","background-repeat":"repeat","background-position":"center center","background-size":"auto","background-attachment":"scroll","background-type":"","background-media":"","overlay-type":"","overlay-color":"","overlay-gradient":""},"mobile":{"background-color":"var(--ast-global-color-5)","background-image":"","background-repeat":"repeat","background-position":"center center","background-size":"auto","background-attachment":"scroll","background-type":"","background-media":"","overlay-type":"","overlay-color":"","overlay-gradient":""}},"footnotes":""},"uagb_featured_image_src":{"full":["https:\/\/solar2.standardof.net\/wp-content\/uploads\/sites\/2\/2020\/10\/Solar-2-Header-Background-1.jpeg",1680,1050,false],"thumbnail":["https:\/\/solar2.standardof.net\/wp-content\/uploads\/sites\/2\/2020\/10\/Solar-2-Header-Background-1-150x150.jpeg",150,150,true],"medium":["https:\/\/solar2.standardof.net\/wp-content\/uploads\/sites\/2\/2020\/10\/Solar-2-Header-Background-1-300x188.jpeg",300,188,true],"medium_large":["https:\/\/solar2.standardof.net\/wp-content\/uploads\/sites\/2\/2020\/10\/Solar-2-Header-Background-1.jpeg",768,480,false],"large":["https:\/\/solar2.standardof.net\/wp-content\/uploads\/sites\/2\/2020\/10\/Solar-2-Header-Background-1-1024x640.jpeg",1024,640,true],"1536x1536":["https:\/\/solar2.standardof.net\/wp-content\/uploads\/sites\/2\/2020\/10\/Solar-2-Header-Background-1.jpeg",1536,960,false],"2048x2048":["https:\/\/solar2.standardof.net\/wp-content\/uploads\/sites\/2\/2020\/10\/Solar-2-Header-Background-1.jpeg",1680,1050,false],"trp-custom-language-flag":["https:\/\/solar2.standardof.net\/wp-content\/uploads\/sites\/2\/2020\/10\/Solar-2-Header-Background-1-16x10.jpeg",16,10,true]},"uagb_author_info":{"display_name":"SOE","author_link":"https:\/\/solar2.standardof.net\/pt\/author\/k-tastic\/"},"uagb_comment_info":0,"uagb_excerpt":"Final Boss Upon completing all the various missions available to you in all 3 primary stages of Solar 2, Star, Planet, and Asteroid, you will be presented with one final mission by the Entity. Your last task will be facing your ominous director, celestial power versus celestial power, in your hardest challenge yet. Completion of&hellip;","_links":{"self":[{"href":"https:\/\/solar2.standardof.net\/pt\/wp-json\/wp\/v2\/pages\/155"}],"collection":[{"href":"https:\/\/solar2.standardof.net\/pt\/wp-json\/wp\/v2\/pages"}],"about":[{"href":"https:\/\/solar2.standardof.net\/pt\/wp-json\/wp\/v2\/types\/page"}],"author":[{"embeddable":true,"href":"https:\/\/solar2.standardof.net\/pt\/wp-json\/wp\/v2\/users\/1"}],"replies":[{"embeddable":true,"href":"https:\/\/solar2.standardof.net\/pt\/wp-json\/wp\/v2\/comments?post=155"}],"version-history":[{"count":0,"href":"https:\/\/solar2.standardof.net\/pt\/wp-json\/wp\/v2\/pages\/155\/revisions"}],"up":[{"embeddable":true,"href":"https:\/\/solar2.standardof.net\/pt\/wp-json\/wp\/v2\/pages\/124"}],"wp:featuredmedia":[{"embeddable":true,"href":"https:\/\/solar2.standardof.net\/pt\/wp-json\/wp\/v2\/media\/12"}],"wp:attachment":[{"href":"https:\/\/solar2.standardof.net\/pt\/wp-json\/wp\/v2\/media?parent=155"}],"curies":[{"name":"wp","href":"https:\/\/api.w.org\/{rel}","templated":true}]}}