{"id":160,"date":"2020-10-14T04:37:48","date_gmt":"2020-10-14T04:37:48","guid":{"rendered":"https:\/\/solar2.standardof.net\/?page_id=160"},"modified":"2020-10-15T14:36:00","modified_gmt":"2020-10-15T14:36:00","slug":"elite-and-grind-star-achievements","status":"publish","type":"page","link":"https:\/\/solar2.standardof.net\/pt\/solar-2-guide\/estrela-sistema-solar-estagio-2\/conquistas-de-elite-e-estrela-do-grind-2\/","title":{"rendered":"Conquistas de &#039;Elite&#039; e &#039;Grind Star&#039;"},"content":{"rendered":"<h2 class=\"wp-block-heading\" id=\"47221789_title\">Conquistas de &#039;Elite&#039; e &#039;Grind Star&#039;<\/h2>\n\n\n\n<p>Ambas as conquistas Elite e Grind Star s\u00e3o tarefas de forma livre que s\u00f3 podem ser conclu\u00eddas durante o est\u00e1gio Star de Solar 2. Ambas est\u00e3o intimamente relacionadas, com Elite exigindo que voc\u00ea construa um sistema de 6 estrelas e Grind Star exigindo um sistema de 40 estrelas.<\/p>\n\n\n\n<p>Um ponto a ser notado \u00e9 que essas conquistas podem ser desbloqueadas com a f\u00edsica ou as op\u00e7\u00f5es divinas ativadas e isso \u00e9 exatamente o que faremos para acelerar o processo. Dependendo da vers\u00e3o do jogo que voc\u00ea possui, pode ser necess\u00e1rio completar todas as miss\u00f5es principais do jogo para desbloquear essas op\u00e7\u00f5es primeiro, o que \u00e9 sugerido, j\u00e1 que fazer essa tarefa sem essas op\u00e7\u00f5es \u00e9 garantido que levar\u00e1 um <em>muito <\/em>muito tempo.<\/p>\n\n\n\n<h3 class=\"wp-block-heading\">Op\u00e7\u00f5es para definir<\/h3>\n\n\n\n<p>Op\u00e7\u00f5es de f\u00edsica:<br>Fator de gravidade = 0 (ser\u00e1 alterado posteriormente, mas ajuda no in\u00edcio) Fator de dano de colis\u00e3o = 0<br>Op\u00e7\u00f5es de Deus:<br>Modo de Spawn Instant\u00e2neo = Tecla pressionada<\/p>\n\n\n\n<figure class=\"wp-block-image size-large\"><img decoding=\"async\" width=\"1024\" height=\"576\" src=\"https:\/\/solar2.standardof.net\/wp-content\/uploads\/sites\/2\/2020\/10\/Solar-2-Star-System-Stage-Elite-and-Grind-Star-Achievements-1024x576.jpg\" alt=\"Conquista de Elite e Grind Star - Solar 2\" class=\"wp-image-161\" srcset=\"https:\/\/solar2.standardof.net\/wp-content\/uploads\/sites\/2\/2020\/10\/Solar-2-Star-System-Stage-Elite-and-Grind-Star-Achievements-1024x576.jpg 1024w, https:\/\/solar2.standardof.net\/wp-content\/uploads\/sites\/2\/2020\/10\/Solar-2-Star-System-Stage-Elite-and-Grind-Star-Achievements-300x169.jpg 300w, https:\/\/solar2.standardof.net\/wp-content\/uploads\/sites\/2\/2020\/10\/Solar-2-Star-System-Stage-Elite-and-Grind-Star-Achievements-16x9.jpg 16w, https:\/\/solar2.standardof.net\/wp-content\/uploads\/sites\/2\/2020\/10\/Solar-2-Star-System-Stage-Elite-and-Grind-Star-Achievements.jpg 1280w\" sizes=\"(max-width: 1024px) 100vw, 1024px\" \/><figcaption>Um sistema solar composto por 42 estrelas de n\u00eautrons, superando a conquista do Grind Star e causando um inferno de um po\u00e7o gravitacional.<\/figcaption><\/figure>\n\n\n\n<h3 class=\"wp-block-heading\">Como construir seu sistema:<\/h3>\n\n\n\n<p>Com o dano de colis\u00e3o desativado e a capacidade de gerar instantaneamente planetas e aster\u00f3ides, seremos capazes de fazer nosso sistema crescer a tamanhos fenomenais em um ritmo r\u00e1pido. O que voc\u00ea precisa fazer \u00e9 manter pressionada a tecla C para gerar planetas at\u00e9 que voc\u00ea tenha 10 e, em seguida, manter pressionada a tecla Z para gerar um suprimento infinito de aster\u00f3ides pelos quais voc\u00ea mover\u00e1 seus planetas enquanto pressiona repetidamente a tecla L para absorver todas as rochas capturado.<\/p>\n\n\n\n<p>Com este m\u00e9todo, voc\u00ea atingir\u00e1 rapidamente as 6 estrelas necess\u00e1rias para a conquista de Elite e conforme seu progresso em dire\u00e7\u00e3o a 15 e acima, vai querer aumentar um pouco a gravidade enquanto se move mais, pois os aster\u00f3ides come\u00e7ar\u00e3o a aparecer dentro do seu anel de estrelas, exigindo voc\u00ea a dan\u00e7ar para arremess\u00e1-los para fora em dire\u00e7\u00e3o aos seus planetas.<\/p>\n\n\n\n<p>Lembre-se de sempre gerar planetas adicionais assim que um deles for transformado em uma nova estrela pequena. Lembre-se tamb\u00e9m de salvar seu sistema ao longo do caminho e mais uma vez ao atingir as 40 estrelas necess\u00e1rias para desbloquear a conquista Grind Star, j\u00e1 que ter um sistema estelar massivo pode lhe dar um m\u00e9todo \u00fanico para completar algumas das miss\u00f5es.<\/p>\n\n\n\n<hr class=\"wp-block-separator\"\/>\n\n\n\n<h3 class=\"has-text-align-center wp-block-heading\">Guia do v\u00eddeo de conquistas de &#039;Elite&#039; e &#039;Grind Star&#039;<\/h3>\n\n\n\n<figure class=\"wp-block-embed-youtube wp-block-embed is-type-video is-provider-youtube wp-embed-aspect-16-9 wp-has-aspect-ratio\"><div class=\"wp-block-embed__wrapper\">\n<div class=\"ast-oembed-container\" style=\"height: 100%;\"><iframe title=\"Solar 2 - Elite e Grind Star - Guia passo a passo de conquistas\" width=\"500\" height=\"281\" src=\"https:\/\/www.youtube.com\/embed\/I4UTBvapZ9k?feature=oembed\" frameborder=\"0\" allow=\"accelerometer; autoplay; clipboard-write; encrypted-media; gyroscope; picture-in-picture; web-share\" referrerpolicy=\"strict-origin-when-cross-origin\" allowfullscreen><\/iframe><\/div>\n<\/div><\/figure>","protected":false},"excerpt":{"rendered":"<p>&#8216;Elite&#8217; and &#8216;Grind Star&#8217; Achievements Both the Elite and Grind Star achievements are free-form tasks that can only be completed during the Star stage of Solar 2. Both are closely related, with Elite requiring you to build up a 6 star system and Grind Star requiring a 40 star system. One point of note is [&hellip;]<\/p>","protected":false},"author":1,"featured_media":12,"parent":124,"menu_order":0,"comment_status":"open","ping_status":"closed","template":"","meta":{"_uag_custom_page_level_css":"","site-sidebar-layout":"default","site-content-layout":"default","ast-site-content-layout":"","site-content-style":"default","site-sidebar-style":"default","ast-global-header-display":"","ast-banner-title-visibility":"","ast-main-header-display":"","ast-hfb-above-header-display":"","ast-hfb-below-header-display":"","ast-hfb-mobile-header-display":"","site-post-title":"","ast-breadcrumbs-content":"","ast-featured-img":"","footer-sml-layout":"","theme-transparent-header-meta":"default","adv-header-id-meta":"","stick-header-meta":"","header-above-stick-meta":"","header-main-stick-meta":"","header-below-stick-meta":"","astra-migrate-meta-layouts":"default","ast-page-background-enabled":"default","ast-page-background-meta":{"desktop":{"background-color":"","background-image":"","background-repeat":"repeat","background-position":"center center","background-size":"auto","background-attachment":"scroll","background-type":"","background-media":"","overlay-type":"","overlay-color":"","overlay-gradient":""},"tablet":{"background-color":"","background-image":"","background-repeat":"repeat","background-position":"center center","background-size":"auto","background-attachment":"scroll","background-type":"","background-media":"","overlay-type":"","overlay-color":"","overlay-gradient":""},"mobile":{"background-color":"","background-image":"","background-repeat":"repeat","background-position":"center center","background-size":"auto","background-attachment":"scroll","background-type":"","background-media":"","overlay-type":"","overlay-color":"","overlay-gradient":""}},"ast-content-background-meta":{"desktop":{"background-color":"var(--ast-global-color-5)","background-image":"","background-repeat":"repeat","background-position":"center center","background-size":"auto","background-attachment":"scroll","background-type":"","background-media":"","overlay-type":"","overlay-color":"","overlay-gradient":""},"tablet":{"background-color":"var(--ast-global-color-5)","background-image":"","background-repeat":"repeat","background-position":"center center","background-size":"auto","background-attachment":"scroll","background-type":"","background-media":"","overlay-type":"","overlay-color":"","overlay-gradient":""},"mobile":{"background-color":"var(--ast-global-color-5)","background-image":"","background-repeat":"repeat","background-position":"center center","background-size":"auto","background-attachment":"scroll","background-type":"","background-media":"","overlay-type":"","overlay-color":"","overlay-gradient":""}},"footnotes":""},"uagb_featured_image_src":{"full":["https:\/\/solar2.standardof.net\/wp-content\/uploads\/sites\/2\/2020\/10\/Solar-2-Header-Background-1.jpeg",1680,1050,false],"thumbnail":["https:\/\/solar2.standardof.net\/wp-content\/uploads\/sites\/2\/2020\/10\/Solar-2-Header-Background-1-150x150.jpeg",150,150,true],"medium":["https:\/\/solar2.standardof.net\/wp-content\/uploads\/sites\/2\/2020\/10\/Solar-2-Header-Background-1-300x188.jpeg",300,188,true],"medium_large":["https:\/\/solar2.standardof.net\/wp-content\/uploads\/sites\/2\/2020\/10\/Solar-2-Header-Background-1.jpeg",768,480,false],"large":["https:\/\/solar2.standardof.net\/wp-content\/uploads\/sites\/2\/2020\/10\/Solar-2-Header-Background-1-1024x640.jpeg",1024,640,true],"1536x1536":["https:\/\/solar2.standardof.net\/wp-content\/uploads\/sites\/2\/2020\/10\/Solar-2-Header-Background-1.jpeg",1536,960,false],"2048x2048":["https:\/\/solar2.standardof.net\/wp-content\/uploads\/sites\/2\/2020\/10\/Solar-2-Header-Background-1.jpeg",1680,1050,false],"trp-custom-language-flag":["https:\/\/solar2.standardof.net\/wp-content\/uploads\/sites\/2\/2020\/10\/Solar-2-Header-Background-1-16x10.jpeg",16,10,true]},"uagb_author_info":{"display_name":"SOE","author_link":"https:\/\/solar2.standardof.net\/pt\/author\/k-tastic\/"},"uagb_comment_info":0,"uagb_excerpt":"&#8216;Elite&#8217; and &#8216;Grind Star&#8217; Achievements Both the Elite and Grind Star achievements are free-form tasks that can only be completed during the Star stage of Solar 2. Both are closely related, with Elite requiring you to build up a 6 star system and Grind Star requiring a 40 star system. One point of note is&hellip;","_links":{"self":[{"href":"https:\/\/solar2.standardof.net\/pt\/wp-json\/wp\/v2\/pages\/160"}],"collection":[{"href":"https:\/\/solar2.standardof.net\/pt\/wp-json\/wp\/v2\/pages"}],"about":[{"href":"https:\/\/solar2.standardof.net\/pt\/wp-json\/wp\/v2\/types\/page"}],"author":[{"embeddable":true,"href":"https:\/\/solar2.standardof.net\/pt\/wp-json\/wp\/v2\/users\/1"}],"replies":[{"embeddable":true,"href":"https:\/\/solar2.standardof.net\/pt\/wp-json\/wp\/v2\/comments?post=160"}],"version-history":[{"count":0,"href":"https:\/\/solar2.standardof.net\/pt\/wp-json\/wp\/v2\/pages\/160\/revisions"}],"up":[{"embeddable":true,"href":"https:\/\/solar2.standardof.net\/pt\/wp-json\/wp\/v2\/pages\/124"}],"wp:featuredmedia":[{"embeddable":true,"href":"https:\/\/solar2.standardof.net\/pt\/wp-json\/wp\/v2\/media\/12"}],"wp:attachment":[{"href":"https:\/\/solar2.standardof.net\/pt\/wp-json\/wp\/v2\/media?parent=160"}],"curies":[{"name":"wp","href":"https:\/\/api.w.org\/{rel}","templated":true}]}}