{"id":178,"date":"2020-10-14T09:10:10","date_gmt":"2020-10-14T09:10:10","guid":{"rendered":"https:\/\/solar2.standardof.net\/?page_id=178"},"modified":"2020-10-16T16:06:53","modified_gmt":"2020-10-16T16:06:53","slug":"snowball-fight","status":"publish","type":"page","link":"https:\/\/solar2.standardof.net\/pt\/solar-2-guide\/estrela-sistema-solar-estagio-2\/guerra-de-bolas-de-neve-2\/","title":{"rendered":"Star Challenge Mission 3: &#039;Snowball Fight&#039;"},"content":{"rendered":"<h2 class=\"wp-block-heading\" id=\"47221819_title\">Star Challenge Mission 3: &#039;Snowball Fight&#039;<\/h2>\n\n\n\n<p>A miss\u00e3o desafio Snowball Fight \u00e9 um desafio especial adicionado para o Steam Winter Sale 2011 como um dos jogos de pegar presentes, com a conquista associada Snowflake Star que \u00e9 desbloqueada para jogadores que ganham pelo menos 4 pontos, ou a pontua\u00e7\u00e3o m\u00e9dia para esta miss\u00e3o. A ideia aqui \u00e9 pegar sua estrela com 8 planetas de neve sem vida em \u00f3rbita e lutar contra uma duplicata de seu sistema batendo com seus planetas de neve, ou bolas de neve, na estrela inimiga sem ser atingido. Cada golpe que voc\u00ea d\u00e1 reduz sua pontua\u00e7\u00e3o em 1 e os golpes que voc\u00ea faz no inimigo aumentam sua pontua\u00e7\u00e3o em 1. A miss\u00e3o termina quando qualquer um dos sistemas est\u00e1 desprovido de suas bolas de neve.<\/p>\n\n\n\n<p>Pontua\u00e7\u00e3o f\u00e1cil: termine o desafio com pelo menos 2 pontos.<br>Pontua\u00e7\u00e3o m\u00e9dia: termine o desafio com pelo menos 4 pontos.<br>Pontua\u00e7\u00e3o dif\u00edcil: termine o desafio com pelo menos 6 pontos.<\/p>\n\n\n\n<h2 class=\"wp-block-heading\">Desbloqueando a conquista Estrela do Floco de Neve<\/h2>\n\n\n\n<p>Em Snowball Fight e a conquista Snowflake Star, voc\u00ea pode ganhar at\u00e9 8 pontos completando a rodada perfeitamente ao acertar todas as suas bolas de neve na estrela inimiga sem levar nenhum acerto, ou perder uma bola de neve ao acertar um dos planetas do inimigo com um dos seu pr\u00f3prio. As colis\u00f5es de bola de neve a bola de neve custam e voc\u00ea n\u00e3o ganha pontos.<\/p>\n\n\n\n<p>A estrela inimiga \u00e9 completamente im\u00f3vel, permitindo que voc\u00ea navegue entre seus planetas em \u00f3rbita com o seu, embora comece a se mover se for atra\u00edda por sua gravidade e presen\u00e7a pr\u00f3xima, ent\u00e3o evite pairar muito em torno dela para impedi-la de voar atrav\u00e9s do tela. N\u00e3o tenha pressa, pois n\u00e3o h\u00e1 rel\u00f3gio ou cron\u00f4metro aqui, e aguarde as \u00f3rbitas de ambos os planetas do sistema para facilitar seus acertos, lembrando-se de evitar desvios. Se ainda n\u00e3o o fez, ajuda a ter uma ideia de como as \u00f3rbitas funcionam em <em>Solar 2<\/em>.<\/p>\n\n\n\n<div class=\"wp-block-image\"><figure class=\"aligncenter size-large\"><img decoding=\"async\" width=\"1024\" height=\"640\" src=\"https:\/\/solar2.standardof.net\/wp-content\/uploads\/sites\/2\/2020\/10\/Solar-2-Star-Challenge-Mission-3-Snowball-Fight-1024x640.jpg\" alt=\"Star Challenge: Snowball Fight - Solar 2\" class=\"wp-image-186\" srcset=\"https:\/\/solar2.standardof.net\/wp-content\/uploads\/sites\/2\/2020\/10\/Solar-2-Star-Challenge-Mission-3-Snowball-Fight-1024x640.jpg 1024w, https:\/\/solar2.standardof.net\/wp-content\/uploads\/sites\/2\/2020\/10\/Solar-2-Star-Challenge-Mission-3-Snowball-Fight-300x188.jpg 300w, https:\/\/solar2.standardof.net\/wp-content\/uploads\/sites\/2\/2020\/10\/Solar-2-Star-Challenge-Mission-3-Snowball-Fight-16x10.jpg 16w, https:\/\/solar2.standardof.net\/wp-content\/uploads\/sites\/2\/2020\/10\/Solar-2-Star-Challenge-Mission-3-Snowball-Fight.jpg 1152w\" sizes=\"(max-width: 1024px) 100vw, 1024px\" \/><figcaption>Atingir a estrela inimiga com um planeta de neve em Snowball Fight.<\/figcaption><\/figure><\/div>\n\n\n\n<hr class=\"wp-block-separator\"\/>\n\n\n\n<h3 class=\"has-text-align-center wp-block-heading\">Guia do v\u00eddeo &#039;Snowball Fight&#039;<\/h3>\n\n\n\n<figure class=\"wp-block-embed-youtube wp-block-embed is-type-video is-provider-youtube wp-embed-aspect-16-9 wp-has-aspect-ratio wp-embed-aspect-4-3\"><div class=\"wp-block-embed__wrapper\">\n<div class=\"ast-oembed-container\" style=\"height: 100%;\"><iframe title=\"Solar 2 - Snowball Fight - Star Challenge Mission - Hard Score\" width=\"500\" height=\"375\" src=\"https:\/\/www.youtube.com\/embed\/OuflcA7gHd0?feature=oembed\" frameborder=\"0\" allow=\"accelerometer; autoplay; clipboard-write; encrypted-media; gyroscope; picture-in-picture; web-share\" referrerpolicy=\"strict-origin-when-cross-origin\" allowfullscreen><\/iframe><\/div>\n<\/div><\/figure>","protected":false},"excerpt":{"rendered":"<p>Star Challenge Mission 3: &#8216;Snowball Fight&#8217; The Snowball Fight challenge mission is a special challenge added for the 2011 Steam Winter Sale as one of the gift grab games, with the associated achievement Snowflake Star which unlocks for players earning at least 4 points, or the medium score for this mission. The idea here is [&hellip;]<\/p>","protected":false},"author":1,"featured_media":12,"parent":124,"menu_order":0,"comment_status":"open","ping_status":"closed","template":"","meta":{"_uag_custom_page_level_css":"","site-sidebar-layout":"default","site-content-layout":"default","ast-site-content-layout":"","site-content-style":"default","site-sidebar-style":"default","ast-global-header-display":"","ast-banner-title-visibility":"","ast-main-header-display":"","ast-hfb-above-header-display":"","ast-hfb-below-header-display":"","ast-hfb-mobile-header-display":"","site-post-title":"","ast-breadcrumbs-content":"","ast-featured-img":"","footer-sml-layout":"","theme-transparent-header-meta":"default","adv-header-id-meta":"","stick-header-meta":"","header-above-stick-meta":"","header-main-stick-meta":"","header-below-stick-meta":"","astra-migrate-meta-layouts":"default","ast-page-background-enabled":"default","ast-page-background-meta":{"desktop":{"background-color":"","background-image":"","background-repeat":"repeat","background-position":"center center","background-size":"auto","background-attachment":"scroll","background-type":"","background-media":"","overlay-type":"","overlay-color":"","overlay-gradient":""},"tablet":{"background-color":"","background-image":"","background-repeat":"repeat","background-position":"center center","background-size":"auto","background-attachment":"scroll","background-type":"","background-media":"","overlay-type":"","overlay-color":"","overlay-gradient":""},"mobile":{"background-color":"","background-image":"","background-repeat":"repeat","background-position":"center center","background-size":"auto","background-attachment":"scroll","background-type":"","background-media":"","overlay-type":"","overlay-color":"","overlay-gradient":""}},"ast-content-background-meta":{"desktop":{"background-color":"var(--ast-global-color-5)","background-image":"","background-repeat":"repeat","background-position":"center center","background-size":"auto","background-attachment":"scroll","background-type":"","background-media":"","overlay-type":"","overlay-color":"","overlay-gradient":""},"tablet":{"background-color":"var(--ast-global-color-5)","background-image":"","background-repeat":"repeat","background-position":"center center","background-size":"auto","background-attachment":"scroll","background-type":"","background-media":"","overlay-type":"","overlay-color":"","overlay-gradient":""},"mobile":{"background-color":"var(--ast-global-color-5)","background-image":"","background-repeat":"repeat","background-position":"center center","background-size":"auto","background-attachment":"scroll","background-type":"","background-media":"","overlay-type":"","overlay-color":"","overlay-gradient":""}},"footnotes":""},"uagb_featured_image_src":{"full":["https:\/\/solar2.standardof.net\/wp-content\/uploads\/sites\/2\/2020\/10\/Solar-2-Header-Background-1.jpeg",1680,1050,false],"thumbnail":["https:\/\/solar2.standardof.net\/wp-content\/uploads\/sites\/2\/2020\/10\/Solar-2-Header-Background-1-150x150.jpeg",150,150,true],"medium":["https:\/\/solar2.standardof.net\/wp-content\/uploads\/sites\/2\/2020\/10\/Solar-2-Header-Background-1-300x188.jpeg",300,188,true],"medium_large":["https:\/\/solar2.standardof.net\/wp-content\/uploads\/sites\/2\/2020\/10\/Solar-2-Header-Background-1.jpeg",768,480,false],"large":["https:\/\/solar2.standardof.net\/wp-content\/uploads\/sites\/2\/2020\/10\/Solar-2-Header-Background-1-1024x640.jpeg",1024,640,true],"1536x1536":["https:\/\/solar2.standardof.net\/wp-content\/uploads\/sites\/2\/2020\/10\/Solar-2-Header-Background-1.jpeg",1536,960,false],"2048x2048":["https:\/\/solar2.standardof.net\/wp-content\/uploads\/sites\/2\/2020\/10\/Solar-2-Header-Background-1.jpeg",1680,1050,false],"trp-custom-language-flag":["https:\/\/solar2.standardof.net\/wp-content\/uploads\/sites\/2\/2020\/10\/Solar-2-Header-Background-1-16x10.jpeg",16,10,true]},"uagb_author_info":{"display_name":"SOE","author_link":"https:\/\/solar2.standardof.net\/pt\/author\/k-tastic\/"},"uagb_comment_info":0,"uagb_excerpt":"Star Challenge Mission 3: &#8216;Snowball Fight&#8217; The Snowball Fight challenge mission is a special challenge added for the 2011 Steam Winter Sale as one of the gift grab games, with the associated achievement Snowflake Star which unlocks for players earning at least 4 points, or the medium score for this mission. The idea here is&hellip;","_links":{"self":[{"href":"https:\/\/solar2.standardof.net\/pt\/wp-json\/wp\/v2\/pages\/178"}],"collection":[{"href":"https:\/\/solar2.standardof.net\/pt\/wp-json\/wp\/v2\/pages"}],"about":[{"href":"https:\/\/solar2.standardof.net\/pt\/wp-json\/wp\/v2\/types\/page"}],"author":[{"embeddable":true,"href":"https:\/\/solar2.standardof.net\/pt\/wp-json\/wp\/v2\/users\/1"}],"replies":[{"embeddable":true,"href":"https:\/\/solar2.standardof.net\/pt\/wp-json\/wp\/v2\/comments?post=178"}],"version-history":[{"count":0,"href":"https:\/\/solar2.standardof.net\/pt\/wp-json\/wp\/v2\/pages\/178\/revisions"}],"up":[{"embeddable":true,"href":"https:\/\/solar2.standardof.net\/pt\/wp-json\/wp\/v2\/pages\/124"}],"wp:featuredmedia":[{"embeddable":true,"href":"https:\/\/solar2.standardof.net\/pt\/wp-json\/wp\/v2\/media\/12"}],"wp:attachment":[{"href":"https:\/\/solar2.standardof.net\/pt\/wp-json\/wp\/v2\/media?parent=178"}],"curies":[{"name":"wp","href":"https:\/\/api.w.org\/{rel}","templated":true}]}}