{"id":179,"date":"2020-10-14T09:04:08","date_gmt":"2020-10-14T09:04:08","guid":{"rendered":"https:\/\/solar2.standardof.net\/?page_id=179"},"modified":"2020-10-14T12:54:40","modified_gmt":"2020-10-14T12:54:40","slug":"dark-dodger","status":"publish","type":"page","link":"https:\/\/solar2.standardof.net\/pt\/solar-2-guide\/estrela-sistema-solar-estagio-2\/esquiva\/","title":{"rendered":"Miss\u00e3o 1 do Star Challenge: &#039;Dark Dodger&#039;"},"content":{"rendered":"<h2 class=\"wp-block-heading\">Miss\u00e3o 1 do Star Challenge: &#039;Dark Dodger&#039;<\/h2>\n\n\n\n<p>A miss\u00e3o de desafio estelar Dark Dodger ter\u00e1 voc\u00ea como uma estrela de n\u00eautrons, com a tarefa de permanecer dentro de um grande c\u00edrculo desenhado no espa\u00e7o enquanto ondas de aster\u00f3ides de mat\u00e9ria escura s\u00e3o geradas perto de voc\u00ea sem parar. Depende de voc\u00ea se esquivar e sobreviver a essas rochas o m\u00e1ximo poss\u00edvel, pelo menos 35 segundos necess\u00e1rios para a pontua\u00e7\u00e3o dif\u00edcil, percebendo que um \u00fanico impacto gerar\u00e1 um buraco negro que sugar\u00e1 e destruir\u00e1 sua estrela.<\/p>\n\n\n\n<p>Pontua\u00e7\u00e3o f\u00e1cil: sobreviva por pelo menos 15 segundos.<br>Pontua\u00e7\u00e3o m\u00e9dia: sobreviva por pelo menos 25 segundos.<br>Pontua\u00e7\u00e3o dif\u00edcil: sobreviver por pelo menos 35 segundos.<\/p>\n\n\n\n<p>Esse desafio n\u00e3o \u00e9 t\u00e3o dif\u00edcil quanto pode parecer, pois para iniciantes em Dark Dodger os aster\u00f3ides s\u00e3o gerados lentamente e com pouca ou nenhuma velocidade inicial. O \u00fanico fator trabalhando contra voc\u00ea \u00e9 o enorme po\u00e7o gravitacional da estrela de n\u00eautrons que os puxar\u00e1 constantemente em sua dire\u00e7\u00e3o. Como uma m\u00e3o amiga, a fun\u00e7\u00e3o de caminho \u00e9 for\u00e7ada nesta miss\u00e3o, permitindo que voc\u00ea se mova na dire\u00e7\u00e3o oposta dos aster\u00f3ides que se aproximam enquanto evita colis\u00f5es com eles. Lembre-se de que os aster\u00f3ides permanecer\u00e3o dentro do c\u00edrculo e o desafio torna-se cada vez mais dif\u00edcil com o aumento do n\u00famero, embora alguns possam colidir e absorver uns aos outros ao mesmo tempo. N\u00e3o pare de se mover e fique o mais longe poss\u00edvel de todos eles para limitar sua atra\u00e7\u00e3o gravitacional.<\/p>\n\n\n\n<div class=\"wp-block-image\"><figure class=\"aligncenter size-large\"><img decoding=\"async\" width=\"1024\" height=\"576\" src=\"https:\/\/solar2.standardof.net\/wp-content\/uploads\/sites\/2\/2020\/10\/Solar-2-Star-Challenge-Mission-1-Dark-Dodger-1024x576.jpg\" alt=\"Star Challenge: Dark Dodger - Solar 2\" class=\"wp-image-181\" srcset=\"https:\/\/solar2.standardof.net\/wp-content\/uploads\/sites\/2\/2020\/10\/Solar-2-Star-Challenge-Mission-1-Dark-Dodger-1024x576.jpg 1024w, https:\/\/solar2.standardof.net\/wp-content\/uploads\/sites\/2\/2020\/10\/Solar-2-Star-Challenge-Mission-1-Dark-Dodger-300x169.jpg 300w, https:\/\/solar2.standardof.net\/wp-content\/uploads\/sites\/2\/2020\/10\/Solar-2-Star-Challenge-Mission-1-Dark-Dodger-16x9.jpg 16w, https:\/\/solar2.standardof.net\/wp-content\/uploads\/sites\/2\/2020\/10\/Solar-2-Star-Challenge-Mission-1-Dark-Dodger.jpg 1920w\" sizes=\"(max-width: 1024px) 100vw, 1024px\" \/><figcaption>Fugindo dos aster\u00f3ides em Dark Dodger.<\/figcaption><\/figure><\/div>\n\n\n\n<hr class=\"wp-block-separator\"\/>\n\n\n\n<h3 class=\"has-text-align-center wp-block-heading\">Guia de v\u00eddeo Dark Dodger<\/h3>\n\n\n\n<figure class=\"wp-block-embed-youtube wp-block-embed is-type-video is-provider-youtube wp-embed-aspect-16-9 wp-has-aspect-ratio\"><div class=\"wp-block-embed__wrapper\">\n<div class=\"ast-oembed-container\" style=\"height: 100%;\"><iframe title=\"Solar 2 - Dark Dodger - Star Challenge Mission - Hard Score\" width=\"500\" height=\"281\" src=\"https:\/\/www.youtube.com\/embed\/dfOYHkDS5JQ?feature=oembed\" frameborder=\"0\" allow=\"accelerometer; autoplay; clipboard-write; encrypted-media; gyroscope; picture-in-picture; web-share\" referrerpolicy=\"strict-origin-when-cross-origin\" allowfullscreen><\/iframe><\/div>\n<\/div><\/figure>","protected":false},"excerpt":{"rendered":"<p>Star Challenge Mission 1: &#8216;Dark Dodger&#8217; The Dark Dodger star challenge mission will have you as a Neutron Star, tasked with staying within a large circle drawn in space while waves of dark matter asteroids are spawned near you non-stop. It is up to you to dodge and survive these rocks as much as possible, [&hellip;]<\/p>","protected":false},"author":1,"featured_media":12,"parent":124,"menu_order":0,"comment_status":"open","ping_status":"closed","template":"","meta":{"_uag_custom_page_level_css":"","site-sidebar-layout":"default","site-content-layout":"default","ast-site-content-layout":"","site-content-style":"default","site-sidebar-style":"default","ast-global-header-display":"","ast-banner-title-visibility":"","ast-main-header-display":"","ast-hfb-above-header-display":"","ast-hfb-below-header-display":"","ast-hfb-mobile-header-display":"","site-post-title":"","ast-breadcrumbs-content":"","ast-featured-img":"","footer-sml-layout":"","theme-transparent-header-meta":"default","adv-header-id-meta":"","stick-header-meta":"","header-above-stick-meta":"","header-main-stick-meta":"","header-below-stick-meta":"","astra-migrate-meta-layouts":"default","ast-page-background-enabled":"default","ast-page-background-meta":{"desktop":{"background-color":"","background-image":"","background-repeat":"repeat","background-position":"center center","background-size":"auto","background-attachment":"scroll","background-type":"","background-media":"","overlay-type":"","overlay-color":"","overlay-gradient":""},"tablet":{"background-color":"","background-image":"","background-repeat":"repeat","background-position":"center center","background-size":"auto","background-attachment":"scroll","background-type":"","background-media":"","overlay-type":"","overlay-color":"","overlay-gradient":""},"mobile":{"background-color":"","background-image":"","background-repeat":"repeat","background-position":"center center","background-size":"auto","background-attachment":"scroll","background-type":"","background-media":"","overlay-type":"","overlay-color":"","overlay-gradient":""}},"ast-content-background-meta":{"desktop":{"background-color":"var(--ast-global-color-5)","background-image":"","background-repeat":"repeat","background-position":"center center","background-size":"auto","background-attachment":"scroll","background-type":"","background-media":"","overlay-type":"","overlay-color":"","overlay-gradient":""},"tablet":{"background-color":"var(--ast-global-color-5)","background-image":"","background-repeat":"repeat","background-position":"center center","background-size":"auto","background-attachment":"scroll","background-type":"","background-media":"","overlay-type":"","overlay-color":"","overlay-gradient":""},"mobile":{"background-color":"var(--ast-global-color-5)","background-image":"","background-repeat":"repeat","background-position":"center center","background-size":"auto","background-attachment":"scroll","background-type":"","background-media":"","overlay-type":"","overlay-color":"","overlay-gradient":""}},"footnotes":""},"uagb_featured_image_src":{"full":["https:\/\/solar2.standardof.net\/wp-content\/uploads\/sites\/2\/2020\/10\/Solar-2-Header-Background-1.jpeg",1680,1050,false],"thumbnail":["https:\/\/solar2.standardof.net\/wp-content\/uploads\/sites\/2\/2020\/10\/Solar-2-Header-Background-1-150x150.jpeg",150,150,true],"medium":["https:\/\/solar2.standardof.net\/wp-content\/uploads\/sites\/2\/2020\/10\/Solar-2-Header-Background-1-300x188.jpeg",300,188,true],"medium_large":["https:\/\/solar2.standardof.net\/wp-content\/uploads\/sites\/2\/2020\/10\/Solar-2-Header-Background-1.jpeg",768,480,false],"large":["https:\/\/solar2.standardof.net\/wp-content\/uploads\/sites\/2\/2020\/10\/Solar-2-Header-Background-1-1024x640.jpeg",1024,640,true],"1536x1536":["https:\/\/solar2.standardof.net\/wp-content\/uploads\/sites\/2\/2020\/10\/Solar-2-Header-Background-1.jpeg",1536,960,false],"2048x2048":["https:\/\/solar2.standardof.net\/wp-content\/uploads\/sites\/2\/2020\/10\/Solar-2-Header-Background-1.jpeg",1680,1050,false],"trp-custom-language-flag":["https:\/\/solar2.standardof.net\/wp-content\/uploads\/sites\/2\/2020\/10\/Solar-2-Header-Background-1-16x10.jpeg",16,10,true]},"uagb_author_info":{"display_name":"SOE","author_link":"https:\/\/solar2.standardof.net\/pt\/author\/k-tastic\/"},"uagb_comment_info":0,"uagb_excerpt":"Star Challenge Mission 1: &#8216;Dark Dodger&#8217; The Dark Dodger star challenge mission will have you as a Neutron Star, tasked with staying within a large circle drawn in space while waves of dark matter asteroids are spawned near you non-stop. It is up to you to dodge and survive these rocks as much as possible,&hellip;","_links":{"self":[{"href":"https:\/\/solar2.standardof.net\/pt\/wp-json\/wp\/v2\/pages\/179"}],"collection":[{"href":"https:\/\/solar2.standardof.net\/pt\/wp-json\/wp\/v2\/pages"}],"about":[{"href":"https:\/\/solar2.standardof.net\/pt\/wp-json\/wp\/v2\/types\/page"}],"author":[{"embeddable":true,"href":"https:\/\/solar2.standardof.net\/pt\/wp-json\/wp\/v2\/users\/1"}],"replies":[{"embeddable":true,"href":"https:\/\/solar2.standardof.net\/pt\/wp-json\/wp\/v2\/comments?post=179"}],"version-history":[{"count":0,"href":"https:\/\/solar2.standardof.net\/pt\/wp-json\/wp\/v2\/pages\/179\/revisions"}],"up":[{"embeddable":true,"href":"https:\/\/solar2.standardof.net\/pt\/wp-json\/wp\/v2\/pages\/124"}],"wp:featuredmedia":[{"embeddable":true,"href":"https:\/\/solar2.standardof.net\/pt\/wp-json\/wp\/v2\/media\/12"}],"wp:attachment":[{"href":"https:\/\/solar2.standardof.net\/pt\/wp-json\/wp\/v2\/media?parent=179"}],"curies":[{"name":"wp","href":"https:\/\/api.w.org\/{rel}","templated":true}]}}