{"id":180,"date":"2020-10-14T09:07:09","date_gmt":"2020-10-14T09:07:09","guid":{"rendered":"https:\/\/solar2.standardof.net\/?page_id=180"},"modified":"2020-10-14T12:54:41","modified_gmt":"2020-10-14T12:54:41","slug":"getaway-again","status":"publish","type":"page","link":"https:\/\/solar2.standardof.net\/pt\/solar-2-guide\/estrela-sistema-solar-estagio-2\/fuga-de-novo\/","title":{"rendered":"Miss\u00e3o 2 do Star Challenge: &#039;Getaway Again&#039;"},"content":{"rendered":"<h2 class=\"wp-block-heading\">Miss\u00e3o 2 do Star Challenge: &#039;Getaway Again&#039;<\/h2>\n\n\n\n<p>A miss\u00e3o de desafio da estrela Getaway Again em <em>Solar 2<\/em>, como o pr\u00f3prio nome sugere, \u00e9 uma repeti\u00e7\u00e3o da miss\u00e3o da hist\u00f3ria da estrela Getaway com uma nova reviravolta para enfrent\u00e1-lo. Voc\u00ea precisar\u00e1 completar o curso inteiro levando o m\u00ednimo de dano poss\u00edvel como uma grande estrela. Nota: Voc\u00ea n\u00e3o pode escapar do curso para completar esta miss\u00e3o como pode fazer com a vers\u00e3o da hist\u00f3ria, voc\u00ea ter\u00e1 que seguir o caminho dif\u00edcil e navegar por todo o curso para ter sucesso.<\/p>\n\n\n\n<p>Pontua\u00e7\u00e3o f\u00e1cil: menos de 1500 de dano recebido.<br>Pontua\u00e7\u00e3o m\u00e9dia: menos de 500 de dano recebido.<br>Pontua\u00e7\u00e3o dif\u00edcil: Menos de 150 de dano recebido.<\/p>\n\n\n\n<p>Se voc\u00ea j\u00e1 concluiu o Getaway, na verdade achar\u00e1 este desafio um pouco mais f\u00e1cil em alguns aspectos, considerando que o curso em si \u00e9 um pouco mais f\u00e1cil de navegar. No entanto, o desafio aqui \u00e9 evitar danos. Sua melhor aposta \u00e9 n\u00e3o se preocupar tanto com aster\u00f3ides, evitando-os quando poss\u00edvel, mas absorver os impactos ao se esquivar deles pode fazer com que voc\u00ea colida com algo maior. Como o dano dos aster\u00f3ides \u00e9 de apenas 1 por rocha, voc\u00ea pode absorver pelo menos 149 acertos de aster\u00f3ides sem enfrentar a falha ou negar a pontua\u00e7\u00e3o dif\u00edcil. Contanto que voc\u00ea possa evitar as pr\u00f3prias estrelas, voc\u00ea ficar\u00e1 bem aqui, entretanto, se n\u00e3o, uma \u00fanica colis\u00e3o de alto dano com uma pode significar falha. A chave do caminho o ajudar\u00e1 a prever os caminhos que se aproximam, e lembre-se de utilizar e tomar cuidado com os efeitos da gravidade e da rota estelar.<\/p>\n\n\n\n<figure class=\"wp-block-gallery columns-2 is-cropped wp-block-gallery-1 is-layout-flex wp-block-gallery-is-layout-flex\"><ul class=\"blocks-gallery-grid\"><li class=\"blocks-gallery-item\"><figure><img decoding=\"async\" width=\"1024\" height=\"576\" src=\"https:\/\/solar2.standardof.net\/wp-content\/uploads\/sites\/2\/2020\/10\/Solar-2-Star-Challenge-Mission-2-Getaway-Again-1-1024x576.jpg\" alt=\"Star Challenge: Getaway Again - Solar 2\" data-id=\"183\" data-full-url=\"https:\/\/solar2.standardof.net\/wp-content\/uploads\/sites\/2\/2020\/10\/Solar-2-Star-Challenge-Mission-2-Getaway-Again-1.jpg\" data-link=\"https:\/\/solar2.standardof.net\/?attachment_id=183\" class=\"wp-image-183\" srcset=\"https:\/\/solar2.standardof.net\/wp-content\/uploads\/sites\/2\/2020\/10\/Solar-2-Star-Challenge-Mission-2-Getaway-Again-1-1024x576.jpg 1024w, https:\/\/solar2.standardof.net\/wp-content\/uploads\/sites\/2\/2020\/10\/Solar-2-Star-Challenge-Mission-2-Getaway-Again-1-300x169.jpg 300w, https:\/\/solar2.standardof.net\/wp-content\/uploads\/sites\/2\/2020\/10\/Solar-2-Star-Challenge-Mission-2-Getaway-Again-1-16x9.jpg 16w, https:\/\/solar2.standardof.net\/wp-content\/uploads\/sites\/2\/2020\/10\/Solar-2-Star-Challenge-Mission-2-Getaway-Again-1.jpg 1920w\" sizes=\"(max-width: 1024px) 100vw, 1024px\" \/><figcaption class=\"blocks-gallery-item__caption\">Evitando alguns aglomerados de aster\u00f3ides em Getaway Again.<\/figcaption><\/figure><\/li><li class=\"blocks-gallery-item\"><figure><img decoding=\"async\" width=\"1024\" height=\"576\" src=\"https:\/\/solar2.standardof.net\/wp-content\/uploads\/sites\/2\/2020\/10\/Solar-2-Star-Challenge-Mission-2-Getaway-Again-2-1024x576.jpg\" alt=\"Star Challenge: Getaway Again - Solar 2\" data-id=\"184\" data-full-url=\"https:\/\/solar2.standardof.net\/wp-content\/uploads\/sites\/2\/2020\/10\/Solar-2-Star-Challenge-Mission-2-Getaway-Again-2.jpg\" data-link=\"https:\/\/solar2.standardof.net\/?attachment_id=184\" class=\"wp-image-184\" srcset=\"https:\/\/solar2.standardof.net\/wp-content\/uploads\/sites\/2\/2020\/10\/Solar-2-Star-Challenge-Mission-2-Getaway-Again-2-1024x576.jpg 1024w, https:\/\/solar2.standardof.net\/wp-content\/uploads\/sites\/2\/2020\/10\/Solar-2-Star-Challenge-Mission-2-Getaway-Again-2-300x169.jpg 300w, https:\/\/solar2.standardof.net\/wp-content\/uploads\/sites\/2\/2020\/10\/Solar-2-Star-Challenge-Mission-2-Getaway-Again-2-16x9.jpg 16w, https:\/\/solar2.standardof.net\/wp-content\/uploads\/sites\/2\/2020\/10\/Solar-2-Star-Challenge-Mission-2-Getaway-Again-2.jpg 1920w\" sizes=\"(max-width: 1024px) 100vw, 1024px\" \/><figcaption class=\"blocks-gallery-item__caption\">Duas estrelas podem passar de cada lado da estrela controlada e colidir \u00e0 frente.<\/figcaption><\/figure><\/li><\/ul><\/figure>\n\n\n\n<hr class=\"wp-block-separator\"\/>\n\n\n\n<h3 class=\"has-text-align-center wp-block-heading\">Getaway Again Video Guide<\/h3>\n\n\n\n<figure class=\"wp-block-embed-youtube wp-block-embed is-type-video is-provider-youtube wp-embed-aspect-16-9 wp-has-aspect-ratio\"><div class=\"wp-block-embed__wrapper\">\n<div class=\"ast-oembed-container\" style=\"height: 100%;\"><iframe title=\"Solar 2 - Getaway Again - Star Challenge Mission - Hard Score\" width=\"500\" height=\"281\" src=\"https:\/\/www.youtube.com\/embed\/4NxXekIkN5Q?feature=oembed\" frameborder=\"0\" allow=\"accelerometer; autoplay; clipboard-write; encrypted-media; gyroscope; picture-in-picture; web-share\" referrerpolicy=\"strict-origin-when-cross-origin\" allowfullscreen><\/iframe><\/div>\n<\/div><\/figure>","protected":false},"excerpt":{"rendered":"<p>Star Challenge Mission 2: &#8216;Getaway Again&#8217; The Getaway Again star challenge mission in Solar 2, as its name suggests, is a repeat of the Getaway star story mission with a new twist to have you facing off against. You will need to complete the entire course while taking as little damage as possible as a [&hellip;]<\/p>","protected":false},"author":1,"featured_media":12,"parent":124,"menu_order":0,"comment_status":"open","ping_status":"closed","template":"","meta":{"_uag_custom_page_level_css":"","site-sidebar-layout":"default","site-content-layout":"default","ast-site-content-layout":"","site-content-style":"default","site-sidebar-style":"default","ast-global-header-display":"","ast-banner-title-visibility":"","ast-main-header-display":"","ast-hfb-above-header-display":"","ast-hfb-below-header-display":"","ast-hfb-mobile-header-display":"","site-post-title":"","ast-breadcrumbs-content":"","ast-featured-img":"","footer-sml-layout":"","theme-transparent-header-meta":"default","adv-header-id-meta":"","stick-header-meta":"","header-above-stick-meta":"","header-main-stick-meta":"","header-below-stick-meta":"","astra-migrate-meta-layouts":"default","ast-page-background-enabled":"default","ast-page-background-meta":{"desktop":{"background-color":"","background-image":"","background-repeat":"repeat","background-position":"center center","background-size":"auto","background-attachment":"scroll","background-type":"","background-media":"","overlay-type":"","overlay-color":"","overlay-gradient":""},"tablet":{"background-color":"","background-image":"","background-repeat":"repeat","background-position":"center center","background-size":"auto","background-attachment":"scroll","background-type":"","background-media":"","overlay-type":"","overlay-color":"","overlay-gradient":""},"mobile":{"background-color":"","background-image":"","background-repeat":"repeat","background-position":"center center","background-size":"auto","background-attachment":"scroll","background-type":"","background-media":"","overlay-type":"","overlay-color":"","overlay-gradient":""}},"ast-content-background-meta":{"desktop":{"background-color":"var(--ast-global-color-5)","background-image":"","background-repeat":"repeat","background-position":"center center","background-size":"auto","background-attachment":"scroll","background-type":"","background-media":"","overlay-type":"","overlay-color":"","overlay-gradient":""},"tablet":{"background-color":"var(--ast-global-color-5)","background-image":"","background-repeat":"repeat","background-position":"center center","background-size":"auto","background-attachment":"scroll","background-type":"","background-media":"","overlay-type":"","overlay-color":"","overlay-gradient":""},"mobile":{"background-color":"var(--ast-global-color-5)","background-image":"","background-repeat":"repeat","background-position":"center center","background-size":"auto","background-attachment":"scroll","background-type":"","background-media":"","overlay-type":"","overlay-color":"","overlay-gradient":""}},"footnotes":""},"uagb_featured_image_src":{"full":["https:\/\/solar2.standardof.net\/wp-content\/uploads\/sites\/2\/2020\/10\/Solar-2-Header-Background-1.jpeg",1680,1050,false],"thumbnail":["https:\/\/solar2.standardof.net\/wp-content\/uploads\/sites\/2\/2020\/10\/Solar-2-Header-Background-1-150x150.jpeg",150,150,true],"medium":["https:\/\/solar2.standardof.net\/wp-content\/uploads\/sites\/2\/2020\/10\/Solar-2-Header-Background-1-300x188.jpeg",300,188,true],"medium_large":["https:\/\/solar2.standardof.net\/wp-content\/uploads\/sites\/2\/2020\/10\/Solar-2-Header-Background-1.jpeg",768,480,false],"large":["https:\/\/solar2.standardof.net\/wp-content\/uploads\/sites\/2\/2020\/10\/Solar-2-Header-Background-1-1024x640.jpeg",1024,640,true],"1536x1536":["https:\/\/solar2.standardof.net\/wp-content\/uploads\/sites\/2\/2020\/10\/Solar-2-Header-Background-1.jpeg",1536,960,false],"2048x2048":["https:\/\/solar2.standardof.net\/wp-content\/uploads\/sites\/2\/2020\/10\/Solar-2-Header-Background-1.jpeg",1680,1050,false],"trp-custom-language-flag":["https:\/\/solar2.standardof.net\/wp-content\/uploads\/sites\/2\/2020\/10\/Solar-2-Header-Background-1-16x10.jpeg",16,10,true]},"uagb_author_info":{"display_name":"SOE","author_link":"https:\/\/solar2.standardof.net\/pt\/author\/k-tastic\/"},"uagb_comment_info":0,"uagb_excerpt":"Star Challenge Mission 2: &#8216;Getaway Again&#8217; The Getaway Again star challenge mission in Solar 2, as its name suggests, is a repeat of the Getaway star story mission with a new twist to have you facing off against. You will need to complete the entire course while taking as little damage as possible as a&hellip;","_links":{"self":[{"href":"https:\/\/solar2.standardof.net\/pt\/wp-json\/wp\/v2\/pages\/180"}],"collection":[{"href":"https:\/\/solar2.standardof.net\/pt\/wp-json\/wp\/v2\/pages"}],"about":[{"href":"https:\/\/solar2.standardof.net\/pt\/wp-json\/wp\/v2\/types\/page"}],"author":[{"embeddable":true,"href":"https:\/\/solar2.standardof.net\/pt\/wp-json\/wp\/v2\/users\/1"}],"replies":[{"embeddable":true,"href":"https:\/\/solar2.standardof.net\/pt\/wp-json\/wp\/v2\/comments?post=180"}],"version-history":[{"count":0,"href":"https:\/\/solar2.standardof.net\/pt\/wp-json\/wp\/v2\/pages\/180\/revisions"}],"up":[{"embeddable":true,"href":"https:\/\/solar2.standardof.net\/pt\/wp-json\/wp\/v2\/pages\/124"}],"wp:featuredmedia":[{"embeddable":true,"href":"https:\/\/solar2.standardof.net\/pt\/wp-json\/wp\/v2\/media\/12"}],"wp:attachment":[{"href":"https:\/\/solar2.standardof.net\/pt\/wp-json\/wp\/v2\/media?parent=180"}],"curies":[{"name":"wp","href":"https:\/\/api.w.org\/{rel}","templated":true}]}}