{"id":190,"date":"2020-10-14T09:22:57","date_gmt":"2020-10-14T09:22:57","guid":{"rendered":"https:\/\/solar2.standardof.net\/?page_id=190"},"modified":"2020-10-14T12:54:38","modified_gmt":"2020-10-14T12:54:38","slug":"chaos-duel","status":"publish","type":"page","link":"https:\/\/solar2.standardof.net\/pt\/solar-2-guide\/estrela-sistema-solar-estagio-2\/duelo-do-caos\/","title":{"rendered":"Multi-Star Challenge Mission 1: Chaos Duel"},"content":{"rendered":"<h2 class=\"wp-block-heading\">Desafio de duelo do caos<\/h2>\n\n\n\n<p>Chaos Duel tem voc\u00ea gerado como uma estrela g\u00eamea, com um sistema solar completo consistindo de planetas de vida evolu\u00eddos com op\u00e7\u00f5es f\u00edsicas ativadas para torres m\u00e1ximas e formas de vida m\u00e1ximas, enfrentando um sistema multi-estrelas semelhante. Seu inimigo ter\u00e1 uma vantagem aqui, com suas estrelas consistindo de duas estrelas de est\u00e1gio de n\u00eautrons, sendo a sua de tamanho m\u00e9dio. A tarefa aqui \u00e9 destruir as estrelas duplas do sistema inimigo enquanto sobrevive, dentro de um limite de tempo definido para atingir cada pontua\u00e7\u00e3o.<\/p>\n\n\n\n<p>Pontua\u00e7\u00e3o f\u00e1cil: Destrua o sistema inimigo em 3 minutos ou menos.<br>Pontua\u00e7\u00e3o m\u00e9dia: Destrua o sistema inimigo em 2 minutos ou menos.<br>Pontua\u00e7\u00e3o dif\u00edcil: Destrua o sistema inimigo em 1 minuto ou menos.<\/p>\n\n\n\n<p>O truque com o Chaos Duel para superar rapidamente o inimigo pelo placar dif\u00edcil \u00e9 come\u00e7ar a luta explodindo seu sistema no deles. Tente usar suas estrelas (de prefer\u00eancia) para eliminar os planetas de vida inimigos, ou seus pr\u00f3prios planetas, se puder fazer isso sem perder muitos, para fazer com que os escudos da estrela caiam. Uma vez que voc\u00ea tenha uma vantagem significativa de vida, voc\u00ea pode permitir que algumas das naves ajudem a erradicar os planetas contendo vidas inimigas. Assim que os escudos da estrela inimiga estiverem abaixados, com o seu ainda levantado (com sorte), voc\u00ea pode atingir as estrelas de n\u00eautrons diretamente, detonando-as enquanto sua estrela \u00e9 salva pelo escudo. Mude para acertar com sua segunda estrela ainda protegida para eliminar #2 da mesma maneira. Assim que as estrelas de n\u00eautrons inimigas se forem, voc\u00ea vence, mesmo se houver planetas vivos flutuando no espa\u00e7o.<\/p>\n\n\n\n<figure class=\"wp-block-gallery aligncenter columns-2 is-cropped wp-block-gallery-1 is-layout-flex wp-block-gallery-is-layout-flex\"><ul class=\"blocks-gallery-grid\"><li class=\"blocks-gallery-item\"><figure><img decoding=\"async\" width=\"1024\" height=\"576\" src=\"https:\/\/solar2.standardof.net\/wp-content\/uploads\/sites\/2\/2020\/10\/Solar-2-Multi-Star-Chaos-Duel-Challenge-1-1024x576.jpg\" alt=\"Multi-Star Challenge: Chaos Duel - Solar 2\" data-id=\"191\" data-full-url=\"https:\/\/solar2.standardof.net\/wp-content\/uploads\/sites\/2\/2020\/10\/Solar-2-Multi-Star-Chaos-Duel-Challenge-1.jpg\" data-link=\"https:\/\/solar2.standardof.net\/?attachment_id=191\" class=\"wp-image-191\" srcset=\"https:\/\/solar2.standardof.net\/wp-content\/uploads\/sites\/2\/2020\/10\/Solar-2-Multi-Star-Chaos-Duel-Challenge-1-1024x576.jpg 1024w, https:\/\/solar2.standardof.net\/wp-content\/uploads\/sites\/2\/2020\/10\/Solar-2-Multi-Star-Chaos-Duel-Challenge-1-300x169.jpg 300w, https:\/\/solar2.standardof.net\/wp-content\/uploads\/sites\/2\/2020\/10\/Solar-2-Multi-Star-Chaos-Duel-Challenge-1-16x9.jpg 16w, https:\/\/solar2.standardof.net\/wp-content\/uploads\/sites\/2\/2020\/10\/Solar-2-Multi-Star-Chaos-Duel-Challenge-1.jpg 1920w\" sizes=\"(max-width: 1024px) 100vw, 1024px\" \/><figcaption class=\"blocks-gallery-item__caption\">Empurrando para longe os planetas de vida inimigos no Duelo do Caos. <\/figcaption><\/figure><\/li><li class=\"blocks-gallery-item\"><figure><img decoding=\"async\" width=\"1024\" height=\"576\" src=\"https:\/\/solar2.standardof.net\/wp-content\/uploads\/sites\/2\/2020\/10\/Solar-2-Multi-Star-Chaos-Duel-Challenge-2-1024x576.jpg\" alt=\"Multi-Star Challenge: Chaos Duel - Solar 2\" data-id=\"192\" data-full-url=\"https:\/\/solar2.standardof.net\/wp-content\/uploads\/sites\/2\/2020\/10\/Solar-2-Multi-Star-Chaos-Duel-Challenge-2.jpg\" data-link=\"https:\/\/solar2.standardof.net\/?attachment_id=192\" class=\"wp-image-192\" srcset=\"https:\/\/solar2.standardof.net\/wp-content\/uploads\/sites\/2\/2020\/10\/Solar-2-Multi-Star-Chaos-Duel-Challenge-2-1024x576.jpg 1024w, https:\/\/solar2.standardof.net\/wp-content\/uploads\/sites\/2\/2020\/10\/Solar-2-Multi-Star-Chaos-Duel-Challenge-2-300x169.jpg 300w, https:\/\/solar2.standardof.net\/wp-content\/uploads\/sites\/2\/2020\/10\/Solar-2-Multi-Star-Chaos-Duel-Challenge-2-16x9.jpg 16w, https:\/\/solar2.standardof.net\/wp-content\/uploads\/sites\/2\/2020\/10\/Solar-2-Multi-Star-Chaos-Duel-Challenge-2.jpg 1920w\" sizes=\"(max-width: 1024px) 100vw, 1024px\" \/><figcaption class=\"blocks-gallery-item__caption\">Atacando a estrela de n\u00eautrons agora sem blindagem com minha estrela m\u00e9dia ainda protegida, destruindo-a completamente.<\/figcaption><\/figure><\/li><\/ul><\/figure>\n\n\n\n<hr class=\"wp-block-separator\"\/>\n\n\n\n<h3 class=\"has-text-align-center wp-block-heading\">Chaos Duel Video Guide<\/h3>\n\n\n\n<figure class=\"wp-block-embed-youtube aligncenter wp-block-embed is-type-video is-provider-youtube wp-embed-aspect-16-9 wp-has-aspect-ratio\"><div class=\"wp-block-embed__wrapper\">\n<div class=\"ast-oembed-container\" style=\"height: 100%;\"><iframe title=\"Solar 2 - Chaos Duel - Multi-Star Challenge Mission - Hard Score\" width=\"500\" height=\"281\" src=\"https:\/\/www.youtube.com\/embed\/z3Lb-TnTSS4?feature=oembed\" frameborder=\"0\" allow=\"accelerometer; autoplay; clipboard-write; encrypted-media; gyroscope; picture-in-picture; web-share\" referrerpolicy=\"strict-origin-when-cross-origin\" allowfullscreen><\/iframe><\/div>\n<\/div><\/figure>","protected":false},"excerpt":{"rendered":"<p>Chaos Duel Challenge Chaos Duel has you spawned as a twin star, with a full solar system consisting of evolved life planets with physics options turned up for both max turrets and max lifeforms, facing off a similar multi-star system. Your enemy will have an upper hand here, with their stars consisting of two neutron [&hellip;]<\/p>","protected":false},"author":1,"featured_media":12,"parent":124,"menu_order":0,"comment_status":"open","ping_status":"closed","template":"","meta":{"_uag_custom_page_level_css":"","site-sidebar-layout":"default","site-content-layout":"default","ast-site-content-layout":"","site-content-style":"default","site-sidebar-style":"default","ast-global-header-display":"","ast-banner-title-visibility":"","ast-main-header-display":"","ast-hfb-above-header-display":"","ast-hfb-below-header-display":"","ast-hfb-mobile-header-display":"","site-post-title":"","ast-breadcrumbs-content":"","ast-featured-img":"","footer-sml-layout":"","theme-transparent-header-meta":"default","adv-header-id-meta":"","stick-header-meta":"","header-above-stick-meta":"","header-main-stick-meta":"","header-below-stick-meta":"","astra-migrate-meta-layouts":"default","ast-page-background-enabled":"default","ast-page-background-meta":{"desktop":{"background-color":"","background-image":"","background-repeat":"repeat","background-position":"center center","background-size":"auto","background-attachment":"scroll","background-type":"","background-media":"","overlay-type":"","overlay-color":"","overlay-gradient":""},"tablet":{"background-color":"","background-image":"","background-repeat":"repeat","background-position":"center center","background-size":"auto","background-attachment":"scroll","background-type":"","background-media":"","overlay-type":"","overlay-color":"","overlay-gradient":""},"mobile":{"background-color":"","background-image":"","background-repeat":"repeat","background-position":"center center","background-size":"auto","background-attachment":"scroll","background-type":"","background-media":"","overlay-type":"","overlay-color":"","overlay-gradient":""}},"ast-content-background-meta":{"desktop":{"background-color":"var(--ast-global-color-5)","background-image":"","background-repeat":"repeat","background-position":"center center","background-size":"auto","background-attachment":"scroll","background-type":"","background-media":"","overlay-type":"","overlay-color":"","overlay-gradient":""},"tablet":{"background-color":"var(--ast-global-color-5)","background-image":"","background-repeat":"repeat","background-position":"center center","background-size":"auto","background-attachment":"scroll","background-type":"","background-media":"","overlay-type":"","overlay-color":"","overlay-gradient":""},"mobile":{"background-color":"var(--ast-global-color-5)","background-image":"","background-repeat":"repeat","background-position":"center center","background-size":"auto","background-attachment":"scroll","background-type":"","background-media":"","overlay-type":"","overlay-color":"","overlay-gradient":""}},"footnotes":""},"uagb_featured_image_src":{"full":["https:\/\/solar2.standardof.net\/wp-content\/uploads\/sites\/2\/2020\/10\/Solar-2-Header-Background-1.jpeg",1680,1050,false],"thumbnail":["https:\/\/solar2.standardof.net\/wp-content\/uploads\/sites\/2\/2020\/10\/Solar-2-Header-Background-1-150x150.jpeg",150,150,true],"medium":["https:\/\/solar2.standardof.net\/wp-content\/uploads\/sites\/2\/2020\/10\/Solar-2-Header-Background-1-300x188.jpeg",300,188,true],"medium_large":["https:\/\/solar2.standardof.net\/wp-content\/uploads\/sites\/2\/2020\/10\/Solar-2-Header-Background-1.jpeg",768,480,false],"large":["https:\/\/solar2.standardof.net\/wp-content\/uploads\/sites\/2\/2020\/10\/Solar-2-Header-Background-1-1024x640.jpeg",1024,640,true],"1536x1536":["https:\/\/solar2.standardof.net\/wp-content\/uploads\/sites\/2\/2020\/10\/Solar-2-Header-Background-1.jpeg",1536,960,false],"2048x2048":["https:\/\/solar2.standardof.net\/wp-content\/uploads\/sites\/2\/2020\/10\/Solar-2-Header-Background-1.jpeg",1680,1050,false],"trp-custom-language-flag":["https:\/\/solar2.standardof.net\/wp-content\/uploads\/sites\/2\/2020\/10\/Solar-2-Header-Background-1-16x10.jpeg",16,10,true]},"uagb_author_info":{"display_name":"SOE","author_link":"https:\/\/solar2.standardof.net\/pt\/author\/k-tastic\/"},"uagb_comment_info":0,"uagb_excerpt":"Chaos Duel Challenge Chaos Duel has you spawned as a twin star, with a full solar system consisting of evolved life planets with physics options turned up for both max turrets and max lifeforms, facing off a similar multi-star system. Your enemy will have an upper hand here, with their stars consisting of two neutron&hellip;","_links":{"self":[{"href":"https:\/\/solar2.standardof.net\/pt\/wp-json\/wp\/v2\/pages\/190"}],"collection":[{"href":"https:\/\/solar2.standardof.net\/pt\/wp-json\/wp\/v2\/pages"}],"about":[{"href":"https:\/\/solar2.standardof.net\/pt\/wp-json\/wp\/v2\/types\/page"}],"author":[{"embeddable":true,"href":"https:\/\/solar2.standardof.net\/pt\/wp-json\/wp\/v2\/users\/1"}],"replies":[{"embeddable":true,"href":"https:\/\/solar2.standardof.net\/pt\/wp-json\/wp\/v2\/comments?post=190"}],"version-history":[{"count":0,"href":"https:\/\/solar2.standardof.net\/pt\/wp-json\/wp\/v2\/pages\/190\/revisions"}],"up":[{"embeddable":true,"href":"https:\/\/solar2.standardof.net\/pt\/wp-json\/wp\/v2\/pages\/124"}],"wp:featuredmedia":[{"embeddable":true,"href":"https:\/\/solar2.standardof.net\/pt\/wp-json\/wp\/v2\/media\/12"}],"wp:attachment":[{"href":"https:\/\/solar2.standardof.net\/pt\/wp-json\/wp\/v2\/media?parent=190"}],"curies":[{"name":"wp","href":"https:\/\/api.w.org\/{rel}","templated":true}]}}