{"id":194,"date":"2020-10-14T09:46:10","date_gmt":"2020-10-14T09:46:10","guid":{"rendered":"https:\/\/solar2.standardof.net\/?page_id=194"},"modified":"2020-10-14T12:54:42","modified_gmt":"2020-10-14T12:54:42","slug":"planet-stealer-master-thief-achievement","status":"publish","type":"page","link":"https:\/\/solar2.standardof.net\/pt\/solar-2-guide\/estrela-sistema-solar-estagio-2\/ladrao-de-planetas-mestre-ladrao-conquista\/","title":{"rendered":"Multi-Star Challenge Mission 2: Planet Stealer &amp; Master Thief Achievement"},"content":{"rendered":"<p>O Planet Stealer, miss\u00e3o de desafio Multi-Star em Solar 2 requer um pouco mais de sutileza do que o desafio anterior, Chaos Duel. Gerado como um par de Estrelas M\u00e9dias, ser\u00e1 sua tarefa tirar os planetas da \u00f3rbita dos sistemas estelares inimigos, a fim de colet\u00e1-los voc\u00ea mesmo e desenvolver seu pr\u00f3prio sistema estelar. Isso significa que voc\u00ea precisar\u00e1 ter cuidado ao empurr\u00e1-los para longe apenas o suficiente para serem capturados suavemente por suas pr\u00f3prias linhas de \u00f3rbita. No lado positivo, n\u00e3o h\u00e1 dano de colis\u00e3o nesta miss\u00e3o, ent\u00e3o voc\u00ea n\u00e3o precisa se preocupar em explodir os planetas, embora voc\u00ea queira evitar persegui-los para sempre.<\/p>\n\n\n\n<p>Pontua\u00e7\u00e3o f\u00e1cil: roube pelo menos 2 planetas.<br>Pontua\u00e7\u00e3o m\u00e9dia: roube pelo menos 4 planetas.<br>Pontua\u00e7\u00e3o dif\u00edcil: roube pelo menos 6 planetas.<\/p>\n\n\n\n<p>O principal aqui \u00e9 empurrar os planetas para longe ou na dire\u00e7\u00e3o de suas estrelas, para faz\u00ea-los cruzar seus caminhos orbitais e se libertar. Tente evitar atingi-los de maneiras que os enviem mais r\u00e1pido em suas \u00f3rbitas, o que torna mais dif\u00edcil roub\u00e1-los. Apenas os planetas liberados das \u00f3rbitas de outros sistemas contam, ent\u00e3o os planetas que surgem como dispersos aleat\u00f3rios n\u00e3o o ajudar\u00e3o aqui, no entanto, planetas livres separados de outras for\u00e7as contar\u00e3o para sua pontua\u00e7\u00e3o. Tamb\u00e9m tenha cuidado com outras estrelas pr\u00f3ximas que podem acabar roubando seus planetas visados, se eles estiverem no caminho.<\/p>\n\n\n\n<p>Se voc\u00ea perder qualquer um de seus planetas roubados, a miss\u00e3o de desafio Planet Stealer terminar\u00e1, ent\u00e3o voc\u00ea precisar\u00e1 ter cuidado ao ficar maior, j\u00e1 que voc\u00ea corre o risco de acidentalmente derrubar um de seus planetas ao dar cabe\u00e7adas em outros sistemas estelares para seus planetas. Para obter um m\u00e9todo mais seguro de adquirir mais planetas, tente ficar ao redor de outros grandes sistemas voando pelo espa\u00e7o e esperar que eles colidam uns com os outros, deixando voc\u00ea com os planetas que voam no rescaldo.<\/p>\n\n\n\n<figure class=\"wp-block-gallery columns-2 is-cropped wp-block-gallery-1 is-layout-flex wp-block-gallery-is-layout-flex\"><ul class=\"blocks-gallery-grid\"><li class=\"blocks-gallery-item\"><figure><img decoding=\"async\" width=\"1024\" height=\"576\" src=\"https:\/\/solar2.standardof.net\/wp-content\/uploads\/sites\/2\/2020\/10\/Solar-2-Multi-Star-Planet-Stealer-1-1024x576.jpg\" alt=\"Desafio multi-estrelas: ladr\u00e3o de planetas e mestre ladr\u00e3o - Solar 2\" data-id=\"195\" data-full-url=\"https:\/\/solar2.standardof.net\/wp-content\/uploads\/sites\/2\/2020\/10\/Solar-2-Multi-Star-Planet-Stealer-1.jpg\" data-link=\"https:\/\/solar2.standardof.net\/?attachment_id=195\" class=\"wp-image-195\" srcset=\"https:\/\/solar2.standardof.net\/wp-content\/uploads\/sites\/2\/2020\/10\/Solar-2-Multi-Star-Planet-Stealer-1-1024x576.jpg 1024w, https:\/\/solar2.standardof.net\/wp-content\/uploads\/sites\/2\/2020\/10\/Solar-2-Multi-Star-Planet-Stealer-1-300x169.jpg 300w, https:\/\/solar2.standardof.net\/wp-content\/uploads\/sites\/2\/2020\/10\/Solar-2-Multi-Star-Planet-Stealer-1-16x9.jpg 16w, https:\/\/solar2.standardof.net\/wp-content\/uploads\/sites\/2\/2020\/10\/Solar-2-Multi-Star-Planet-Stealer-1.jpg 1280w\" sizes=\"(max-width: 1024px) 100vw, 1024px\" \/><figcaption class=\"blocks-gallery-item__caption\">Derrubar um planeta ao acert\u00e1-lo para longe de sua estrela-m\u00e3e.<\/figcaption><\/figure><\/li><li class=\"blocks-gallery-item\"><figure><img decoding=\"async\" width=\"1024\" height=\"576\" src=\"https:\/\/solar2.standardof.net\/wp-content\/uploads\/sites\/2\/2020\/10\/Solar-2-Multi-Star-Planet-Stealer-2-1024x576.jpg\" alt=\"Desafio multi-estrelas: ladr\u00e3o de planetas e mestre ladr\u00e3o - Solar 2\" data-id=\"196\" data-full-url=\"https:\/\/solar2.standardof.net\/wp-content\/uploads\/sites\/2\/2020\/10\/Solar-2-Multi-Star-Planet-Stealer-2.jpg\" data-link=\"https:\/\/solar2.standardof.net\/?attachment_id=196\" class=\"wp-image-196\" srcset=\"https:\/\/solar2.standardof.net\/wp-content\/uploads\/sites\/2\/2020\/10\/Solar-2-Multi-Star-Planet-Stealer-2-1024x576.jpg 1024w, https:\/\/solar2.standardof.net\/wp-content\/uploads\/sites\/2\/2020\/10\/Solar-2-Multi-Star-Planet-Stealer-2-300x169.jpg 300w, https:\/\/solar2.standardof.net\/wp-content\/uploads\/sites\/2\/2020\/10\/Solar-2-Multi-Star-Planet-Stealer-2-16x9.jpg 16w, https:\/\/solar2.standardof.net\/wp-content\/uploads\/sites\/2\/2020\/10\/Solar-2-Multi-Star-Planet-Stealer-2.jpg 1280w\" sizes=\"(max-width: 1024px) 100vw, 1024px\" \/><figcaption class=\"blocks-gallery-item__caption\">Esperando perto de outros sistemas para tentar obter alguns planetas de sucata seguros de colis\u00f5es.<\/figcaption><\/figure><\/li><\/ul><\/figure>\n\n\n\n<h3 class=\"wp-block-heading\">Desbloqueando a Conquista do Mestre Ladr\u00e3o<\/h3>\n\n\n\n<p>A conquista Master Thief no Solar 2 requer que voc\u00ea ultrapasse a pontua\u00e7\u00e3o m\u00e1xima para 10 planetas roubados. N\u00e3o h\u00e1 limite de tempo nesta miss\u00e3o, \u00e9 apenas um teste de sua habilidade e paci\u00eancia, especialmente porque os \u00faltimos dois planetas ser\u00e3o os mais dif\u00edceis. Quanto mais planetas voc\u00ea tiver, mais f\u00e1cil ser\u00e1 perd\u00ea-los, o que pode ser uma merda quando voc\u00ea est\u00e1 a apenas um de desbloquear a conquista. Apenas fa\u00e7a bom uso da estrat\u00e9gia mencionada acima, especialmente esperando perto de outros sistemas para que eles colidam uns com os outros e ganhem planetas roubados com seguran\u00e7a depois do desastre.<\/p>\n\n\n\n<hr class=\"wp-block-separator\"\/>\n\n\n\n<h3 class=\"has-text-align-center wp-block-heading\"> Guia de V\u00eddeo<\/h3>\n\n\n\n<figure class=\"wp-block-embed-youtube wp-block-embed is-type-video is-provider-youtube wp-embed-aspect-16-9 wp-has-aspect-ratio\"><div class=\"wp-block-embed__wrapper\">\n<div class=\"ast-oembed-container\" style=\"height: 100%;\"><iframe title=\"Solar 2 - Ladr\u00e3o de Planeta com Ladr\u00e3o Mestre - Miss\u00e3o de desafio multi-estrelas - Pontua\u00e7\u00e3o dif\u00edcil\" width=\"500\" height=\"281\" src=\"https:\/\/www.youtube.com\/embed\/AYctVzXgoO8?feature=oembed\" frameborder=\"0\" allow=\"accelerometer; autoplay; clipboard-write; encrypted-media; gyroscope; picture-in-picture; web-share\" referrerpolicy=\"strict-origin-when-cross-origin\" allowfullscreen><\/iframe><\/div>\n<\/div><\/figure>","protected":false},"excerpt":{"rendered":"<p>The Planet Stealer, Multi-Star challenge mission in Solar 2 requires a bit more finesse than the previous challenge, Chaos Duel. Spawned in as a pair of Medium Stars, it will be your task to knock planets out of the orbit of enemy star systems, in order to then collect them yourself and grow your own [&hellip;]<\/p>","protected":false},"author":1,"featured_media":12,"parent":124,"menu_order":0,"comment_status":"open","ping_status":"closed","template":"","meta":{"_uag_custom_page_level_css":"","site-sidebar-layout":"default","site-content-layout":"default","ast-site-content-layout":"","site-content-style":"default","site-sidebar-style":"default","ast-global-header-display":"","ast-banner-title-visibility":"","ast-main-header-display":"","ast-hfb-above-header-display":"","ast-hfb-below-header-display":"","ast-hfb-mobile-header-display":"","site-post-title":"","ast-breadcrumbs-content":"","ast-featured-img":"","footer-sml-layout":"","theme-transparent-header-meta":"default","adv-header-id-meta":"","stick-header-meta":"","header-above-stick-meta":"","header-main-stick-meta":"","header-below-stick-meta":"","astra-migrate-meta-layouts":"default","ast-page-background-enabled":"default","ast-page-background-meta":{"desktop":{"background-color":"","background-image":"","background-repeat":"repeat","background-position":"center center","background-size":"auto","background-attachment":"scroll","background-type":"","background-media":"","overlay-type":"","overlay-color":"","overlay-gradient":""},"tablet":{"background-color":"","background-image":"","background-repeat":"repeat","background-position":"center center","background-size":"auto","background-attachment":"scroll","background-type":"","background-media":"","overlay-type":"","overlay-color":"","overlay-gradient":""},"mobile":{"background-color":"","background-image":"","background-repeat":"repeat","background-position":"center center","background-size":"auto","background-attachment":"scroll","background-type":"","background-media":"","overlay-type":"","overlay-color":"","overlay-gradient":""}},"ast-content-background-meta":{"desktop":{"background-color":"var(--ast-global-color-5)","background-image":"","background-repeat":"repeat","background-position":"center center","background-size":"auto","background-attachment":"scroll","background-type":"","background-media":"","overlay-type":"","overlay-color":"","overlay-gradient":""},"tablet":{"background-color":"var(--ast-global-color-5)","background-image":"","background-repeat":"repeat","background-position":"center center","background-size":"auto","background-attachment":"scroll","background-type":"","background-media":"","overlay-type":"","overlay-color":"","overlay-gradient":""},"mobile":{"background-color":"var(--ast-global-color-5)","background-image":"","background-repeat":"repeat","background-position":"center center","background-size":"auto","background-attachment":"scroll","background-type":"","background-media":"","overlay-type":"","overlay-color":"","overlay-gradient":""}},"footnotes":""},"uagb_featured_image_src":{"full":["https:\/\/solar2.standardof.net\/wp-content\/uploads\/sites\/2\/2020\/10\/Solar-2-Header-Background-1.jpeg",1680,1050,false],"thumbnail":["https:\/\/solar2.standardof.net\/wp-content\/uploads\/sites\/2\/2020\/10\/Solar-2-Header-Background-1-150x150.jpeg",150,150,true],"medium":["https:\/\/solar2.standardof.net\/wp-content\/uploads\/sites\/2\/2020\/10\/Solar-2-Header-Background-1-300x188.jpeg",300,188,true],"medium_large":["https:\/\/solar2.standardof.net\/wp-content\/uploads\/sites\/2\/2020\/10\/Solar-2-Header-Background-1.jpeg",768,480,false],"large":["https:\/\/solar2.standardof.net\/wp-content\/uploads\/sites\/2\/2020\/10\/Solar-2-Header-Background-1-1024x640.jpeg",1024,640,true],"1536x1536":["https:\/\/solar2.standardof.net\/wp-content\/uploads\/sites\/2\/2020\/10\/Solar-2-Header-Background-1.jpeg",1536,960,false],"2048x2048":["https:\/\/solar2.standardof.net\/wp-content\/uploads\/sites\/2\/2020\/10\/Solar-2-Header-Background-1.jpeg",1680,1050,false],"trp-custom-language-flag":["https:\/\/solar2.standardof.net\/wp-content\/uploads\/sites\/2\/2020\/10\/Solar-2-Header-Background-1-16x10.jpeg",16,10,true]},"uagb_author_info":{"display_name":"SOE","author_link":"https:\/\/solar2.standardof.net\/pt\/author\/k-tastic\/"},"uagb_comment_info":0,"uagb_excerpt":"The Planet Stealer, Multi-Star challenge mission in Solar 2 requires a bit more finesse than the previous challenge, Chaos Duel. Spawned in as a pair of Medium Stars, it will be your task to knock planets out of the orbit of enemy star systems, in order to then collect them yourself and grow your own&hellip;","_links":{"self":[{"href":"https:\/\/solar2.standardof.net\/pt\/wp-json\/wp\/v2\/pages\/194"}],"collection":[{"href":"https:\/\/solar2.standardof.net\/pt\/wp-json\/wp\/v2\/pages"}],"about":[{"href":"https:\/\/solar2.standardof.net\/pt\/wp-json\/wp\/v2\/types\/page"}],"author":[{"embeddable":true,"href":"https:\/\/solar2.standardof.net\/pt\/wp-json\/wp\/v2\/users\/1"}],"replies":[{"embeddable":true,"href":"https:\/\/solar2.standardof.net\/pt\/wp-json\/wp\/v2\/comments?post=194"}],"version-history":[{"count":0,"href":"https:\/\/solar2.standardof.net\/pt\/wp-json\/wp\/v2\/pages\/194\/revisions"}],"up":[{"embeddable":true,"href":"https:\/\/solar2.standardof.net\/pt\/wp-json\/wp\/v2\/pages\/124"}],"wp:featuredmedia":[{"embeddable":true,"href":"https:\/\/solar2.standardof.net\/pt\/wp-json\/wp\/v2\/media\/12"}],"wp:attachment":[{"href":"https:\/\/solar2.standardof.net\/pt\/wp-json\/wp\/v2\/media?parent=194"}],"curies":[{"name":"wp","href":"https:\/\/api.w.org\/{rel}","templated":true}]}}