{"id":21,"date":"2020-10-13T21:51:16","date_gmt":"2020-10-13T21:51:16","guid":{"rendered":"https:\/\/solar2.standardof.net\/?page_id=21"},"modified":"2020-10-15T14:34:50","modified_gmt":"2020-10-15T14:34:50","slug":"black-hole-stage","status":"publish","type":"page","link":"https:\/\/solar2.standardof.net\/pt\/solar-2-guide\/estagio-de-buraco-negro-2\/","title":{"rendered":"Black Hole Stage"},"content":{"rendered":"<p>Este guia cobre o est\u00e1gio final de exist\u00eancia no videogame para PC e Xbox 360 <em>Solar 2<\/em>, o est\u00e1gio Black Hole. Este est\u00e1gio \u00e9 alcan\u00e7ado atrav\u00e9s do ganho de massa m\u00e1xima como uma estrela de n\u00eautrons no est\u00e1gio de estrela. Abaixo voc\u00ea encontrar\u00e1 dicas e estrat\u00e9gias para desbloquear as conquistas relacionadas ao Black Hole e a progress\u00e3o em dire\u00e7\u00e3o ao Big Crunch e suas conquistas.<\/p>\n\n\n\n<ol><li><em><a href=\"https:\/\/solar2.standardof.net\/pt\/solar-2-guide\/estagio-de-buraco-negro-2\/#progression\" class=\"rank-math-link\">Buraco negro para progress\u00e3o de big crunch <sup>(Abaixo)<\/sup><\/a><\/em><\/li><li><a class=\"rank-math-link\" href=\"https:\/\/solar2.standardof.net\/pt\/solar-2-guide\/estagio-de-buraco-negro-2\/velocidade-ciclo-conquista-2\/\">Conquista do Ciclo de Velocidade<\/a><\/li><li><a class=\"rank-math-link\" href=\"https:\/\/solar2.standardof.net\/pt\/solar-2-guide\/estagio-de-buraco-negro-2\/voando-cego-conquista-2\/\">Conquista do Flying Blind<\/a><\/li><\/ol>\n\n\n\n<p>Se voc\u00ea estiver procurando guias adicionais para este videogame, poder\u00e1 encontrar links abaixo para os \u00edndices de outros est\u00e1gios, que cont\u00eam mais informa\u00e7\u00f5es e links para guias espec\u00edficos para esses est\u00e1gios de exist\u00eancia.<\/p>\n\n\n\n<ul><li><strong><a href=\"https:\/\/solar2.standardof.net\/pt\/solar-2-guide\/estagio-de-asteroide-2\/\" class=\"rank-math-link\">\u00cdndice de Est\u00e1gio de Aster\u00f3ide<\/a><\/strong><\/li><li><strong><a href=\"https:\/\/solar2.standardof.net\/pt\/solar-2-guide\/estagio-do-planeta-2\/\" class=\"rank-math-link\">\u00cdndice do est\u00e1gio do planeta pequeno e vivo<\/a><\/strong><\/li><li><strong><a href=\"https:\/\/solar2.standardof.net\/pt\/solar-2-guide\/estrela-sistema-solar-estagio-2\/\" class=\"rank-math-link\">\u00cdndice do Guia do Est\u00e1gio Estelar<\/a><\/strong><\/li><li>Black Hole Stage Index &lt;- voc\u00ea est\u00e1 aqui<\/li><\/ul>\n\n\n\n<p>N\u00e3o tem este jogo, mas est\u00e1 interessado em dar uma olhada? Voc\u00ea pode encontrar mais informa\u00e7\u00f5es sobre como comprar uma c\u00f3pia do<strong> Site oficial do Solar 2.<\/strong><\/p>\n\n\n\n<h2 class=\"wp-block-heading\" id=\"progression\">Buraco negro para progress\u00e3o de big crunch<\/h2>\n\n\n\n<p>A fase final do jogo \u00e9 bastante direta e provavelmente a mais significativamente diferente das fases anteriores ao mesmo tempo. Ao desmoronar sobre si mesmo como uma estrela, seu \u00faltimo objetivo na exist\u00eancia \u00e9 absorver tudo e qualquer coisa \u00e0 vista com sua gravidade astron\u00f4mica (ha) bem no seu caminho para o Big Crunch.<\/p>\n\n\n\n<figure class=\"wp-block-image size-large\"><img decoding=\"async\" width=\"1024\" height=\"576\" src=\"https:\/\/solar2.standardof.net\/wp-content\/uploads\/sites\/2\/2020\/10\/Solar-2-Black-Hole-to-Big-Crunch-Progression-1024x576.jpg\" alt=\"Solar 2 - buraco negro para progress\u00e3o de big crunch\" class=\"wp-image-22\" srcset=\"https:\/\/solar2.standardof.net\/wp-content\/uploads\/sites\/2\/2020\/10\/Solar-2-Black-Hole-to-Big-Crunch-Progression-1024x576.jpg 1024w, https:\/\/solar2.standardof.net\/wp-content\/uploads\/sites\/2\/2020\/10\/Solar-2-Black-Hole-to-Big-Crunch-Progression.jpg 1280w\" sizes=\"(max-width: 1024px) 100vw, 1024px\" \/><\/figure>\n\n\n\n<p>Voc\u00ea vai querer ter certeza de que a interface est\u00e1 ligada (tecla I para PC), a menos que v\u00e1 para a conquista Flying Blind coberta abaixo, j\u00e1 que o \u00fanico perigo que voc\u00ea enfrentar\u00e1 agora s\u00e3o buracos negros maiores do que voc\u00ea. Enquanto a interface est\u00e1 ligada, sua presen\u00e7a pr\u00f3xima \u00e9 indicada com uma seta vermelha e um \u00edcone em espiral com um ponto de exclama\u00e7\u00e3o. A amea\u00e7a deles \u00e9 t\u00e3o perigosa quanto o \u00edcone sugere, pois chegar perto o suficiente para realmente v\u00ea-los geralmente resulta em morte inevit\u00e1vel, considerando a imensa atra\u00e7\u00e3o de seu po\u00e7o e de sua gravidade. A \u00fanica solu\u00e7\u00e3o aqui \u00e9 mover-se na dire\u00e7\u00e3o oposta sempre que uma dessas setas aparecer na tela.<\/p>\n\n\n\n<p>Ao atingir um milh\u00e3o de massa, voc\u00ea atingir\u00e1 o Big Crunch, sugando todo o universo antes de se tornar seu pr\u00f3prio Big Bang, gerando um novo universo e come\u00e7ando novamente como um aster\u00f3ide. Isso tamb\u00e9m desbloquear\u00e1 a conquista do mesmo nome.<\/p>\n\n\n\n<h3 class=\"wp-block-heading\">Ganhando massa rapidamente como um buraco negro<\/h3>\n\n\n\n<p>Considerando a quantidade de massa que voc\u00ea precisa, aster\u00f3ides e espa\u00e7onaves, embora numerosos, s\u00e3o in\u00fateis para perseguir. Normalmente, voc\u00ea vai querer ir atr\u00e1s das estrelas o mais r\u00e1pido poss\u00edvel, mas o mais importante, voc\u00ea quer buracos negros menores.<\/p>\n\n\n\n<p>A melhor maneira de gerar buracos negros min\u00fasculos adicionais \u00e9 passar perto de campos de aster\u00f3ides, que deveriam ter aster\u00f3ides de mat\u00e9ria escura surgindo dentro deles agora, e em vez de consumi-los, lan\u00e7\u00e1-los de um lado para outro. Se voc\u00ea jogar os aster\u00f3ides de mat\u00e9ria escura em objetos s\u00f3lidos como planetas ou estrelas, eles entrar\u00e3o em erup\u00e7\u00e3o em buracos negros e aumentar\u00e3o em massa milhares de vezes instantaneamente, o que os torna maduros para o consumo.<\/p>\n\n\n\n<p>Em vez disso, os \u00fanicos objetos que realmente valem a pena diminuir a velocidade ou sair do seu caminho s\u00e3o estrelas, j\u00e1 que at\u00e9 mesmo os planetas s\u00e3o insignificantes, sendo cerca de 10-20 vezes menores do que estrelas.<\/p>\n\n\n\n<figure class=\"wp-block-image size-large\"><img decoding=\"async\" src=\"https:\/\/solar2.standardof.net\/wp-content\/uploads\/sites\/2\/2020\/10\/Solar-2-Gaining-Mass-Quickly-as-a-Black-Hole-1024x576.jpg\" alt=\"\" class=\"wp-image-23\"\/><figcaption>Ganhando massa como um buraco negro no Solar 2, progredindo em dire\u00e7\u00e3o ao Big Crunch.<\/figcaption><\/figure>\n\n\n\n<hr class=\"wp-block-separator\"\/>\n\n\n\n<h2 class=\"has-text-align-center wp-block-heading\">Black Hole to Big Crunch Video Guide<\/h2>\n\n\n\n<figure class=\"wp-block-embed-youtube wp-block-embed is-type-video is-provider-youtube wp-embed-aspect-16-9 wp-has-aspect-ratio\"><div class=\"wp-block-embed__wrapper\">\n<div class=\"ast-oembed-container\" style=\"height: 100%;\"><iframe title=\"Solar 2 - Passo a passo do buraco negro para a progress\u00e3o do Big Crunch\" width=\"500\" height=\"281\" src=\"https:\/\/www.youtube.com\/embed\/dMG-nKaDfWw?feature=oembed\" frameborder=\"0\" allow=\"accelerometer; autoplay; clipboard-write; encrypted-media; gyroscope; picture-in-picture; web-share\" referrerpolicy=\"strict-origin-when-cross-origin\" allowfullscreen><\/iframe><\/div>\n<\/div><\/figure>\n\n\n\n<p><\/p>","protected":false},"excerpt":{"rendered":"<p>This guide covers the final stage of existence in the PC and Xbox 360 video game Solar 2, the Black Hole stage. This stage is reached through gaining maximum mass as a Neutron Star in the Star stage. Below you will find tips and strategies for unlocking the Black Hole related achievements and progression towards [&hellip;]<\/p>","protected":false},"author":1,"featured_media":22,"parent":11,"menu_order":0,"comment_status":"open","ping_status":"closed","template":"","meta":{"_uag_custom_page_level_css":"","site-sidebar-layout":"default","site-content-layout":"default","ast-site-content-layout":"","site-content-style":"default","site-sidebar-style":"default","ast-global-header-display":"","ast-banner-title-visibility":"","ast-main-header-display":"","ast-hfb-above-header-display":"","ast-hfb-below-header-display":"","ast-hfb-mobile-header-display":"","site-post-title":"","ast-breadcrumbs-content":"","ast-featured-img":"","footer-sml-layout":"","theme-transparent-header-meta":"default","adv-header-id-meta":"","stick-header-meta":"","header-above-stick-meta":"","header-main-stick-meta":"","header-below-stick-meta":"","astra-migrate-meta-layouts":"default","ast-page-background-enabled":"default","ast-page-background-meta":{"desktop":{"background-color":"","background-image":"","background-repeat":"repeat","background-position":"center center","background-size":"auto","background-attachment":"scroll","background-type":"","background-media":"","overlay-type":"","overlay-color":"","overlay-gradient":""},"tablet":{"background-color":"","background-image":"","background-repeat":"repeat","background-position":"center center","background-size":"auto","background-attachment":"scroll","background-type":"","background-media":"","overlay-type":"","overlay-color":"","overlay-gradient":""},"mobile":{"background-color":"","background-image":"","background-repeat":"repeat","background-position":"center center","background-size":"auto","background-attachment":"scroll","background-type":"","background-media":"","overlay-type":"","overlay-color":"","overlay-gradient":""}},"ast-content-background-meta":{"desktop":{"background-color":"var(--ast-global-color-5)","background-image":"","background-repeat":"repeat","background-position":"center center","background-size":"auto","background-attachment":"scroll","background-type":"","background-media":"","overlay-type":"","overlay-color":"","overlay-gradient":""},"tablet":{"background-color":"var(--ast-global-color-5)","background-image":"","background-repeat":"repeat","background-position":"center center","background-size":"auto","background-attachment":"scroll","background-type":"","background-media":"","overlay-type":"","overlay-color":"","overlay-gradient":""},"mobile":{"background-color":"var(--ast-global-color-5)","background-image":"","background-repeat":"repeat","background-position":"center center","background-size":"auto","background-attachment":"scroll","background-type":"","background-media":"","overlay-type":"","overlay-color":"","overlay-gradient":""}},"footnotes":""},"uagb_featured_image_src":{"full":["https:\/\/solar2.standardof.net\/wp-content\/uploads\/sites\/2\/2020\/10\/Solar-2-Black-Hole-to-Big-Crunch-Progression.jpg",1280,720,false],"thumbnail":["https:\/\/solar2.standardof.net\/wp-content\/uploads\/sites\/2\/2020\/10\/Solar-2-Black-Hole-to-Big-Crunch-Progression.jpg",150,84,false],"medium":["https:\/\/solar2.standardof.net\/wp-content\/uploads\/sites\/2\/2020\/10\/Solar-2-Black-Hole-to-Big-Crunch-Progression.jpg",300,169,false],"medium_large":["https:\/\/solar2.standardof.net\/wp-content\/uploads\/sites\/2\/2020\/10\/Solar-2-Black-Hole-to-Big-Crunch-Progression.jpg",768,432,false],"large":["https:\/\/solar2.standardof.net\/wp-content\/uploads\/sites\/2\/2020\/10\/Solar-2-Black-Hole-to-Big-Crunch-Progression-1024x576.jpg",1024,576,true],"1536x1536":["https:\/\/solar2.standardof.net\/wp-content\/uploads\/sites\/2\/2020\/10\/Solar-2-Black-Hole-to-Big-Crunch-Progression.jpg",1280,720,false],"2048x2048":["https:\/\/solar2.standardof.net\/wp-content\/uploads\/sites\/2\/2020\/10\/Solar-2-Black-Hole-to-Big-Crunch-Progression.jpg",1280,720,false],"trp-custom-language-flag":["https:\/\/solar2.standardof.net\/wp-content\/uploads\/sites\/2\/2020\/10\/Solar-2-Black-Hole-to-Big-Crunch-Progression.jpg",18,10,false]},"uagb_author_info":{"display_name":"SOE","author_link":"https:\/\/solar2.standardof.net\/pt\/author\/k-tastic\/"},"uagb_comment_info":0,"uagb_excerpt":"This guide covers the final stage of existence in the PC and Xbox 360 video game Solar 2, the Black Hole stage. This stage is reached through gaining maximum mass as a Neutron Star in the Star stage. Below you will find tips and strategies for unlocking the Black Hole related achievements and progression towards&hellip;","_links":{"self":[{"href":"https:\/\/solar2.standardof.net\/pt\/wp-json\/wp\/v2\/pages\/21"}],"collection":[{"href":"https:\/\/solar2.standardof.net\/pt\/wp-json\/wp\/v2\/pages"}],"about":[{"href":"https:\/\/solar2.standardof.net\/pt\/wp-json\/wp\/v2\/types\/page"}],"author":[{"embeddable":true,"href":"https:\/\/solar2.standardof.net\/pt\/wp-json\/wp\/v2\/users\/1"}],"replies":[{"embeddable":true,"href":"https:\/\/solar2.standardof.net\/pt\/wp-json\/wp\/v2\/comments?post=21"}],"version-history":[{"count":0,"href":"https:\/\/solar2.standardof.net\/pt\/wp-json\/wp\/v2\/pages\/21\/revisions"}],"up":[{"embeddable":true,"href":"https:\/\/solar2.standardof.net\/pt\/wp-json\/wp\/v2\/pages\/11"}],"wp:featuredmedia":[{"embeddable":true,"href":"https:\/\/solar2.standardof.net\/pt\/wp-json\/wp\/v2\/media\/22"}],"wp:attachment":[{"href":"https:\/\/solar2.standardof.net\/pt\/wp-json\/wp\/v2\/media?parent=21"}],"curies":[{"name":"wp","href":"https:\/\/api.w.org\/{rel}","templated":true}]}}