{"id":30,"date":"2020-10-13T22:18:46","date_gmt":"2020-10-13T22:18:46","guid":{"rendered":"https:\/\/solar2.standardof.net\/?page_id=30"},"modified":"2020-10-15T14:35:04","modified_gmt":"2020-10-15T14:35:04","slug":"speed-cycle-achievement","status":"publish","type":"page","link":"https:\/\/solar2.standardof.net\/pt\/solar-2-guide\/estagio-de-buraco-negro-2\/velocidade-ciclo-conquista-2\/","title":{"rendered":"Conquista de \u201cCiclo de Velocidade\u201d"},"content":{"rendered":"<figure class=\"wp-block-image size-large\"><img decoding=\"async\" width=\"1024\" height=\"576\" src=\"https:\/\/solar2.standardof.net\/wp-content\/uploads\/sites\/2\/2020\/10\/Solar-2-Black-Hole-Speed-Cycle-Achievement-1024x576.jpg\" alt=\"Solar 2: Conquista do Ciclo de Velocidade do Buraco Negro\" class=\"wp-image-31\" srcset=\"https:\/\/solar2.standardof.net\/wp-content\/uploads\/sites\/2\/2020\/10\/Solar-2-Black-Hole-Speed-Cycle-Achievement-1024x576.jpg 1024w, https:\/\/solar2.standardof.net\/wp-content\/uploads\/sites\/2\/2020\/10\/Solar-2-Black-Hole-Speed-Cycle-Achievement.jpg 1280w\" sizes=\"(max-width: 1024px) 100vw, 1024px\" \/><figcaption>Ganhando massa como um planeta, trabalhando para a realiza\u00e7\u00e3o do Ciclo de Velocidade.<\/figcaption><\/figure>\n\n\n\n<p>A conquista do Ciclo de Velocidade em <em>Solar 2<\/em> requer que voc\u00ea v\u00e1 de Big Crunch para outro Big Crunch em menos de 20 minutos sem usar quaisquer op\u00e7\u00f5es de Deus ou F\u00edsica. Para fazer isso, voc\u00ea ter\u00e1 que se concentrar exclusivamente em ganhar massa o mais r\u00e1pido poss\u00edvel, ignorando todo o resto. Seu melhor tempo ser\u00e1 salvo.<\/p>\n\n\n\n<p>As primeiras coisas primeiro, para iniciar o cron\u00f4metro do Ciclo de Velocidade, voc\u00ea ter\u00e1 que fazer o spawn b\u00e1sico como um Buraco Negro e ganhar massa suficiente para acertar o Big Crunch. No segundo que voc\u00ea reaparece como um aster\u00f3ide, o cron\u00f4metro do Ciclo de Velocidade come\u00e7a a contagem regressiva, mas ainda n\u00e3o est\u00e1 vis\u00edvel. Use as t\u00e1ticas que voc\u00ea aprendeu at\u00e9 agora para passar por cada est\u00e1gio o mais r\u00e1pido poss\u00edvel.<\/p>\n\n\n\n<p>Como um aster\u00f3ide e planeta, voc\u00ea vai querer se limitar a coletar grandes aglomerados de aster\u00f3ides, ignorando grupos mais esparsos, pois eles demoram muito para serem capturados para a recompensa. Como uma estrela, voc\u00ea vai querer ter certeza de manter um \u00fanico sistema estelar e manter o n\u00famero de planetas em \u00f3rbita baixo para gerar mais planetas mais solit\u00e1rios e menos sistemas estelares grandes. Sempre evite formas de vida hostis e navios n\u00f4mades, pois ambos n\u00e3o valem seu tempo e podem ser perigosos para seu objetivo final.<\/p>\n\n\n\n<p>Assim que chegar ao est\u00e1gio Estrela, o cron\u00f4metro aparecer\u00e1, permitindo que voc\u00ea acompanhe seu progresso a partir desse ponto. Apenas fique seguro e r\u00e1pido quanto ao seu caminho para aumentar de tamanho, mantenha sua interface ligada e use as teclas de caminho e \u00f3rbita para ajud\u00e1-lo onde aplic\u00e1vel. Ao ativar seu pr\u00f3ximo Big Crunch, o cron\u00f4metro ir\u00e1 parar e se for menos de 20 minutos, a conquista do Ciclo de Velocidade ser\u00e1 desbloqueada.<\/p>","protected":false},"excerpt":{"rendered":"<p>The Speed Cycle achievement in Solar 2 requires that you go from Big Crunch to another Big Crunch in under 20 minutes without using any God or Physics options. In order to do this you will have to focus solely on gaining mass as fast as possible, ignoring everything else. Your best time will be [&hellip;]<\/p>","protected":false},"author":1,"featured_media":31,"parent":21,"menu_order":0,"comment_status":"open","ping_status":"closed","template":"","meta":{"_uag_custom_page_level_css":"","site-sidebar-layout":"default","site-content-layout":"default","ast-site-content-layout":"","site-content-style":"default","site-sidebar-style":"default","ast-global-header-display":"","ast-banner-title-visibility":"","ast-main-header-display":"","ast-hfb-above-header-display":"","ast-hfb-below-header-display":"","ast-hfb-mobile-header-display":"","site-post-title":"","ast-breadcrumbs-content":"","ast-featured-img":"","footer-sml-layout":"","theme-transparent-header-meta":"default","adv-header-id-meta":"","stick-header-meta":"","header-above-stick-meta":"","header-main-stick-meta":"","header-below-stick-meta":"","astra-migrate-meta-layouts":"default","ast-page-background-enabled":"default","ast-page-background-meta":{"desktop":{"background-color":"","background-image":"","background-repeat":"repeat","background-position":"center center","background-size":"auto","background-attachment":"scroll","background-type":"","background-media":"","overlay-type":"","overlay-color":"","overlay-gradient":""},"tablet":{"background-color":"","background-image":"","background-repeat":"repeat","background-position":"center center","background-size":"auto","background-attachment":"scroll","background-type":"","background-media":"","overlay-type":"","overlay-color":"","overlay-gradient":""},"mobile":{"background-color":"","background-image":"","background-repeat":"repeat","background-position":"center center","background-size":"auto","background-attachment":"scroll","background-type":"","background-media":"","overlay-type":"","overlay-color":"","overlay-gradient":""}},"ast-content-background-meta":{"desktop":{"background-color":"var(--ast-global-color-5)","background-image":"","background-repeat":"repeat","background-position":"center center","background-size":"auto","background-attachment":"scroll","background-type":"","background-media":"","overlay-type":"","overlay-color":"","overlay-gradient":""},"tablet":{"background-color":"var(--ast-global-color-5)","background-image":"","background-repeat":"repeat","background-position":"center center","background-size":"auto","background-attachment":"scroll","background-type":"","background-media":"","overlay-type":"","overlay-color":"","overlay-gradient":""},"mobile":{"background-color":"var(--ast-global-color-5)","background-image":"","background-repeat":"repeat","background-position":"center center","background-size":"auto","background-attachment":"scroll","background-type":"","background-media":"","overlay-type":"","overlay-color":"","overlay-gradient":""}},"footnotes":""},"uagb_featured_image_src":{"full":["https:\/\/solar2.standardof.net\/wp-content\/uploads\/sites\/2\/2020\/10\/Solar-2-Black-Hole-Speed-Cycle-Achievement.jpg",1280,720,false],"thumbnail":["https:\/\/solar2.standardof.net\/wp-content\/uploads\/sites\/2\/2020\/10\/Solar-2-Black-Hole-Speed-Cycle-Achievement.jpg",150,84,false],"medium":["https:\/\/solar2.standardof.net\/wp-content\/uploads\/sites\/2\/2020\/10\/Solar-2-Black-Hole-Speed-Cycle-Achievement.jpg",300,169,false],"medium_large":["https:\/\/solar2.standardof.net\/wp-content\/uploads\/sites\/2\/2020\/10\/Solar-2-Black-Hole-Speed-Cycle-Achievement.jpg",768,432,false],"large":["https:\/\/solar2.standardof.net\/wp-content\/uploads\/sites\/2\/2020\/10\/Solar-2-Black-Hole-Speed-Cycle-Achievement-1024x576.jpg",1024,576,true],"1536x1536":["https:\/\/solar2.standardof.net\/wp-content\/uploads\/sites\/2\/2020\/10\/Solar-2-Black-Hole-Speed-Cycle-Achievement.jpg",1280,720,false],"2048x2048":["https:\/\/solar2.standardof.net\/wp-content\/uploads\/sites\/2\/2020\/10\/Solar-2-Black-Hole-Speed-Cycle-Achievement.jpg",1280,720,false],"trp-custom-language-flag":["https:\/\/solar2.standardof.net\/wp-content\/uploads\/sites\/2\/2020\/10\/Solar-2-Black-Hole-Speed-Cycle-Achievement.jpg",18,10,false]},"uagb_author_info":{"display_name":"SOE","author_link":"https:\/\/solar2.standardof.net\/pt\/author\/k-tastic\/"},"uagb_comment_info":4,"uagb_excerpt":"The Speed Cycle achievement in Solar 2 requires that you go from Big Crunch to another Big Crunch in under 20 minutes without using any God or Physics options. In order to do this you will have to focus solely on gaining mass as fast as possible, ignoring everything else. Your best time will be&hellip;","_links":{"self":[{"href":"https:\/\/solar2.standardof.net\/pt\/wp-json\/wp\/v2\/pages\/30"}],"collection":[{"href":"https:\/\/solar2.standardof.net\/pt\/wp-json\/wp\/v2\/pages"}],"about":[{"href":"https:\/\/solar2.standardof.net\/pt\/wp-json\/wp\/v2\/types\/page"}],"author":[{"embeddable":true,"href":"https:\/\/solar2.standardof.net\/pt\/wp-json\/wp\/v2\/users\/1"}],"replies":[{"embeddable":true,"href":"https:\/\/solar2.standardof.net\/pt\/wp-json\/wp\/v2\/comments?post=30"}],"version-history":[{"count":0,"href":"https:\/\/solar2.standardof.net\/pt\/wp-json\/wp\/v2\/pages\/30\/revisions"}],"up":[{"embeddable":true,"href":"https:\/\/solar2.standardof.net\/pt\/wp-json\/wp\/v2\/pages\/21"}],"wp:featuredmedia":[{"embeddable":true,"href":"https:\/\/solar2.standardof.net\/pt\/wp-json\/wp\/v2\/media\/31"}],"wp:attachment":[{"href":"https:\/\/solar2.standardof.net\/pt\/wp-json\/wp\/v2\/media?parent=30"}],"curies":[{"name":"wp","href":"https:\/\/api.w.org\/{rel}","templated":true}]}}